{"id":17918,"date":"2021-11-05T09:11:55","date_gmt":"2021-11-05T08:11:55","guid":{"rendered":"https:\/\/www.cgjung.net\/espace\/?page_id=17918"},"modified":"2021-11-05T10:37:23","modified_gmt":"2021-11-05T09:37:23","slug":"sophie-braun","status":"publish","type":"page","link":"https:\/\/www.cgjung.net\/espace\/accueil\/sophie-braun\/","title":{"rendered":"Sophie Braun"},"content":{"rendered":"<h2><img loading=\"lazy\" decoding=\"async\" class=\"alignright size-full wp-image-17931\" src=\"https:\/\/www.cgjung.net\/espace\/wp-content\/uploads\/2021\/11\/sophie-braun.jpg\" alt=\"\" width=\"120\" height=\"155\" \/>Sophie Braun<\/h2>\n<p>Sophie Braun est psychanalyste. Elle exerce \u00e0 Paris. Elle est membre de la Soci\u00e9t\u00e9 Fran\u00e7aise de Psychologie Analytique (SFPA) et de l&rsquo;Association Internationale de Psychologie Analytique (IAAP). Elle est \u00e9galement co-pr\u00e9sidente du Groupe d&rsquo;\u00c9tudes C. G. Jung.<\/p>\n<p>Sur le pr\u00e9sent site :<\/p>\n<ul>\n<li><a href=\"https:\/\/www.cgjung.net\/espace\/accueil\/sophie-braun\/sante-mentale-folie\/\">Sant\u00e9 mentale ou fabrique de la folie<\/a><\/li>\n<li><a href=\"https:\/\/www.cgjung.net\/espace\/ressources\/entretien-sophie-braun\/\">Entretien avec Sophie Braun. La tentation du repli<\/a><\/li>\n<\/ul>\n\n","protected":false},"excerpt":{"rendered":"","protected":false},"author":1,"featured_media":0,"parent":53,"menu_order":17,"comment_status":"closed","ping_status":"closed","template":"","meta":{"footnotes":""},"class_list":["post-17918","page","type-page","status-publish","hentry"],"_links":{"self":[{"href":"https:\/\/www.cgjung.net\/espace\/wp-json\/wp\/v2\/pages\/17918","targetHints":{"allow":["GET"]}}],"collection":[{"href":"https:\/\/www.cgjung.net\/espace\/wp-json\/wp\/v2\/pages"}],"about":[{"href":"https:\/\/www.cgjung.net\/espace\/wp-json\/wp\/v2\/types\/page"}],"author":[{"embeddable":true,"href":"https:\/\/www.cgjung.net\/espace\/wp-json\/wp\/v2\/users\/1"}],"replies":[{"embeddable":true,"href":"https:\/\/www.cgjung.net\/espace\/wp-json\/wp\/v2\/comments?post=17918"}],"version-history":[{"count":2,"href":"https:\/\/www.cgjung.net\/espace\/wp-json\/wp\/v2\/pages\/17918\/revisions"}],"predecessor-version":[{"id":17929,"href":"https:\/\/www.cgjung.net\/espace\/wp-json\/wp\/v2\/pages\/17918\/revisions\/17929"}],"up":[{"embeddable":true,"href":"https:\/\/www.cgjung.net\/espace\/wp-json\/wp\/v2\/pages\/53"}],"wp:attachment":[{"href":"https:\/\/www.cgjung.net\/espace\/wp-json\/wp\/v2\/media?parent=17918"}],"curies":[{"name":"wp","href":"https:\/\/api.w.org\/{rel}","templated":true}]}}