{"id":1790,"date":"2016-09-26T06:41:42","date_gmt":"2016-09-26T05:41:42","guid":{"rendered":"https:\/\/www.cgjung.net\/espace\/?p=1790"},"modified":"2026-02-25T02:29:18","modified_gmt":"2026-02-25T01:29:18","slug":"concordances-entre-les-series-de-reves","status":"publish","type":"page","link":"https:\/\/www.cgjung.net\/espace\/ariaga-ecrits-jung\/theatre-des-reves\/concordances-entre-les-series-de-reves\/","title":{"rendered":"Concordances entre les s\u00e9ries de r\u00eaves"},"content":{"rendered":"<h3 style=\"text-align: justify;\">\u00c0 partir des travaux de C.G.Jung ce texte met en perspectives les ressemblances et les diff\u00e9rences entre les deux s\u00e9ries de r\u00eaves qui sont sont pr\u00e9sent\u00e9es dans les pages pr\u00e9c\u00e9dentes.<\/h3>\n<p><img loading=\"lazy\" decoding=\"async\" class=\"wp-image-1857 size-full aligncenter\" src=\"https:\/\/www.cgjung.net\/espace\/wp-content\/uploads\/2016\/09\/a-la-croisee-des-re\u0302ves.jpeg\" width=\"640\" height=\"450\" srcset=\"https:\/\/www.cgjung.net\/espace\/wp-content\/uploads\/2016\/09\/a-la-croisee-des-re\u0302ves.jpeg 640w, https:\/\/www.cgjung.net\/espace\/wp-content\/uploads\/2016\/09\/a-la-croisee-des-re\u0302ves-300x211.jpeg 300w\" sizes=\"auto, (max-width: 640px) 100vw, 640px\" \/><\/p>\n<h2 style=\"text-align: justify;\">Pourquoi rechercher des points communs ?<\/h2>\n<p style=\"text-align: justify;\">Tout d&rsquo;abord comparer les deux s\u00e9ries est <strong>un apport au travail remarquable de C.G.Jung<\/strong> sur la s\u00e9rie du R\u00eaveur dans <em>Psychologie et Alchimie.<\/em> Il \u00e9tait arriv\u00e9 \u00e0 des conclusions qui ont \u00e9t\u00e9 un socle pour l&rsquo;\u00e9tude de la s\u00e9rie de la R\u00eaveuse mais sa s\u00e9rie \u00e9tait unique et il le regrettait. <strong>Deux<\/strong> s<strong>\u00e9ries , c&rsquo;est mieux<\/strong>, plus ce serait encore mieux, nous attendons les chercheurs &#8230;<\/p>\n<p style=\"text-align: justify;\">Les diff\u00e9rents th\u00e8mes des r\u00e9cits oniriques du R\u00eaveur et de la R\u00eaveuse&nbsp; se bousculent pour \u00eatre repr\u00e9sent\u00e9s \u00e0 la conscience ce qui produit, au sein de chacune des s\u00e9ries, des interf\u00e9rences. Le Moi conscient aime les encha\u00eenements logiques, les repr\u00e9sentations du d\u00e9j\u00e0 connu et bien identifi\u00e9.&nbsp; Ceci explique <strong>la m\u00e9fiance<\/strong> des deux sujets <strong>envers les productions de l\u2019inconscient<\/strong>.<\/p>\n<p style=\"text-align: justify;\">Nous avons montr\u00e9 que, malgr\u00e9 cette apparente incoh\u00e9rence des r\u00eaves, si on prenait la peine de reconstituer le texte comme cela se fait pour un <strong>message cod\u00e9<\/strong>, on pouvait lire des r\u00e9cits avec un d\u00e9but, des p\u00e9rip\u00e9tie, un d\u00e9nouement. Ces r\u00e9cits oniriques se d\u00e9roulent chez des r\u00eaveurs tr\u00e8s diff\u00e9rents de par leur sexe, leur date de naissance, leur formation.<\/p>\n<p style=\"text-align: justify;\">Les points de convergence entre les formes de constructions narratives sont une premi\u00e8re concordance. Il est possible d&rsquo;en rechercher d\u2019autres, d\u2019un caract\u00e8re relevant moins de la construction des r\u00e9cits et plus des obstacles rencontr\u00e9es par les h\u00e9ros.<\/p>\n<h2 style=\"text-align: justify;\">Peur des deux r\u00eaveurs de coop\u00e9rer avec l&rsquo;inconscient<\/h2>\n<p style=\"text-align: justify;\">Il semble que toute l\u2019histoire du R\u00eaveur et de la R\u00eaveuse d\u00e9coule de leur <strong>difficult\u00e9 \u00e0 \u00e9tablir une relation personnelle avec l\u2019inconscient<\/strong>. Ceci repr\u00e9sente une s\u00e9rieuse opposition \u00e0 leur \u00e9volution psychique.<\/p>\n<p style=\"text-align: justify;\">En effet, le travail de coop\u00e9ration et la possibilit\u00e9 d\u2019action de l<strong>a fonction transcendante<\/strong> ne d\u00e9marrent v\u00e9ritablement qu\u2019au moment o\u00f9 le contact avec l&rsquo;inconscient commence \u00e0 s\u2019enraciner. Il se produit alors une interaction.&nbsp; Le Moi conscient du r\u00eaveur cherche <strong>volontairement<\/strong> \u00e0 se nourrir de cet inconscient et l\u2019inconscient, lui aussi, cherche le conscient pour s\u2019alimenter.<\/p>\n<p style=\"text-align: justify;\">Le refus de coop\u00e9ration avec certaines couches profondes de l\u2019inconscient se traduit, dans les r\u00eaves des deux sujets, d\u2019une mani\u00e8re tr\u00e8s semblable. Il s&rsquo;agit d&rsquo;allusions \u00e0 des menaces et d&rsquo;avertissements au sujet de p\u00e9rils encourus. La peur les incite, l\u2019un comme l\u2019autre, \u00e0 chercher refuge dans des lieux clos ou prot\u00e9g\u00e9s, des <em>temenos<\/em> .<\/p>\n<p style=\"text-align: justify;\"><strong>Dans la s\u00e9rie du R\u00eaveur<\/strong>, Le danger est tr\u00e8s pr\u00e9sent.<\/p>\n<p style=\"text-align: justify;\">Il est angoiss\u00e9 par l\u2019\u00e9ventualit\u00e9 d\u2019une relation avec des forces inconscientes. Les r\u00eaves le mettent en sc\u00e8ne dans des situations dangereuses. Par exemple (cf,r\u00eave 12,1) il participe \u00e0 : \u00ab\u00a0<em>Une excursion dangereuse avec p\u00e8re et m\u00e8re, en montant et descendant de nombreuses \u00e9chelles<\/em>\u00a0\u00bb Dans un autre r\u00eave de la seconde partie (cf; 12,2) , toujours en famille il se trouve <em>dans une situation tr\u00e8s dangereuse sur la plate-forme d&rsquo;un tram.<\/em> &nbsp; Il est aussi dit que la gauche, l\u2019inconscient, d<em>oit \u00eatre compl\u00e8tement \u00e9trangl\u00e9e<\/em> .<\/p>\n<p style=\"text-align: justify;\">On observe de fortes angoisses qui font que, d\u00e8s le d\u00e9but de la s\u00e9rie, il cherche \u00e0 <strong>se r\u00e9fugier<\/strong> dans des lieux o\u00f9 il pense \u00eatre prot\u00e9g\u00e9 : une \u00eele, des cercles protecteurs. Ult\u00e9rieurement, il aura plut\u00f4t tendance \u00e0 tenter de s\u2019enfuir devant les sollicitations de l\u2019inconscient.<\/p>\n<p style=\"text-align: justify;\"><strong>Dans la s\u00e9rie de la R\u00eaveuse<\/strong> appara\u00eet, un peu plus tardivement, l\u2019\u00e9ventualit\u00e9 d\u2019un p\u00e9ril.<\/p>\n<p style=\"text-align: justify;\">Il s\u2019agit d\u2019un avertissement, donn\u00e9 par les&nbsp; composantes de la psych\u00e9, au sujet du danger que pr\u00e9sente une relation amorc\u00e9e, mais tout \u00e0 fait conflictuelle et chaotique, avec les forces de son inconscient.<\/p>\n<p style=\"text-align: justify;\">L&rsquo;avertissement se traduit par le fait que le groupe auquel elle appartient re\u00e7oit <em>des gens un peu mena\u00e7ants<\/em> , qu\u2019elle se trouve dans des <em>positions<\/em> <em>dangereuses,<\/em> <strong>comme le R\u00eaveur,<\/strong>&nbsp; ou bien qu\u2019elle craint un <em>virus morte<\/em>l.(cf.r\u00eaves 46,70,52) Ces repr\u00e9sentations d\u2019un danger se situent dans la premi\u00e8re partie de la s\u00e9rie.<\/p>\n<p style=\"text-align: justify;\">Au moment des d\u00e9buts de son travail avec l\u2019analyste, elle est encore, plus clairement m\u00eame, avertie du p\u00e9ril, pour certains, de la relation avec l\u2019inconscient. Il lui est dit , dans le <strong>tr\u00e8s important r\u00eave 80<\/strong>, que certains b\u00e2timents sont dangereux et qu&rsquo;il l y a beaucoup de visiteurs qui ne sont pas revenus.<\/p>\n<p style=\"text-align: justify;\"><strong>Les refuges<\/strong> habituels de la R\u00eaveuse sont les lieux clos tels que chambres, chambres d\u2019h\u00f4tel, h\u00f4tels. On peut y ajouter: maisons, biblioth\u00e8ques et h\u00f4pitaux. Les chambres et les h\u00f4tels, pour donner un exemple, sont mentionn\u00e9s 26 fois dans les r\u00eaves retenus pour la s\u00e9rie .<\/p>\n<h2 style=\"text-align: justify;\">Un r\u00e9flexe d&rsquo;auto-d\u00e9fense du Moi<\/h2>\n<p style=\"text-align: justify;\">Pourquoi ces avertissements, alors que l\u2019inconscient cherche \u00e0 entrer en contact avec le Moi conscient ?Il s\u2019agit d\u2019un r\u00e9flexe d\u2019auto-d\u00e9fense, tout \u00e0 fait justifi\u00e9, de la part de ce dernier.<\/p>\n<p style=\"text-align: justify;\">Il est des sujets au&nbsp; <strong>Moi particuli\u00e8rement fragile<\/strong>, pour lesquels des <strong>rapports avec l\u2019inconscient<\/strong> seraient tout \u00e0 fait <strong>destructeurs<\/strong>.<\/p>\n<p style=\"text-align: justify;\"><strong>Jung pense que<\/strong> l\u2019analyse n\u2019est pas indiqu\u00e9e pour tous, loin de l\u00e0, m\u00eame pour des individus qui offrent les apparences de la plus solide \u201cnormalit\u00e9.<\/p>\n<p style=\"text-align: justify;\">Jung raconte, dans<em> Ma vie<\/em> (p. 162), le cas d&rsquo;un m\u00e9decin tellement normal que cela en devenait suspect. Il \u00e9tait venu le trouver parce qu&rsquo;il envisageait de devenir analyste. L&rsquo;\u00e9coute de son premier r\u00eave provoqua chez lui une sueur d&rsquo;angoisse car il comprit aussit\u00f4t&nbsp; que ce m\u00e9decin souffrait d&rsquo;une psychose latente. Il n&rsquo;\u00e9tait m\u00eame pas question d\u2019effleurer l&rsquo;inconscient de ce sujet , sous peine de d\u00e9clencher la psychose.<\/p>\n<p style=\"text-align: justify;\">Il s\u2019agit aussi de <strong>tester la d\u00e9termination des r\u00eaveurs<\/strong> \u00e0 s\u2019aventurer sur un chemin difficile et dangereux. C\u2019est tout \u00e0 fait manifeste dans le r\u00eave 80, d\u00e9j\u00e0 cit\u00e9.&nbsp; La R\u00eaveuse vient de commencer son analyse et il lui est dit que ce cheminement peut la conduire vers des transformations psychiques peu souhait\u00e9es par son Moi conscient qui risque de devoir abandonner une partie de ses certitudes.<\/p>\n<p style=\"text-align: justify;\">Ainsi, c\u2019est avec m\u00e9fiance que le Moi, peu enclin \u00e0 perdre ses pr\u00e9rogatives, envisage une relation avec l\u2019inconscient. <strong>Chez les deux sujets<\/strong>, la m\u00e9fiance atteint le niveau d\u2019une v\u00e9ritable <strong>terreur<\/strong>, quand il s\u2019agit <strong>d\u2019accepter la f\u00e9minit\u00e9<\/strong>.<\/p>\n<h3 style=\"text-align: justify;\"><svg class=\"genericon genericond-genericons-neue genericons-neue-document genericond-genericons-neue-1x genericond-rotate-normal\" style=\"fill:#19486B;\" title=\"document\" role=\"img\" aria-labelledby=\"title\"><use xlink:href=\"https:\/\/www.cgjung.net\/espace\/wp-content\/plugins\/genericond\/\/icons\/genericons-neue\/svg-sprite\/genericons-neue.svg#document\" \/><\/svg> <a href=\"https:\/\/www.cgjung.net\/espace\/ariaga-ecrits-jung\/theatre-des-reves\/le-christ-personnage-et-symbole\/\">Page pr\u00e9c\u00e9dente<\/a> | <a href=\"https:\/\/www.cgjung.net\/espace\/ariaga-ecrits-jung\/theatre-des-reves\/rejet-feminin-forces-primitives-animales\/\">Page suivante<\/a> | <a href=\"https:\/\/www.cgjung.net\/espace\/ariaga-ecrits-jung\/serie-du-reveur\/\">R\u00eaves du r\u00eaveur<\/a> | <a href=\"https:\/\/www.cgjung.net\/espace\/ariaga-ecrits-jung\/serie-reveuse\/\">R\u00eaves de la r\u00eaveuse<\/a><\/h3>\n","protected":false},"excerpt":{"rendered":"<p>\u00c0 partir des travaux de C.G.Jung ce texte met en perspectives les ressemblances et les diff\u00e9rences entre les deux s\u00e9ries de r\u00eaves qui sont sont pr\u00e9sent\u00e9es dans les pages pr\u00e9c\u00e9dentes. Pourquoi rechercher des points communs ? Tout d&rsquo;abord comparer les deux s\u00e9ries est un apport au travail remarquable de C.G.Jung sur la s\u00e9rie du R\u00eaveur [&hellip;]<\/p>\n","protected":false},"author":1,"featured_media":0,"parent":2039,"menu_order":47,"comment_status":"closed","ping_status":"open","template":"","meta":{"footnotes":""},"class_list":["post-1790","page","type-page","status-publish","hentry"],"_links":{"self":[{"href":"https:\/\/www.cgjung.net\/espace\/wp-json\/wp\/v2\/pages\/1790","targetHints":{"allow":["GET"]}}],"collection":[{"href":"https:\/\/www.cgjung.net\/espace\/wp-json\/wp\/v2\/pages"}],"about":[{"href":"https:\/\/www.cgjung.net\/espace\/wp-json\/wp\/v2\/types\/page"}],"author":[{"embeddable":true,"href":"https:\/\/www.cgjung.net\/espace\/wp-json\/wp\/v2\/users\/1"}],"replies":[{"embeddable":true,"href":"https:\/\/www.cgjung.net\/espace\/wp-json\/wp\/v2\/comments?post=1790"}],"version-history":[{"count":5,"href":"https:\/\/www.cgjung.net\/espace\/wp-json\/wp\/v2\/pages\/1790\/revisions"}],"predecessor-version":[{"id":33674,"href":"https:\/\/www.cgjung.net\/espace\/wp-json\/wp\/v2\/pages\/1790\/revisions\/33674"}],"up":[{"embeddable":true,"href":"https:\/\/www.cgjung.net\/espace\/wp-json\/wp\/v2\/pages\/2039"}],"wp:attachment":[{"href":"https:\/\/www.cgjung.net\/espace\/wp-json\/wp\/v2\/media?parent=1790"}],"curies":[{"name":"wp","href":"https:\/\/api.w.org\/{rel}","templated":true}]}}