{"id":17843,"date":"2021-10-27T07:22:55","date_gmt":"2021-10-27T05:22:55","guid":{"rendered":"https:\/\/www.cgjung.net\/espace\/?page_id=17843"},"modified":"2021-10-27T07:37:00","modified_gmt":"2021-10-27T05:37:00","slug":"deluges-des-sens-pierre-willequet","status":"publish","type":"page","link":"https:\/\/www.cgjung.net\/espace\/ressources\/deluges-des-sens-pierre-willequet\/","title":{"rendered":"D\u00e9luges des sens &#8211; Pierre Willequet"},"content":{"rendered":"<p><strong>Les \u00e9changes entre les personnages de ce roman de Pierre Willequet nous plongent dans les m\u00e9andres de la psych\u00e9. Suivons les &#8230;<\/strong><\/p>\n<p><img loading=\"lazy\" decoding=\"async\" class=\"size-full wp-image-17842 aligncenter\" src=\"https:\/\/www.cgjung.net\/espace\/wp-content\/uploads\/2021\/10\/deluges-des-sens.jpg\" alt=\"\" width=\"280\" height=\"392\" srcset=\"https:\/\/www.cgjung.net\/espace\/wp-content\/uploads\/2021\/10\/deluges-des-sens.jpg 280w, https:\/\/www.cgjung.net\/espace\/wp-content\/uploads\/2021\/10\/deluges-des-sens-214x300.jpg 214w\" sizes=\"auto, (max-width: 280px) 100vw, 280px\" \/><\/p>\n<p><a href=\"https:\/\/www.amazon.fr\/exec\/obidos\/ASIN\/2383262552\/carlgustavjungen\" target=\"_blank\" rel=\"noopener noreferrer\"><img loading=\"lazy\" decoding=\"async\" class=\"size-full wp-image-9645 aligncenter\" src=\"https:\/\/www.cgjung.net\/espace\/wp-content\/uploads\/2019\/08\/achat-amazon-fr.png\" alt=\"\" width=\"300\" height=\"25\" \/><\/a><\/p>\n<p style=\"text-align: center;\">\u00c9ditions Les 3 Colonnes \u2013 14,9 x 21 x 1,8 cm \u2013 368 pages<\/p>\n<p>Nadia, une jeune femme.<\/p>\n<p>Un enfant ch\u00e9tif, Louis.<\/p>\n<p>Elle, belle \u00e0 hurler, cherche l&rsquo;amour et ne trouve que le sexe.<\/p>\n<p>Lui, \u00e9gar\u00e9 dans l&rsquo;ind\u00e9chiffrable du monde, est transperc\u00e9 par une passion qui le broie.<\/p>\n<p>Il faut pourtant continuer. Perdurer. R\u00e9fl\u00e9chir. C&rsquo;est ce qu&rsquo;ils tentent, \u00e2prement, comme tous les humains le font depuis la nuit des temps, jusqu&rsquo;\u00e0 l&rsquo;\u00e9blouissement.<\/p>\n<h2><img loading=\"lazy\" decoding=\"async\" class=\"alignright size-full wp-image-12071\" src=\"https:\/\/www.cgjung.net\/espace\/wp-content\/uploads\/2020\/04\/pierre-willequet.jpg\" alt=\"\" width=\"90\" height=\"125\" \/>Pierre Willequet<b><\/b><\/h2>\n<p>Docteur en Psychologie et dipl\u00f4m\u00e9 de l&rsquo;Institut C.G. Jung de Zurich, auteur de nombreux ouvrages, il exerce en France pr\u00e8s de Gen\u00e8ve. Il participe au programme de formation des analystes propos\u00e9 par L&rsquo;antenne romande de l&rsquo;Institut Jung de Zurich.<\/p>\n<p><b>Du m\u00eame auteur<br \/>\n<\/b><\/p>\n<ul>\n<li><a href=\"https:\/\/www.cgjung.net\/espace\/accueil\/entretien-pierre-willequet\/\">Entretien avec Pierre Willequet<\/a><\/li>\n<li><a href=\"https:\/\/www.cgjung.net\/espace\/ressources\/pas-de-therapie-sans-ame\/\">Pas de th\u00e9rapie sans \u00e2me<\/a><\/li>\n<li><a href=\"https:\/\/www.cgjung.net\/espace\/ressources\/ego-ultime-divinite\/\">La divinisation du moi<\/a><\/li>\n<li><a href=\"https:\/\/www.cgjung.net\/espace\/ressources\/effarante-vacuite\/\">Une effarante vacuit\u00e9<\/a><\/li>\n<li><a href=\"https:\/\/www.cgjung.net\/espace\/ressources\/delires-splendeurs-religieux\/\">D\u00e9lires et splendeurs du religieux<\/a><\/li>\n<li><a href=\"https:\/\/www.cgjung.net\/publications\/sexualite-homme-femme.htm\">Sexualit\u00e9 Homme-Femme &#8211; L&rsquo;\u00e9ternel malentendu<\/a><\/li>\n<li><a href=\"https:\/\/www.cgjung.net\/publications\/trahir-etre-trahi.htm\">Trahir, \u00eatre trahi<\/a><\/li>\n<li><a href=\"https:\/\/www.cgjung.net\/publications\/l-ego-face-au-divin-pierre-willequet.htm\">L&rsquo;ego face au divin<\/a><\/li>\n<li><a href=\"https:\/\/www.cgjung.net\/publications\/meres_et_filles.htm\">M\u00e8res et filles &#8211; Histoire d&rsquo;une emprise<\/a><\/li>\n<li><a href=\"https:\/\/www.cgjung.net\/publications\/le-reve-sa-creativite-ses-bizarreries.htm\">Le R\u00eave, sa cr\u00e9ativit\u00e9, ses bizarreries<\/a><\/li>\n<li><a href=\"https:\/\/www.cgjung.net\/publications\/roman-psychiatrique.htm\">Histoire d&rsquo;un qui s&rsquo;en alla<\/a>&nbsp;(roman)<\/li>\n<li><a href=\"https:\/\/www.cgjung.net\/espace\/ressources\/deluges-des-sens-pierre-willequet\/\">D\u00e9luges des sens<\/a> (roman)<\/li>\n<li><a href=\"https:\/\/www.cgjung.net\/publications\/jung-elan-createur.htm\">Jung et l&rsquo;\u00e9lan cr\u00e9ateur<\/a> (intervenant au colloque de Bruxelles)<\/li>\n<li><a href=\"https:\/\/www.cgjung.net\/espace\/ressources\/colloque-bruxelles-image\/\">L&rsquo;Image, entre nuisance, inanit\u00e9 et n\u00e9cessit\u00e9<\/a> (intervenant au colloque de Bruxelles)<\/li>\n<li><a href=\"https:\/\/www.cgjung.net\/espace\/ressources\/accueillir-parents-et-enfants\/\">Accueillir parents et enfants<\/a> (intervenant au Cerf-Volant)<\/li>\n<\/ul>\n\n","protected":false},"excerpt":{"rendered":"<p>Les \u00e9changes entre les personnages de ce roman de Pierre Willequet nous plongent dans les m\u00e9andres de la psych\u00e9. Suivons les &#8230; \u00c9ditions Les 3 Colonnes \u2013 14,9 x 21 x 1,8 cm \u2013 368 pages Nadia, une jeune femme. Un enfant ch\u00e9tif, Louis. Elle, belle \u00e0 hurler, cherche l&rsquo;amour et ne trouve que le [&hellip;]<\/p>\n","protected":false},"author":1,"featured_media":0,"parent":9713,"menu_order":13,"comment_status":"closed","ping_status":"closed","template":"","meta":{"footnotes":""},"class_list":["post-17843","page","type-page","status-publish","hentry"],"_links":{"self":[{"href":"https:\/\/www.cgjung.net\/espace\/wp-json\/wp\/v2\/pages\/17843","targetHints":{"allow":["GET"]}}],"collection":[{"href":"https:\/\/www.cgjung.net\/espace\/wp-json\/wp\/v2\/pages"}],"about":[{"href":"https:\/\/www.cgjung.net\/espace\/wp-json\/wp\/v2\/types\/page"}],"author":[{"embeddable":true,"href":"https:\/\/www.cgjung.net\/espace\/wp-json\/wp\/v2\/users\/1"}],"replies":[{"embeddable":true,"href":"https:\/\/www.cgjung.net\/espace\/wp-json\/wp\/v2\/comments?post=17843"}],"version-history":[{"count":4,"href":"https:\/\/www.cgjung.net\/espace\/wp-json\/wp\/v2\/pages\/17843\/revisions"}],"predecessor-version":[{"id":17847,"href":"https:\/\/www.cgjung.net\/espace\/wp-json\/wp\/v2\/pages\/17843\/revisions\/17847"}],"up":[{"embeddable":true,"href":"https:\/\/www.cgjung.net\/espace\/wp-json\/wp\/v2\/pages\/9713"}],"wp:attachment":[{"href":"https:\/\/www.cgjung.net\/espace\/wp-json\/wp\/v2\/media?parent=17843"}],"curies":[{"name":"wp","href":"https:\/\/api.w.org\/{rel}","templated":true}]}}