{"id":16919,"date":"2021-07-04T09:47:24","date_gmt":"2021-07-04T07:47:24","guid":{"rendered":"https:\/\/www.cgjung.net\/espace\/?page_id=16919"},"modified":"2023-11-25T03:37:27","modified_gmt":"2023-11-25T02:37:27","slug":"hommage-jc-jugon","status":"publish","type":"page","link":"https:\/\/www.cgjung.net\/espace\/accueil\/jugon\/hommage-jc-jugon\/","title":{"rendered":"Hommage \u00e0 Jean-Claude Jugon (1951-2021)"},"content":{"rendered":"<p><img loading=\"lazy\" decoding=\"async\" class=\"alignright size-full wp-image-16921\" src=\"https:\/\/www.cgjung.net\/espace\/wp-content\/uploads\/2021\/06\/jean-claude-jugon.jpg\" alt=\"\" width=\"120\" height=\"164\" \/><\/p>\n<p><strong>Jean-Claude Jugon est d\u00e9c\u00e9d\u00e9 le 20 mai 2021. Contributeur au sein de l&rsquo;\u00e9quipe EFJ, nous lui rendons hommage. Comme le confirment ces quelques lignes, son travail de recherche est important<\/strong><strong>. C&rsquo;est aussi l&rsquo;occasion de publier un \u00e9crit qui devait l&rsquo;\u00eatre au moment de son d\u00e9c\u00e8s.<\/strong><\/p>\n<p>Nous avons eu la chance de le rencontrer en 2017, au moment de la sortie de son livre <a href=\"https:\/\/www.cgjung.net\/publications\/ame-japonaise.htm\">L&rsquo;\u00e2me japonaise<\/a>. Depuis cette date, les \u00e9changes se sont multipli\u00e9s et nous avons publi\u00e9 plusieurs de ses articles et documents.<\/p>\n<h2>Quel a \u00e9t\u00e9 le parcours de Jean-Claude Jugon ?<\/h2>\n<p>Fils unique, Jean-Claude Jugon est n\u00e9 \u00e0 Bordeaux le 5 mai 1950. Issu d&rsquo;un milieu tr\u00e8s modeste et de la g\u00e9n\u00e9ration hippie post soixante-huitarde, il effectue de nombreux voyages avant de suivre une formation d&rsquo;infirmier psychiatrique.&nbsp;<\/p>\n<p>C&rsquo;est en r\u00e9gion parisienne, o\u00f9 il exerce son m\u00e9tier, qu&rsquo;il rencontre un psychiatre jungien qui deviendra son mentor. A son tour, il se lance dans de nombreuses recherches qu&rsquo;il applique dans le domaine de la transculturalit\u00e9.<\/p>\n<p>En parall\u00e8le de son activit\u00e9 professionnelle, il reprend ses \u00e9tudes et s&rsquo;oriente vers la psychologie. Il \u00e9tudie \u00e9galement le japonais \u00e0 l&rsquo;<a href=\"http:\/\/www.inalco.fr\/langue\/japonais\" target=\"_blank\" rel=\"noopener\">Inalco<\/a>, durant 3 ans.<\/p>\n<p>Il part vivre au Japon, dans un premier temps dans le cadre de sa th\u00e8se et se passionne pour ce pays. Au total il y passe 26 ans et&nbsp; y vit en totale int\u00e9gration, b\u00e9n\u00e9ficiant d&rsquo;une double culture : fran\u00e7aise et japonaise.<\/p>\n<p>Ayant un statut de chercheur, il a enseign\u00e9 \u00e0 l&rsquo;universit\u00e9 de Shizuoka (fran\u00e7ais et psychologie) durant une vingtaine d&rsquo;ann\u00e9es. Les six derni\u00e8res ann\u00e9es, il a enseign\u00e9 le fran\u00e7ais \u00e0 l&rsquo;universit\u00e9 de Tsukuba (pr\u00e8s de Tokyo) au Japon. Il multiplie ses \u00e9changes et il&nbsp; rencontre, dans les ann\u00e9es 2000, l&rsquo;analyste jungien <a href=\"https:\/\/www.cgjung.net\/publications\/le-bouddhisme-et-l-art-de-la-psychotherapie.htm\">Kawa\u00ef Hayao<\/a> qui, nous disait-il, \u00ab\u00a0reste l&rsquo;ic\u00f4ne junguienne par excellence dans l&rsquo;Archipel\u00a0\u00bb.<\/p>\n<p>Il revient d\u00e9finitivement en France en 2016 et s&rsquo;y installe avec son \u00e9pouse Shihori Aoki et leur fils.<\/p>\n<h2>Docteur en psychologie<\/h2>\n<p>Il obtient son doctorat aupr\u00e8s de l&rsquo;Universit\u00e9 Ren\u00e9 Descartes Paris V, Sciences Humaines \u00e0 la Sorbonne, en 1998. Sa th\u00e8se, compos\u00e9e de 3 volumes distincts et de pr\u00e8s de 1000 pages, s&rsquo;intitule :<\/p>\n<p style=\"padding-left: 40px;\"><a href=\"http:\/\/www.theses.fr\/1998PA05H034\" target=\"_blank\" rel=\"noopener\">Ethnopsychopathologie au Japon<\/a> : une approche transculturelle psychoclinique &#8211; contribution \u00e0 une meilleure compr\u00e9hension de l&rsquo;\u00e2me japonaise.<\/p>\n<p>Plusieurs sujets sont abord\u00e9s, notamment la relation entre la m\u00e8re et les enfants japonais, le comportement des japonais en soci\u00e9t\u00e9, la phobie japonaise, etc. Le tout s&rsquo;appuie tr\u00e8s largement sur la psychologie de C.G. Jung.<\/p>\n<h2>Un chercheur jungien \u00e0 part enti\u00e8re<\/h2>\n<p>Il ne craignait pas d&rsquo;aborder des sujets difficiles et de les approfondir. Comme il l&rsquo;a pr\u00e9cis\u00e9 dans nos \u00e9changes, il ne se situait pas dans la ligne \u00ab\u00a0du recyclage d&rsquo;id\u00e9es, voire du rab\u00e2chage de notions maintenant bien connues ou de d\u00e9bats qui datent trop dans le temps\u00a0\u00bb. Et il ajoutait :<\/p>\n<blockquote><p>\u00ab\u00a0qu&rsquo;il faut aussi avancer sur le plan de la th\u00e9orie, \u00eatre innovant, surtout en direction des nouvelles d\u00e9couvertes scientifiques qui, \u00e0 mon sens, confirment pour beaucoup les postulats de base propos\u00e9s par Jung.<\/p>\n<p>Il faut encore se d\u00e9fier de l&rsquo;effet new-age pour qui \u00ab tout \u00e9tant dans tout \u00bb fait un amalgame de notions h\u00e9t\u00e9roclites mal dig\u00e9r\u00e9es, ne cherchant au fond que le bien-\u00eatre (corporel) pour ne pas se remettre en question et, surtout, \u00ab ne plus jamais souffrir !!!\u00bb, corollaire indispensable au bien-\u00eatre. Ce n&rsquo;\u00e9tait pas vraiment le message de Jung.<\/p>\n<p>Jung \u00e9tait un explorateur de la psych\u00e9 globale qu&rsquo;il concevait comme le reflet de l&rsquo;\u00c2me du Monde (qui comprend autant la Mati\u00e8re que l&rsquo;Esprit). Ses intuitions nous ont livr\u00e9 tellement de pistes \u00e0 d\u00e9fricher et d&rsquo;\u00e9nigmes \u00e0 d\u00e9chiffrer qu&rsquo;il y a encore beaucoup mati\u00e8re \u00e0 r\u00e9flexion.\u00a0\u00bb<\/p><\/blockquote>\n<p>C&rsquo;est dans cet esprit qu&rsquo;il a men\u00e9 tous ses travaux de recherche.<\/p>\n<h2>De multiples axes de recherche<\/h2>\n<p>Comme en t\u00e9moignent ses \u00e9crits, Jean-Claude Jugon n&rsquo;h\u00e9sitait pas \u00e0 explorer en profondeur ce qu&rsquo;il nommait \u00ab\u00a0les abysses de la psych\u00e9\u00a0\u00bb. Ses connaissances \u00e9taient tr\u00e8s \u00e9tendues au sujet des \u0153uvres de Jung, Freud, Lacan, Janet et bien d&rsquo;autres et aussi dans des domaines li\u00e9s \u00e0 la psychologie, la psychanalyse, la psychiatrie, la linguistique.<\/p>\n<p>Tout comme l&rsquo;\u0153uvre de Jung, la lecture des textes de Jean-Claude Jugon est l&rsquo;ennemi de l&#8217;empressement. Comme c&rsquo;est le cas pour beaucoup de chercheurs, sa pens\u00e9e est sous l&rsquo;influence de la fonction intuition, d&rsquo;o\u00f9 une lecture qui n\u00e9cessite une grande attention. Pour lire Jean-Claude Jugon, il ne faut pas h\u00e9siter \u00e0 parcourir en diagonale certains paragraphes, quitte \u00e0 y revenir ult\u00e9rieurement.&nbsp; Ses textes sont parsem\u00e9s de phrases essentielles.<\/p>\n<h2>Le Japon et l&rsquo;Asie en g\u00e9n\u00e9ral<\/h2>\n<p>Ses \u00e9tudes autour du peuple japonais servent de fil conducteur \u00e0 ses premi\u00e8res recherches, qu&rsquo;il ne cessera de poursuivre. Il observe les Japonais, vit parmi eux, comme eux.&nbsp;<\/p>\n<p>Il disait du Japon et de l&rsquo;Asie :<\/p>\n<blockquote><p>\u00ab\u00a0L&rsquo;Occident ne peut concevoir le Japon qu&rsquo;\u00e0 l&rsquo;aune de son propre manque qui le fait d\u00e9sirer ardemment rejoindre l&rsquo;autre p\u00f4le de l&rsquo;\u00eatre qui se d\u00e9robe \u00e0 lui. L&rsquo;Asie enti\u00e8re d\u00e9tient une v\u00e9rit\u00e9 mais non l&rsquo;enti\u00e8re V\u00e9rit\u00e9. Elle est sur l&rsquo;autre rive de notre \u00e2me.<\/p>\n<p>Pourtant, le fleuve de la vie charrie le m\u00eame limon sur son lit. Mettre en regard les deux profils d&rsquo;un m\u00eame visage pour qu&rsquo;ils se d\u00e9visagent, voil\u00e0 l&rsquo;immense m\u00e9rite de la psychologie jungienne.\u00a0\u00bb<br \/>\n<a href=\"https:\/\/www.cgjung.net\/publications\/ame-japonaise.htm\">L&rsquo;\u00e2me japonaise<\/a>, p 6<\/p><\/blockquote>\n<p>En s&rsquo;appuyant sur <a href=\"https:\/\/www.cgjung.net\/oeuvre\/types_psychologiques.htm\">Les types psychologiques de Jung<\/a> il d\u00e9montre l&rsquo;utilit\u00e9 et la validit\u00e9&nbsp; de la typologie jungienne appliqu\u00e9e au Japon. A ses yeux cette approche peut s&rsquo;appliquer \u00e0 n&rsquo;importe quel peuple et elle est de nature \u00e0 faciliter la compr\u00e9hension entre eux. Il pr\u00e9cise :<\/p>\n<blockquote><p>\u00ab\u00a0Entre sens et structure, <a href=\"https:\/\/www.cgjung.net\/publications\/jugon\/sens-structure-psyche.htm#sens\">Jung pose incidemment les jalons d&rsquo;une transculturalit\u00e9<\/a> que pour ma part j\u2019ai nomm\u00e9e anthropoculturalit\u00e9 pour signifier que les divergences culturelles constat\u00e9es ici ou l\u00e0 se fondent en r\u00e9alit\u00e9 sur un fonds anthropologique commun (l\u2019inconscient collectif)\u00a0\u00bb<\/p><\/blockquote>\n<h2>L&rsquo;importance des types psychologiques<\/h2>\n<p>Dans la ligne des recherches initi\u00e9es par Emile Rog\u00e9, il n&rsquo;a cess\u00e9 d&rsquo;explorer les types psychologiques de Jung. Ils \u00e9taient d&rsquo;apr\u00e8s lui le plus souvent mal interpr\u00e9t\u00e9s, y compris par un grand nombre de jungiens, et peu utilis\u00e9s, ce qu&rsquo;il d\u00e9plorait.<\/p>\n<p>Ses recherches, qu&rsquo;il a pouss\u00e9es tr\u00e8s loin, \u00e9taient toujours \u00e9tay\u00e9es par de nombreux exemples. Il rel\u00e8ve <a href=\"https:\/\/www.cgjung.net\/publications\/jugon\/index.htm\">les lacunes du MBTI,<\/a> qui, comme c&rsquo;est le cas pour la plupart des tests psychologiques, servent \u00e0 une finalit\u00e9 bien pr\u00e9cise et ne rendent pas compte des nombreux changements qui ont lieu tout au long de nos vies.<\/p>\n<h2>La structure de la psych\u00e9<\/h2>\n<p>Les notions de temps, d&rsquo;espace, et au final de sens, sont explor\u00e9es sous diff\u00e9rents angles.<\/p>\n<p>Il \u00e9voque \u00ab\u00a0les fondements abyssaux de la&nbsp;<i>psych\u00e9 collective<\/i>\u00a0\u00bb :<\/p>\n<blockquote><p>\u00ab\u00a0<a href=\"https:\/\/www.cgjung.net\/publications\/jugon\/index.htm#nature\">Il y a donc du c\u00f4t\u00e9 de la Nature une structure universelle<\/a> inconsciente de la psych\u00e9 humaine, extr\u00eamement contraignante \u00e0 tous \u00e9gards car on ne peut pas y \u00e9chapper puisqu&rsquo;elle nous fonde.\u00a0\u00bb<\/p><\/blockquote>\n<p>Le psycho\u00efde (lien mati\u00e8re \/ psych\u00e9) est au centre de ses pr\u00e9occupations :<\/p>\n<blockquote><p>\u00ab\u00a0<a href=\"https:\/\/www.cgjung.net\/publications\/jugon\/sens-structure-psyche.htm#sein\">Il est tr\u00e8s vraisemblable qu\u2019il existe au sein de ce psycho\u00efde<\/a> des \u00e9l\u00e9ments originaires proto-arch\u00e9typiques, mod\u00e9lisateurs \u00e0 la fois du physique et du psychique, tels les couleurs fondamentales, les formes g\u00e9om\u00e9triques primordiales, les sons basiques ou encore les premiers nombres naturels.\u00a0\u00bb<\/p><\/blockquote>\n<p>A propos de la relation entre l&rsquo;inconscient et le langage, et \u00e0 la suite d&rsquo;Emile Rog\u00e9, il affirme que :<\/p>\n<blockquote><p>\u00ab\u00a0[&#8230;] <i>l\u2019inconscient n\u2019est pas structur\u00e9 comme un langage<\/i>&nbsp;mais que<em> <a href=\"https:\/\/www.cgjung.net\/publications\/jugon\/le-langage-structure-comme-l-inconscient.htm#langage\">le langage est structur\u00e9 comme l\u2019inconscient<\/a><\/em>, car il lui est ant\u00e9rieur. Il faut&nbsp;<i>renverser<\/i> l\u2019aphorisme de Lacan.\u00a0\u00bb<\/p><\/blockquote>\n<h2>Le monde d&rsquo;aujourd&rsquo;hui<\/h2>\n<p>L&rsquo;\u0153uvre de Jean-Claude Jugon est ancr\u00e9e dans le monde d&rsquo;aujourd&rsquo;hui. Il constate que :<\/p>\n<blockquote><p>\u00ab\u00a0<a href=\"https:\/\/www.cgjung.net\/publications\/jugon\/sens-structure-psyche.htm#extraversion\">L\u2019extraversion ambiante des soci\u00e9t\u00e9s modernes<\/a> a donc fini par gommer puis d\u00e9gommer la vie fantasmatique du sujet en d\u00e9senchantant son monde int\u00e9rieur. Il y eut certes des victoires scientifiques importantes gagn\u00e9es sur l\u2019obscurantisme (cf. la relativit\u00e9 g\u00e9n\u00e9rale ou la m\u00e9canique quantique, etc) car la pens\u00e9e porte le flambeau du savoir mais elle ne peut donner plus qu\u2019elle ne poss\u00e8de, \u00e0 part le doute et l\u2019incertitude.\u00a0\u00bb<\/p>\n<p>\u00ab\u00a0<a href=\"https:\/\/www.cgjung.net\/espace\/accueil\/jugon\/extraversion\/#heureux\">L\u2019universalisme et la mondialisation actuelles<\/a> font le lit d\u2019une planification par le bas, fa\u00e7on communiste. La morale collective d\u00e9tr\u00f4ne l\u2019\u00e9thique individuelle&nbsp;&nbsp;: il faut rendre les autres heureux contre eux-m\u00eames&nbsp;&nbsp;!<\/p>\n<p>S\u2019ils n\u2019obtemp\u00e8rent pas, on les d\u00e9portera pour leur bien ou bien on les passera par les armes s\u2019il le faut. L\u2019id\u00e9alit\u00e9 du collectivisme extraverti doit devenir une r\u00e9alit\u00e9 et n\u2019est plus du tout compens\u00e9 par l\u2019alt\u00e9rit\u00e9. Le salut du prochain en d\u00e9pendant, il est hors de question de faire des exceptions : ce fut le mal du XXe si\u00e8cle.\u00a0\u00bb<\/p><\/blockquote>\n<h2>Le lien entre l&rsquo;homme et l&rsquo;animal<\/h2>\n<blockquote><p>\u00ab\u00a0<a href=\"https:\/\/www.cgjung.net\/publications\/jugon\/le-langage-structure-comme-l-inconscient.htm#animaux\">Alors, est-ce qu\u2019il n\u2019existe pas chez nos fr\u00e8res les animaux<\/a> une facult\u00e9 de repr\u00e9sentation, une certaine capacit\u00e9 \u00e0 associer des images, \u00e0 tisser des liens de sens, m\u00eame fragmentaires, entre un per\u00e7u imm\u00e9diat et un v\u00e9cu subjectif ? Sont-ils totalement d\u00e9pourvus d\u2019inconscient \u00e0 cause de la barri\u00e8re du langage ? Ne savent-ils pas communiquer dans leur propre culture naturelle, m\u00eame s\u2019il existe une barri\u00e8re g\u00e9n\u00e9tique qui les frustre du langage articul\u00e9 propre \u00e0 l\u2019humain ?<\/p>\n<p>M\u00eame si le langage et la pens\u00e9e sont des n\u00e9oformations r\u00e9centes dans l\u2019\u00e9volution de la psych\u00e9 humaine, il est clair que l\u2019enc\u00e9phalisation de leurs capacit\u00e9s existe d\u00e9j\u00e0 dans le r\u00e8gne animal. Elles d\u00e9pendent en fait de la structure double de l\u2019inconscient, bipolaris\u00e9e comme le cerveau.\u00a0\u00bb<\/p><\/blockquote>\n<h2>L&rsquo;importance de l&rsquo;\u00e2me<\/h2>\n<p>Sa vie, les \u00e9preuves qu&rsquo;il a dues affronter l&rsquo;ont conduit sur le chemin d\u00e9crit par Jung, dont les travaux ont servi de fil conducteur \u00e0 ses recherches. Il t\u00e9moigne :<\/p>\n<blockquote><p>\u00ab\u00a0Inutile donc d\u2019adh\u00e9rer \u00e0 une confession particuli\u00e8re, <a href=\"https:\/\/www.cgjung.net\/publications\/jugon\/sens-structure-psyche.htm#inutile\">il suffit juste que l\u2019\u00e2me soit ici et maintenant<\/a> le t\u00e9moin d&rsquo;une r\u00e9v\u00e9lation int\u00e9rieure qui jaillit&nbsp;<i>naturellement<\/i> des profondeurs de soi &#8211; et du Soi. Nulle preuve \u00e0 la fin : seule une \u00e9preuve p\u00e9rilleuse pour \u00e9prouver l\u2019amour infini, plus enivrant et numineux que tous les autres, transportant enfin notre finitude humaine vers les confins de l\u2019\u00c9ternit\u00e9.\u00a0\u00bb<\/p><\/blockquote>\n<p>Et cette ultime interrogation :<\/p>\n<blockquote><p>\u00ab\u00a0Ce monde existe et le miracle est qu\u2019<a href=\"https:\/\/www.cgjung.net\/publications\/jugon\/psychose-bipolaire.htm#monde\">il y a ici-bas un \u00eatre dou\u00e9 de conscience pour le voir, le savoir et le dire<\/a>. Pourquoi y a-t-il quelque chose plut\u00f4t que rien ? Personne ne peut r\u00e9pondre \u00e0 cela mais c\u2019est la seule vraie question ontologique qui m\u00e9rite d\u2019\u00eatre pos\u00e9e face \u00e0 l\u2019\u00c9ternit\u00e9\u2026\u00a0\u00bb<\/p><\/blockquote>\n<h2>Le grand d\u00e9part<\/h2>\n<p>Dans les pas de Jung, Jean-Claude Jugon fait partie des post-jungiens. Au moment de son d\u00e9c\u00e8s, il venait de lancer une \u00e9tude qui avait pour objet de \u00ab\u00a0cerner d&rsquo;un peu plus pr\u00e8s la zone psycho\u00efde de l&rsquo;inconscient abyssal et les ph\u00e9nom\u00e8nes synchronistiques\u00a0\u00bb. Il n&rsquo;aura pas eu le temps de la mener \u00e0 bien. Il est d\u00e9c\u00e9d\u00e9 le 20 mai 2021, \u00e0 l&rsquo;\u00e2ge de 71 ans.<\/p>\n<p>Souhaitons que les textes de Jean-Claude Jugon inspirent d&rsquo;autres chercheurs et leur donne envie de les poursuivre. C&rsquo;\u00e9tait son v\u0153u le plus cher.<\/p>\n<p><em>&nbsp;Jean-Claude Jugon est pass\u00e9 de \u00ab\u00a0l&rsquo;autre c\u00f4t\u00e9\u00a0\u00bb, ce lieu qu&rsquo;il n&rsquo;a jamais cess\u00e9 d&rsquo;explorer. Aujourd&rsquo;hui il sait.<\/em><\/p>\n<p><em>L&rsquo;\u00e9quipe EFJ pr\u00e9sente ses plus sinc\u00e8res condol\u00e9ances \u00e0 ses proches.<\/em><\/p>\n<p style=\"text-align: right;\"><em>Juillet 2021<\/em><\/p>\n<p>&nbsp;<\/p>\n<h2>Jean-Claude Jugon nous offre ce document in\u00e9dit<\/h2>\n<p>Nous avons la chance de vous offrir au nom de Jean-Claude Jugon son dernier \u00e9crit in\u00e9dit, nous devions le publier au moment de son d\u00e9c\u00e8s.<\/p>\n<blockquote>\n<p style=\"text-align: center;\"><a href=\"https:\/\/www.cgjung.net\/publications\/jugon\/du-cote-du-japonais-ou-la-pensee-extravertie-revisitee.pdf\" target=\"_blank\" rel=\"noopener\">Du c\u00f4t\u00e9 du japonais ou la pens\u00e9e extravertie revisit\u00e9e<\/a> 105 pages au format pdf<\/p>\n<\/blockquote>\n<p><img loading=\"lazy\" decoding=\"async\" class=\"size-full wp-image-17083 aligncenter\" src=\"https:\/\/www.cgjung.net\/espace\/wp-content\/uploads\/2021\/07\/kosho-moine-kuya-shonin-.jpg\" alt=\"\" width=\"299\" height=\"400\" srcset=\"https:\/\/www.cgjung.net\/espace\/wp-content\/uploads\/2021\/07\/kosho-moine-kuya-shonin-.jpg 299w, https:\/\/www.cgjung.net\/espace\/wp-content\/uploads\/2021\/07\/kosho-moine-kuya-shonin--224x300.jpg 224w\" sizes=\"auto, (max-width: 299px) 100vw, 299px\" \/><\/p>\n<p style=\"text-align: center;\">Sculpture de K\u00f4sho datant de l&rsquo;\u00e9poque Kamakura (1185-1333)<br \/>\nqui repr\u00e9sente le moine japonais K\u00fbya Sh\u00f4nin (903-972).<\/p>\n<p>L&rsquo;article publi\u00e9 en avril 2021, <a href=\"https:\/\/www.cgjung.net\/espace\/accueil\/jugon\/extraversion\/\">Les diff\u00e9rentes facettes de l\u2019extraversion<\/a>, est un extrait de ce document (pages 31 \u00e0 35).<\/p>\n<h2><img loading=\"lazy\" decoding=\"async\" class=\"alignright size-full wp-image-16921\" src=\"https:\/\/www.cgjung.net\/espace\/wp-content\/uploads\/2021\/06\/jean-claude-jugon.jpg\" alt=\"\" width=\"120\" height=\"164\" \/>Jean-Claude Jugon<\/h2>\n<p>Jean-Claude Jugon (1951-2021) est psychologue clinicien et docteur en psychologie. Il a v\u00e9cu 26 ans au Japon. Ses travaux le conduisent, selon la vision junguienne de la psych\u00e9 humaine, \u00e0 \u00e9tudier les ressorts psychologiques profonds qui animent les Japonais mais \u00e9galement d&rsquo;autres peuples d&rsquo;orient (Chine &#8230;).<\/p>\n<p><a href=\"https:\/\/www.cgjung.net\/espace\/accueil\/jugon\/hommage-jc-jugon\/\">Cet hommage \u00e0 Jean-Claude Jugon<\/a> retrace son parcours et ses travaux de recherche.<\/p>\n<h2>Articles et documents<\/h2>\n<ul>\n<li><a href=\"https:\/\/www.cgjung.net\/espace\/accueil\/jugon\/extraversion\/\">Les diff\u00e9rentes facettes de l\u2019extraversion<\/a><\/li>\n<li><a href=\"https:\/\/www.cgjung.net\/publications\/jugon\/du-cote-du-japonais-ou-la-pensee-extravertie-revisitee.pdf\" target=\"_blank\" rel=\"noopener\">Du c\u00f4t\u00e9 du japonais ou la pens\u00e9e extravertie revisit\u00e9e<\/a> (pdf, 126 pages)<\/li>\n<li><a href=\"https:\/\/www.cgjung.net\/publications\/jugon\/index.htm\">Les quatre lacunes du MBTI<\/a><\/li>\n<li><a href=\"https:\/\/www.cgjung.net\/publications\/jugon\/sens-structure-psyche.htm\">Sens et structure fondent la psych\u00e9 collective humaine<\/a><\/li>\n<li><a href=\"https:\/\/www.cgjung.net\/publications\/jugon\/isomorphisme-matiere-psyche.htm\">De l\u2019isomorphisme mati\u00e8re-psych\u00e9<\/a><\/li>\n<li><a href=\"https:\/\/www.cgjung.net\/publications\/jugon\/atemporalite-intemporalite.htm\">De l&rsquo;Atemporalit\u00e9 \u00e0 l&rsquo;Intemporalit\u00e9<\/a><\/li>\n<li><a href=\"https:\/\/www.cgjung.net\/publications\/jugon\/psychose-bipolaire.htm\">De l\u2019\u00e9nantiodromie dans la psychose bipolaire (PMD)<\/a><\/li>\n<li><a href=\"https:\/\/www.cgjung.net\/publications\/jugon\/le-langage-structure-comme-l-inconscient.htm\">Le langage est structur\u00e9 comme l&rsquo;inconscient<\/a><\/li>\n<li><a href=\"https:\/\/www.cgjung.net\/publications\/jugon\/fonctionnement_psyche_selon_cg_jung.pdf\" target=\"_blank\" rel=\"noopener\">Comment fonctionne la psych\u00e9 selon la psychologie de C.G. Jung<\/a>&nbsp;(pdf, 13 pages)<\/li>\n<li><a href=\"https:\/\/www.cgjung.net\/publications\/ame-japonaise.pdf\" target=\"_blank\" rel=\"noopener\">Le dialogue du sentiment et de la pens\u00e9e dans l&rsquo;\u00e2me japonaise<\/a> (pdf, 70 pages)<\/li>\n<\/ul>\n<h2>Ouvrages de Jean-Claude Jugon<\/h2>\n<ul>\n<li><a href=\"https:\/\/www.cgjung.net\/publications\/ame-japonaise.htm\">L&rsquo;\u00e2me japonaise<\/a><\/li>\n<li><a href=\"https:\/\/www.amazon.fr\/exec\/obidos\/ASIN\/B01E5YN4KY\/carlgustavjungen\" target=\"_blank\" rel=\"noopener\">Phobies sociales au Japon : timidit\u00e9 et angoisse de l&rsquo;autre<\/a><\/li>\n<li><a href=\"https:\/\/www.amazon.fr\/exec\/obidos\/ASIN\/2747524558\/carlgustavjungen\" target=\"_blank\" rel=\"noopener\">Petite enfance et maternit\u00e9 au Japon<\/a><\/li>\n<\/ul>\n\n","protected":false},"excerpt":{"rendered":"<p>Jean-Claude Jugon est d\u00e9c\u00e9d\u00e9 le 20 mai 2021. Contributeur au sein de l&rsquo;\u00e9quipe EFJ, nous lui rendons hommage. Comme le confirment ces quelques lignes, son travail de recherche est important. C&rsquo;est aussi l&rsquo;occasion de publier un \u00e9crit qui devait l&rsquo;\u00eatre au moment de son d\u00e9c\u00e8s. Nous avons eu la chance de le rencontrer en 2017, [&hellip;]<\/p>\n","protected":false},"author":1,"featured_media":0,"parent":16252,"menu_order":0,"comment_status":"closed","ping_status":"closed","template":"","meta":{"footnotes":""},"class_list":["post-16919","page","type-page","status-publish","hentry"],"_links":{"self":[{"href":"https:\/\/www.cgjung.net\/espace\/wp-json\/wp\/v2\/pages\/16919","targetHints":{"allow":["GET"]}}],"collection":[{"href":"https:\/\/www.cgjung.net\/espace\/wp-json\/wp\/v2\/pages"}],"about":[{"href":"https:\/\/www.cgjung.net\/espace\/wp-json\/wp\/v2\/types\/page"}],"author":[{"embeddable":true,"href":"https:\/\/www.cgjung.net\/espace\/wp-json\/wp\/v2\/users\/1"}],"replies":[{"embeddable":true,"href":"https:\/\/www.cgjung.net\/espace\/wp-json\/wp\/v2\/comments?post=16919"}],"version-history":[{"count":90,"href":"https:\/\/www.cgjung.net\/espace\/wp-json\/wp\/v2\/pages\/16919\/revisions"}],"predecessor-version":[{"id":23036,"href":"https:\/\/www.cgjung.net\/espace\/wp-json\/wp\/v2\/pages\/16919\/revisions\/23036"}],"up":[{"embeddable":true,"href":"https:\/\/www.cgjung.net\/espace\/wp-json\/wp\/v2\/pages\/16252"}],"wp:attachment":[{"href":"https:\/\/www.cgjung.net\/espace\/wp-json\/wp\/v2\/media?parent=16919"}],"curies":[{"name":"wp","href":"https:\/\/api.w.org\/{rel}","templated":true}]}}