{"id":16848,"date":"2021-06-21T06:32:04","date_gmt":"2021-06-21T04:32:04","guid":{"rendered":"https:\/\/www.cgjung.net\/espace\/?page_id=16848"},"modified":"2024-10-07T07:31:49","modified_gmt":"2024-10-07T05:31:49","slug":"dissidence-en-psychanalyse","status":"publish","type":"page","link":"https:\/\/www.cgjung.net\/espace\/ressources\/dissidence-en-psychanalyse\/","title":{"rendered":"Dissidence en psychanalyse"},"content":{"rendered":"<p><strong>Quelle place pour les femmes et le f\u00e9minin ? Isabelle Mons, Violaine Gelly et Marie-Laure de Cazotte explorent ce th\u00e8me \u00e0 partir de figures incontournables de la psychanalyse naissante : Emma Jung, Antonia Wolff, Eug\u00e9nie Sokolnicka, Sabina Spielrein et Otto Gross.<\/strong><\/p>\n<p><img loading=\"lazy\" decoding=\"async\" class=\"size-full wp-image-16852 aligncenter\" src=\"https:\/\/www.cgjung.net\/espace\/wp-content\/uploads\/2021\/06\/dissidence-en-psychanalyse.png\" alt=\"\" width=\"280\" height=\"392\" srcset=\"https:\/\/www.cgjung.net\/espace\/wp-content\/uploads\/2021\/06\/dissidence-en-psychanalyse.png 280w, https:\/\/www.cgjung.net\/espace\/wp-content\/uploads\/2021\/06\/dissidence-en-psychanalyse-214x300.png 214w\" sizes=\"auto, (max-width: 280px) 100vw, 280px\" \/><\/p>\n<p style=\"text-align: center;\"><a href=\"https:\/\/cgjungfrance.com\/2021\/06\/publications-de-la-sfpa-n2\/\" target=\"_blank\" rel=\"noopener noreferrer\">Les commander aupr\u00e8s des Publications de la SFPA<\/a><\/p>\n<p style=\"text-align: center;\">Num\u00e9ro 2 &#8211; 15,5 cm x 22 cm x 0,6 cm &#8211; 56 pages<\/p>\n<h2>Table des mati\u00e8res<\/h2>\n<p>Pr\u00e9sentation de la journ\u00e9e et des intervenants<\/p>\n<p>De Z\u00fcrich \u00e0 Paris, les passeuses d&rsquo;une m\u00e9moire psychanalytique : Emma Jung, Antonia Wolff, Eug\u00e9nie Sokolnicka.<br \/>\n<em>Isabelle Mons<\/em><\/p>\n<p>Sabina Spielrein, au-del\u00e0 de Freud et Jung<br \/>\n<em>Violaine Gelly<\/em><\/p>\n<p>Otto Gross et le f\u00e9minin<br \/>\n<em>Marie-Laure de Cazotte<\/em><\/p>\n<h2>Pr\u00e9sentation des intervenantes<\/h2>\n<p><strong>Isabelle Mons<\/strong> est enseignante certifi\u00e9e \u00e0 l&rsquo;universit\u00e9 Sorbonne Paris Nord. Ses ouvrages biographiques sur les femmes psychanalystes et r\u00e9sistantes ont particip\u00e9 \u00e0 la recherche sur les rapports entretenus par la litt\u00e9rature avec l&rsquo;histoire et les sciences humaines.<\/p>\n<p><strong>Violaine Gelly<\/strong> est journaliste, psychoth\u00e9rapeute et auteure. Son livre <em>La vie d\u00e9rob\u00e9e de Sabina Spielrein<\/em> a \u00e9t\u00e9 publi\u00e9 chez Fayard en 2018.<\/p>\n<p><strong>Marie-Laure de Cazotte<\/strong> est historienne de l&rsquo;art et \u00e9crivaine partageant sa vie entre l&rsquo;Anjou et Paris. Son troisi\u00e8me roman <em>Mon nom est Otto Gross<\/em>, a \u00e9t\u00e9 publi\u00e9 par Albin Michel en 2018.<\/p>\n<h2>Les publications de la SFPA<\/h2>\n<p><em>(Pr\u00e9sent\u00e9es sur le site EFJ)<\/em><\/p>\n<p><strong>Ouvrage<\/strong><\/p>\n<ul>\n<li><a href=\"https:\/\/www.cgjung.net\/espace\/ressources\/supervision\/\">Superviser et \u00eatre supervis\u00e9<\/a><\/li>\n<\/ul>\n<p><strong>Actes des colloques<\/strong><\/p>\n<ul>\n<li><a href=\"https:\/\/www.cgjung.net\/espace\/ressources\/jung-alchimie-temps\/\">1 &#8211; Jung et l\u2019alchimie du temps<\/a> (16 novembre 2019)<\/li>\n<li><a href=\"https:\/\/www.cgjung.net\/espace\/ressources\/dissidence-en-psychanalyse\/\">2 &#8211; Dissidence en psychanalyse<\/a> (3 octobre 2020)<\/li>\n<li><a href=\"https:\/\/www.cgjung.net\/espace\/ressources\/technologies-inconscient\/\">3 &#8211; Technologies et inconscient<\/a> (10 avril 2021)<\/li>\n<li><a href=\"https:\/\/www.cgjung.net\/espace\/ressources\/couleurs-alchimiques\/\">4 &#8211; Couleurs alchimiques \u2013 La vie en jaune<\/a> (9 octobre 2021)<\/li>\n<li><a href=\"https:\/\/www.cgjung.net\/espace\/ressources\/feminin-psyche\/\">5 &#8211; Jung et l\u2019\u0153uvre du f\u00e9minin dans la psych\u00e9<\/a> (19 novembre 2022)<\/li>\n<li><a href=\"https:\/\/www.cgjung.net\/espace\/ressources\/psychiatrie-psychanalyse\/\">6 &#8211; L&rsquo;approche jungienne \u00e0 la crois\u00e9e de la psychiatrie et de la psychanalyse<\/a> (9 avril 2022)<\/li>\n<li><a href=\"https:\/\/www.cgjung.net\/espace\/ressources\/sfpa-no7\/\">7 &#8211; Qu\u2019est ce que l\u2019on se raconte comme histoire ?<\/a>&nbsp; (13 mai 2023)<\/li>\n<li><a href=\"https:\/\/www.cgjung.net\/espace\/ressources\/couleurs-alchimiques-rouge\/\">8 &#8211; Couleurs alchimiques. La vie en rouge<\/a> (2 d\u00e9cembre 2023)<\/li>\n<li><a href=\"https:\/\/www.cgjung.net\/espace\/ressources\/yi-jing-individuation\/\">9 &#8211; Le Yi Jing et l&rsquo;individuation<\/a> (14 d\u00e9cembre 2024)<\/li>\n<li><a href=\"https:\/\/www.cgjung.net\/espace\/ressources\/desir-et-plaisir\/\">10 &#8211; D\u00e9sir et plaisir<\/a> (24 mai 2025)<\/li>\n<\/ul>\n\n","protected":false},"excerpt":{"rendered":"<p>Quelle place pour les femmes et le f\u00e9minin ? Isabelle Mons, Violaine Gelly et Marie-Laure de Cazotte explorent ce th\u00e8me \u00e0 partir de figures incontournables de la psychanalyse naissante : Emma Jung, Antonia Wolff, Eug\u00e9nie Sokolnicka, Sabina Spielrein et Otto Gross. Les commander aupr\u00e8s des Publications de la SFPA Num\u00e9ro 2 &#8211; 15,5 cm x [&hellip;]<\/p>\n","protected":false},"author":1,"featured_media":0,"parent":9713,"menu_order":13,"comment_status":"closed","ping_status":"closed","template":"","meta":{"footnotes":""},"class_list":["post-16848","page","type-page","status-publish","hentry"],"_links":{"self":[{"href":"https:\/\/www.cgjung.net\/espace\/wp-json\/wp\/v2\/pages\/16848","targetHints":{"allow":["GET"]}}],"collection":[{"href":"https:\/\/www.cgjung.net\/espace\/wp-json\/wp\/v2\/pages"}],"about":[{"href":"https:\/\/www.cgjung.net\/espace\/wp-json\/wp\/v2\/types\/page"}],"author":[{"embeddable":true,"href":"https:\/\/www.cgjung.net\/espace\/wp-json\/wp\/v2\/users\/1"}],"replies":[{"embeddable":true,"href":"https:\/\/www.cgjung.net\/espace\/wp-json\/wp\/v2\/comments?post=16848"}],"version-history":[{"count":5,"href":"https:\/\/www.cgjung.net\/espace\/wp-json\/wp\/v2\/pages\/16848\/revisions"}],"predecessor-version":[{"id":26881,"href":"https:\/\/www.cgjung.net\/espace\/wp-json\/wp\/v2\/pages\/16848\/revisions\/26881"}],"up":[{"embeddable":true,"href":"https:\/\/www.cgjung.net\/espace\/wp-json\/wp\/v2\/pages\/9713"}],"wp:attachment":[{"href":"https:\/\/www.cgjung.net\/espace\/wp-json\/wp\/v2\/media?parent=16848"}],"curies":[{"name":"wp","href":"https:\/\/api.w.org\/{rel}","templated":true}]}}