{"id":16675,"date":"2023-04-26T09:03:38","date_gmt":"2023-04-26T07:03:38","guid":{"rendered":"https:\/\/www.cgjung.net\/espace\/?page_id=16675"},"modified":"2023-04-26T09:03:38","modified_gmt":"2023-04-26T07:03:38","slug":"jung-liberte-expression","status":"publish","type":"page","link":"https:\/\/www.cgjung.net\/espace\/accueil\/breves-efj\/jung-liberte-expression\/","title":{"rendered":"C.G. Jung et la libert\u00e9 d&rsquo;expression"},"content":{"rendered":"<p><strong>Quelle est la r\u00e9ponse de Jung \u00e0 la question : peut-on s\u2019exprimer plus librement quand on avance en \u00e2ge ?<\/strong><\/p>\n<p><img loading=\"lazy\" decoding=\"async\" class=\"size-full wp-image-21247 aligncenter\" src=\"https:\/\/www.cgjung.net\/espace\/wp-content\/uploads\/2023\/03\/breve-3.jpg\" alt=\"\" width=\"600\" height=\"79\" \/><\/p>\n<p style=\"text-align: justify;\">C.G. Jung est un bon exemple de ce que la vieillesse peut apporter de positif au sujet de la libert\u00e9 d&rsquo;expression. En effet, pour certains dont il a fait partie, le fait d&rsquo;avancer en \u00e2ge donne la possibilit\u00e9 d&rsquo;exprimer ses id\u00e9es sans se soucier des cons\u00e9quences sur une carri\u00e8re ou un statut social. Encore plus important, ils deviennent moins sensibles \u00e0 la critique.<\/p>\n<h2 style=\"text-align: justify;\">La dualit\u00e9 et le go\u00fbt du paradoxe de Jung<\/h2>\n<p style=\"text-align: justify;\">Jung a longtemps eu diverses r\u00e9ponses, semblant parfois se contredire, sur certains probl\u00e8mes d&rsquo;ordre psychologique ou philosophique.<\/p>\n<p style=\"text-align: justify;\">On peut proposer deux explications \u00e0 la complexit\u00e9 de son attitude : son go\u00fbt prononc\u00e9 pour le paradoxe et sa dualit\u00e9 int\u00e9rieure.<\/p>\n<p style=\"text-align: justify;\">Il y a un Jung tr\u00e8s rationnel, voulant limiter ses propos au domaine empirique, et un Jung sujet \u00e0 des \u00e9motions et des intuitions. \u00c0 partir de sa grave maladie en 1944, il approchait des soixante-dix ans, il a laiss\u00e9 plus librement cours \u00e0 son affectivit\u00e9 car l&rsquo;opinion d&rsquo;autrui lui \u00e9tait devenue parfaitement indiff\u00e9rente.<\/p>\n<h2>Jung affaibli par l&rsquo;\u00e2ge mais toujours brillant intellectuellement<\/h2>\n<p style=\"text-align: justify;\">Jung jeune \u00e9tait ce que l&rsquo;on appelle une force de la nature. Il supporta mal d&rsquo;\u00eatre diminu\u00e9 physiquement. Dans les derni\u00e8res ann\u00e9es de sa vie on observe, en particulier si on lit sa <a href=\"https:\/\/www.cgjung.net\/oeuvre\/correspondance_1958_1961.htm\"> Correspondance,<\/a> qu&rsquo;il se plaint souvent de la fatigue et des maux qu&rsquo;apportent la maladie et la vieillesse. Cependant, cela n&rsquo;affecte en rien ses capacit\u00e9s intellectuelles et surtout il n&rsquo;h\u00e9site plus \u00e0 dire ce qu&rsquo;il pense, m\u00eame si cela doit choquer ses lecteurs.<\/p>\n<p style=\"text-align: justify;\">Il consid\u00e8re comme un \u00ab\u00a0devoir \u00e9thique\u00a0\u00bb <strong>de dire ce qu&rsquo;il pense et ressent, m\u00eame si ce n&rsquo;est pas v\u00e9rifiable scientifiquement.<\/strong> Il a m\u00eame d\u00e9cid\u00e9 d&rsquo;aborder franchement le domaine religieux, ce qui n&rsquo;est pas ais\u00e9 pour un m\u00e9decin. Dans son ouvrage tellement controvers\u00e9 <a href=\"https:\/\/www.cgjung.net\/oeuvre\/reponse_a_job.htm\">R\u00e9ponse \u00e0 Job<\/a>, publi\u00e9 en 1952, il \u00e9crit :<\/p>\n<blockquote>\n<p style=\"text-align: justify;\">\u00ab\u00a0Ce n&rsquo;est pas sans raison que j&rsquo;ai attendu l&rsquo;\u00e2ge de soixante-seize ans avant d&rsquo;oser me rendre r\u00e9ellement compte de la nature de ces \u00ab\u00a0repr\u00e9sentations sup\u00e9rieures\u00a0\u00bb qui d\u00e9cident de notre comportement \u00e9thique et sont d&rsquo;une importance infinie dans notre vie pratique.\u00a0\u00bb P.202<span style=\"color: #ff0000;\"><br \/>\n<\/span><\/p>\n<\/blockquote>\n<p style=\"text-align: justify;\">Il avait conscience de la temp\u00eate que d\u00e9clencherait un livre o\u00f9 il est dit que les contraires sont contenus en Dieu, que l&rsquo;on ne peut pas n\u00e9gliger sa face obscure, et, chose encore plus sulfureuse, que l&rsquo;\u00e9l\u00e9ment f\u00e9minin manque \u00e0 la totalit\u00e9 divine ! Et pourtant il n&rsquo;a pas h\u00e9sit\u00e9 et a \u00e9t\u00e9 bombard\u00e9 de critiques &#8230; auxquelles il a r\u00e9pondu avec virulence &#8230;<\/p>\n<p style=\"text-align: justify;\">Pratiquement jusqu&rsquo;\u00e0 la fin de sa vie Jung a lu, \u00e9crit des lettres en allemand, en anglais, en fran\u00e7ais et n&rsquo;a pas h\u00e9sit\u00e9 \u00e0 exprimer sans d\u00e9tour son avis personnel.<\/p>\n<p style=\"text-align: justify;\"><strong>L&rsquo;exemple de Jung est une consolation pour tous ceux dont le corps est us\u00e9 par le temps mais l&rsquo;esprit encore vif. Ils sont libres dans leur t\u00eate et dans leurs propos.<\/strong><\/p>\n<p style=\"text-align: right;\"><a href=\"https:\/\/www.cgjung.net\/espace\/accueil\/ariane-callot\/\">Ariane Callot<\/a>, avril 2023<\/p>\n<p><img loading=\"lazy\" decoding=\"async\" class=\"wp-image-98 size-medium aligncenter\" src=\"https:\/\/www.cgjung.net\/espace\/wp-content\/uploads\/2014\/08\/cul-de-lampe-1-300x112.png\" alt=\"\" width=\"300\" height=\"112\" srcset=\"https:\/\/www.cgjung.net\/espace\/wp-content\/uploads\/2014\/08\/cul-de-lampe-1-300x112.png 300w, https:\/\/www.cgjung.net\/espace\/wp-content\/uploads\/2014\/08\/cul-de-lampe-1.png 650w\" sizes=\"auto, (max-width: 300px) 100vw, 300px\" \/><\/p>\n<h2>Br\u00e8ves et coups de c\u0153ur<\/h2>\n<ul>\n<li><a href=\"https:\/\/www.cgjung.net\/espace\/accueil\/breves-efj\/paranoia-folie-lucide\/\">Parano\u00efa ou la folie lucide<\/a><\/li>\n<li><a href=\"https:\/\/www.cgjung.net\/espace\/accueil\/breves-efj\/les-voix-du-reve\/\">Les voix du r\u00eave<\/a><\/li>\n<li><a href=\"https:\/\/www.cgjung.net\/espace\/accueil\/breves-efj\/processus-individuation\/\">Un processus d\u2019individuation \u00e0 \u00e9couter et \u00e0 voir<\/a><\/li>\n<li><a href=\"https:\/\/www.cgjung.net\/espace\/accueil\/breves-efj\/feminin-psyche\/\">Le f\u00e9minin \u00e0 l\u2019\u0153uvre dans la psych\u00e9<\/a><\/li>\n<li><a href=\"https:\/\/www.cgjung.net\/espace\/accueil\/breves-efj\/tres-vieil-homme-en-nous\/\">C.G. Jung et le tr\u00e8s Vieil Homme en nous<\/a><\/li>\n<li><a href=\"https:\/\/www.cgjung.net\/espace\/accueil\/breves-efj\/violence-alchimie\/\">Jung et la symbolique de la violence en alchimie<\/a><\/li>\n<li><a href=\"https:\/\/www.cgjung.net\/espace\/accueil\/breves-efj\/jung-liberte-expression\/\">C.G. Jung et la libert\u00e9 d\u2019expression<\/a><\/li>\n<li><a href=\"https:\/\/www.cgjung.net\/espace\/accueil\/breves-efj\/jung-phobies\/\">Que pense Jung des phobies et de leur traitement ?<\/a><\/li>\n<li><a href=\"https:\/\/www.cgjung.net\/espace\/accueil\/breves-efj\/hallucinations-alchimistes\/\">Les hallucinations des alchimistes<\/a><\/li>\n<li><a href=\"https:\/\/www.cgjung.net\/espace\/accueil\/textes\/vie-et-mort-selon-jung\/\">La vie et la mort selon Carl Gustav Jung<\/a><\/li>\n<\/ul>\n\n","protected":false},"excerpt":{"rendered":"<p>Quelle est la r\u00e9ponse de Jung \u00e0 la question : peut-on s\u2019exprimer plus librement quand on avance en \u00e2ge ? C.G. Jung est un bon exemple de ce que la vieillesse peut apporter de positif au sujet de la libert\u00e9 d&rsquo;expression. En effet, pour certains dont il a fait partie, le fait d&rsquo;avancer en \u00e2ge [&hellip;]<\/p>\n","protected":false},"author":1,"featured_media":0,"parent":21160,"menu_order":0,"comment_status":"closed","ping_status":"closed","template":"","meta":{"footnotes":""},"class_list":["post-16675","page","type-page","status-publish","hentry"],"_links":{"self":[{"href":"https:\/\/www.cgjung.net\/espace\/wp-json\/wp\/v2\/pages\/16675","targetHints":{"allow":["GET"]}}],"collection":[{"href":"https:\/\/www.cgjung.net\/espace\/wp-json\/wp\/v2\/pages"}],"about":[{"href":"https:\/\/www.cgjung.net\/espace\/wp-json\/wp\/v2\/types\/page"}],"author":[{"embeddable":true,"href":"https:\/\/www.cgjung.net\/espace\/wp-json\/wp\/v2\/users\/1"}],"replies":[{"embeddable":true,"href":"https:\/\/www.cgjung.net\/espace\/wp-json\/wp\/v2\/comments?post=16675"}],"version-history":[{"count":72,"href":"https:\/\/www.cgjung.net\/espace\/wp-json\/wp\/v2\/pages\/16675\/revisions"}],"predecessor-version":[{"id":21477,"href":"https:\/\/www.cgjung.net\/espace\/wp-json\/wp\/v2\/pages\/16675\/revisions\/21477"}],"up":[{"embeddable":true,"href":"https:\/\/www.cgjung.net\/espace\/wp-json\/wp\/v2\/pages\/21160"}],"wp:attachment":[{"href":"https:\/\/www.cgjung.net\/espace\/wp-json\/wp\/v2\/media?parent=16675"}],"curies":[{"name":"wp","href":"https:\/\/api.w.org\/{rel}","templated":true}]}}