{"id":16671,"date":"2022-08-01T20:57:46","date_gmt":"2022-08-01T18:57:46","guid":{"rendered":"https:\/\/www.cgjung.net\/espace\/?page_id=16671"},"modified":"2023-12-23T11:43:43","modified_gmt":"2023-12-23T10:43:43","slug":"cahier-de-vacances-efj-les-symboles","status":"publish","type":"page","link":"https:\/\/www.cgjung.net\/espace\/accueil\/cahier-de-vacances-efj-les-symboles\/","title":{"rendered":"Cahier de vacances EFJ : les symboles"},"content":{"rendered":"<p style=\"text-align: justify;\"><strong>Ce deuxi\u00e8me num\u00e9ro des \u00ab Cahiers de vacances \u00bb est consacr\u00e9 aux symboles. D\u00e9couvrons la richesse et l&rsquo;importance de ceux-ci, ils sont au c\u0153ur de nos vies.<\/strong><\/p>\n<p style=\"text-align: justify;\"><img loading=\"lazy\" decoding=\"async\" class=\"size-full wp-image-19531 aligncenter\" src=\"https:\/\/www.cgjung.net\/espace\/wp-content\/uploads\/2022\/07\/2022-cahiers-de-vacances-le-symbole.jpg\" alt=\"\" width=\"600\" height=\"405\" \/><\/p>\n<h2 style=\"text-align: justify;\">Au sujet des cahiers<\/h2>\n<p style=\"text-align: justify;\">Ces cahiers de vacances sont destin\u00e9s&nbsp;:<\/p>\n<ul style=\"text-align: justify;\">\n<li>\u00c0 ceux qui suivent EFJ pour qu\u2019ils puissent faire des \u00ab&nbsp;r\u00e9visions&nbsp;\u00bb, c\u2019est \u00e0 dire retrouver des textes qui les avaient int\u00e9ress\u00e9s ou en d\u00e9couvrir d\u2019autres sans avoir \u00e0 \u00ab&nbsp;fouiller&nbsp;\u00bb sur tout le site.<\/li>\n<li>\u00c0 ceux qui d\u00e9couvrent EFJ pour les guider dans leur cheminement sur le site.<\/li>\n<\/ul>\n<p style=\"text-align: justify;\"><em>Les cahiers comporteront diff\u00e9rents th\u00e8mes auxquels Jung et l\u2019\u00e9quipe de EFJ se sont particuli\u00e8rement int\u00e9ress\u00e9s.<\/em><\/p>\n<p style=\"text-align: justify;\">&nbsp;<\/p>\n<h1 style=\"text-align: center;\">LES SYMBOLES<\/h1>\n<p style=\"text-align: justify;\">VOUS VOULEZ LIRE DES ARTICLES OU DES ENTRETIENS CONSACR\u00c9S AUX SYMBOLES ?<\/p>\n<p style=\"text-align: justify;\">Ces articles concernent aussi <strong>les mandalas <\/strong>qui sont, en particulier pour Jung, des manifestations tr\u00e8s repr\u00e9sentatives du symbole.<\/p>\n<p style=\"text-align: justify;\">&nbsp;<\/p>\n<p style=\"text-align: justify;\"><a href=\"https:\/\/www.cgjung.net\/espace\/cg-jung\/mandalas-symboles\/\">C.G. Jung mandalas et symboles<\/a><\/p>\n<p style=\"text-align: justify;\">L\u2019inconscient produit des symboles. Que disait Jung \u00e0 ce sujet ?<\/p>\n<p style=\"text-align: justify;\">Le plus important est la diff\u00e9rence qu&rsquo;il fait entre un symbole vivant et un symbole mort.<\/p>\n<p style=\"text-align: justify;\"><strong>Le symbole vivant <\/strong>est la meilleure expression possible d&rsquo;un fait avec un petit quelque chose de plus qui \u00e9chappe \u00e0 la connaissance du moment. C&rsquo;est un<strong> symbole ouvert<\/strong>.<\/p>\n<p style=\"text-align: justify;\"><strong>Le symbole mort<\/strong> n&rsquo;a plus qu&rsquo;une valeur historique car son sens est tr\u00e8s clair, tout est dit \u00e0 son sujet. C&rsquo;est un <strong>symbole ferm\u00e9<\/strong>.<\/p>\n<p style=\"text-align: justify;\">Les controverses au sujet d&rsquo;un symbole t\u00e9moignent de sa vitalit\u00e9.<\/p>\n<p style=\"text-align: justify;\">Un bon exemple est la diff\u00e9rence entre <strong>le mandala qui r\u00e9p\u00e8te et imite et le mandala qui est une production de l&rsquo;inconscient.<\/strong><\/p>\n<p style=\"text-align: justify;\">&nbsp;<\/p>\n<p style=\"text-align: justify;\"><a href=\"https:\/\/www.cgjung.net\/publications\/le-pouvoir-du-symbole.htm\">Le pouvoir du symbole<\/a><\/p>\n<p style=\"text-align: justify;\">Mireille Rosselet-Capt r\u00e9pond \u00e0 des questions au sujet de son livre <em>Le pouvoir du symbole.<\/em>&nbsp;Voici un abr\u00e9g\u00e9 de quelques unes de ses id\u00e9es :<\/p>\n<p style=\"padding-left: 40px; text-align: justify;\">Le symbole, consid\u00e9r\u00e9 d&rsquo;un point de vue jungien, est essentiel au moment de crises de vie impliquant une opposition de valeurs.<\/p>\n<p style=\"padding-left: 40px; text-align: justify;\">Le symbole est, h\u00e9las, devenu un jeu de r\u00e9f\u00e9rences intellectuelles.<\/p>\n<p style=\"padding-left: 40px; text-align: justify;\">Lorsqu&rsquo;un symbole percute une existence, tout est chamboul\u00e9.<\/p>\n<p style=\"padding-left: 40px; text-align: justify;\">La signification sup\u00e9rieure des mandalas qui donnent une dimension cosmique \u00e0 la vie individuelle.<\/p>\n<p style=\"padding-left: 40px; text-align: justify;\">La n\u00e9cessit\u00e9 de mener au quotidien une vie symbolique.<\/p>\n<p style=\"text-align: justify;\"><strong>\u00ab\u00a0Le libre jeu cr\u00e9atif avec les symboles permet une danse \u00e0 la fois inspirante et l\u00e9g\u00e8re avec la vie\u00a0\u00bb<\/strong><\/p>\n<p style=\"text-align: justify;\">&nbsp;<\/p>\n<p style=\"text-align: justify;\"><a href=\"https:\/\/www.cgjung.net\/espace\/accueil\/lise-villemaire\/imagination-active-symbole-etoile\/\">Imagination active et le symbole-image de l&rsquo;\u00e9toile<\/a><\/p>\n<p style=\"text-align: justify;\">Comment, en parcourant diff\u00e9rentes \u00e9tapes,<strong> entamer un dialogue int\u00e9rieur avec le contenu qui nous vient de l&rsquo;inconscient.<\/strong><\/p>\n<p style=\"text-align: justify;\">Les symboles qui surviennent sont d&rsquo;ordre collectif mais, au cours du processus d&rsquo;imagination active, chacun donne \u00e0 ces symboles une signification diff\u00e9rente.<\/p>\n<p style=\"text-align: justify;\">L&rsquo;histoire de l&rsquo;auteur avec le symbole de l&rsquo;\u00e9toile.<\/p>\n<p style=\"text-align: justify;\">L&rsquo;\u00e9toile peinte en bleu et blanc par <strong>Jung<\/strong> dans sa tour de Bollingen.<\/p>\n<p style=\"text-align: justify;\">Le symbole de l&rsquo;\u00e9toile dans l&rsquo;alchimie.<\/p>\n<p style=\"text-align: justify;\">Chacun a sa signification symbolique personnelle de l&rsquo;\u00e9toile.<\/p>\n<p style=\"text-align: justify;\">&nbsp;<\/p>\n<p style=\"text-align: justify;\"><a href=\"https:\/\/www.cgjung.net\/espace\/bernard-long-homeopathie\/\">Hom\u00e9opathie et symboles<\/a><\/p>\n<p style=\"text-align: justify;\">Parmi les nombreux articles propos\u00e9s par le docteur Bernard Long, voici trois propositions :<\/p>\n<blockquote>\n<p style=\"text-align: justify;\"><a href=\"https:\/\/www.cgjung.net\/espace\/bernard-long-homeopathie\/symptomes-symboles\/\">Sympt\u00f4mes et Symboles en hom\u00e9opathie<\/a><br \/>\nLe sympt\u00f4me hom\u00e9opathique est un sympt\u00f4me qui appartient \u00e0 la mati\u00e8re m\u00e9dicale d\u2019un rem\u00e8de. Le symbole marque un rapport analogique avec l\u2019\u00e9l\u00e9ment qu\u2019il signifie.<\/p>\n<p style=\"text-align: justify;\"><a href=\"https:\/\/www.cgjung.net\/espace\/bernard-long-homeopathie\/symbolisme-du-sel\/\">Symbolisme du sel et hom\u00e9opathie<\/a><br \/>\nL\u2019importance du sel, natrum muriaticum, dans la nature, dans l\u2019\u0153uvre alchimique de C.G. Jung et en hom\u00e9opathie.<\/p>\n<p style=\"text-align: justify;\"><a href=\"https:\/\/www.cgjung.net\/espace\/bernard-long-homeopathie\/alumine-matiere-alchimie-symbolique\/\">D\u2019alumine \u00e0 alumina : mati\u00e8re, alchimie, symbolique<\/a><br \/>\nAvec un appui sur Jung et l\u2019alchimie, est propos\u00e9 le profil symbolique et psychologique du sujet pr\u00e9sentant des sympt\u00f4mes pouvant \u00eatre soign\u00e9s par alumina.<\/p>\n<\/blockquote>\n<p style=\"text-align: justify;\">&nbsp;<\/p>\n<p style=\"text-align: justify;\"><a href=\"https:\/\/www.cgjung.net\/alchimie\/index.htm\">Le symbole dans les lettres de Rolande Bi\u00e8s<\/a><\/p>\n<p style=\"text-align: justify;\">La symbolique alchimique est au c\u0153ur des lettres de Rolande Bi\u00e8s. En voici quelques exemples :<\/p>\n<blockquote>\n<p style=\"text-align: justify;\">Le dragon est une forme de monstre qui combine le principe chtonien &#8211; ses pattes &#8211; et le principe a\u00e9rien &#8211; ses ailes. Il repr\u00e9sente un stade pr\u00e9liminaire de transformation. <a href=\"https:\/\/www.cgjung.net\/alchimie\/1993\/decembre.htm\">Lire la lettre<\/a><\/p>\n<p style=\"text-align: justify;\">La s\u00e9rie des lettres comprend les dix \u00e9tapes de \u00ab\u00a0l&rsquo;Art de domestiquer la vache\u00a0\u00bb. Au plan mat\u00e9riel, la vache est un animal, au plan symbolique, un rayon solaire, au plan spirituel, l&rsquo;illumination int\u00e9rieure. <a href=\"https:\/\/www.cgjung.net\/alchimie\/1991\/juillet.htm\">Lire la lettre<\/a><\/p>\n<p style=\"text-align: justify;\">La perle est tr\u00e9sor identique au grain de s\u00e9nev\u00e9, \u00e0 la pierre philosophale ; symbole essentiel de la f\u00e9minit\u00e9 cr\u00e9atrice. <a href=\"https:\/\/www.cgjung.net\/alchimie\/1994\/juillet.htm\">Lire la lettre<\/a><\/p>\n<p style=\"text-align: justify;\">Le miroir est aussi instrument d&rsquo;illumination, car symbole de connaissance : refl\u00e9tant la v\u00e9rit\u00e9, il la r\u00e9v\u00e8le. Il concilie ces contraires que sont l&rsquo;\u00eatre et son reflet. <a href=\"https:\/\/www.cgjung.net\/alchimie\/1994\/avril.htm\">Lire la lettre<\/a><\/p>\n<\/blockquote>\n<p style=\"text-align: justify;\">&nbsp;<\/p>\n<h2 style=\"text-align: justify;\">VOUS VOULEZ DES CITATIONS SUR LES SYMBOLES OU LES MANDALAS ?<\/h2>\n<p style=\"text-align: justify;\">En voici quelques unes :<\/p>\n<blockquote>\n<p style=\"text-align: justify;\">\u00ab\u00a0Ce que nous appelons symbole est un terme, un nom ou une image qui, m\u00eame lorsqu&rsquo;ils nous sont familiers dans la vie quotidienne, poss\u00e8dent n\u00e9anmoins des implications, qui s&rsquo;ajoutent \u00e0 leur signification conventionnelle et \u00e9vidente. Le symbole implique quelque chose de vague, d&rsquo;inconnu, ou de cach\u00e9 pour nous.\u00a0\u00bb<br \/>\n<a href=\"https:\/\/www.cgjung.net\/oeuvre\/homme_symboles.htm\">C.G. Jung &#8211; L&rsquo;homme et ses symboles<\/a> p.20<\/p>\n<p style=\"text-align: justify;\">\u00ab\u00a0Il d\u00e9pend en premier lieu de l&rsquo;attitude de la conscience qui observe que quelque chose soit un symbole ou non un symbole.\u00a0\u00bb<br \/>\n<a href=\"https:\/\/www.cgjung.net\/oeuvre\/types_psychologiques.htm\">C.G. Jung &#8211; Les types psychologiques<\/a> p.470<\/p>\n<p style=\"text-align: justify;\">\u00ab\u00a0[&#8230;] l\u2019inconscient produit un symbole naturel, que j\u2019ai d\u00e9sign\u00e9 techniquement sous le nom de mandala, auquel s\u2019attache la signification fonctionnelle d\u2019une r\u00e9conciliation des contraires, donc d\u2019une m\u00e9diation.\u00a0\u00bb<br \/>\n<a href=\"https:\/\/www.cgjung.net\/oeuvre\/psychologie_religion.htm\">C.G. Jung &#8211; Psychologie et religion<\/a> p.194<\/p>\n<p style=\"text-align: justify;\">\u00ab\u00a0Ce que la psychologie peut constater, c&rsquo;est uniquement et simplement l&rsquo;existence de symboles imag\u00e9s dont l&rsquo;interpr\u00e9tation n&rsquo;est nullement fix\u00e9e \u00e0 priori.\u00a0\u00bb<br \/>\n<a href=\"https:\/\/www.cgjung.net\/oeuvre\/aion.htm\">C.G. Jung &#8211; A\u00efon<\/a> p.213<\/p>\n<p style=\"text-align: justify;\">\u00ab\u00a0Le Soi en tant qu&rsquo;arch\u00e9type repr\u00e9sente une totalit\u00e9 numineuse qui ne peut \u00eatre exprim\u00e9e que par des symboles (le mandala, l&rsquo;arbre, etc.). C&rsquo;est une image collective, qui en tant que telle d\u00e9passe l&rsquo;individu dans le temps et dans l&rsquo;espace et n&rsquo;est donc pas expos\u00e9e \u00e0 l&rsquo;impermanence d&rsquo;un corps seul et unique.\u00a0\u00bb<br \/>\n<a href=\"https:\/\/www.cgjung.net\/oeuvre\/la_vie_symbolique.htm\">C.G. Jung &#8211; La vie Symbolique<\/a> p.153<\/p>\n<p style=\"text-align: justify;\">\u00ab\u00a0En exp\u00e9rimentant les moments symboliques de l&rsquo;existence, il nous vient une forme de satisfaction profonde, avec le sentiment que <em>cela a du sens<\/em>.\u00a0\u00bb<br \/>\n<a href=\"https:\/\/www.cgjung.net\/publications\/le-pouvoir-du-symbole.htm\">Entretien avec Mireille Rosselet-Capt<\/a><\/p>\n<\/blockquote>\n<p style=\"text-align: justify;\">&nbsp;<\/p>\n<h2 style=\"text-align: justify;\">VOUS VOUS INTERROGEZ SUR L&rsquo;IMPORTANCE DES SYMBOLES DANS LA VIE ?<\/h2>\n<p style=\"text-align: justify;\">L&rsquo;une des difficult\u00e9s rencontr\u00e9es lorsqu&rsquo;on s&rsquo;int\u00e9resse \u00e0 la vie int\u00e9rieure (fantasmes, r\u00eaves, synchronicit\u00e9s) est de mesurer l&rsquo;importance des images et leur capacit\u00e9 de transformation. Aussi tout naturellement les symboles occupent une place de choix durant nos s\u00e9minaires, <a href=\"https:\/\/www.cgjung.net\/espace\/seminaires\/que-disent-nos-reves-seminaire-en-ligne\/\">Approche jungienne des r\u00eaves<\/a>&nbsp;et <a href=\"https:\/\/www.cgjung.net\/espace\/seminaires\/psychologie-des-profondeurs-seminaire-en-ligne\/\">Psychologie des profondeurs<\/a>. Ils nous donnent l&rsquo;occasion d&rsquo;explorer et de partager une grande vari\u00e9t\u00e9 de situations v\u00e9cues.<\/p>\n<p style=\"text-align: justify;\">Les symboles enrichissent v\u00e9ritablement nos vies, d&rsquo;o\u00f9 leur importance !<\/p>\n<p style=\"text-align: justify;\">&nbsp;<\/p>\n<h2 style=\"text-align: justify;\">VOUS VOULEZ LIRE DES LIVRES O\u00d9 L&rsquo;ON PARLE DES SYMBOLES ?<\/h2>\n<p style=\"text-align: justify;\">Voici un choix tr\u00e8s subjectif et non exhaustif d&rsquo;ouvrages :<\/p>\n<p style=\"text-align: justify;\"><a href=\"https:\/\/www.cgjung.net\/oeuvre\/metamorphoses_poche.htm\">M\u00e9tamorphoses de l&rsquo;\u00e2me et ses symboles de C.G. Jung<\/a>. Jung se livre \u00e0 une vaste enqu\u00eate sur les symboles et les mythes. C&rsquo;est une de ses \u0153uvres essentielles et elle est \u00e0 l&rsquo;origine de sa rupture avec Freud.<\/p>\n<p style=\"text-align: justify;\"><a href=\"https:\/\/www.cgjung.net\/oeuvre\/exploration.htm\">Essai d\u2019exploration de l\u2019inconscient<\/a>, en livre de proche, qui reprend le texte de C.G. Jung que l&rsquo;on retrouve dans <a href=\"https:\/\/www.cgjung.net\/oeuvre\/homme_symboles.htm\">L&rsquo;homme et ses symboles<\/a> (ouvrage non r\u00e9\u00e9dit\u00e9 en 2022). Le chapitre VI traite de&nbsp;<em>L&rsquo;arch\u00e9type dans le symbolisme du r\u00eave<\/em> et le XIII <em>du r\u00f4le des symboles.<\/em><\/p>\n<p style=\"text-align: justify;\"><a href=\"https:\/\/www.cgjung.net\/mlvf\/oeuvre\/alchimie.htm\">Alchimie, une introduction au symbolisme et \u00e0 la psychologie de M.L. von Franz<\/a>. Compos\u00e9 \u00e0 partir d&rsquo;une s\u00e9rie de cours donn\u00e9s \u00e0 l&rsquo;Institut Jung de Zurich, ce livre garde le caract\u00e8re oral et spontan\u00e9. Le symbole y occupe une place de choix.<\/p>\n<p style=\"text-align: justify;\"><a href=\"https:\/\/www.cgjung.net\/publications\/le-symbolisme-des-animaux-barbara-hannah.htm\">Le symbolisme des animaux de Barbara Hannah<\/a>. L&rsquo;auteure, tr\u00e8s proche collaboratrice de Jung, explore le symbolisme des animaux et en particulier ceux du chat, du chien et du cheval.<\/p>\n<p style=\"text-align: justify;\"><a href=\"https:\/\/www.cgjung.net\/publications\/encyclopedie_des_symboles.htm\">L&rsquo;encyclop\u00e9die des symboles<\/a> sous la direction de Michel Cazenave. Il existe de multiples encyclop\u00e9dies des symboles, nous vous recommandons ce livre de poche qui vous sera tr\u00e8s utile.<\/p>\n<p style=\"text-align: justify;\"><a href=\"https:\/\/www.cgjung.net\/publications\/abc_du_symbole.htm\">L&rsquo;ABC du symbole de Carole S\u00e9dillot<\/a>. Les explications et les exemples fournis dans cet ouvrage offrent au lecteur une clef, celle-ci ouvre une multitude de portes.<\/p>\n<p style=\"text-align: justify;\"><a href=\"https:\/\/www.cgjung.net\/publications\/le-pouvoir-du-symbole.htm\">Le pouvoir du symbole de Mireille Rosselet-Capt<\/a>. Nous avons cit\u00e9 cet ouvrage dans la pr\u00e9sentation ci-dessus.<\/p>\n<p style=\"text-align: right;\">Ao\u00fbt 2022<\/p>\n<p>Voir \u00e9galement <a href=\"https:\/\/www.cgjung.net\/espace\/accueil\/cahier-de-vacances-efj-les-reves\/\">le Cahier sur Les r\u00eaves<\/a>.<\/p>\n","protected":false},"excerpt":{"rendered":"<p>Ce deuxi\u00e8me num\u00e9ro des \u00ab Cahiers de vacances \u00bb est consacr\u00e9 aux symboles. D\u00e9couvrons la richesse et l&rsquo;importance de ceux-ci, ils sont au c\u0153ur de nos vies. Au sujet des cahiers Ces cahiers de vacances sont destin\u00e9s&nbsp;: \u00c0 ceux qui suivent EFJ pour qu\u2019ils puissent faire des \u00ab&nbsp;r\u00e9visions&nbsp;\u00bb, c\u2019est \u00e0 dire retrouver des textes qui [&hellip;]<\/p>\n","protected":false},"author":1,"featured_media":0,"parent":53,"menu_order":17,"comment_status":"closed","ping_status":"closed","template":"","meta":{"footnotes":""},"class_list":["post-16671","page","type-page","status-publish","hentry"],"_links":{"self":[{"href":"https:\/\/www.cgjung.net\/espace\/wp-json\/wp\/v2\/pages\/16671","targetHints":{"allow":["GET"]}}],"collection":[{"href":"https:\/\/www.cgjung.net\/espace\/wp-json\/wp\/v2\/pages"}],"about":[{"href":"https:\/\/www.cgjung.net\/espace\/wp-json\/wp\/v2\/types\/page"}],"author":[{"embeddable":true,"href":"https:\/\/www.cgjung.net\/espace\/wp-json\/wp\/v2\/users\/1"}],"replies":[{"embeddable":true,"href":"https:\/\/www.cgjung.net\/espace\/wp-json\/wp\/v2\/comments?post=16671"}],"version-history":[{"count":82,"href":"https:\/\/www.cgjung.net\/espace\/wp-json\/wp\/v2\/pages\/16671\/revisions"}],"predecessor-version":[{"id":23312,"href":"https:\/\/www.cgjung.net\/espace\/wp-json\/wp\/v2\/pages\/16671\/revisions\/23312"}],"up":[{"embeddable":true,"href":"https:\/\/www.cgjung.net\/espace\/wp-json\/wp\/v2\/pages\/53"}],"wp:attachment":[{"href":"https:\/\/www.cgjung.net\/espace\/wp-json\/wp\/v2\/media?parent=16671"}],"curies":[{"name":"wp","href":"https:\/\/api.w.org\/{rel}","templated":true}]}}