{"id":16544,"date":"2021-05-24T11:06:57","date_gmt":"2021-05-24T09:06:57","guid":{"rendered":"https:\/\/www.cgjung.net\/espace\/?page_id=16544"},"modified":"2023-05-10T17:04:26","modified_gmt":"2023-05-10T15:04:26","slug":"jung-projections","status":"publish","type":"page","link":"https:\/\/www.cgjung.net\/espace\/accueil\/jung-projections\/","title":{"rendered":"C.G. Jung support id\u00e9al \u00e0 de multiples projections"},"content":{"rendered":"<p><strong>C.G. Jung est adul\u00e9 par certains et d\u00e9test\u00e9 par d&rsquo;autres. Ces attitudes si contrast\u00e9es sont li\u00e9es au m\u00e9canisme de la projection. L&rsquo;une des cons\u00e9quences est qu&rsquo;au final l&rsquo;\u0153uvre de Jung est mal ou peu connue et peine \u00e0 se diff\u00e9rencier de son auteur.&nbsp;<br \/>\n<\/strong><\/p>\n<h2>Carl Gustav Jung est adul\u00e9 ou d\u00e9test\u00e9<\/h2>\n<p>Pour un grand nombre de personnes, le nom de \u00ab\u00a0Jung\u00a0\u00bb n&rsquo;\u00e9voque rien, cela ne les emp\u00eache pas d&rsquo;utiliser&nbsp;r\u00e9guli\u00e8rement des vocables d\u00e9finis ou enrichis par lui comme \u00ab\u00a0complexe\u00a0\u00bb, \u00ab\u00a0introversion \/ extraversion\u00a0\u00bb, \u00ab\u00a0inconscient collectif\u00a0\u00bb, \u00ab\u00a0arch\u00e9type\u00a0\u00bb, etc. \u00ab\u00a0Freud\u00a0\u00bb est mieux identifi\u00e9 comme fondateur de la psychanalyse. \u00ab\u00a0Lacan\u00a0\u00bb est assez bien reconnu dans les milieux psy, en particulier en France.<\/p>\n<p><img loading=\"lazy\" decoding=\"async\" class=\"size-full wp-image-16705 aligncenter\" src=\"https:\/\/www.cgjung.net\/espace\/wp-content\/uploads\/2021\/06\/jung-projections.png\" alt=\"\" width=\"600\" height=\"244\" srcset=\"https:\/\/www.cgjung.net\/espace\/wp-content\/uploads\/2021\/06\/jung-projections.png 600w, https:\/\/www.cgjung.net\/espace\/wp-content\/uploads\/2021\/06\/jung-projections-300x122.png 300w\" sizes=\"auto, (max-width: 600px) 100vw, 600px\" \/><\/p>\n<p>Pour ceux qui se r\u00e9f\u00e8rent \u00e0 Jung, deux populations s&rsquo;opposent. La plus nombreuse est en admiration devant ses d\u00e9couvertes, m\u00eame si elle se montre \u00e0 l&rsquo;occasion critique. D&rsquo;autres expriment des points de vue directement hostiles et s&rsquo;attaquent le plus souvent \u00e0 la personne de Jung, de mani\u00e8re plus ou moins d\u00e9guis\u00e9e.<span style=\"color: #ff0000;\"><br \/>\n<\/span><\/p>\n<p>S&rsquo;en prendre \u00e0 une personne est le meilleur moyen de d\u00e9nigrer son travail et, par ricochet, de se mettre en valeur et de promouvoir un point de vue diff\u00e9rent.&nbsp;<\/p>\n<h2>Jung pr\u00e9voyait qu&rsquo;il serait attaqu\u00e9<\/h2>\n<p>De son vivant Jung n&rsquo;\u00e9tait pas dupe et il \u00e9voque directement l&rsquo;ombre de la psychologie analytique <a href=\"https:\/\/www.cgjung.net\/oeuvre\/cg-jung-entretiens.htm\">lors de ses entretiens en 1958<\/a> devant des \u00e9tudiants de l&rsquo;Institut qui portait son nom. Il n&rsquo;ignorait rien de tous ces m\u00e9canismes, lui qui le premier a soulign\u00e9 l&rsquo;importance de l&rsquo;ombre, tant au niveau individuel que collectif.<\/p>\n<p>La plupart de ses d\u00e9tracteurs, mais aussi une partie de ceux qui sont fid\u00e8les \u00e0 sa pens\u00e9e, s&rsquo;attachent \u00e0 la signification de chacun de ses concepts, sans obligatoirement et n\u00e9cessairement les avoir v\u00e9cus. Jung en \u00e9tait bien conscient :<\/p>\n<blockquote><p>\u00ab\u00a0Vous pouvez vous d\u00e9fendre \u00e0 coups de concepts, de mots, sans pour autant avoir n\u00e9cessairement saisi leur contenu pendant longtemps. Lorsque vous saisissez quelque chose intellectuellement, cela reste bloqu\u00e9 dans la sph\u00e8re du langage, uniquement l\u00e0, sans impr\u00e9gner l&rsquo;\u00eatre tout entier.<\/p>\n<p>En psychologie, on peut estimer avoir compris quelque chose uniquement quand on l&rsquo;a aussi v\u00e9cu ou qu&rsquo;on l&rsquo;a traduit en une action concr\u00e8te ou en une exp\u00e9rience, mais pas avant.\u00a0\u00bb<br \/>\n<a href=\"https:\/\/www.cgjung.net\/oeuvre\/cg-jung-entretiens.htm\">Entretiens<\/a>, p 122<\/p><\/blockquote>\n<p>Cette diff\u00e9rence se remarque ais\u00e9ment \u00e0 la lecture des biographies de Jung par Barbara Hannah [<a href=\"https:\/\/www.cgjung.net\/publications\/jung_sa_vie_son_oeuvre.htm\">Jung : sa vie et son \u0153uvre<\/a>] ou Marie-Louise von Franz [<a href=\"https:\/\/www.cgjung.net\/mlvf\/oeuvre\/jung.htm\">C.G. Jung, son mythe en notre temps<\/a>]. Elles ont non seulement compris l&rsquo;\u0153uvre de Jung mais ont \u00e9galement v\u00e9cu et \u00e9prouv\u00e9 ses diff\u00e9rents aspects.<\/p>\n<p>Ce n&rsquo;est pas le cas, par exemple, de Deirdre Bair [<a href=\"https:\/\/www.cgjung.net\/publications\/jung_une_biographie_deirdre_bair.htm\">Jung : une biographie<\/a>], l&rsquo;une des biographes de Jung les plus connues. Journaliste et auteure de nombreuses biographies : Ana\u00efs Nin, Simone de Beauvoir, Samuel Beckett, Al Capone, etc., elle s&rsquo;\u00e9tait sp\u00e9cialis\u00e9e dans ce domaine.<\/p>\n<p>Dans la biographie qu&rsquo;elle a consacr\u00e9e \u00e0 Jung, elle s&rsquo;est attach\u00e9e \u00e0 regrouper un grand nombre de faits et de t\u00e9moignages. Parmi ceux-ci certains sont erron\u00e9s, insuffisamment qualifi\u00e9s ou mal interpr\u00e9t\u00e9s. La port\u00e9e de son important travail est de ce fait limit\u00e9e. Plus grave, elle n&rsquo;avait pas exp\u00e9riment\u00e9 les concepts qu&rsquo;elle exposait.<\/p>\n<h2>Le r\u00f4le des projections<\/h2>\n<p>Marie-Louise von Franz rappelle comment Jung d\u00e9finissait les projections, qui peuvent \u00eatre n\u00e9gatives ou positives, provoquant le rejet ou \u00e0 l&rsquo;inverse une compl\u00e8te adh\u00e9sion \u00e0 l&rsquo;objet ext\u00e9rieur :<\/p>\n<blockquote><p>\u00ab\u00a0&#8230;Jung d\u00e9finit la projection comme une transposition inconsciente, non intentionnelle, non per\u00e7ue, d&rsquo;un \u00e9tat psychique subjectif vers le dehors, sur un objet ext\u00e9rieur. On voit quelque chose qui en r\u00e9alit\u00e9 n&rsquo;y est pas ou n&rsquo;y est que tr\u00e8s peu.<\/p>\n<p>Il arrive tr\u00e8s rarement, sinon jamais, que, dans l&rsquo;objet choisi il n&rsquo;y ait aucune trace de ce qui est projet\u00e9. Jung parle par cons\u00e9quent du crochet offert par l&rsquo;objet, servant \u00e0 celui qui projette d&rsquo;y accrocher sa projection comme on suspendrait un manteau \u00e0 une pat\u00e8re.\u00a0\u00bb<br \/>\n<a href=\"https:\/\/www.cgjung.net\/mlvf\/oeuvre\/qu-est-ce-qu-une-projection.htm\">Reflets de l&rsquo;\u00c2me<\/a>, p 15.<\/p><\/blockquote>\n<p>C&rsquo;est bien ce m\u00e9canisme, \u00e0 l&rsquo;\u0153uvre en arri\u00e8re-plan, qui permet de d\u00e9nigrer l&rsquo;apport d&rsquo;une personne, \u00e0 partir de faits isol\u00e9s, le plus souvent d\u00e9tach\u00e9s de leur contexte.<\/p>\n<p>Qui est vis\u00e9 dans ces op\u00e9rations de d\u00e9nigrement ? De mon point de vue <strong>ce n&rsquo;est pas Jung qui en est la cible<\/strong> mais sa d\u00e9couverte principale, celle d&rsquo;<strong>un inconscient collectif, autonome et agissant<\/strong>. Un inconscient qui n&rsquo;est pas seulement le r\u00e9ceptacle d&rsquo;\u00e9l\u00e9ments anciens mais \u00e9galement porteur de d\u00e9veloppements futurs ; un inconscient matrice de la conscience, ant\u00e9rieur \u00e0 celle-ci.<\/p>\n<p>Reconna\u00eetre ce fait est extr\u00eamement difficile <strong>car tr\u00e8s engageant<\/strong>. Impossible de se placer \u00ab\u00a0au centre du monde\u00a0\u00bb. Nous devons reconna\u00eetre \u00ab\u00a0que nous ne sommes pas seuls dans la maison\u00a0\u00bb !<\/p>\n<p>Toute la difficult\u00e9 est de conjuguer l&rsquo;efficacit\u00e9 et la n\u00e9cessit\u00e9 d&rsquo;un Moi bien constitu\u00e9 et structur\u00e9 en lien avec un Autre, quelque soit le nom qu&rsquo;on lui donne, avec lequel il faut d\u00e9sormais compter. Chemin difficile s&rsquo;il en est un, et dont l&rsquo;acc\u00e8s est le plus souvent mal indiqu\u00e9.<\/p>\n<h2>Jung et son \u0153uvre<\/h2>\n<p>Le plus frappant dans les sciences humaines c&rsquo;est que l&rsquo;on s&rsquo;attache \u00e0 la personne qui est \u00e0 l&rsquo;origine de tel ou tel courant de pens\u00e9e, comme c&rsquo;est le cas en mati\u00e8re de philosophie ou de psychologie.<\/p>\n<p>Pour les sciences en g\u00e9n\u00e9ral, math\u00e9matiques, biologie, physique, informatique, etc., c&rsquo;est l&rsquo;inverse qui se produit. On privil\u00e9gie l&rsquo;objet \u00e9tudi\u00e9 et assez rapidement un consensus est \u00e9tabli, quitte \u00e0 laisser dans l&rsquo;ombre les personnes qui ont contribu\u00e9 \u00e0 chacune des d\u00e9couvertes.<\/p>\n<p>A titre d&rsquo;exemple, dans le domaine de l&rsquo;\u00e9lectricit\u00e9, on s&rsquo;accorde depuis bien longtemps autour des concepts de courant \u00e9lectrique, de tension, de puissance, d&rsquo;\u00e9lectromagn\u00e9tisme. Rares sont les personnes qui connaissent la vie et l&rsquo;\u0153uvre d&rsquo;Andr\u00e9-Marie Amp\u00e8re, Alessandro Volta, James Watt ou James Maxwell pour ne citer qu&rsquo;eux.<\/p>\n<p>A l&rsquo;oppos\u00e9, il est tr\u00e8s difficile d&rsquo;aborder la psychologie sans en citer l&rsquo;un des chefs de file, que ce soit Freud, Jung, Lacan, etc. et sans utiliser la terminologie sp\u00e9cifique qui est li\u00e9e \u00e0 ses travaux.<\/p>\n<p>C.G. Jung n&rsquo;\u00e9chappe pas \u00e0 cette r\u00e8gle et il n&rsquo;est pas simple de d\u00e9m\u00ealer sa vie personnelle de ses hypoth\u00e8ses et de ses concepts.<\/p>\n<p>Il faut reconna\u00eetre qu&rsquo;en mati\u00e8re de psychologie l&rsquo;\u00e9quation personnelle du chercheur entre directement en ligne de compte, ce qui ne facilite pas l&rsquo;\u00e9mergence d&rsquo;un consensus. Jung en est le bon exemple puisque son \u0153uvre est directement li\u00e9e \u00e0 son cheminement personnel, consign\u00e9 dans les <a href=\"https:\/\/www.cgjung.net\/espace\/ressources\/cahiers-noirs\/\">Cahiers noirs<\/a> et le <a href=\"https:\/\/www.cgjung.net\/livrerouge\/\">Livre rouge<\/a>.<\/p>\n<h2>Des groupes autour de Jung<\/h2>\n<p>Des groupes autour de Jung et de son \u0153uvre se sont form\u00e9s ou se forment, ils sont compl\u00e9mentaires, parfois antagonistes.<\/p>\n<p>Leur diversit\u00e9, qui peut conduire \u00e0 de larges divergences, est li\u00e9e \u00e0 plusieurs facteurs :<\/p>\n<ul>\n<li>L&rsquo;\u00e9tendue de l&rsquo;\u0153uvre. Certains se r\u00e9clament de la clinique, d&rsquo;autres du domaine religieux, du lien mati\u00e8re \/ psych\u00e9, de l&rsquo;alchimie, de l&rsquo;\u00e9ducation, etc.<\/li>\n<li>Le type psychologique o\u00f9 l\u2019introversion domine largement donne l&rsquo;orientation g\u00e9n\u00e9rale d&rsquo;un groupe, et se trouve \u00eatre une source d&rsquo;opposition :\n<ul>\n<li>La pens\u00e9e est \u00e0 la base de la plupart des \u00e9crits de type universitaire.<\/li>\n<li>Le sentiment privil\u00e9gie l&rsquo;exp\u00e9rience, le v\u00e9cu (\u00ab\u00a0la th\u00e9orie n&rsquo;est pas importante, seule l&rsquo;exp\u00e9rience compte !\u00a0\u00bb).<\/li>\n<li>La sensation o\u00f9 le corps entre en sc\u00e8ne (art th\u00e9rapie, chant, danse, jeu de sable, etc.).<\/li>\n<li>L&rsquo;intuition qui ouvre vers des horizons nouveaux (physique quantique, neurosciences, mythologie, etc.).<\/li>\n<\/ul>\n<\/li>\n<li>La fid\u00e9lit\u00e9 \u00e0 l&rsquo;\u0153uvre du ma\u00eetre ou, au contraire, la recherche d&rsquo;une orientation diff\u00e9rente. Des contresens complets peuvent \u00e0 l&rsquo;occasion voir le jour !<\/li>\n<li>Des luttes de pouvoir o\u00f9 certains se d\u00e9clarent souverains et l\u00e9gitimes, lan\u00e7ant l&rsquo;anath\u00e8me sur tous ceux qui ne partagent pas leur avis.<\/li>\n<\/ul>\n<p>Il est facile de remarquer combien, au sein de chacun des groupes, les personnes qui le composent sont diff\u00e9rentes. Les antagonismes qui en r\u00e9sultent sont avant tout le reflet des oppositions qui nous habitent.<\/p>\n<p>Les d\u00e9couvertes jungiennes nous \u00e9clairent et montrent la complexit\u00e9 du psychisme. Les notions d&rsquo;ombre, de persona, d&rsquo;<em>anima<\/em> \/ <em>animus<\/em>, etc. s&rsquo;entrecroisent, se superposent. D&rsquo;o\u00f9 une diversit\u00e9 qui ne peut en aucun cas \u00eatre repr\u00e9sent\u00e9e par un seul groupe.<\/p>\n<h2>Une n\u00e9cessaire unit\u00e9<\/h2>\n<p>L&rsquo;individuation joue un r\u00f4le central dans la vie d&rsquo;un individu. Elle s&rsquo;acc\u00e9l\u00e8re quand le processus fait l&rsquo;objet d&rsquo;une attention particuli\u00e8re. C&rsquo;est le cas au moment des \u00e9changes avec une personne qui a elle-m\u00eame avanc\u00e9 sur ce chemin-l\u00e0. Ce guide que l&rsquo;on per\u00e7oit chez l&rsquo;autre ouvre la voie vers un guide plus int\u00e9rieur dont chacun est le porteur.<\/p>\n<p>Jung a soulign\u00e9 tout au long de son \u0153uvre combien il est important de prendre en compte la totalit\u00e9 des \u00e9l\u00e9ments qui se pr\u00e9sentent dans nos vies. Il s&rsquo;agit non seulement des \u00e9l\u00e9ments conscients, positifs et n\u00e9gatifs, mais \u00e9galement de l&rsquo;activit\u00e9 inconsciente sous-jacente.<\/p>\n<p>La vie repose sur un flux continu d&rsquo;\u00e9l\u00e9ments contraires, toujours sous tension, entra\u00eenant de forts courants. Le d\u00e9s\u00e9quilibre est permanent d\u00e8s lors qu&rsquo;un ou plusieurs \u00e9l\u00e9ments ont pris le dessus. Cependant les processus, tant au niveau physique que psychique, ne cessent de s&rsquo;autor\u00e9guler.<\/p>\n<p>Si j&rsquo;applique ces principes \u00e0 la vie des groupes jungiens, je mesure combien leur diversit\u00e9 est importante. Mais je mesure aussi combien<strong> le danger est grand de voir se disperser une pens\u00e9e coh\u00e9rente<\/strong> qui s&rsquo;\u00e9parpille alors comme les morceaux d&rsquo;un puzzle difficile \u00e0 reconstituer car compos\u00e9 de milliers de pi\u00e8ces.<\/p>\n<p>La complexit\u00e9 des ph\u00e9nom\u00e8nes psychiques, dont Jung nous a donn\u00e9 un aper\u00e7u, est telle qu&rsquo;<strong>il est vain de vouloir tout comprendre<\/strong>. Certes les recherches sont importantes, mais elles peuvent vite se transformer <strong>en un pur jeu intellectuel<\/strong>. Le plaisir de la d\u00e9couverte est tel qu&rsquo;il peut nous \u00e9loigner des n\u00e9cessit\u00e9s de la vie.<\/p>\n<p><strong>Seule une recherche appliqu\u00e9e, qui s&rsquo;accompagne de r\u00e9sultats concrets, atteindra un certain niveau d&rsquo;efficacit\u00e9 et b\u00e9n\u00e9ficiera \u00e0 un grand nombre de personnes.<\/strong><\/p>\n<p><em>Ce v\u0153u est formul\u00e9 \u00e0 l&rsquo;occasion du 60e anniversaire de la mort de Jung. L&rsquo;essaimage de la pens\u00e9e jungienne court le risque de s&rsquo;\u00e9loigner de l&rsquo;essentiel : le cheminement de l&rsquo;humain selon sa destin\u00e9e.<\/em><\/p>\n<div class=\"content\">\n<p style=\"text-align: right;\">6 Juin 2021<\/p>\n<p><a href=\"https:\/\/www.cgjung.net\/contact.htm\"><strong>Adresser un message \u00e0 Jean-Pierre Robert<\/strong><\/a><\/p>\n<p>&nbsp;<\/p>\n<h2>Jean-Pierre Robert<\/h2>\n<p>Jean-Pierre Robert, fondateur du pr\u00e9sent site, assure la mise en ligne des contenus. Il est le r\u00e9dacteur de plusieurs articles, pr\u00e9sentation d\u2019ouvrages, entretiens et assure la mise en page du site.<\/p>\n<p>Il coanime <a href=\"https:\/\/www.cgjung.net\/espace\/seminaires\/\">des s\u00e9minaires de formation<\/a> avec des membres d&rsquo;Espace Francophone Jungien.<\/p>\n<p><em>Textes publi\u00e9s :<\/em><\/p>\n<ul>\n<li><a href=\"https:\/\/www.cgjung.net\/espace\/accueil\/jprobert\/qui-agit-dans-le-monde-numerique\/\">Qui agit dans le monde num\u00e9rique ?<\/a><\/li>\n<li><a href=\"https:\/\/www.cgjung.net\/espace\/accueil\/jprobert\/influence-des-contenus-numeriques\/\">Pourquoi les contenus num\u00e9riques nous influencent-ils autant ?<\/a><\/li>\n<li><a href=\"https:\/\/www.cgjung.net\/espace\/accueil\/jprobert\/technologie-devient-un-mythe\/\">Quand la technologie devient mythe<\/a><\/li>\n<li><a href=\"https:\/\/www.cgjung.net\/espace\/accueil\/jprobert\/ia-dans-nos-vies\/\">L\u2019intelligence artificielle dans nos vies<\/a> (visioconf\u00e9rence du 14\/01\/2026)<\/li>\n<li><a href=\"https:\/\/www.cgjung.net\/espace\/accueil\/jprobert\/150-ans\/\">150 ans apr\u00e8s la naissance de Jung<\/a><\/li>\n<li><a href=\"https:\/\/www.cgjung.net\/espace\/accueil\/jprobert\/contes-de-fees\/\">Que sont r\u00e9ellement les contes de f\u00e9es ?<\/a><\/li>\n<li><a href=\"https:\/\/www.cgjung.net\/espace\/accueil\/jprobert\/ombre-mal-technologie\/\">L&rsquo;ombre et le mal<\/a> (conf\u00e9rence du 26\/01\/2025)<\/li>\n<li><a href=\"https:\/\/www.cgjung.net\/espace\/accueil\/jprobert\/sabina-spielrein-fascine\/\">Sabina Spielrein fascine !<\/a><\/li>\n<li><a href=\"https:\/\/www.cgjung.net\/espace\/accueil\/jprobert\/intelligence-artificielle\/\">L&rsquo;intelligence artificielle et la psych\u00e9<\/a><\/li>\n<li><a href=\"https:\/\/www.cgjung.net\/espace\/accueil\/jprobert\/humain-ia\/\">Le d\u00e9fi de l&rsquo;Humain face \u00e0 l&rsquo;intelligence artificielle<\/a><\/li>\n<li><a href=\"https:\/\/www.cgjung.net\/espace\/accueil\/psychologie-carl-gustav-jung\/\">La psychologie de Carl Gustav Jung expliqu\u00e9e clairement<\/a><br \/>\navec Ariane Callot<\/li>\n<li><a href=\"https:\/\/www.cgjung.net\/espace\/accueil\/jung-projections\/\">C.G. Jung support id\u00e9al \u00e0 de multiples projections<\/a><\/li>\n<li><a href=\"https:\/\/www.cgjung.net\/espace\/accueil\/carl-gustav-jung-junichiro-tanizaki\/\">Carl Gustav Jung et Junichir\u00f4 Tanizaki font l\u2019\u00e9loge de l\u2019ombre<\/a><br \/>\navec Ariane Callot<\/li>\n<li><a href=\"https:\/\/www.cgjung.net\/espace\/accueil\/persona-reseaux-sociaux\/\">La persona et les r\u00e9seaux sociaux<\/a><\/li>\n<li><a href=\"https:\/\/www.cgjung.net\/espace\/accueil\/bienfaits-introversion\/\">Les bienfaits de l\u2019introversion<\/a><\/li>\n<\/ul>\n\n<\/div>\n","protected":false},"excerpt":{"rendered":"<p>C.G. Jung est adul\u00e9 par certains et d\u00e9test\u00e9 par d&rsquo;autres. Ces attitudes si contrast\u00e9es sont li\u00e9es au m\u00e9canisme de la projection. L&rsquo;une des cons\u00e9quences est qu&rsquo;au final l&rsquo;\u0153uvre de Jung est mal ou peu connue et peine \u00e0 se diff\u00e9rencier de son auteur.&nbsp; Carl Gustav Jung est adul\u00e9 ou d\u00e9test\u00e9 Pour un grand nombre de [&hellip;]<\/p>\n","protected":false},"author":1,"featured_media":0,"parent":53,"menu_order":17,"comment_status":"closed","ping_status":"closed","template":"","meta":{"footnotes":""},"class_list":["post-16544","page","type-page","status-publish","hentry"],"_links":{"self":[{"href":"https:\/\/www.cgjung.net\/espace\/wp-json\/wp\/v2\/pages\/16544","targetHints":{"allow":["GET"]}}],"collection":[{"href":"https:\/\/www.cgjung.net\/espace\/wp-json\/wp\/v2\/pages"}],"about":[{"href":"https:\/\/www.cgjung.net\/espace\/wp-json\/wp\/v2\/types\/page"}],"author":[{"embeddable":true,"href":"https:\/\/www.cgjung.net\/espace\/wp-json\/wp\/v2\/users\/1"}],"replies":[{"embeddable":true,"href":"https:\/\/www.cgjung.net\/espace\/wp-json\/wp\/v2\/comments?post=16544"}],"version-history":[{"count":99,"href":"https:\/\/www.cgjung.net\/espace\/wp-json\/wp\/v2\/pages\/16544\/revisions"}],"predecessor-version":[{"id":21577,"href":"https:\/\/www.cgjung.net\/espace\/wp-json\/wp\/v2\/pages\/16544\/revisions\/21577"}],"up":[{"embeddable":true,"href":"https:\/\/www.cgjung.net\/espace\/wp-json\/wp\/v2\/pages\/53"}],"wp:attachment":[{"href":"https:\/\/www.cgjung.net\/espace\/wp-json\/wp\/v2\/media?parent=16544"}],"curies":[{"name":"wp","href":"https:\/\/api.w.org\/{rel}","templated":true}]}}