{"id":16494,"date":"2021-05-12T09:17:14","date_gmt":"2021-05-12T07:17:14","guid":{"rendered":"https:\/\/www.cgjung.net\/espace\/?page_id=16494"},"modified":"2023-11-10T18:02:31","modified_gmt":"2023-11-10T17:02:31","slug":"maitian-et-wim","status":"publish","type":"page","link":"https:\/\/www.cgjung.net\/espace\/ressources\/maitian-et-wim\/","title":{"rendered":"Ma\u00eftian et Wim et les trois cercles du monde"},"content":{"rendered":"<p><b class=\"chapeau\">Nous nous sommes entretenus avec Mireille Rosselet-Capt \u00e0 l&rsquo;occasion de la sortie de son ouvrage : Le pouvoir du Symbole, Synchronicit\u00e9s, arch\u00e9types et mandalas selon l\u2019approche jungienne. Voici, sous forme de roman, le r\u00e9cit d&rsquo;une qu\u00eate qui nous fait vivre de multiples rebondissements.<\/b><\/p>\n<p><img loading=\"lazy\" decoding=\"async\" class=\"size-full wp-image-16493 aligncenter\" src=\"https:\/\/www.cgjung.net\/espace\/wp-content\/uploads\/2021\/05\/maitian-et-wim.jpg\" alt=\"\" width=\"267\" height=\"400\" srcset=\"https:\/\/www.cgjung.net\/espace\/wp-content\/uploads\/2021\/05\/maitian-et-wim.jpg 267w, https:\/\/www.cgjung.net\/espace\/wp-content\/uploads\/2021\/05\/maitian-et-wim-200x300.jpg 200w\" sizes=\"auto, (max-width: 267px) 100vw, 267px\" \/><\/p>\n<p><a href=\"https:\/\/www.amazon.fr\/exec\/obidos\/ASIN\/B08CRYMRY7\/carlgustavjungen\" target=\"_blank\" rel=\"noopener noreferrer\"><img loading=\"lazy\" decoding=\"async\" class=\"size-full wp-image-9645 aligncenter\" src=\"https:\/\/www.cgjung.net\/espace\/wp-content\/uploads\/2019\/08\/achat-amazon-fr.png\" alt=\"\" width=\"300\" height=\"25\" \/><\/a><\/p>\n<p style=\"text-align: center;\"><span style=\"font-size: 10pt;\">\u00c9ditions Jouvence \u2013 14 x 21 x 2,7 cm \u2013 304 pages<\/span><\/p>\n<h2>Pr\u00e9sentation de l&rsquo;\u00e9diteur<\/h2>\n<p>Ma\u00eftian, la quarantaine, de sant\u00e9 fragile, part se ressourcer en Irlande dans un myst\u00e9rieux centre de formation et y rencontre Wim, la trentaine, infirmier r\u00eaveur et mal int\u00e9gr\u00e9 dans la soci\u00e9t\u00e9.<\/p>\n<p>Avec d\u2019autres participants s\u00e9lectionn\u00e9s par les dirigeants, Alec et Rima, les deux amis re\u00e7oivent un entra\u00eenement \u00e0 la <em>percipience<\/em>, une forme de perception \u00e9largie et t\u00e9l\u00e9pathique.<\/p>\n<p>Mais bient\u00f4t, ils commencent \u00e0 comprendre que le plan \u00e9labor\u00e9 par leurs \u00ab bienfaiteurs \u00bb n\u2019a rien d\u2019anodin&#8230;<\/p>\n<p>Alors que la tension augmente entre Ma\u00eftian et Alec, avec une attirance m\u00eal\u00e9e de rejet qui les surprend tous deux, Wim s\u2019\u00e9panouit et s\u2019affirme au contact des jeunes membres du groupe.<\/p>\n<p>Mais l\u2019atmosph\u00e8re est particuli\u00e8re. Secte ou \u00e9lite avanc\u00e9e ? Amour ou manipulation ?<\/p>\n<p>Plong\u00e9s dans une \u00e9pop\u00e9e fascinante aux contours myst\u00e9rieux, c\u2019est finalement en nous que s\u2019installe le doute : et si un monde en cachait finalement un autre ?<\/p>\n<p>&nbsp;<\/p>\n<h2><img decoding=\"async\" class=\"alignright\" style=\"font-size: 16px;\" src=\"https:\/\/www.cgjung.net\/publications\/images\/mireille-rosselet-capt.jpg\" \/><\/h2>\n<h2>Mireille Rosselet-Capt<\/h2>\n<p>Analyste jungienne dipl\u00f4m\u00e9e et accr\u00e9dit\u00e9e de l&rsquo;Institut C. G. Jung de Z\u00fcrich, Mireille Rosselet-Capt est titulaire d&rsquo;un double master en Lettres (1984) et en Psychologie (2006).<\/p>\n<p>Elle a pratiqu\u00e9 la profession d&rsquo;enseignante en psychologie avant de devenir psychologue-psychoth\u00e9rapeute et analyste en pratique priv\u00e9e. La transmission des fondements de la psychologie analytique \u00e0 un public \u00e9largi lui tient \u00e0 c\u0153ur.<\/p>\n<p><strong>Ouvrages<\/strong><\/p>\n<ul>\n<li><a href=\"https:\/\/www.cgjung.net\/espace\/ressources\/ouvrages-mireille-rosselet-capt\/\">Pr\u00e9sentation de ses ouvrages<\/a><\/li>\n<li><a href=\"https:\/\/www.cgjung.net\/publications\/le-pouvoir-du-symbole.htm\">Le pouvoir du symbole<\/a> (sous forme d&rsquo;entretien)<\/li>\n<\/ul>\n<p><strong>Entretien<\/strong><\/p>\n<ul>\n<li>Entretien de pr\u00e9sentation de <a href=\"https:\/\/www.cgjung.net\/espace\/ressources\/jung-protestantisme\/\">Jung et le protestantisme<\/a> de Bernard Hort.<\/li>\n<li>Pr\u00e9sentation du livre <a href=\"https:\/\/www.cgjung.net\/espace\/ressources\/jeu-de-sable-dora-kalff\/\">Le jeu de sable<\/a> de Dora M. Kalff.<\/li>\n<\/ul>\n\n","protected":false},"excerpt":{"rendered":"<p>Nous nous sommes entretenus avec Mireille Rosselet-Capt \u00e0 l&rsquo;occasion de la sortie de son ouvrage : Le pouvoir du Symbole, Synchronicit\u00e9s, arch\u00e9types et mandalas selon l\u2019approche jungienne. Voici, sous forme de roman, le r\u00e9cit d&rsquo;une qu\u00eate qui nous fait vivre de multiples rebondissements. \u00c9ditions Jouvence \u2013 14 x 21 x 2,7 cm \u2013 304 pages [&hellip;]<\/p>\n","protected":false},"author":1,"featured_media":0,"parent":9713,"menu_order":13,"comment_status":"closed","ping_status":"closed","template":"","meta":{"footnotes":""},"class_list":["post-16494","page","type-page","status-publish","hentry"],"_links":{"self":[{"href":"https:\/\/www.cgjung.net\/espace\/wp-json\/wp\/v2\/pages\/16494","targetHints":{"allow":["GET"]}}],"collection":[{"href":"https:\/\/www.cgjung.net\/espace\/wp-json\/wp\/v2\/pages"}],"about":[{"href":"https:\/\/www.cgjung.net\/espace\/wp-json\/wp\/v2\/types\/page"}],"author":[{"embeddable":true,"href":"https:\/\/www.cgjung.net\/espace\/wp-json\/wp\/v2\/users\/1"}],"replies":[{"embeddable":true,"href":"https:\/\/www.cgjung.net\/espace\/wp-json\/wp\/v2\/comments?post=16494"}],"version-history":[{"count":7,"href":"https:\/\/www.cgjung.net\/espace\/wp-json\/wp\/v2\/pages\/16494\/revisions"}],"predecessor-version":[{"id":22908,"href":"https:\/\/www.cgjung.net\/espace\/wp-json\/wp\/v2\/pages\/16494\/revisions\/22908"}],"up":[{"embeddable":true,"href":"https:\/\/www.cgjung.net\/espace\/wp-json\/wp\/v2\/pages\/9713"}],"wp:attachment":[{"href":"https:\/\/www.cgjung.net\/espace\/wp-json\/wp\/v2\/media?parent=16494"}],"curies":[{"name":"wp","href":"https:\/\/api.w.org\/{rel}","templated":true}]}}