{"id":16252,"date":"2021-04-13T06:32:11","date_gmt":"2021-04-13T04:32:11","guid":{"rendered":"https:\/\/www.cgjung.net\/espace\/?page_id=16252"},"modified":"2021-07-16T09:23:46","modified_gmt":"2021-07-16T07:23:46","slug":"jugon","status":"publish","type":"page","link":"https:\/\/www.cgjung.net\/espace\/accueil\/jugon\/","title":{"rendered":"Jean-Claude Jugon"},"content":{"rendered":"<h2><img loading=\"lazy\" decoding=\"async\" class=\"alignright size-full wp-image-16921\" src=\"https:\/\/www.cgjung.net\/espace\/wp-content\/uploads\/2021\/06\/jean-claude-jugon.jpg\" alt=\"\" width=\"120\" height=\"164\" \/>Jean-Claude Jugon<\/h2>\n<p>Jean-Claude Jugon (1951-2021) est psychologue clinicien et docteur en psychologie. Il a v\u00e9cu 26 ans au Japon. Ses travaux le conduisent, selon la vision junguienne de la psych\u00e9 humaine, \u00e0 \u00e9tudier les ressorts psychologiques profonds qui animent les Japonais mais \u00e9galement d&rsquo;autres peuples d&rsquo;orient (Chine &#8230;).<\/p>\n<p><a href=\"https:\/\/www.cgjung.net\/espace\/accueil\/jugon\/hommage-jc-jugon\/\">Cet hommage \u00e0 Jean-Claude Jugon<\/a> retrace son parcours et ses travaux de recherche.<\/p>\n<h2>Articles et documents<\/h2>\n<ul>\n<li><a href=\"https:\/\/www.cgjung.net\/espace\/accueil\/jugon\/extraversion\/\">Les diff\u00e9rentes facettes de l\u2019extraversion<\/a><\/li>\n<li><a href=\"https:\/\/www.cgjung.net\/publications\/jugon\/du-cote-du-japonais-ou-la-pensee-extravertie-revisitee.pdf\" target=\"_blank\" rel=\"noopener\">Du c\u00f4t\u00e9 du japonais ou la pens\u00e9e extravertie revisit\u00e9e<\/a> (pdf, 126 pages)<\/li>\n<li><a href=\"https:\/\/www.cgjung.net\/publications\/jugon\/index.htm\">Les quatre lacunes du MBTI<\/a><\/li>\n<li><a href=\"https:\/\/www.cgjung.net\/publications\/jugon\/sens-structure-psyche.htm\">Sens et structure fondent la psych\u00e9 collective humaine<\/a><\/li>\n<li><a href=\"https:\/\/www.cgjung.net\/publications\/jugon\/isomorphisme-matiere-psyche.htm\">De l\u2019isomorphisme mati\u00e8re-psych\u00e9<\/a><\/li>\n<li><a href=\"https:\/\/www.cgjung.net\/publications\/jugon\/atemporalite-intemporalite.htm\">De l&rsquo;Atemporalit\u00e9 \u00e0 l&rsquo;Intemporalit\u00e9<\/a><\/li>\n<li><a href=\"https:\/\/www.cgjung.net\/publications\/jugon\/psychose-bipolaire.htm\">De l\u2019\u00e9nantiodromie dans la psychose bipolaire (PMD)<\/a><\/li>\n<li><a href=\"https:\/\/www.cgjung.net\/publications\/jugon\/le-langage-structure-comme-l-inconscient.htm\">Le langage est structur\u00e9 comme l&rsquo;inconscient<\/a><\/li>\n<li><a href=\"https:\/\/www.cgjung.net\/publications\/jugon\/fonctionnement_psyche_selon_cg_jung.pdf\" target=\"_blank\" rel=\"noopener\">Comment fonctionne la psych\u00e9 selon la psychologie de C.G. Jung<\/a>&nbsp;(pdf, 13 pages)<\/li>\n<li><a href=\"https:\/\/www.cgjung.net\/publications\/ame-japonaise.pdf\" target=\"_blank\" rel=\"noopener\">Le dialogue du sentiment et de la pens\u00e9e dans l&rsquo;\u00e2me japonaise<\/a> (pdf, 70 pages)<\/li>\n<\/ul>\n<h2>Ouvrages de Jean-Claude Jugon<\/h2>\n<ul>\n<li><a href=\"https:\/\/www.cgjung.net\/publications\/ame-japonaise.htm\">L&rsquo;\u00e2me japonaise<\/a><\/li>\n<li><a href=\"https:\/\/www.amazon.fr\/exec\/obidos\/ASIN\/B01E5YN4KY\/carlgustavjungen\" target=\"_blank\" rel=\"noopener\">Phobies sociales au Japon : timidit\u00e9 et angoisse de l&rsquo;autre<\/a><\/li>\n<li><a href=\"https:\/\/www.amazon.fr\/exec\/obidos\/ASIN\/2747524558\/carlgustavjungen\" target=\"_blank\" rel=\"noopener\">Petite enfance et maternit\u00e9 au Japon<\/a><\/li>\n<\/ul>\n\n","protected":false},"excerpt":{"rendered":"","protected":false},"author":1,"featured_media":0,"parent":53,"menu_order":17,"comment_status":"closed","ping_status":"closed","template":"","meta":{"footnotes":""},"class_list":["post-16252","page","type-page","status-publish","hentry"],"_links":{"self":[{"href":"https:\/\/www.cgjung.net\/espace\/wp-json\/wp\/v2\/pages\/16252","targetHints":{"allow":["GET"]}}],"collection":[{"href":"https:\/\/www.cgjung.net\/espace\/wp-json\/wp\/v2\/pages"}],"about":[{"href":"https:\/\/www.cgjung.net\/espace\/wp-json\/wp\/v2\/types\/page"}],"author":[{"embeddable":true,"href":"https:\/\/www.cgjung.net\/espace\/wp-json\/wp\/v2\/users\/1"}],"replies":[{"embeddable":true,"href":"https:\/\/www.cgjung.net\/espace\/wp-json\/wp\/v2\/comments?post=16252"}],"version-history":[{"count":13,"href":"https:\/\/www.cgjung.net\/espace\/wp-json\/wp\/v2\/pages\/16252\/revisions"}],"predecessor-version":[{"id":17259,"href":"https:\/\/www.cgjung.net\/espace\/wp-json\/wp\/v2\/pages\/16252\/revisions\/17259"}],"up":[{"embeddable":true,"href":"https:\/\/www.cgjung.net\/espace\/wp-json\/wp\/v2\/pages\/53"}],"wp:attachment":[{"href":"https:\/\/www.cgjung.net\/espace\/wp-json\/wp\/v2\/media?parent=16252"}],"curies":[{"name":"wp","href":"https:\/\/api.w.org\/{rel}","templated":true}]}}