{"id":15744,"date":"2021-02-27T07:54:25","date_gmt":"2021-02-27T06:54:25","guid":{"rendered":"https:\/\/www.cgjung.net\/espace\/?page_id=15744"},"modified":"2021-03-16T04:24:15","modified_gmt":"2021-03-16T03:24:15","slug":"perversion-narcissique-couples-et-enfants","status":"publish","type":"page","link":"https:\/\/www.cgjung.net\/espace\/accueil\/michel-cautaerts\/perversion-narcissique-couples-et-enfants\/","title":{"rendered":"La perversion narcissique : couples et enfants"},"content":{"rendered":"<p><strong>Les couples peuvent \u00eatre le th\u00e9\u00e2tre de comportements v\u00e9ritablement destructeurs d\u00e8s lors que l&rsquo;un de ses membres exerce une perversion de type narcissique. Leurs enfants sont le plus souvent pris en otage et ont les plus grandes difficult\u00e9s \u00e0 conqu\u00e9rir une relative ind\u00e9pendance.&nbsp;<\/strong><\/p>\n<p><img loading=\"lazy\" decoding=\"async\" class=\"size-full wp-image-15769 aligncenter\" src=\"https:\/\/www.cgjung.net\/espace\/wp-content\/uploads\/2021\/02\/Perversion-narcissique-couples-et-enfants.png\" alt=\"\" width=\"573\" height=\"141\" srcset=\"https:\/\/www.cgjung.net\/espace\/wp-content\/uploads\/2021\/02\/Perversion-narcissique-couples-et-enfants.png 573w, https:\/\/www.cgjung.net\/espace\/wp-content\/uploads\/2021\/02\/Perversion-narcissique-couples-et-enfants-300x74.png 300w\" sizes=\"auto, (max-width: 573px) 100vw, 573px\" \/><\/p>\n<p>La plupart des couples aux prises avec la perversion narcissique se composent d&rsquo;un partenaire normal et d&rsquo;un pervers.<\/p>\n<h2>L&#8217;emprise dans le couple<\/h2>\n<p>Le public se montre surpris qu&rsquo;une femme reste des dizaines d\u2019ann\u00e9es sous l\u2019emprise ali\u00e9nante d\u2019un mari brutal qu\u2019elle a pourtant souvent envisag\u00e9 de quitter, sans toutefois y parvenir, d&rsquo;autant que cette situation cr\u00e9e des effets catastrophiques sur les enfants.<\/p>\n<p>Prise dans une relation psychique ali\u00e9nante, cette victime ne parvient pas \u00e0 d\u00e9crire clairement sa situation lorsqu&rsquo;elle consulte. Elle vit une telle mainmise qu&rsquo;elle se trouve d\u00e9poss\u00e9d\u00e9e d\u2019elle-m\u00eame, d\u00e9nie automatiquement tout \u00e9v\u00e9nement subi et doute de mani\u00e8re pathologique de ses propres perceptions.<\/p>\n<p>Durant l&rsquo;analyse se d\u00e9couvrent des identifications \u00e0 l\u2019agresseur dans son pass\u00e9.&nbsp; La victime ne consulte que lorsqu&rsquo;un regard ext\u00e9rieur (souvent c\u2019est le regard effar\u00e9 de son enfant), rend impossible la prolongation du d\u00e9ni.<\/p>\n<h2>La victime ne parvient plus \u00e0 penser<\/h2>\n<p>Le th\u00e9rapeute est amen\u00e9 \u00e0 m\u00e9ta-communiquer afin de lui permettre de sortir du cadre paradoxal dans lequel elle est enferm\u00e9e et dont personne ne peut sortir sans l\u2019aide d\u2019un tiers. Son appareil psychique est \u00e0 ce point envahi qu\u2019elle est d\u00e9cervel\u00e9e : elle ne parvient plus \u00e0 penser.<\/p>\n<p>D&rsquo;ailleurs, elle acte que la discussion avec son conjoint est impossible, celui-ci se lan\u00e7ant dans d\u2019interminables discours qui finissent toujours par d\u00e9montrer qu&rsquo;elle est coupable.<\/p>\n<p><strong> Des ann\u00e9es de travail analytique sont n\u00e9cessaires<\/strong> pour la&nbsp;d\u00e9gager d\u2019une imago de m\u00e8re d\u00e9pressive, p\u00e9trifi\u00e9e et pers\u00e9cutante, \u00e0 d\u00e9busquer l&rsquo;omnipotence cach\u00e9e qui consiste \u00e0 se croire capable de tout subir et \u00e0 la conduire \u00e0 admettre la r\u00e9alit\u00e9 du mal.<\/p>\n<p>Ayant enfin r\u00e9cup\u00e9r\u00e9 son lien normal \u00e0 l\u2019agressivit\u00e9, elle peut l\u2019utiliser pour se d\u00e9fendre. <strong>Il arrive que le&nbsp;partenaire cesse alors toute violence du jour au lendemain.<\/strong><\/p>\n<h2>La souffrance existe-t-elle chez le pervers narcissique ?<\/h2>\n<p>Sans doute la souffrance existe-t-elle chez le pervers mais parce qu&rsquo;il ne la per\u00e7oit pas,&nbsp;il accuse un manque \u00e9vident de tendresse et m\u00eame de simple int\u00e9r\u00eat pour l\u2019autre.<\/p>\n<p>Il manque \u00e9galement au pervers narcissique les repr\u00e9sentations symboliques et les fantasmes. Son \u00e9laboration psychique s&rsquo;av\u00e8re donc pauvre, signant sa pens\u00e9e op\u00e9ratoire.<\/p>\n<p>Il est d\u00e8s lors important de savoir que <strong>la m\u00e9diation en cas de divorce est contre-indiqu\u00e9e<\/strong> si un des partenaires du couple est un pervers narcissique.<\/p>\n<p>D&rsquo;autres couples r\u00e9unissent deux pervers narcissiques. Les fronti\u00e8res de leurs psych\u00e9s sont travers\u00e9es par leurs man\u0153uvres r\u00e9ciproques. Hurni M. et Stoll G. ont montr\u00e9 que ce type de couple survit gr\u00e2ce \u00e0 la tension intersubjective perverse, constitu\u00e9e d\u2019attaques r\u00e9ciproques du narcissisme du partenaire. <strong>Le conflit permanent, source d&rsquo;excitation, tient alors lieu de relation.<\/strong><\/p>\n<h2>Les enfants et les pervers narcissiques<\/h2>\n<p>L&rsquo;enfant d&rsquo;un couple r\u00e9unissant deux pervers narcissiques peut exister mais il ne peut pas \u00ab\u00a0\u00eatre\u00a0\u00bb car il se trouve r\u00e9duit au statut de f\u00e9tiche (objet auquel on attribue un pouvoir magique) et utilis\u00e9 par ses parents dans leur lutte incessante.<\/p>\n<p>D\u00e9-symbolisation et d\u00e9psychisation sont pr\u00e9sentes. En effet, les fantasmes organisateurs de son psychisme, fantasme de parents l&rsquo;ayant d\u00e9sir\u00e9 et fantasmes de sc\u00e8ne primitive, ont \u00e9t\u00e9 saccag\u00e9s, ouvrant la voie \u00e0 l\u2019incestuel.<\/p>\n<p>La morale, la v\u00e9rit\u00e9 et m\u00eame la vie et la mort sont prises dans une sorte de \u00ab\u00a0jeu\u00a0\u00bb m\u00ealant d\u00e9nis, mensonges et culpabilisation.<\/p>\n<h2>L&rsquo;enfant souffre de conflits de loyaut\u00e9<\/h2>\n<p>L&rsquo;enfant d&rsquo;une famille o\u00f9 s\u00e9vit un seul pervers souffre fr\u00e9quemment de conflits de loyaut\u00e9.<\/p>\n<p>Parfois, il s\u2019en tire en inhibant ses propres processus cognitifs, avec les \u00e9checs scolaires qui s\u2019en suivent, et s\u2019installe dans un statut de pseudo-d\u00e9bile ou une passivit\u00e9 qui peut passer pour une tendance schizophr\u00e9nique.<\/p>\n<p>Ce retrait constitue quelquefois son seul recours pour \u00e9chapper aux conflits du couple et il finit par s\u2019y habituer, au point de croire qu\u2019il fait partie de son identit\u00e9. Il arrive ainsi qu&rsquo;un enfant \u00e0 haut potentiel soit pris pour un cancre.<\/p>\n<h2>Des enfants en grande difficult\u00e9<\/h2>\n<p>Il arrive par ailleurs que le divorce occasionne l&rsquo;\u00e9tablissement d&rsquo;un d\u00e9ni des sentiments r\u00e9els chez l&rsquo;enfant, entra\u00een\u00e9 dans un jeu de faire-semblant exig\u00e9 par un des parents ou les deux.<\/p>\n<p>Tr\u00e8s t\u00f4t, il per\u00e7oit obscur\u00e9ment que quelque chose lui interdit de se fonder sur ses propres perceptions pour vivre et que ses d\u00e9sirs personnels ne peuvent pas \u00eatre montr\u00e9s. Il se conforme donc aux volont\u00e9s parentales, le plus souvent maternelles, qu&rsquo;il apprend rapidement \u00e0 rep\u00e9rer, m\u00eame si elles ne sont jamais exprim\u00e9es directement.<\/p>\n<p>Ce sont en effet les attitudes et les actes de la m\u00e8re qui conditionnent les conduites et les comportements du sujet, et non son discours, le plus souvent id\u00e9alisant. Une telle m\u00e8re clame qu\u2019elle aime son enfant mais, en r\u00e9alit\u00e9, elle ne lui laisse aucune libert\u00e9.<\/p>\n<p>Devenu adolescent, ce dernier tente parfois de r\u00e9aliser ses d\u00e9sirs ou de promouvoir ses \u00e9lans mais il est d\u00e9ni\u00e9 et d\u00e9valoris\u00e9.<\/p>\n<p>S&rsquo;il rep\u00e8re qu\u2019il engendre la peur chez sa m\u00e8re, celle-ci fait alors en sorte de ne pas l&rsquo;attaquer ouvertement, tout en recourant \u00e0 des biais pour tenter de bloquer son \u00e9volution et de maintenir la d\u00e9pendance.<\/p>\n<p>S\u2019il acquiert une relative ind\u00e9pendance, il ne peut cependant pas montrer sa v\u00e9ritable identit\u00e9 car toute tentative en ce sens fait surgir l\u2019angoisse de n\u00e9antisation.<\/p>\n<p style=\"text-align: center;\"><a class=\"buttonv navigation\" href=\"https:\/\/www.cgjung.net\/espace\/accueil\/michel-cautaerts\/manoeuvres-perverses\/\">Article pr\u00e9c\u00e9dent<\/a> <a class=\"buttonv navigation\" href=\"https:\/\/www.cgjung.net\/espace\/accueil\/michel-cautaerts\/traitement-victimes-pervers-narcissiques\/\">Article suivant<\/a><\/p>\n<p><a href=\"https:\/\/www.cgjung.net\/contact.htm\"><strong>Adresser un message \u00e0 Michel Cautaerts<\/strong><\/a><\/p>\n<p>&nbsp;<\/p>\n<h2>A lire \u00e9galement<\/h2>\n<ul>\n<li><a href=\"https:\/\/www.cgjung.net\/espace\/accueil\/michel-cautaerts\/la-perversion-narcissique\/\">La perversion narcissique ou le harc\u00e8lement moral<\/a><\/li>\n<li><a href=\"https:\/\/www.cgjung.net\/espace\/accueil\/michel-cautaerts\/detournement-langage\/\">D\u00e9tournement du langage dans la perversion narcissique ou le harc\u00e8lement<\/a><\/li>\n<li><a href=\"https:\/\/www.cgjung.net\/espace\/accueil\/michel-cautaerts\/manoeuvres-perverses\/\">Les man\u0153uvres perverses et les personnes cibles<\/a><\/li>\n<li><a href=\"https:\/\/www.cgjung.net\/espace\/accueil\/michel-cautaerts\/perversion-narcissique-couples-et-enfants\/\">La perversion narcissique : couples et enfants<\/a><\/li>\n<li><a href=\"https:\/\/www.cgjung.net\/espace\/accueil\/michel-cautaerts\/traitement-victimes-pervers-narcissiques\/\">Traitement pour les victimes de pervers narcissiques<\/a><\/li>\n<li><a href=\"https:\/\/www.cgjung.net\/espace\/accueil\/michel-cautaerts\/traitement-pervers-narcissiques\/\">Traitement des pervers narcissiques<\/a><\/li>\n<li><a href=\"https:\/\/www.cgjung.net\/espace\/accueil\/michel-cautaerts\/narcissisme-perversion-paranoia\/\">Du narcissisme, \u00e0 travers la perversion, jusqu\u2019\u00e0 la parano\u00efa<\/a><\/li>\n<li><a href=\"https:\/\/www.cgjung.net\/espace\/accueil\/michel-cautaerts\/bibliographie\/\">Rep\u00e8res bibliographiques<\/a><\/li>\n<\/ul>\n<h2>Michel Cautaerts<\/h2>\n<p>M\u00e9decin psychiatre et psychanalyste jungien, ancien pr\u00e9sident de la Soci\u00e9t\u00e9 Belge de Psychologie Analytique, Michel Cautaerts est un chercheur, clinicien et conf\u00e9rencier. Sa riche exp\u00e9rience s&rsquo;\u00e9tend sur plus de 40 ans. Il est l&rsquo;auteur de deux ouvrages :<\/p>\n<ul>\n<li>\u00ab\u00a0<a href=\"https:\/\/www.cgjung.net\/publications\/perversion-narcissique-je-tu-il-michel-cautaerts.htm\">Je tu(e) il\u00a0\u00bb<\/a>. Manipulations et perversions: le sens du mal.<br \/>\n<a href=\"https:\/\/www.cgjung.net\/espace\/accueil\/michel-cautaerts\/\">Lire un extrait de la pr\u00e9face<\/a> r\u00e9dig\u00e9e par Michel Cazenave.<\/li>\n<li><a href=\"https:\/\/www.cgjung.net\/publications\/couples_dieux_hommes.htm\">Couples des dieux, couples des hommes<\/a>. De la mythologie \u00e0 la psychanalyse du quotidien.<\/li>\n<\/ul>\n\n","protected":false},"excerpt":{"rendered":"<p>Les couples peuvent \u00eatre le th\u00e9\u00e2tre de comportements v\u00e9ritablement destructeurs d\u00e8s lors que l&rsquo;un de ses membres exerce une perversion de type narcissique. Leurs enfants sont le plus souvent pris en otage et ont les plus grandes difficult\u00e9s \u00e0 conqu\u00e9rir une relative ind\u00e9pendance.&nbsp; La plupart des couples aux prises avec la perversion narcissique se composent [&hellip;]<\/p>\n","protected":false},"author":1,"featured_media":0,"parent":15570,"menu_order":0,"comment_status":"closed","ping_status":"closed","template":"","meta":{"footnotes":""},"class_list":["post-15744","page","type-page","status-publish","hentry"],"_links":{"self":[{"href":"https:\/\/www.cgjung.net\/espace\/wp-json\/wp\/v2\/pages\/15744","targetHints":{"allow":["GET"]}}],"collection":[{"href":"https:\/\/www.cgjung.net\/espace\/wp-json\/wp\/v2\/pages"}],"about":[{"href":"https:\/\/www.cgjung.net\/espace\/wp-json\/wp\/v2\/types\/page"}],"author":[{"embeddable":true,"href":"https:\/\/www.cgjung.net\/espace\/wp-json\/wp\/v2\/users\/1"}],"replies":[{"embeddable":true,"href":"https:\/\/www.cgjung.net\/espace\/wp-json\/wp\/v2\/comments?post=15744"}],"version-history":[{"count":19,"href":"https:\/\/www.cgjung.net\/espace\/wp-json\/wp\/v2\/pages\/15744\/revisions"}],"predecessor-version":[{"id":15871,"href":"https:\/\/www.cgjung.net\/espace\/wp-json\/wp\/v2\/pages\/15744\/revisions\/15871"}],"up":[{"embeddable":true,"href":"https:\/\/www.cgjung.net\/espace\/wp-json\/wp\/v2\/pages\/15570"}],"wp:attachment":[{"href":"https:\/\/www.cgjung.net\/espace\/wp-json\/wp\/v2\/media?parent=15744"}],"curies":[{"name":"wp","href":"https:\/\/api.w.org\/{rel}","templated":true}]}}