{"id":15572,"date":"2021-02-10T16:44:35","date_gmt":"2021-02-10T15:44:35","guid":{"rendered":"https:\/\/www.cgjung.net\/espace\/?page_id=15572"},"modified":"2021-02-23T07:11:17","modified_gmt":"2021-02-23T06:11:17","slug":"la-perversion-narcissique","status":"publish","type":"page","link":"https:\/\/www.cgjung.net\/espace\/accueil\/michel-cautaerts\/la-perversion-narcissique\/","title":{"rendered":"La perversion narcissique ou le harc\u00e8lement moral"},"content":{"rendered":"<p><strong>La perversion narcissique est une pathologie de la relation. Le pervers narcissique use de strat\u00e9gies de pr\u00e9dation. Ses agissements font \u00e9norm\u00e9ment de d\u00e9g\u00e2ts dans la soci\u00e9t\u00e9.<\/strong><\/p>\n<p><img loading=\"lazy\" decoding=\"async\" class=\"size-full wp-image-15582 aligncenter\" src=\"https:\/\/www.cgjung.net\/espace\/wp-content\/uploads\/2021\/02\/La-perversion-narcissique.png\" alt=\"\" width=\"571\" height=\"147\" \/><\/p>\n<h2>Une pathologie de la relation<\/h2>\n<p>La perversion narcissique, pathologie de la relation, centre l\u2019attention sur l\u2019intersubjectivit\u00e9.<\/p>\n<p>Paul-Claude Racamier (1924-1996), qui l&rsquo;a d\u00e9crite le premier, la d\u00e9finit comme \u00ab une organisation durable ou transitoire caract\u00e9ris\u00e9e par le besoin, la capacit\u00e9 et le plaisir de se mettre \u00e0 l\u2019abri des conflits internes et en particulier du deuil, en se faisant valoir au d\u00e9triment d\u2019un objet manipul\u00e9 comme un ustensile.<a id=\"1\"><\/a><a href=\"#n1\">[1]<\/a> \u00bb<\/p>\n<p>Av\u00e9r\u00e9e, elle consiste en une structure stable. Le sujet \u00e9tant parvenu \u00e0 s\u2019\u00e9tablir serait ainsi \u00e0 l\u2019abri de tout conflit personnel. P.C. Racamier qualifie cette pathologie de contre-d\u00e9pressive, anti-conflictuelle et anobjectale.<\/p>\n<h2>Plusieurs niveaux de perversion narcissique<\/h2>\n<p>Il importe de distinguer, d&rsquo;une part :<\/p>\n<ul>\n<li>les traces de perversion narcissique, pr\u00e9sentes chez tout un chacun,<\/li>\n<li>les moments de perversion narcissique li\u00e9s \u00e0 des situations de vie conflictuelles d&rsquo;autre part,<\/li>\n<li>les organisations perverses narcissiques.<\/li>\n<\/ul>\n<p>La perversion narcissique se constitue par n\u00e9cessit\u00e9 chez l&rsquo;individu ayant soit \u00e0 se d\u00e9fendre contre la psychose, soit \u00e0 \u00e9viter toute attraction de l\u2019objet en constituant ce que Racamier nomme des \u00ab objets-non objets \u00bb. Ceux-ci sont des objets psychologiques auxquels certaines qualit\u00e9s sont refus\u00e9es, comme par exemple le droit aux d\u00e9sirs propres.<\/p>\n<p>Comme les autres pathologies narcissiques, la perversion narcissique constitu\u00e9e se caract\u00e9rise par la pr\u00e9sence des d\u00e9fenses archa\u00efques : le clivage, le d\u00e9ni et l\u2019identification projective.<\/p>\n<h2>Une strat\u00e9gie de pr\u00e9dation<\/h2>\n<p>S\u2019y ajoutent deux d\u00e9fenses majeures :<\/p>\n<ul>\n<li>d&rsquo;un c\u00f4t\u00e9, l\u2019extrajection en l\u2019autre de ce que le pervers narcissique ne peut et ne veut reconna\u00eetre en lui-m\u00eame et qui pourrait lui poser probl\u00e8me,<\/li>\n<li>de l&rsquo;autre c\u00f4t\u00e9, la r\u00e9duction de cet autre \u00e0 la fonction d\u2019ustensile, de marchepied ou de pi\u00e9destal et sa mise sous emprise pour s&rsquo;assurer qu&rsquo;il continue \u00e0 contenir ce que le pervers a mis en lui.<\/li>\n<\/ul>\n<p>Le pervers narcissique use de strat\u00e9gies de pr\u00e9dation et il pr\u00e9pare son pi\u00e8ge bien avant que la victime ne s\u2019en soit rendu compte.<\/p>\n<blockquote><p>\u00ab\u00a0<strong>Avoir le droit de prendre \u00e0 tout le monde sans jamais rien devoir \u00e0 personne<\/strong>\u00a0\u00bb constitue sa loi de fonctionnement. Il s\u00e9duit sans vergogne et manie les mots comme des armes destin\u00e9es non \u00e0 communiquer mais \u00e0 agir sur l\u2019autre.<\/p>\n<p>Ainsi, comme l&rsquo;\u00e9crit Racamier : \u00ab la v\u00e9rit\u00e9 est discr\u00e9dit\u00e9e dans son essence m\u00eame \u00bb.<\/p><\/blockquote>\n<h2>\u00c9norm\u00e9ment de d\u00e9g\u00e2ts dans la soci\u00e9t\u00e9<\/h2>\n<p>Au vu du nombre croissant de victimes ou de pervers rat\u00e9s qui consultent &#8211; le pervers narcissique r\u00e9ussi, lui, ne s&rsquo;y aventure pas- cette pathologie occupe une place importante. Elle occasionne \u00e9norm\u00e9ment de d\u00e9g\u00e2ts dans la soci\u00e9t\u00e9, entretient des \u00e9tats d\u00e9pressifs qui r\u00e9sistent au traitement classique et m\u00e8ne quantit\u00e9 de victimes \u00e0 l\u2019abus de m\u00e9dicaments.<\/p>\n<p>La fr\u00e9quence du harc\u00e8lement moral, concept psycho-sociologique proche de la perversion narcissique, atteint de 9% \u00e0 10 % de la population, dont 52% souffrent de troubles psychosomatiques.<a id=\"2\"><\/a><a href=\"#n2\">[2]<\/a><\/p>\n<p><strong>Notes<\/strong><\/p>\n<p><a id=\"n1\"><\/a><a href=\"#1\">[1]<\/a> Racamier Paul-Claude, <em>Le g\u00e9nie des origines. Psychanalyse et psychose<\/em>, Paris: Payot &amp; Rivages; 1992.<\/p>\n<p><a id=\"n2\"><\/a><a href=\"#2\">[2]<\/a> Hirigoyen Marie-France, <em>Le harc\u00e8lement moral. La violence perverse au quotidien<\/em>, Paris: La D\u00e9couverte et Syros, 1998.<\/p>\n<p style=\"text-align: center;\"><a class=\"buttonv navigation\" href=\"https:\/\/www.cgjung.net\/espace\/accueil\/michel-cautaerts\/detournement-langage\/\">Article suivant<\/a><\/p>\n<p><a href=\"https:\/\/www.cgjung.net\/contact.htm\"><strong>Adresser un message \u00e0 Michel Cautaerts<\/strong><\/a><\/p>\n<p>&nbsp;<\/p>\n<h2>A lire \u00e9galement<\/h2>\n<ul>\n<li><a href=\"https:\/\/www.cgjung.net\/espace\/accueil\/michel-cautaerts\/la-perversion-narcissique\/\">La perversion narcissique ou le harc\u00e8lement moral<\/a><\/li>\n<li><a href=\"https:\/\/www.cgjung.net\/espace\/accueil\/michel-cautaerts\/detournement-langage\/\">D\u00e9tournement du langage dans la perversion narcissique ou le harc\u00e8lement<\/a><\/li>\n<li><a href=\"https:\/\/www.cgjung.net\/espace\/accueil\/michel-cautaerts\/manoeuvres-perverses\/\">Les man\u0153uvres perverses et les personnes cibles<\/a><\/li>\n<li><a href=\"https:\/\/www.cgjung.net\/espace\/accueil\/michel-cautaerts\/perversion-narcissique-couples-et-enfants\/\">La perversion narcissique : couples et enfants<\/a><\/li>\n<li><a href=\"https:\/\/www.cgjung.net\/espace\/accueil\/michel-cautaerts\/traitement-victimes-pervers-narcissiques\/\">Traitement pour les victimes de pervers narcissiques<\/a><\/li>\n<li><a href=\"https:\/\/www.cgjung.net\/espace\/accueil\/michel-cautaerts\/traitement-pervers-narcissiques\/\">Traitement des pervers narcissiques<\/a><\/li>\n<li><a href=\"https:\/\/www.cgjung.net\/espace\/accueil\/michel-cautaerts\/narcissisme-perversion-paranoia\/\">Du narcissisme, \u00e0 travers la perversion, jusqu\u2019\u00e0 la parano\u00efa<\/a><\/li>\n<li><a href=\"https:\/\/www.cgjung.net\/espace\/accueil\/michel-cautaerts\/bibliographie\/\">Rep\u00e8res bibliographiques<\/a><\/li>\n<\/ul>\n<h2>Michel Cautaerts<\/h2>\n<p>M\u00e9decin psychiatre et psychanalyste jungien, ancien pr\u00e9sident de la Soci\u00e9t\u00e9 Belge de Psychologie Analytique, Michel Cautaerts est un chercheur, clinicien et conf\u00e9rencier. Sa riche exp\u00e9rience s&rsquo;\u00e9tend sur plus de 40 ans. Il est l&rsquo;auteur de deux ouvrages :<\/p>\n<ul>\n<li>\u00ab\u00a0<a href=\"https:\/\/www.cgjung.net\/publications\/perversion-narcissique-je-tu-il-michel-cautaerts.htm\">Je tu(e) il\u00a0\u00bb<\/a>. Manipulations et perversions: le sens du mal.<br \/>\n<a href=\"https:\/\/www.cgjung.net\/espace\/accueil\/michel-cautaerts\/\">Lire un extrait de la pr\u00e9face<\/a> r\u00e9dig\u00e9e par Michel Cazenave.<\/li>\n<li><a href=\"https:\/\/www.cgjung.net\/publications\/couples_dieux_hommes.htm\">Couples des dieux, couples des hommes<\/a>. De la mythologie \u00e0 la psychanalyse du quotidien.<\/li>\n<\/ul>\n\n","protected":false},"excerpt":{"rendered":"<p>La perversion narcissique est une pathologie de la relation. Le pervers narcissique use de strat\u00e9gies de pr\u00e9dation. Ses agissements font \u00e9norm\u00e9ment de d\u00e9g\u00e2ts dans la soci\u00e9t\u00e9. Une pathologie de la relation La perversion narcissique, pathologie de la relation, centre l\u2019attention sur l\u2019intersubjectivit\u00e9. Paul-Claude Racamier (1924-1996), qui l&rsquo;a d\u00e9crite le premier, la d\u00e9finit comme \u00ab une [&hellip;]<\/p>\n","protected":false},"author":1,"featured_media":0,"parent":15570,"menu_order":0,"comment_status":"closed","ping_status":"closed","template":"","meta":{"footnotes":""},"class_list":["post-15572","page","type-page","status-publish","hentry"],"_links":{"self":[{"href":"https:\/\/www.cgjung.net\/espace\/wp-json\/wp\/v2\/pages\/15572","targetHints":{"allow":["GET"]}}],"collection":[{"href":"https:\/\/www.cgjung.net\/espace\/wp-json\/wp\/v2\/pages"}],"about":[{"href":"https:\/\/www.cgjung.net\/espace\/wp-json\/wp\/v2\/types\/page"}],"author":[{"embeddable":true,"href":"https:\/\/www.cgjung.net\/espace\/wp-json\/wp\/v2\/users\/1"}],"replies":[{"embeddable":true,"href":"https:\/\/www.cgjung.net\/espace\/wp-json\/wp\/v2\/comments?post=15572"}],"version-history":[{"count":16,"href":"https:\/\/www.cgjung.net\/espace\/wp-json\/wp\/v2\/pages\/15572\/revisions"}],"predecessor-version":[{"id":15677,"href":"https:\/\/www.cgjung.net\/espace\/wp-json\/wp\/v2\/pages\/15572\/revisions\/15677"}],"up":[{"embeddable":true,"href":"https:\/\/www.cgjung.net\/espace\/wp-json\/wp\/v2\/pages\/15570"}],"wp:attachment":[{"href":"https:\/\/www.cgjung.net\/espace\/wp-json\/wp\/v2\/media?parent=15572"}],"curies":[{"name":"wp","href":"https:\/\/api.w.org\/{rel}","templated":true}]}}