{"id":15142,"date":"2020-12-31T11:55:02","date_gmt":"2020-12-31T10:55:02","guid":{"rendered":"https:\/\/www.cgjung.net\/espace\/?page_id=15142"},"modified":"2022-11-22T11:57:13","modified_gmt":"2022-11-22T10:57:13","slug":"association-von-franz-jung","status":"publish","type":"page","link":"https:\/\/www.cgjung.net\/espace\/accueil\/association-von-franz-jung\/","title":{"rendered":"Association Marie-Louise von Franz &#038; Carl Gustav Jung"},"content":{"rendered":"<p><strong>L\u2019association Marie-Louise von Franz &amp; Carl Gustav Jung s\u2019inscrit dans la droite lign\u00e9e de Carl Gustav Jung et de sa fid\u00e8le collaboratrice, Marie-Louise von Franz.<\/strong><a href=\"https:\/\/www.vonfranzjung.fr\/\"><img loading=\"lazy\" decoding=\"async\" class=\"size-full wp-image-15144 aligncenter\" src=\"https:\/\/www.cgjung.net\/espace\/wp-content\/uploads\/2020\/12\/association-von-franz-jung.png\" alt=\"\" width=\"600\" height=\"424\" \/><\/a><\/p>\n<p style=\"text-align: center;\"><a href=\"https:\/\/www.vonfranzjung.fr\/\">Association Marie-Louise von Franz &amp; Carl Gustav Jung<\/a><\/p>\n<p>L\u2019association qui se situe au carrefour du grand public et des professionnels du domaine jungien a \u00e0 c\u0153ur de faire dialoguer la psychologie analytique avec, entre autres, les arts et les situations d\u2019exp\u00e9rientiel.<\/p>\n<p>Son nouveau pr\u00e9sident, Matthieu Mares, a accept\u00e9 de r\u00e9pondre \u00e0 nos questions.<\/p>\n<p><strong>EFJ : L\u2019association que vous repr\u00e9sentez est n\u00e9e en 2004, dans quel contexte et autour de quels objectifs ? Quelles en ont, depuis, \u00e9t\u00e9 ses \u00e9volutions ?<\/strong><\/p>\n<p>Matthieu Mares : En effet, notre association existe depuis une quinzaine d\u2019ann\u00e9es. Elle est n\u00e9e d\u2019une histoire d\u2019amiti\u00e9 entre Chantal Delacotte et Milaya Lodron et de toute une s\u00e9rie d\u2019\u00e9v\u00e9nements synchronistiques. Au d\u00e9part, l\u2019association s\u2019intitulait <em>Autour de Marie-Louise von Franz<\/em> et avait pour objectif de mieux faire conna\u00eetre au public fran\u00e7ais Marie-Louise von Franz, connue surtout \u00e0 l\u2019\u00e9poque pour \u00eatre une des plus proches collaboratrices de Carl Gustav Jung. Pourtant elle ne fut pas que cela. Elle \u00e9tait \u00e9galement une fine psychanalyste et une talentueuse p\u00e9dagogue.<\/p>\n<p>Le but initial de l\u2019association \u00e9tait d\u2019honorer de fa\u00e7on originale, cr\u00e9ative, l\u2019\u0153uvre de cette remarquable femme \u00ab \u00e9veilleuse \u00bb de conscience et la pens\u00e9e jungienne dans son ensemble. En 2013, Nathalie Champougny a \u00e9t\u00e9 \u00e9lue pr\u00e9sidente et notre association a fusionn\u00e9 avec le <em>CEFRI JUNG Champagne<\/em> pour devenir <em>Marie-Louise von Franz &amp; Carl Gustav Jung<\/em>. D\u00e8s lors, le projet associatif a pris une tournure davantage exp\u00e9rientielle en proposant plus r\u00e9guli\u00e8rement des ateliers int\u00e9gratifs autour de la psychologie analytique.<\/p>\n<p>En mai 2020, j\u2019ai \u00e9t\u00e9 \u00e9lu avec notre secr\u00e9taire-tr\u00e9sori\u00e8re, Camille Simonnot, \u00e0 la t\u00eate de l\u2019association dans le but de lui permettre de se r\u00e9inventer. Bien que nous apportions une vague de modernit\u00e9, nous souhaitons \u00e9galement mettre en valeur l\u2019h\u00e9ritage que nous avons re\u00e7u en continuant d\u2019entretenir ce lien pr\u00e9cieux entre la psychologie, les arts et les situations d\u2019exp\u00e9rientiel, v\u0153ux si chers \u00e0 Chantal Delacotte et Nathalie Champougny.<\/p>\n<p><strong>Nous sommes en 2021, ann\u00e9e que vous placez sous le signe de l\u2019Amour dans l\u2019\u0153uvre jungienne\u2026<\/strong><\/p>\n<p>Tout \u00e0 fait. Nous \u00e9tions \u00e0 la recherche d\u2019un th\u00e8me original pour 2021, car le 6 juin cela fera 60 ans que Carl Gustav Jung nous a quitt\u00e9s. Tr\u00e8s vite, le th\u00e8me de l\u2019Amour dans l\u2019\u0153uvre jungienne nous est apparu comme une \u00e9vidence.<\/p>\n<p>Ce dernier a suscit\u00e9 notre curiosit\u00e9, car il appara\u00eet \u00e0 diff\u00e9rents endroits dans ses \u00e9crits alors m\u00eame que Carl Gustav Jung n\u2019a pas directement trait\u00e9 ce sujet. Il reconna\u00eet d\u2019ailleurs dans <a href=\"https:\/\/www.cgjung.net\/oeuvre\/ma_vie_folio.htm\">Ma vie<\/a> qu\u2019il a manqu\u00e9 de courage \u00ab pour chercher le langage qui serait susceptible d\u2019exprimer de fa\u00e7on ad\u00e9quate le paradoxe infini de l\u2019amour \u00bb. Nous avons \u00e9galement choisi ce th\u00e8me, car l\u2019amour touche tout le monde et aussi parce que nous avons jug\u00e9 int\u00e9ressant de d\u00e9couvrir ce que la pens\u00e9e jungienne a \u00e0 nous enseigner sur ce sujet.<\/p>\n<p><strong>Quels sont les \u00e9v\u00e9nements et les temps forts organis\u00e9s durant cette nouvelle ann\u00e9e ?<\/strong><\/p>\n<p>Nous pr\u00e9voyons quatre soir\u00e9es-conf\u00e9rences avec interludes artistiques et une journ\u00e9e consacr\u00e9e \u00e0 deux ateliers exp\u00e9rientiels.<\/p>\n<p>Reine-Marie Halbout inaugurera la saison le 12 f\u00e9vrier 2021 avec une conf\u00e9rence sur le th\u00e8me de l\u2019amour qu\u2019elle reconna\u00eet comme un des fils conducteurs de l\u2019histoire de la vie et de la pens\u00e9e de Carl Gustav Jung. Reine-Marie Halbout nous livrera lors de cette soir\u00e9e sa lecture et sa compr\u00e9hension tr\u00e8s personnelle de l\u2019Amour chez Jung. Une chanteuse lyrique l\u2019accompagnera afin de c\u00e9l\u00e9brer l\u2019amour au travers de quelques-uns des plus grands airs d\u2019op\u00e9ra.<\/p>\n<p>Au printemps, le 9 avril 2021, ce sera au tour de Pierre Trigano d\u2019aborder l\u2019arch\u00e9type du Soi, qu\u2019il nomme, dans ce contexte, \u00ab mariage int\u00e9rieur \u00bb, telle une pulsion qui nous traverse et vise \u00e0 se r\u00e9aliser au c\u0153ur de notre vie psychologique. Pierre Trigano sera accompagn\u00e9 d\u2019une chanteuse-musicienne qui interpr\u00e8tera le Soi et l\u2019amour universel au travers d\u2019une s\u00e9lection de chants sacr\u00e9s hindous et am\u00e9rindiens.<\/p>\n<p>Le 11 juin 2021, Leonardo Hincapi\u00e9 nous proposera une interpr\u00e9tation originale de la l\u00e9gende m\u00e9di\u00e9vale de Tristan et Yseult. D\u2019apr\u00e8s lui, le personnage d\u2019Yseult a profond\u00e9ment marqu\u00e9 l\u2019inconscient collectif occidental et model\u00e9 par cons\u00e9quent notre fa\u00e7on d\u2019aimer. Leonardo Hincapi\u00e9 nous livrera une explication arch\u00e9typique de nos histoires d\u2019amour, accompagn\u00e9 d\u2019une troupe de com\u00e9diens qui donnera une lecture th\u00e9\u00e2tralis\u00e9e du mythe de Tristan et Yseult.<\/p>\n<p>Apr\u00e8s la pause estivale, nous approfondirons le th\u00e8me en question le 2 octobre 2021 avec deux ateliers exp\u00e9rientiels. Csilla Kemenczei et Chantal Delacotte nous proposeront d\u2019explorer la part d\u2019ombre de l\u2019amour au travers de la figure de Judas, image arch\u00e9typique du tra\u00eetre. Il sera ici envisag\u00e9 comme la part d\u2019ombre sans laquelle il n\u2019y a point de processus d\u2019individuation. Nous poursuivrons avec un atelier d\u2019\u00e9criture enchant\u00e9e anim\u00e9 par Marco Zulian autour du mythe d\u2019\u00c9ros et Psych\u00e9 tout en \u00e9tablissant des passerelles entre la psychologie jungienne et post-jungienne.<\/p>\n<p>Enfin, l\u2019ann\u00e9e se cl\u00f4turera (date \u00e0 confirmer) avec une conf\u00e9rence que j\u2019aurai le plaisir de partager avec Carole S\u00e9dillot sur le th\u00e8me de l\u2019essence et du sens de l\u2019alchimie du deux et des \u00e9tapes incontournables par lesquelles il faut passer pour parvenir \u00e0 s\u2019\u00ab Aimer \u00bb.<\/p>\n<p>Comme vous pouvez le constater, en d\u00e9pit de l\u2019incertitude dans laquelle nous entraine la crise sanitaire, nous avons fait le choix de maintenir nos activit\u00e9s en favorisant la cr\u00e9ativit\u00e9. En cas d\u2019impossibilit\u00e9 de se r\u00e9unir en pr\u00e9sentiel, nous \u00ab maintiendrons \u00bb nos \u00e9v\u00e9nements sous forme d\u2019entretiens film\u00e9s qui seront consultables sur une page sp\u00e9ciale de notre site internet.<\/p>\n<p><strong>Vous \u00e9ditez une revue au format \u00e9lectronique : La Revue des Deux Tours\u2026<\/strong><\/p>\n<p>En effet, nous \u00e9tions \u00e0 la recherche d\u2019un moyen de cl\u00f4turer chaque saison. Une solution qui permettrait de retracer l\u2019ensemble des \u00e9v\u00e9nements \u00e9coul\u00e9s tout en fournissant des contenus in\u00e9dits. C\u2019est comme cela que l\u2019id\u00e9e de la revue s\u2019est tout naturellement impos\u00e9e \u00e0 nous.<\/p>\n<p>\u00c0 ce jour, deux num\u00e9ros sp\u00e9ciaux, hommages, sont parus. Le premier consacr\u00e9 \u00e0 Marie-Louise von Franz et le deuxi\u00e8me \u00e0 Carl Gustav Jung. \u00c0 partir de l\u2019an prochain, la revue permettra surtout aux personnes qui n\u2019ont pas pu assister \u00e0 nos divers \u00e9v\u00e9nements de les d\u00e9couvrir dans leur essence. Quant \u00e0 celles et ceux qui auront particip\u00e9 aux rencontres, ils les revivront sous un autre angle tout en approfondissant leurs r\u00e9flexions ou leurs exp\u00e9riences.<\/p>\n<p>Nous pr\u00e9voyons \u00e9galement de sortir un hors-s\u00e9rie chaque \u00e9t\u00e9 sur un th\u00e8me pr\u00e9cis. J\u2019en profite pour pr\u00e9ciser \u00e0 vos internautes que notre revue est offerte \u00e0 l\u2019ensemble de nos membres. Elle est consultable en ligne ou t\u00e9l\u00e9chargeable depuis l\u2019espace membre de notre site. Les deux premiers num\u00e9ros ont rencontr\u00e9 un vif int\u00e9r\u00eat. Nous avons re\u00e7u de nombres t\u00e9moignages de satisfaction des lecteurs\u00b7rices et le terme \u00ab \u00e9crin \u00bb revient souvent dans les retours. Nous en sommes ravis, car c\u2019\u00e9tait pr\u00e9cis\u00e9ment notre souhait de d\u00e9part. Nous voulions offrir quelque chose de qualit\u00e9 bien entendu, mais de beau \u00e0 voir \u00e9galement, d\u2019agr\u00e9able \u00e0 parcourir\u2026<\/p>\n<p><strong>Quel est le \u00ab\u00a0profil\u00a0\u00bb de vos adh\u00e9rents ?<\/strong><\/p>\n<p>Je ne saurais allouer un profil en particulier \u00e0 nos adh\u00e9rents. Certains ont embrass\u00e9 la pens\u00e9e jungienne depuis plusieurs d\u00e9cennies, tandis que d\u2019autres viennent tout juste de la d\u00e9couvrir. Au-del\u00e0 du fait de compter des th\u00e9rapeutes dans nos rangs, il y a surtout des hommes et des femmes curieux\u00b7euses d\u2019approcher et de s\u2019enrichir de la pens\u00e9e jungienne d\u2019hier et d\u2019aujourd\u2019hui\u2026<\/p>\n<p>Spontan\u00e9ment, j\u2019ai envie de dire aussi que nos membres nous ressemblent ! Ils sont attir\u00e9s, tout autant que nous, par la cr\u00e9ativit\u00e9. En effet, nous sommes convaincus que la connaissance passe non seulement par l\u2019appr\u00e9hension substantialiste du monde, mais aussi par celle du \u00ab ressenti \u00bb.<\/p>\n<p>C\u2019est pourquoi nous tenons absolument \u00e0 cr\u00e9er des passerelles entre la psychologie jungienne et les diff\u00e9rentes disciplines artistiques ou les situations d\u2019exp\u00e9rientiel telles que les ateliers pratiques et les s\u00e9jours d\u00e9couvertes.<\/p>\n<p><strong>Comment rejoindre votre association ?<\/strong><\/p>\n<p>C\u2019est tr\u00e8s simple. Il vous suffit d\u2019aller sur notre site internet, de cliquer sur l\u2019onglet \u00ab Adh\u00e9rer \u00bb et de suivre la proc\u00e9dure d\u2019adh\u00e9sion et de paiement en ligne par carte bancaire. Pour les personnes qui souhaiteraient adh\u00e9rer d\u2019une fa\u00e7on plus traditionnelle, il leur suffit de nous contacter directement afin qu\u2019on leur explique la proc\u00e9dure \u00e0 suivre.<\/p>\n<p><strong>Un message \u00e0 l\u2019attention des internautes ?<\/strong><\/p>\n<p>Je sais qu\u2019ils sont nombreux\u00b7euses \u00e0 naviguer sur l\u2019Espace Francophone Jungien \u00e0 la recherche de connaissances, mais aussi de rencontres et de partages. J\u2019ai envie de leur dire qu\u2019en plus d\u2019avoir \u00e0 c\u0153ur de transmettre s\u00e9rieusement et de fa\u00e7on cr\u00e9ative la pens\u00e9e jungienne, nous nous consid\u00e9rons surtout comme une amicale.<\/p>\n<p>Nous tenons \u00e0 entretenir cet esprit hospitalier et chaleureux qui se perp\u00e9tue de pr\u00e9sidence en pr\u00e9sidence depuis nos d\u00e9buts. Je leur dirai donc sans h\u00e9siter : \u00ab Soyez les bienvenu\u00b7e\u00b7s ! \u00bb<\/p>\n<p><strong>Nous vous remercions d\u2019avoir pris le temps de r\u00e9pondre \u00e0 nos questions et invitons nos visiteurs \u00e0 explorer <a href=\"https:\/\/www.vonfranzjung.fr\/\" target=\"_blank\" rel=\"noopener\">le site de l\u2019association Marie-Louise von Franz &amp; Carl Gustav Jung<\/a>.<\/strong><\/p>\n","protected":false},"excerpt":{"rendered":"<p>L\u2019association Marie-Louise von Franz &amp; Carl Gustav Jung s\u2019inscrit dans la droite lign\u00e9e de Carl Gustav Jung et de sa fid\u00e8le collaboratrice, Marie-Louise von Franz. Association Marie-Louise von Franz &amp; Carl Gustav Jung L\u2019association qui se situe au carrefour du grand public et des professionnels du domaine jungien a \u00e0 c\u0153ur de faire dialoguer la [&hellip;]<\/p>\n","protected":false},"author":1,"featured_media":0,"parent":53,"menu_order":17,"comment_status":"closed","ping_status":"closed","template":"","meta":{"footnotes":""},"class_list":["post-15142","page","type-page","status-publish","hentry"],"_links":{"self":[{"href":"https:\/\/www.cgjung.net\/espace\/wp-json\/wp\/v2\/pages\/15142","targetHints":{"allow":["GET"]}}],"collection":[{"href":"https:\/\/www.cgjung.net\/espace\/wp-json\/wp\/v2\/pages"}],"about":[{"href":"https:\/\/www.cgjung.net\/espace\/wp-json\/wp\/v2\/types\/page"}],"author":[{"embeddable":true,"href":"https:\/\/www.cgjung.net\/espace\/wp-json\/wp\/v2\/users\/1"}],"replies":[{"embeddable":true,"href":"https:\/\/www.cgjung.net\/espace\/wp-json\/wp\/v2\/comments?post=15142"}],"version-history":[{"count":12,"href":"https:\/\/www.cgjung.net\/espace\/wp-json\/wp\/v2\/pages\/15142\/revisions"}],"predecessor-version":[{"id":20335,"href":"https:\/\/www.cgjung.net\/espace\/wp-json\/wp\/v2\/pages\/15142\/revisions\/20335"}],"up":[{"embeddable":true,"href":"https:\/\/www.cgjung.net\/espace\/wp-json\/wp\/v2\/pages\/53"}],"wp:attachment":[{"href":"https:\/\/www.cgjung.net\/espace\/wp-json\/wp\/v2\/media?parent=15142"}],"curies":[{"name":"wp","href":"https:\/\/api.w.org\/{rel}","templated":true}]}}