{"id":15056,"date":"2020-12-09T10:31:41","date_gmt":"2020-12-09T09:31:41","guid":{"rendered":"https:\/\/www.cgjung.net\/espace\/?page_id=15056"},"modified":"2025-02-06T18:16:45","modified_gmt":"2025-02-06T17:16:45","slug":"harcelement-relations-emprise","status":"publish","type":"page","link":"https:\/\/www.cgjung.net\/espace\/seminaires\/harcelement-relations-emprise\/","title":{"rendered":"Harc\u00e8lement et relations d\u2019emprise : comment s\u2019en lib\u00e9rer ?"},"content":{"rendered":"<p><span style=\"color: #ff0000;\">Pour m\u00e9moire, voici le contenu de ce s\u00e9minaire organis\u00e9 dans la p\u00e9riode d&rsquo;avril 2017 \u00e0 avril 2023 :<\/span><\/p>\n<p><strong>Pourquoi assister \u00e0 ce s\u00e9minaire en ligne ? Pour \u00e9clairer des situations d\u2019emprise, se positionner, s\u2019en lib\u00e9rer et entreprendre une reconstruction de soi conforme \u00e0 sa vraie nature.<\/strong><\/p>\n<p><img loading=\"lazy\" decoding=\"async\" class=\"size-full wp-image-15059 aligncenter\" src=\"https:\/\/www.cgjung.net\/espace\/wp-content\/uploads\/2020\/12\/efj-seminaires-se-liberer-des-relations-d-emprise.png\" alt=\"\" width=\"640\" height=\"361\" srcset=\"https:\/\/www.cgjung.net\/espace\/wp-content\/uploads\/2020\/12\/efj-seminaires-se-liberer-des-relations-d-emprise.png 640w, https:\/\/www.cgjung.net\/espace\/wp-content\/uploads\/2020\/12\/efj-seminaires-se-liberer-des-relations-d-emprise-300x169.png 300w\" sizes=\"auto, (max-width: 640px) 100vw, 640px\" \/><\/p>\n<p>Ce s\u00e9minaire de formation \u00e0 une finalit\u00e9 avant tout pratique, il est bas\u00e9 sur de nombreux exemples. Chaque participant a la possibilit\u00e9 d\u2019exprimer ses attentes et ses interrogations.<\/p>\n<p>Cette formation est ouverte \u00e0 tous, elle s\u2019appuie sur les travaux de recherche des personnes r\u00e9f\u00e9rentes dans ce domaine : Marie-France Hirigoyen, Paul-Claude Racamier, Alberto Eiguer, Maurice Hurni, Giovanna Stoll, Michel Cautaerts, Laurent Hincker \u2026<\/p>\n<h2>Les objectifs de ce s\u00e9minaire<\/h2>\n<p>Ce s\u00e9minaire a pour objectif de :<\/p>\n<ul>\n<li>Pr\u00e9senter les diff\u00e9rents m\u00e9canismes qui m\u00e8nent aux situations o\u00f9 s\u2019exerce l\u2019emprise d\u2019un ou de plusieurs individus sur une victime.<\/li>\n<li>Donner des \u201coutils\u201d, des pistes, pour sortir de ce type de situation.<\/li>\n<li>S\u2019interroger sur ce qui a permis d\u2019\u00eatre litt\u00e9ralement emprisonn\u00e9, de se trouver dans une situation \u00e0 premi\u00e8re vue sans issue.<\/li>\n<li>D\u00e9couvrir les conditions pour un renouveau, une reconstruction efficace.<\/li>\n<\/ul>\n<p>Lire la chronique de l&rsquo;un des s\u00e9minaires : <a href=\"https:\/\/www.cgjung.net\/espace\/seminaires\/2019-12-harcelement-emprise\/\">Incroyable ! L\u2019imagination des manipulateurs d\u00e9fie l\u2019entendement.<\/a><\/p>\n<h2>Le contenu du s\u00e9minaire<\/h2>\n<p>Les points suivants seront abord\u00e9s :<\/p>\n<ul>\n<li>Accueil et d\u00e9couverte des attentes de chacun des participants.<\/li>\n<li>Qu\u2019est ce qu\u2019une relation d\u2019emprise ?<\/li>\n<li>La psychologie des profondeurs selon C.G. Jung, conna\u00eetre ses principaux points pour mieux aborder les relations d\u2019emprise.<\/li>\n<li>Harc\u00e8lement moral, perversion narcissique, manipulation : comment s\u2019y retrouver ?<\/li>\n<li>Comment v\u00e9rifier que l\u2019on est victime de l\u2019emprise d\u2019un tiers et \u00e0 quel degr\u00e9 ?<\/li>\n<li>Quels comportements adopter face \u00e0 des manipulateurs(trices) ?<\/li>\n<li>Comment s\u2019en prot\u00e9ger et intervenir efficacement ?<\/li>\n<li>Les tiers qui apportent de l\u2019aide : association, th\u00e9rapeute, m\u00e9decin, avocat, notaire \u2026<\/li>\n<li>Pour se reconstruire, comprendre les m\u00e9canismes qui ont conduit \u00e0 des situations o\u00f9 l\u2019emprise s\u2019est exerc\u00e9e.<\/li>\n<li>Retrouver l\u2019unit\u00e9, lib\u00e9rer les \u00e9nergies, conforter sa personnalit\u00e9, m\u00e9diter.<\/li>\n<li>S\u2019engager sur le chemin d\u2019individuation propos\u00e9 par C.G Jung.<\/li>\n<\/ul>\n<h2>Le d\u00e9roul\u00e9 du s\u00e9minaire<\/h2>\n<p><strong>Ce s\u00e9minaire se d\u00e9roule \u00e0 distance<\/strong> et n\u00e9cessite un \u00e9quipement de type ordinateur ou tablette raccord\u00e9 \u00e0 internet. Vous devez \u00eatre confortablement install\u00e9 dans un lieu isol\u00e9 : pas de passages intempestifs ou de pr\u00e9sence d\u2019autres personnes dans la pi\u00e8ce.<\/p>\n<p>Si de mani\u00e8re habituelle vous utilisez avec succ\u00e8s un logiciel comme Skype,\u2026 (audio + vid\u00e9o), votre connexion vers internet devrait \u00eatre suffisante.<\/p>\n<p>Aucune installation de logiciel n\u2019est n\u00e9cessaire. Un lien transmis par mail permet de se connecter \u00e0 la date et \u00e0 l\u2019heure convenues.<\/p>\n<p>\u00c0 l\u2019issue du s\u00e9minaire, un document de synth\u00e8se est envoy\u00e9 au format \u00e9lectronique \u00e0 chaque participant.<\/p>\n<p><em>Nous retiendrons 8 participants au maximum. Des pauses de 15 mn seront assur\u00e9es en milieu de matin\u00e9e et d\u2019apr\u00e8s-midi. <\/em><em>Des exercices d\u2019harmonisation \u00e9nerg\u00e9tique ponctueront chacune des sessions.<\/em><\/p>\n<h2>Les formateurs<\/h2>\n<p>Ce s\u00e9minaire est coanim\u00e9 par :<\/p>\n<ul>\n<li><a href=\"https:\/\/chantalarmouet.fr\/accueil\/stage-et-formation\/se-liberer-des-relations-d-emprise\/\">Chantal Armouet<\/a> : secr\u00e9taire de l&rsquo;association Espace Francophone Jungien, elle accompagne et aide des personnes dans leur parcours individuel. Elle g\u00e8re les inscriptions \u00e0 ce s\u00e9minaire.<\/li>\n<li><a href=\"https:\/\/www.cgjung.net\/espace\/accueil\/jprobert\/\">Jean-Pierre Robert<\/a> : fondateur et \u00e9diteur du pr\u00e9sent site, il participe \u00e0 la diffusion de la pens\u00e9e jungienne en direction des pays francophones. Il est pr\u00e9sident de l\u2019association Espace Francophone Jungien (EFJ).<\/li>\n<\/ul>\n<h2>Confidentialit\u00e9<\/h2>\n<p>Les formateurs et les participants garantissent la confidentialit\u00e9 des \u00e9changes et pour cela acceptent une charte de confidentialit\u00e9 en d\u00e9but de s\u00e9minaire. Cet engagement oblige au respect et \u00e0 la libert\u00e9 de chacun.<br \/>\n<!--<br \/>\n<em>Le prochain s\u00e9minaire aura lieu :<\/em><br \/>\n<strong>Les jeudi 15 et vendredi 16 d\u00e9cembre 2022.<\/strong><\/p>\n\n\n\n\n<div class=\"cp\"><a class=\"buttonv navigationb\" href=\"https:\/\/chantalarmouet.fr\/accueil\/stage-et-formation\/se-liberer-des-relations-d-emprise\/#inscription\" rel=\"noopener noreferrer\">Inscription sur le site de Chantal Armouet<\/a><\/div>\n\n\n\n\n<h2>Pour plus de renseignements<\/h2>\n\n\n\n\n<p>Sur le d\u00e9roulement de ce s\u00e9minaire vous pouvez :<\/p>\n\n\n\n\n<ul>\n\t\n\n<li>nous contacter au <a href=\"tel:+33688419086\">(33) 06 88 41 90 86<\/a><\/li>\n\n\n\t\n\n<li>nous envoyer un message \u00e0 <a href=\"mailto:message@cgjung.net\">message@cgjung.net<\/a><\/li>\n\n\n\t\n\n<li>utiliser <a href=\"https:\/\/www.cgjung.net\/contact.htm\">le formulaire contact<\/a><\/li>\n\n\n<\/ul>\n\n\n\n\n<p><span data-mce-type=\"bookmark\" style=\"display: inline-block; width: 0px; overflow: hidden; line-height: 0;\" class=\"mce_SELRES_start\"><\/span><\/p>\n\n\n\n\n<div class=\"cp\"><a class=\"buttonv navigationb\" href=\"https:\/\/chantalarmouet.fr\/accueil\/stage-et-formation\/se-liberer-des-relations-d-emprise\/#inscription\" rel=\"noopener noreferrer\">Inscription sur le site du cabinet de Chantal Armouet<\/a><\/div>\n\n\n\n\n<p>--><\/p>\n<h1>Chroniques des s\u00e9minaires<\/h1>\n<ul>\n<li><a href=\"https:\/\/www.cgjung.net\/espace\/seminaires\/2019-10-que-disent-nos-reves\/\">Les images arch\u00e9typiques dans les r\u00eaves, les reconna\u00eetre<\/a> (octobre 2019)<\/li>\n<li><a href=\"https:\/\/www.cgjung.net\/espace\/seminaires\/2019-11-psychologie-profondeurs\/\">D\u00e9couvrir si l\u2019on est extraverti ou introverti et ses fonctions<\/a> (novembre 2019)<\/li>\n<li><a href=\"https:\/\/www.cgjung.net\/espace\/seminaires\/2019-12-harcelement-emprise\/\">Incroyable ! L\u2019imagination des manipulateurs d\u00e9fie l\u2019entendement<\/a> (d\u00e9cembre 2019)<\/li>\n<li><a href=\"https:\/\/www.cgjung.net\/espace\/seminaires\/2020-01-a-lecoute-des-reves\/\">A l&rsquo;\u00e9coute des r\u00eaves<\/a>\u00a0(janvier 2020)<\/li>\n<\/ul>\n\n<div><h1>S\u00e9minaires p\u00e9riode d&rsquo;avril 2017 \u00e0 avril 2023<\/h1>\n<ul>\n<li><a href=\"https:\/\/www.cgjung.net\/espace\/seminaires\/seminaires-2017-2023\/\">S\u00e9minaires de formation d&rsquo;avril 2017 \u00e0 avril 2023<\/a>\n<ul>\n<li><a href=\"https:\/\/www.cgjung.net\/espace\/seminaires\/que-disent-nos-reves-seminaire-en-ligne\/\">Approche jungienne des r\u00eaves<\/a><\/li>\n<li><a href=\"https:\/\/www.cgjung.net\/espace\/seminaires\/psychologie-des-profondeurs-seminaire-en-ligne\/\">Psychologie des profondeurs selon C.G. Jung<\/a><\/li>\n<li><a href=\"https:\/\/www.cgjung.net\/espace\/seminaires\/harcelement-relations-emprise\/\">Harc\u00e8lement et relations d\u2019emprise : comment s\u2019en lib\u00e9rer ?<\/a><\/li>\n<\/ul>\n<\/li>\n<\/ul>\n<\/div>\n","protected":false},"excerpt":{"rendered":"<p>Pour m\u00e9moire, voici le contenu de ce s\u00e9minaire organis\u00e9 dans la p\u00e9riode d&rsquo;avril 2017 \u00e0 avril 2023 : Pourquoi assister \u00e0 ce s\u00e9minaire en ligne ? Pour \u00e9clairer des situations d\u2019emprise, se positionner, s\u2019en lib\u00e9rer et entreprendre une reconstruction de soi conforme \u00e0 sa vraie nature. Ce s\u00e9minaire de formation \u00e0 une finalit\u00e9 avant tout [&hellip;]<\/p>\n","protected":false},"author":1,"featured_media":0,"parent":8959,"menu_order":115,"comment_status":"closed","ping_status":"closed","template":"","meta":{"footnotes":""},"class_list":["post-15056","page","type-page","status-publish","hentry"],"_links":{"self":[{"href":"https:\/\/www.cgjung.net\/espace\/wp-json\/wp\/v2\/pages\/15056","targetHints":{"allow":["GET"]}}],"collection":[{"href":"https:\/\/www.cgjung.net\/espace\/wp-json\/wp\/v2\/pages"}],"about":[{"href":"https:\/\/www.cgjung.net\/espace\/wp-json\/wp\/v2\/types\/page"}],"author":[{"embeddable":true,"href":"https:\/\/www.cgjung.net\/espace\/wp-json\/wp\/v2\/users\/1"}],"replies":[{"embeddable":true,"href":"https:\/\/www.cgjung.net\/espace\/wp-json\/wp\/v2\/comments?post=15056"}],"version-history":[{"count":26,"href":"https:\/\/www.cgjung.net\/espace\/wp-json\/wp\/v2\/pages\/15056\/revisions"}],"predecessor-version":[{"id":15058,"href":"https:\/\/www.cgjung.net\/espace\/wp-json\/wp\/v2\/pages\/15056\/revisions\/15058"}],"up":[{"embeddable":true,"href":"https:\/\/www.cgjung.net\/espace\/wp-json\/wp\/v2\/pages\/8959"}],"wp:attachment":[{"href":"https:\/\/www.cgjung.net\/espace\/wp-json\/wp\/v2\/media?parent=15056"}],"curies":[{"name":"wp","href":"https:\/\/api.w.org\/{rel}","templated":true}]}}