{"id":14931,"date":"2021-01-18T06:23:42","date_gmt":"2021-01-18T05:23:42","guid":{"rendered":"https:\/\/www.cgjung.net\/espace\/?page_id=14931"},"modified":"2022-02-19T17:10:22","modified_gmt":"2022-02-19T16:10:22","slug":"jung-nietzsche","status":"publish","type":"page","link":"https:\/\/www.cgjung.net\/espace\/accueil\/jung-nietzsche\/","title":{"rendered":"Jung \/ Nietzsche, rendez-vous et \u00e9vitement"},"content":{"rendered":"<p style=\"text-align: justify;\"><strong>Jung a \u00e9t\u00e9 fascin\u00e9 par beaucoup des id\u00e9es et par la mani\u00e8re de les exprimer de Nietzsche. Il a trouv\u00e9 chez ce philosophe des concepts et des r\u00e9ponses qui ont nourri son \u0153uvre.<\/strong><\/p>\n<p style=\"text-align: right;\"><a href=\"https:\/\/www.cgjung.net\/espace\/cg-jung\/avertissement\/\">Ariane Callot<\/a><\/p>\n<p><img loading=\"lazy\" decoding=\"async\" class=\"size-full wp-image-15271 aligncenter\" src=\"https:\/\/www.cgjung.net\/espace\/wp-content\/uploads\/2021\/01\/nietzsche-jung.jpg\" alt=\"\" width=\"443\" height=\"300\" \/><\/p>\n<p style=\"text-align: center;\">Friedrich Nietzche (1844-1900) &#8211; Carl Gustav Jung (1875-1961)<\/p>\n<h2>Jung, un adolescent tourment\u00e9<\/h2>\n<p style=\"text-align: justify;\">Le jeune Jung (n\u00e9 en 1875) \u00e9tait un adolescent introverti, tourment\u00e9. Perdu dans un oc\u00e9an de doutes et d&rsquo;interrogations, il cherchait une bou\u00e9e \u00e0 laquelle s&rsquo;accrocher.<\/p>\n<p style=\"text-align: justify;\">La famille ? Un p\u00e8re Pasteur un peu transparent. Une m\u00e8re inqui\u00e9tante, des oncles eux aussi pasteurs.<\/p>\n<p style=\"text-align: justify;\">La religion ? Il ressent d\u00e9j\u00e0 combien la foi de son p\u00e8re est faible et les arguments de ses oncles sont peu convaincants.<\/p>\n<p style=\"text-align: justify;\">La philosophie ? Tr\u00e8s jeune, il commence \u00e0 chercher des r\u00e9ponses dans des manuels ou chez des auteurs dont il esp\u00e8re recevoir quelques lumi\u00e8res. Il est d\u00e9\u00e7u dans sa qu\u00eate.<\/p>\n<p style=\"text-align: justify;\">Se faire confiance ? Il se sent mal \u00e0 l&rsquo;aise, on pourrait presque dire ill\u00e9gitime. Il a l&rsquo;impression que sa personne publique cohabite avec une autre personne beaucoup plus \u00e2g\u00e9e. Cette personne l\u00e0, cet Autre en lui, poss\u00e8de des connaissances auxquelles il ne veut pas trop penser car il les pressent dangereuses pour son \u00e9quilibre.<\/p>\n<p style=\"text-align: justify;\">Que va devenir cet adolescent compliqu\u00e9, pas tr\u00e8s diff\u00e9rent de certains adolescents d&rsquo;aujourd&rsquo;hui ? Ce qui va le sauver, le faire passer au-dessus de tous ses probl\u00e8mes existentiels, le moteur de toute sa vie : l&rsquo;intense curiosit\u00e9 \u00e0 laquelle il ne sut jamais r\u00e9sister.<\/p>\n<h2>Le <em>Faust<\/em> de Goethe, un baume miraculeux<\/h2>\n<p style=\"text-align: justify;\">La m\u00e8re de Jung, sans autre explication, lui conseille un jour de lire le <em>Faust<\/em> de Goethe. Le vieux Jung se souvient de ce moment quand il \u00e9crit dans <a href=\"https:\/\/www.cgjung.net\/oeuvre\/ma_vie_folio.htm\"><em>Ma vie<\/em><\/a> :<\/p>\n<blockquote><p>\u00ab\u00a0Ce fut comme un baume miraculeux qui coula dans mon \u00e2me.\u00a0\u00bb<\/p><\/blockquote>\n<p style=\"text-align: justify;\">Le coll\u00e9gien est s\u00e9duit par un auteur qui prend le diable au s\u00e9rieux et qui invente un personnage capable de lui vendre son \u00e2me.<\/p>\n<p style=\"text-align: justify;\">Toute sa vie Jung restera fid\u00e8le \u00e0 Goethe qu&rsquo;il consid\u00e9rera comme une sorte de proph\u00e8te. Il fera de fr\u00e9quentes allusions au <em>Faust<\/em>, consid\u00e9rant que la seconde partie est une grande \u0153uvre alchimique. Le <em>Faust<\/em> est donc la premi\u00e8re grande rencontre du jeune Jung avant celle, beaucoup plus compliqu\u00e9e, de Nietzsche.<\/p>\n<h2>Les racontars sur Nietzsche<\/h2>\n<p style=\"text-align: justify;\">Au d\u00e9but de ses ann\u00e9es universitaires, Nietzsche a fait le choix de privil\u00e9gier sa personne publique et de mettre le couvercle sur les tourments de son adolescence. Cependant, il est toujours conscient de sa fragilit\u00e9 psychique et de la pr\u00e9sence en lui de cet Autre inqui\u00e9tant, maintenant rel\u00e9gu\u00e9 \u00e0 l&rsquo;arri\u00e8re-plan.<\/p>\n<p style=\"text-align: justify;\">Nietzsche, qui avait termin\u00e9 le <em>Zarathoustra<\/em> alors que Jung avait dix ans, \u00e9tait peu appr\u00e9ci\u00e9 dans le milieu universitaire. On colportait beaucoup de rumeurs peu sympathiques et d&rsquo;anecdotes \u00e0 son sujet et on parlait plus du personnage que de ses id\u00e9es. M\u00eame au sujet de sa philosophie, il \u00e9tait tr\u00e8s critiqu\u00e9 par les soi-disant comp\u00e9tents qui souvent ne l&rsquo;avaient m\u00eame pas lu.<\/p>\n<p style=\"text-align: justify;\">Quand il \u00e9tait adolescent, un philosophe aussi rejet\u00e9 par ses semblables aurait pu fasciner Jung mais le jeune homme a d\u00e9cid\u00e9 d&rsquo;\u00e9viter tout ce qui pourrait le perturber et il h\u00e9site \u00e0 entamer la lecture de ce sulfureux auteur.<\/p>\n<p>Cependant, l&rsquo;intense curiosit\u00e9 est la plus forte et balaye ses craintes.<\/p>\n<h2>Le choc de la lecture du <em>Zarathoustra<\/em><\/h2>\n<p style=\"text-align: justify;\">Il lit d&rsquo;abord <em>les Consid\u00e9rations inactuelles <\/em>qui l&rsquo;enthousiasment. Peut-\u00eatre rassur\u00e9, il se d\u00e9cide alors \u00e0 plonger dans le <em>Zarathoustra<\/em>.&nbsp;<\/p>\n<p style=\"text-align: justify;\">Cette lecture provoque chez lui un v\u00e9ritable choc. Il \u00e9crira \u00e0 l&rsquo;apog\u00e9e de sa vie que ce fut l&rsquo;une des plus fortes impressions qu&rsquo;il re\u00e7ut. Plus, le <em>Zarathoustra<\/em> lui semble avoir des ressemblances avec cet Autre en lui qu&rsquo;il a tellement refoul\u00e9.<\/p>\n<p style=\"text-align: justify;\">Chez Jung, m\u00eame dans sa jeunesse, apr\u00e8s les moments intenses, venaient toujours la r\u00e9flexion et la recherche du sens. L\u2019interrogation et une r\u00e9flexion sur lui m\u00eame sont in\u00e9vitables.<\/p>\n<p style=\"text-align: justify;\">Il se persuade du c\u00f4t\u00e9 morbide du personnage de <em>Zarathoustra<\/em> et du fait que Nietzsche est devenu un poss\u00e9d\u00e9, un homme que la soci\u00e9t\u00e9 rejette. Il a trop peur que quelque chose en lui ressemble \u00e0 cet homme dangereux et \u00e0 sa trop fascinante cr\u00e9ature.<\/p>\n<p style=\"text-align: justify;\">Chez cet \u00e9tudiant qui veut r\u00e9ussir sa vie ext\u00e9rieure, l\u2019empirisme l&#8217;emporte. Il refuse l&rsquo;irr\u00e9alit\u00e9 de Nietzsche et, consciemment, rompt pour longtemps avec le <em>Zarathoustra.<\/em><\/p>\n<p style=\"text-align: justify;\">Une telle impression ne peut que laisser des traces, m\u00eame si elles ne sont pas conscientes. L\u2019\u00e9motion occasionn\u00e9e par Nietzsche, la force de l&#8217;empreinte et le refus de se laisser aller \u00e0 une dangereuse fascination deviennent chez Jung, \u00e0 partir de cette \u00e9poque, un fort courant souterrain parfois inavou\u00e9, parfois revendiqu\u00e9.<\/p>\n<h2>De quoi Jung a-t-il vraiment peur ?<\/h2>\n<p style=\"text-align: justify;\">Les raisons profondes de l&rsquo;\u00e9chec de ce premier rendez-vous de l&rsquo;\u00e9tudiant Jung avec Nietzsche demandent \u00e0 \u00eatre creus\u00e9es. Quand on voit combien dans son \u0153uvre l&rsquo;impr\u00e9gnation nietzsch\u00e9enne est forte, des raisons sociales ou la simple crainte d&rsquo;\u00eatre perturb\u00e9 par une lecture semblent insuffisantes.<\/p>\n<p>Il me semble que c&rsquo;est surtout de lui m\u00eame que Jung a peur.<\/p>\n<p style=\"text-align: justify;\">Encore tr\u00e8s jeune il porte d\u00e9j\u00e0 un regard lucide sur sa propre fragilit\u00e9 psychique. Il est conscient, m\u00eame si il a fait des efforts pour l&rsquo;occulter, que la pr\u00e9sence en lui de deux personnalit\u00e9s repr\u00e9sente une menace de dissociation psychique.<\/p>\n<p style=\"text-align: justify;\">Il ne suffit pas de rejeter des pens\u00e9es pour les effacer. Ce qui le trouble c&rsquo;est le sentiment de secr\u00e8te parent\u00e9 qu&rsquo;il \u00e9prouve envers ce philosophe si critiqu\u00e9.<\/p>\n<p style=\"text-align: justify;\">Il exprimera ses v\u00e9ritables craintes, toute \u00e0 la fin de son existence dans son livre <em>Ma vie<\/em>. Il \u00e9tait angoiss\u00e9 \u00e0 l\u2019id\u00e9e de lui ressembler, d&rsquo;avoir des aventures int\u00e9rieures que personne ne comprendrait, d&rsquo;\u00eatre une sorte de monstre. En r\u00e9sum\u00e9, il ne voulait pas comme Nietzsche, \u00eatre un d\u00e9s\u00e9quilibr\u00e9.<\/p>\n<h2>Rencontres conscientes et inconscientes<\/h2>\n<p style=\"text-align: justify;\">Consciemment, Jung avait, dans sa jeunesse, rejet\u00e9 Nietzsche. Cependant, l&rsquo;influence, parfois souterraine, du philosophe est essentielle. C&rsquo;est d\u00e9j\u00e0 vrai \u00e0 l&rsquo;\u00e9poque o\u00f9 il disait l&rsquo;avoir repouss\u00e9 loin de ses pens\u00e9es. Dans une lettre dat\u00e9e de l&rsquo;ann\u00e9e de sa mort, il \u00e9crit que Nietzsche fut le seul \u00e0 lui apporter certaines r\u00e9ponses \u00e0 des questions qu&rsquo;il ressentait plus qu&rsquo;il ne les pensait.<\/p>\n<p style=\"text-align: justify;\">L\u2019\u0153uvre tardive de Jung est \u00e9maill\u00e9e de propos flatteurs sur Nietzsche. Dans <em>Probl\u00e8mes de l&rsquo;\u00e2me moderne<\/em> il lui attribue la qualit\u00e9 de grand philosophe, le plus original de son temps. Dans une lettre de la fin de sa vie il lui accorde le r\u00f4le important d&rsquo;avoir \u00e9t\u00e9 son initiateur en psychologie.<\/p>\n<p style=\"text-align: justify;\">Il y a beaucoup de ph\u00e9nom\u00e8nes de r\u00e9sonance entre les deux auteurs\/chercheurs. Par exemple leur int\u00e9r\u00eat commun pour les r\u00eaves, leur vision tr\u00e8s particuli\u00e8re de la maladie, leur qu\u00eate sur Dieu.<\/p>\n<h2>Fascination et r\u00e9pulsion<\/h2>\n<p style=\"text-align: justify;\">Plus importante que tout, l&rsquo;influence du <em>Zarathoustra<\/em> sur Jung qui, selon ses dires, le relit en profondeur en 1914. Je pense qu&rsquo;il \u00e9tait pr\u00e9sent en Jung bien avant cette date. Cette influence est \u00e9vidente dans le fond et dans la forme du <a href=\"https:\/\/www.cgjung.net\/livrerouge\/index.htm\"><em>Livre Rouge<\/em><\/a>, en particulier sous le d\u00e9guisement gnostique des <em>Sept Sermons aux morts<\/em>.<\/p>\n<p>Il a consacr\u00e9 plusieurs s\u00e9minaires au&nbsp;<em>Zarathoustra&nbsp;<\/em>de 1934 \u00e0 1939.<\/p>\n<p style=\"text-align: justify;\">Il craignait d\u2019\u00eatre contamin\u00e9 par le d\u00e9s\u00e9quilibre psychologique de Nietzsche. Surtout, sa grande lucidit\u00e9 devait lui faire comprendre que ce Nietzsche l\u00e0 \u00e9tait probablement tapi dans sa propre ombre.<\/p>\n<p style=\"text-align: right;\"><a href=\"https:\/\/www.cgjung.net\/espace\/cg-jung\/avertissement\/\">Ariane Callot<\/a>, janvier 2021<\/p>\n<p><a href=\"https:\/\/www.cgjung.net\/contact.htm\"><strong>Adresser un message \u00e0 Ariane Callot<\/strong><\/a><\/p>\n<p>&nbsp;<\/p>\n<h2>Articles Ariane Callot<\/h2>\n<ul>\n<li><a href=\"https:\/\/www.cgjung.net\/espace\/accueil\/ariane-callot\/pouvoir-jugement\/\">Les affam\u00e9s de pouvoir ont-ils un jugement unilat\u00e9ral ?<\/a><\/li>\n<li><a href=\"https:\/\/www.cgjung.net\/espace\/accueil\/ariane-callot\/vieil-homme-enfant\/\">Jung : le vieil homme et l\u2019enfant<\/a><\/li>\n<li><a href=\"https:\/\/www.cgjung.net\/espace\/accueil\/ariane-callot\/individuation-individualisme\/\">Individuation et individualisme<\/a><\/li>\n<li><a href=\"https:\/\/www.cgjung.net\/espace\/accueil\/ariane-callot\/jung-et-la-geomancie\/\">C.G. Jung et la g\u00e9omancie<\/a><\/li>\n<li><a href=\"https:\/\/www.cgjung.net\/espace\/accueil\/ariane-callot\/citations-jung\/\">Sur l\u2019utilisation des citations de Carl Gustav Jung<\/a><\/li>\n<li><a href=\"https:\/\/www.cgjung.net\/espace\/accueil\/ariane-callot\/representations-theatrales-serie-reves\/\">Prologues aux repr\u00e9sentations th\u00e9\u00e2trales d\u2019une s\u00e9rie de r\u00eaves<\/a><\/li>\n<li><a href=\"https:\/\/www.cgjung.net\/espace\/accueil\/ariane-callot\/psyche-champ-de-bataille\/\">Quand la psych\u00e9 est un champ de bataille<\/a><\/li>\n<li><a href=\"https:\/\/www.cgjung.net\/espace\/accueil\/ariane-callot\/horloge-du-monde\/\">C.G. Jung et l\u2019Horloge du Monde<\/a><\/li>\n<li><a href=\"https:\/\/www.cgjung.net\/espace\/accueil\/ariane-callot\/frank-herbert-jung\/\">Carl Gustav Jung et l\u2019\u0153uvre de Frank Herbert<\/a><\/li>\n<li><a href=\"https:\/\/www.cgjung.net\/espace\/accueil\/pauli-jung-femme-inconnue\/\">Wolfgang Pauli, Carl Gustav Jung et la femme inconnue<\/a><\/li>\n<li><a href=\"https:\/\/www.cgjung.net\/espace\/accueil\/trois-oeuvres-essentielles\/\">L\u2019inspiration alchimique de Jung dans trois \u0153uvres essentielles<\/a><\/li>\n<li><a href=\"https:\/\/www.cgjung.net\/espace\/accueil\/ariane-callot\/psychologie-alchimie\/\">Comment aborder le livre de C.G. Jung Psychologie et Alchimie ?<\/a><\/li>\n<li><a href=\"https:\/\/www.cgjung.net\/espace\/accueil\/ariane-callot\/arbre-philosophique\/\">Carl Gustav Jung et l\u2019arbre philosophique<\/a><\/li>\n<li><a href=\"https:\/\/www.cgjung.net\/espace\/accueil\/ariane-callot\/reponse-job-jung-et-ses-detracteurs\/\">R\u00e9ponse \u00e0 Job : Jung et ses d\u00e9tracteurs<\/a><\/li>\n<li><a href=\"https:\/\/www.cgjung.net\/espace\/accueil\/ariane-callot\/termes-alchimiques\/\">Les termes alchimiques \u00e9clair\u00e9s par Dom Pernety et C.G. Jung<\/a><\/li>\n<li><a href=\"https:\/\/www.cgjung.net\/espace\/accueil\/les-dedoublements-du-thesard\/\">Les d\u00e9doublements du th\u00e9sard<\/a><\/li>\n<li><a href=\"https:\/\/www.cgjung.net\/espace\/accueil\/ariane-callot\/rencontres-bernard-kaempf\/\">Rencontres autour de Jung avec Bernard Kaempf<\/a><\/li>\n<li><a href=\"https:\/\/www.cgjung.net\/espace\/accueil\/alchimie-poetique\/\">Jung, Rimbaud, vers l\u2019alchimie po\u00e9tique<\/a><\/li>\n<li><a href=\"https:\/\/www.cgjung.net\/espace\/accueil\/jung-nerval-aurelia\/\">Carl Gustav Jung, G\u00e9rard de Nerval et Aur\u00e9lia<\/a><\/li>\n<li><a href=\"https:\/\/www.cgjung.net\/espace\/accueil\/jung-nietzsche-dieu-ne-peut-pas-mourir\/\">Jung \/ Nietzsche&nbsp;: Dieu ne peut pas mourir<\/a><\/li>\n<li><a href=\"https:\/\/www.cgjung.net\/espace\/accueil\/jung-nietzsche-maladie\/\">Jung \/ Nietzsche&nbsp;: le c\u00f4t\u00e9 positif\/n\u00e9gatif de la maladie<\/a><\/li>\n<li><a href=\"https:\/\/www.cgjung.net\/espace\/accueil\/jung-nietzsche\/\">Jung \/ Nietzsche, rendez-vous et \u00e9vitement<\/a><\/li>\n<\/ul>\n<p><em>Articles co-\u00e9crits avec Jean-Pierre Robert :<\/em><\/p>\n<ul>\n<li><a href=\"https:\/\/www.cgjung.net\/espace\/accueil\/psychologie-carl-gustav-jung\/\">La psychologie de Carl Gustav Jung expliqu\u00e9e clairement<\/a><\/li>\n<li><a href=\"https:\/\/www.cgjung.net\/espace\/accueil\/carl-gustav-jung-junichiro-tanizaki\/\">Carl Gustav Jung et Junichir\u00f4 Tanizaki font l\u2019\u00e9loge de l\u2019ombre<\/a><\/li>\n<\/ul>\n<p><em>Trois rubriques compl\u00e8tent cette liste d&rsquo;articles :<\/em><\/p>\n<p><a href=\"https:\/\/www.cgjung.net\/espace\/cg-jung\/\">Recherches sur Jung<\/a>&nbsp;|&nbsp;<a href=\"https:\/\/www.cgjung.net\/espace\/ariaga-ecrits-jung\/\">\u00c9crits sur Jung<\/a> | <a href=\"https:\/\/www.cgjung.net\/espace\/ariaga-poesie\/\">Po\u00e9sie Ariaga<\/a><\/p>\n\n","protected":false},"excerpt":{"rendered":"<p>Jung a \u00e9t\u00e9 fascin\u00e9 par beaucoup des id\u00e9es et par la mani\u00e8re de les exprimer de Nietzsche. Il a trouv\u00e9 chez ce philosophe des concepts et des r\u00e9ponses qui ont nourri son \u0153uvre. Ariane Callot Friedrich Nietzche (1844-1900) &#8211; Carl Gustav Jung (1875-1961) Jung, un adolescent tourment\u00e9 Le jeune Jung (n\u00e9 en 1875) \u00e9tait un [&hellip;]<\/p>\n","protected":false},"author":1,"featured_media":0,"parent":53,"menu_order":17,"comment_status":"closed","ping_status":"closed","template":"","meta":{"footnotes":""},"class_list":["post-14931","page","type-page","status-publish","hentry"],"_links":{"self":[{"href":"https:\/\/www.cgjung.net\/espace\/wp-json\/wp\/v2\/pages\/14931","targetHints":{"allow":["GET"]}}],"collection":[{"href":"https:\/\/www.cgjung.net\/espace\/wp-json\/wp\/v2\/pages"}],"about":[{"href":"https:\/\/www.cgjung.net\/espace\/wp-json\/wp\/v2\/types\/page"}],"author":[{"embeddable":true,"href":"https:\/\/www.cgjung.net\/espace\/wp-json\/wp\/v2\/users\/1"}],"replies":[{"embeddable":true,"href":"https:\/\/www.cgjung.net\/espace\/wp-json\/wp\/v2\/comments?post=14931"}],"version-history":[{"count":85,"href":"https:\/\/www.cgjung.net\/espace\/wp-json\/wp\/v2\/pages\/14931\/revisions"}],"predecessor-version":[{"id":18677,"href":"https:\/\/www.cgjung.net\/espace\/wp-json\/wp\/v2\/pages\/14931\/revisions\/18677"}],"up":[{"embeddable":true,"href":"https:\/\/www.cgjung.net\/espace\/wp-json\/wp\/v2\/pages\/53"}],"wp:attachment":[{"href":"https:\/\/www.cgjung.net\/espace\/wp-json\/wp\/v2\/media?parent=14931"}],"curies":[{"name":"wp","href":"https:\/\/api.w.org\/{rel}","templated":true}]}}