{"id":14925,"date":"2021-04-08T06:55:31","date_gmt":"2021-04-08T04:55:31","guid":{"rendered":"https:\/\/www.cgjung.net\/espace\/?page_id=14925"},"modified":"2022-02-19T17:06:55","modified_gmt":"2022-02-19T16:06:55","slug":"trois-oeuvres-essentielles","status":"publish","type":"page","link":"https:\/\/www.cgjung.net\/espace\/accueil\/trois-oeuvres-essentielles\/","title":{"rendered":"L&rsquo;inspiration alchimique de Jung dans trois \u0153uvres essentielles"},"content":{"rendered":"<p style=\"text-align: justify;\"><strong>Ariane Callot d\u00e9crit comment, \u00e0 partir de trois ouvrages majeurs, C.G. Jung \u00e9difie les fondements historiques de la psychologie des profondeurs. Un pont est ainsi \u00e9tabli entre sa confrontation avec l&rsquo;inconscient et les courants comme l&rsquo;alchimie, la religion, la philosophie et la psychologie.<\/strong><\/p>\n<p style=\"text-align: right;\"><em><a href=\"https:\/\/www.cgjung.net\/espace\/cg-jung\/avertissement\/\">Ariane Callot<\/a> &#8211; Avril 2021<\/em><\/p>\n<p><img loading=\"lazy\" decoding=\"async\" class=\"size-full wp-image-4671 aligncenter\" src=\"https:\/\/www.cgjung.net\/espace\/wp-content\/uploads\/2017\/06\/livres-alchimie-jung.jpg\" alt=\"\" width=\"640\" height=\"480\" srcset=\"https:\/\/www.cgjung.net\/espace\/wp-content\/uploads\/2017\/06\/livres-alchimie-jung.jpg 640w, https:\/\/www.cgjung.net\/espace\/wp-content\/uploads\/2017\/06\/livres-alchimie-jung-300x225.jpg 300w\" sizes=\"auto, (max-width: 640px) 100vw, 640px\" \/><\/p>\n<h2>Les fondements historiques de la Psychologie des profondeurs<span style=\"color: #000000;\"><br \/>\n<\/span><\/h2>\n<p style=\"text-align: justify;\">Jung pensait que, sans continuit\u00e9, il \u00e9tait impossible de fonder une th\u00e9orie solide. Il s&rsquo;\u00e9tait beaucoup int\u00e9ress\u00e9 aux gnostiques, qui avaient, \u00e0 leur mani\u00e8re, rencontr\u00e9 l&rsquo;inconscient profond mais il lui semblait qu&rsquo;une cha\u00eene \u00e9tait rompue et il n&rsquo;\u00e9tait pas satisfait.<\/p>\n<p style=\"text-align: justify;\">Comme il le raconte dans <em>Ma vie<\/em>, il lui \u00e9tait impossible de \u00ab\u00a0trouver un pont entre la gnose, ou le n\u00e9o-platonisme, et le pr\u00e9sent\u00a0\u00bb.<\/p>\n<p style=\"text-align: justify;\">Pendant de longues ann\u00e9es, apr\u00e8s un lent d\u00e9cryptage des obscurs trait\u00e9s des anciens alchimistes du Moyen \u00c2ge, il lui vint l&rsquo;intuition d&rsquo;avoir retrouv\u00e9 le maillon perdu de la cha\u00eene. En tant que philosophie de la Nature, l&rsquo;alchimie \u00e9tait presque certainement ce pont, tant recherch\u00e9, entre la gnose et la psychologie de l&rsquo;inconscient.<\/p>\n<p style=\"text-align: justify;\">Le lien de Jung avec l&rsquo;univers, et surtout la symbolique, des alchimistes existait d&rsquo;une mani\u00e8re latente mais le cheminement fut long. Il aboutit \u00e0 trois ouvrages majeurs :<em> Psychologie et alchimie, Psychologie du transfert, et Mysterium conjonctionis.<\/em><\/p>\n<h2><em>Psychologie et alchimie&nbsp;<\/em><\/h2>\n<p style=\"text-align: justify;\">C&rsquo;est en 1944, quelques mois apr\u00e8s avoir fr\u00f4l\u00e9 la mort que Jung publie <em>Psychologie et alchimie<\/em>.<\/p>\n<p style=\"text-align: justify;\">Jung ne brillait pas par sa patience et il \u00e9tait agac\u00e9 par le fait que ses lecteurs ne semblaient pas le comprendre quand il parlait d&rsquo;alchimie. Il propose donc dans cet ouvrage un r\u00e9sum\u00e9 des concepts de base et des diff\u00e9rentes phases du processus alchimique.<\/p>\n<p style=\"text-align: justify;\">Pour expliquer les propos obscurs et les motivations des anciens Philosophes de la Nature il enseigne, \u00e0 sa mani\u00e8re, leur vocabulaire. Il semblerait que ce travail didactique ne l&rsquo;ait pas du tout amus\u00e9 et il le fait une fois pour toutes. Il consid\u00e9rera, pour ses livres suivants, que les lecteurs ont lu le foisonnant <em>Psychologie et alchimie<\/em>, ce qui est passionnant mais pas toujours facile.<\/p>\n<p style=\"text-align: justify;\">\u00c9videmment, il y a autre chose que de la didactique dans ce livre essentiel.<\/p>\n<p style=\"text-align: justify;\">Il se propose de d\u00e9crire l&rsquo;essence de l&rsquo;alchimie en \u00e9tudiant ses relations avec la religion, la philosophie et la psychologie.<\/p>\n<p style=\"text-align: justify;\">Il analyse une s\u00e9rie de r\u00eaves sur le plan symbolique et structurel. M\u00eame si il les pr\u00e9sente de mani\u00e8re anonyme, on sait qu&rsquo;il s&rsquo;agit des r\u00eaves de Wolfgang Pauli. Cela le conduit \u00e0 une remarquable \u00e9tude sur la symbolique du <em>mandala<\/em>.<\/p>\n<p style=\"text-align: justify;\">Il pense, \u00e0 partir de cet ouvrage, avoir fond\u00e9 le r\u00e9sultat de sa confrontation avec l&rsquo;inconscient. Il lui semble aussi qu&rsquo;on peut voir une concordance entre son propre processus de m\u00e9tamorphose et les phases de la m\u00e9tamorphose alchimique telles qu&rsquo;il les d\u00e9crit.<\/p>\n<h2><em>Psychologie du transfert<\/em><\/h2>\n<p style=\"text-align: justify;\">Jung publie<em> Psychologie du transfert<\/em> en 1946.<\/p>\n<p style=\"text-align: justify;\">Comme Freud, il consid\u00e8re qu&rsquo;un probl\u00e8me essentiel de l&rsquo;analyse est le transfert. Mais, dans cet ouvrage, il veut aussi montrer les similitudes entre sa propre psychologie et l&rsquo;alchimie. Il s&rsquo;appuie pour cela sur un trait\u00e9 de 1550 intitul\u00e9 <em>Rosarium philosophorum<\/em> (le Rosaire des philosophes). Il veut montrer que l&rsquo;\u00e9change entre l&rsquo;analyste et l&rsquo;analysant atteint une dimension qui d\u00e9passe leurs deux personnes.<\/p>\n<p style=\"text-align: justify;\">Jung compare la relation entre les deux protagonistes de l\u2019analyse aux manifestations symboliques des principes masculins et f\u00e9minins qui conduisent au mariage du couple repr\u00e9sent\u00e9 par le roi et la reine.<\/p>\n<p style=\"text-align: justify;\">Il pense que la situation psychique entre l&rsquo;analyste et l&rsquo;analysant est, quand ils sont de sexe oppos\u00e9, semblable \u00e0 celle de l&rsquo;alchimiste et de sa s\u0153ur mystique quand ils travaillent ensemble dans leur laboratoire-oratoire. En effet, quand ils cherchent \u00e0 transformer le contenu de ce qu&rsquo;ils appellent le vase, c&rsquo;est \u00e0 leur propre transformation qu&rsquo;ils \u0153uvrent.<\/p>\n<h2 style=\"text-align: justify;\"><em>Mysterium conjunctionis<\/em><\/h2>\n<p style=\"text-align: justify;\">Pendant les ann\u00e9es qui suivent la publication des deux pr\u00e9c\u00e9dents ouvrages, Jung ne cesse d&rsquo;amplifier ses recherches sur les correspondances entre l&rsquo;alchimie et la psychologie des profondeurs. Il effectue un travail hercul\u00e9en pour engranger les mat\u00e9riaux n\u00e9cessaires \u00e0 l&rsquo;\u00e9criture des trois tomes pr\u00e9vus de <em>Mysterium conjonctionis.<\/em><\/p>\n<p style=\"text-align: justify;\">Il pousse tr\u00e8s loin le parall\u00e8le entre ses propres id\u00e9es et les textes des alchimistes du Moyen \u00c2ge. Un de ses principaux appuis est l\u2019\u0153uvre d&rsquo;un alchimiste de la fin du XVI\u00b0 si\u00e8cle : G\u00e9rard Dorn. Il traduit en termes psychologiques les trois phases d\u00e9termin\u00e9es par Dorn pour aller vers une unit\u00e9 de l&rsquo;homme et du monde. Pour Jung ces phases ont des points communs avec le processus d&rsquo;individuation.<\/p>\n<p style=\"text-align: justify;\">C&rsquo;est seulement dans les derni\u00e8res ann\u00e9es de sa vie, en 1955 et 1956, que paraissent les deux premiers tomes, en gestation depuis longtemps. Il les avait \u00e9crits en \u00e9troite collaboration avec sa \u00ab\u00a0s\u0153ur alchimique\u00a0\u00bb Marie Louise von Franz. Quand para\u00eet l\u2019ann\u00e9e suivante le troisi\u00e8me tome elle le signe seule sous le titre de <em>Aurora consurgens<\/em> (le lever de l&rsquo;aurore).<\/p>\n<p style=\"text-align: justify;\">Cette \u0153uvre monumentale met en \u00e9vidence une culture difficilement imaginable.<\/p>\n<p style=\"text-align: justify;\">Jung d\u00e9crit toutes les composantes symboliques, l&rsquo;infinit\u00e9 des paradoxes, les multiples personnifications qui repr\u00e9sentent les contraires. L\u2019\u0153uvre est digne des plus grands textes des Philosophes de la Nature et montre l&rsquo;\u00e9volution du processus alchimique jusqu&rsquo;\u00e0 son aboutissement : la <em>conjunctio <\/em>symbolis\u00e9e par l&rsquo;union du c\u00f4t\u00e9 obscur f\u00e9minin au c\u00f4t\u00e9 lumineux masculin.<\/p>\n<h2>Jung a rempli sa mission<\/h2>\n<p style=\"text-align: justify;\">\u00c0 partir de<em> Mysterium conjonctionis<\/em>, Jung consid\u00e8re qu&rsquo;il a rempli sa mission qui \u00e9tait d&rsquo;\u00e9tablir, gr\u00e2ce \u00e0 l&rsquo;alchimie, les fondements historiques de la psychologie des profondeurs.<\/p>\n<p style=\"text-align: justify;\">Il ne peut pas aller plus loin sans d\u00e9passer les limites du rationnel. En effet, il voulait rester scientifique m\u00eame si, pendant la seconde partie de son existence, il s&rsquo;est parfois permis de laisser s&rsquo;exprimer un num\u00e9ro deux int\u00e9rieur ayant tendance \u00e0 franchir la fronti\u00e8re. Mais il se reprenait toujours et tentait le plus possible de conceptualiser ses d\u00e9couvertes.<\/p>\n<p>Il pense que gr\u00e2ce au <em>Mysterium conjonctionis <\/em>sa psychologie \u00e0 trouv\u00e9 une place dans le r\u00e9el et concluait :<\/p>\n<blockquote>\n<p style=\"text-align: justify;\">\u00ab\u00a0Au moment o\u00f9 j&rsquo;atteignais au fond solide, je touchai en m\u00eame temps \u00e0 la limite extr\u00eame de ce qui \u00e9tait pour moi scientifiquement saisissable, au transcendant, \u00e0 l&rsquo;essence de l&rsquo;arch\u00e9type en lui m\u00eame \u00e0 propos de laquelle on ne saurait plus rien formuler de scientifique.\u00a0\u00bb <em>Ma vie<\/em>, p. 258<\/p>\n<\/blockquote>\n<h2>Ouvrages sur lesquels s&rsquo;appuie cet article<\/h2>\n<ul>\n<li><a href=\"https:\/\/www.cgjung.net\/oeuvre\/psychologie_alchimie.htm\">Psychologie et alchimie<\/a>&nbsp;C.G. Jung<\/li>\n<li><a href=\"https:\/\/www.cgjung.net\/oeuvre\/psychologie_transfert.htm\">Psychologie du transfert<\/a>&nbsp;C.G. Jung<\/li>\n<li><a href=\"https:\/\/www.cgjung.net\/oeuvre\/mysterium_conjunctionis_1.htm\">Mysterium conjonctionis tome 1<\/a> et <a href=\"https:\/\/www.cgjung.net\/oeuvre\/mysterium_conjunctionis_2.htm\">tome 2<\/a>&nbsp;C.G. Jung<\/li>\n<li><a href=\"https:\/\/www.cgjung.net\/mlvf\/oeuvre\/aurora.htm\">Aurora consurgens<\/a> (le lever de l&rsquo;aurore) M.L. von Franz<\/li>\n<li><a href=\"https:\/\/www.cgjung.net\/oeuvre\/ma_vie_folio.htm\">Ma vie<\/a> C.G. Jung<\/li>\n<li><a href=\"https:\/\/www.cgjung.net\/publications\/etienne-perrot\/le-rosaire-des-philosophes.htm\">Rosarium philosophorum<\/a> (le Rosaire des philosophes)<\/li>\n<\/ul>\n<p><a href=\"https:\/\/www.cgjung.net\/contact.htm\"><strong>Adresser un message \u00e0 Ariane Callot<\/strong><\/a><\/p>\n<p>&nbsp;<\/p>\n<h2>Articles Ariane Callot<\/h2>\n<ul>\n<li><a href=\"https:\/\/www.cgjung.net\/espace\/accueil\/ariane-callot\/pouvoir-jugement\/\">Les affam\u00e9s de pouvoir ont-ils un jugement unilat\u00e9ral ?<\/a><\/li>\n<li><a href=\"https:\/\/www.cgjung.net\/espace\/accueil\/ariane-callot\/vieil-homme-enfant\/\">Jung : le vieil homme et l\u2019enfant<\/a><\/li>\n<li><a href=\"https:\/\/www.cgjung.net\/espace\/accueil\/ariane-callot\/individuation-individualisme\/\">Individuation et individualisme<\/a><\/li>\n<li><a href=\"https:\/\/www.cgjung.net\/espace\/accueil\/ariane-callot\/jung-et-la-geomancie\/\">C.G. Jung et la g\u00e9omancie<\/a><\/li>\n<li><a href=\"https:\/\/www.cgjung.net\/espace\/accueil\/ariane-callot\/citations-jung\/\">Sur l\u2019utilisation des citations de Carl Gustav Jung<\/a><\/li>\n<li><a href=\"https:\/\/www.cgjung.net\/espace\/accueil\/ariane-callot\/representations-theatrales-serie-reves\/\">Prologues aux repr\u00e9sentations th\u00e9\u00e2trales d\u2019une s\u00e9rie de r\u00eaves<\/a><\/li>\n<li><a href=\"https:\/\/www.cgjung.net\/espace\/accueil\/ariane-callot\/psyche-champ-de-bataille\/\">Quand la psych\u00e9 est un champ de bataille<\/a><\/li>\n<li><a href=\"https:\/\/www.cgjung.net\/espace\/accueil\/ariane-callot\/horloge-du-monde\/\">C.G. Jung et l\u2019Horloge du Monde<\/a><\/li>\n<li><a href=\"https:\/\/www.cgjung.net\/espace\/accueil\/ariane-callot\/frank-herbert-jung\/\">Carl Gustav Jung et l\u2019\u0153uvre de Frank Herbert<\/a><\/li>\n<li><a href=\"https:\/\/www.cgjung.net\/espace\/accueil\/pauli-jung-femme-inconnue\/\">Wolfgang Pauli, Carl Gustav Jung et la femme inconnue<\/a><\/li>\n<li><a href=\"https:\/\/www.cgjung.net\/espace\/accueil\/trois-oeuvres-essentielles\/\">L\u2019inspiration alchimique de Jung dans trois \u0153uvres essentielles<\/a><\/li>\n<li><a href=\"https:\/\/www.cgjung.net\/espace\/accueil\/ariane-callot\/psychologie-alchimie\/\">Comment aborder le livre de C.G. Jung Psychologie et Alchimie ?<\/a><\/li>\n<li><a href=\"https:\/\/www.cgjung.net\/espace\/accueil\/ariane-callot\/arbre-philosophique\/\">Carl Gustav Jung et l\u2019arbre philosophique<\/a><\/li>\n<li><a href=\"https:\/\/www.cgjung.net\/espace\/accueil\/ariane-callot\/reponse-job-jung-et-ses-detracteurs\/\">R\u00e9ponse \u00e0 Job : Jung et ses d\u00e9tracteurs<\/a><\/li>\n<li><a href=\"https:\/\/www.cgjung.net\/espace\/accueil\/ariane-callot\/termes-alchimiques\/\">Les termes alchimiques \u00e9clair\u00e9s par Dom Pernety et C.G. Jung<\/a><\/li>\n<li><a href=\"https:\/\/www.cgjung.net\/espace\/accueil\/les-dedoublements-du-thesard\/\">Les d\u00e9doublements du th\u00e9sard<\/a><\/li>\n<li><a href=\"https:\/\/www.cgjung.net\/espace\/accueil\/ariane-callot\/rencontres-bernard-kaempf\/\">Rencontres autour de Jung avec Bernard Kaempf<\/a><\/li>\n<li><a href=\"https:\/\/www.cgjung.net\/espace\/accueil\/alchimie-poetique\/\">Jung, Rimbaud, vers l\u2019alchimie po\u00e9tique<\/a><\/li>\n<li><a href=\"https:\/\/www.cgjung.net\/espace\/accueil\/jung-nerval-aurelia\/\">Carl Gustav Jung, G\u00e9rard de Nerval et Aur\u00e9lia<\/a><\/li>\n<li><a href=\"https:\/\/www.cgjung.net\/espace\/accueil\/jung-nietzsche-dieu-ne-peut-pas-mourir\/\">Jung \/ Nietzsche&nbsp;: Dieu ne peut pas mourir<\/a><\/li>\n<li><a href=\"https:\/\/www.cgjung.net\/espace\/accueil\/jung-nietzsche-maladie\/\">Jung \/ Nietzsche&nbsp;: le c\u00f4t\u00e9 positif\/n\u00e9gatif de la maladie<\/a><\/li>\n<li><a href=\"https:\/\/www.cgjung.net\/espace\/accueil\/jung-nietzsche\/\">Jung \/ Nietzsche, rendez-vous et \u00e9vitement<\/a><\/li>\n<\/ul>\n<p><em>Articles co-\u00e9crits avec Jean-Pierre Robert :<\/em><\/p>\n<ul>\n<li><a href=\"https:\/\/www.cgjung.net\/espace\/accueil\/psychologie-carl-gustav-jung\/\">La psychologie de Carl Gustav Jung expliqu\u00e9e clairement<\/a><\/li>\n<li><a href=\"https:\/\/www.cgjung.net\/espace\/accueil\/carl-gustav-jung-junichiro-tanizaki\/\">Carl Gustav Jung et Junichir\u00f4 Tanizaki font l\u2019\u00e9loge de l\u2019ombre<\/a><\/li>\n<\/ul>\n<p><em>Trois rubriques compl\u00e8tent cette liste d&rsquo;articles :<\/em><\/p>\n<p><a href=\"https:\/\/www.cgjung.net\/espace\/cg-jung\/\">Recherches sur Jung<\/a>&nbsp;|&nbsp;<a href=\"https:\/\/www.cgjung.net\/espace\/ariaga-ecrits-jung\/\">\u00c9crits sur Jung<\/a> | <a href=\"https:\/\/www.cgjung.net\/espace\/ariaga-poesie\/\">Po\u00e9sie Ariaga<\/a><\/p>\n\n","protected":false},"excerpt":{"rendered":"<p>Ariane Callot d\u00e9crit comment, \u00e0 partir de trois ouvrages majeurs, C.G. Jung \u00e9difie les fondements historiques de la psychologie des profondeurs. Un pont est ainsi \u00e9tabli entre sa confrontation avec l&rsquo;inconscient et les courants comme l&rsquo;alchimie, la religion, la philosophie et la psychologie. Ariane Callot &#8211; Avril 2021 Les fondements historiques de la Psychologie des [&hellip;]<\/p>\n","protected":false},"author":1,"featured_media":0,"parent":53,"menu_order":17,"comment_status":"closed","ping_status":"closed","template":"","meta":{"footnotes":""},"class_list":["post-14925","page","type-page","status-publish","hentry"],"_links":{"self":[{"href":"https:\/\/www.cgjung.net\/espace\/wp-json\/wp\/v2\/pages\/14925","targetHints":{"allow":["GET"]}}],"collection":[{"href":"https:\/\/www.cgjung.net\/espace\/wp-json\/wp\/v2\/pages"}],"about":[{"href":"https:\/\/www.cgjung.net\/espace\/wp-json\/wp\/v2\/types\/page"}],"author":[{"embeddable":true,"href":"https:\/\/www.cgjung.net\/espace\/wp-json\/wp\/v2\/users\/1"}],"replies":[{"embeddable":true,"href":"https:\/\/www.cgjung.net\/espace\/wp-json\/wp\/v2\/comments?post=14925"}],"version-history":[{"count":54,"href":"https:\/\/www.cgjung.net\/espace\/wp-json\/wp\/v2\/pages\/14925\/revisions"}],"predecessor-version":[{"id":18671,"href":"https:\/\/www.cgjung.net\/espace\/wp-json\/wp\/v2\/pages\/14925\/revisions\/18671"}],"up":[{"embeddable":true,"href":"https:\/\/www.cgjung.net\/espace\/wp-json\/wp\/v2\/pages\/53"}],"wp:attachment":[{"href":"https:\/\/www.cgjung.net\/espace\/wp-json\/wp\/v2\/media?parent=14925"}],"curies":[{"name":"wp","href":"https:\/\/api.w.org\/{rel}","templated":true}]}}