{"id":14921,"date":"2021-05-05T07:45:54","date_gmt":"2021-05-05T05:45:54","guid":{"rendered":"https:\/\/www.cgjung.net\/espace\/?page_id=14921"},"modified":"2022-02-19T17:09:13","modified_gmt":"2022-02-19T16:09:13","slug":"jung-nietzsche-dieu-ne-peut-pas-mourir","status":"publish","type":"page","link":"https:\/\/www.cgjung.net\/espace\/accueil\/jung-nietzsche-dieu-ne-peut-pas-mourir\/","title":{"rendered":"Jung \/ Nietzsche : Dieu ne peut pas mourir"},"content":{"rendered":"<p style=\"text-align: justify;\"><strong>Cet article se veut surtout une mise en lumi\u00e8re de ce que Jung pensait du c\u00e9l\u00e8bre, et mis \u00e0 toutes les sauces, \u00ab\u00a0Dieu est mort\u00a0\u00bb de Nietzsche. J&rsquo;y ajouterai ce que lui m\u00eame pensait de Dieu ou plut\u00f4t de l&rsquo;id\u00e9e de dieu.<\/strong><\/p>\n<p style=\"text-align: right;\"><a href=\"https:\/\/www.cgjung.net\/espace\/cg-jung\/avertissement\/\">Ariane Callot<\/a><\/p>\n<p><img loading=\"lazy\" decoding=\"async\" class=\"size-full wp-image-4405 aligncenter\" src=\"https:\/\/www.cgjung.net\/espace\/wp-content\/uploads\/2017\/05\/chapelle-et-calvaire-epheme.jpg\" alt=\"\" width=\"640\" height=\"425\" srcset=\"https:\/\/www.cgjung.net\/espace\/wp-content\/uploads\/2017\/05\/chapelle-et-calvaire-epheme.jpg 640w, https:\/\/www.cgjung.net\/espace\/wp-content\/uploads\/2017\/05\/chapelle-et-calvaire-epheme-300x199.jpg 300w\" sizes=\"auto, (max-width: 640px) 100vw, 640px\" \/><\/p>\n<h2 style=\"text-align: justify;\">Ce que Nietzsche dit de Dieu<\/h2>\n<p style=\"text-align: justify;\">Dans <em>Ecce homo<\/em>, sans prononcer le mot dieu, Nietzsche parle d&rsquo;une \u00ab\u00a0intelligence supr\u00eame\u00a0\u00bb et d&rsquo;une \u00ab\u00a0id\u00e9e organisatrice\u00a0\u00bb qui agirait en nous.<\/p>\n<p style=\"text-align: justify;\">Ce qui le r\u00e9volte, il le th\u00e9orise dans l&rsquo;<em>Ant\u00e9christ, <\/em>est l&rsquo;id\u00e9e chr\u00e9tienne qui purifie Dieu de toute m\u00e9chancet\u00e9. Il ne peut concevoir un Dieu qui ne conna\u00eetrait ni la col\u00e8re ni la violence. Il donne \u00e0 la fade vison chr\u00e9tienne de Dieu le nom ironique de \u00ab\u00a0moraline\u00a0\u00bb.<\/p>\n<p style=\"text-align: justify;\">Pourquoi alors y a-t-il des pr\u00eatres et des pratiquants ? Nietzsche r\u00e9pond (dans<em> Ecce homo<\/em>) que c&rsquo;est parce que rien d&rsquo;autre n&rsquo;est propos\u00e9, que le Dieu chr\u00e9tien n&rsquo;a pas de concurrents et que l&rsquo;homme pr\u00e9f\u00e8re quelque chose \u00e0 rien.<\/p>\n<p style=\"text-align: justify;\">C&rsquo;est ainsi que dans <em>Le Gai Savoir<\/em> il a cette phrase cruelle : \u00ab\u00a0il faut que les insatisfaits aient quelque chose \u00e0 quoi pouvoir accrocher leur c\u0153ur : par exemple Dieu.\u00a0\u00bb<\/p>\n<h2>Le meurtre de Dieu<\/h2>\n<p style=\"text-align: justify;\">Nietzsche, dans<em> Le Gai Savoir<\/em>, annonce d&rsquo;abord (p. 453) que Dieu est probablement mort mais que c&rsquo;est encore un sentiment ressenti seulement par des individus isol\u00e9s. La question se pose aussi de savoir qui l&rsquo;aurait tu\u00e9. Ce serait alors le meurtre des meurtres.<\/p>\n<p style=\"text-align: justify;\">Ensuite (p. 501) survient, sans doute possible, le formidable \u00e9v\u00e9nement : \u00ab\u00a0Dieu est mort ! Et c&rsquo;est nous qui l&rsquo;avons tu\u00e9 !\u00a0\u00bb voici venir, pense Nietzsche, un sentiment puissant et nouveau.<\/p>\n<p style=\"text-align: justify;\">Ces quelques mots ont fait beaucoup \u00e9crire et beaucoup parler et il est \u00e9vident que Jung aura son id\u00e9e sur cette mort nietzsch\u00e9enne de Dieu.<\/p>\n<h2>Que dit Jung sur Dieu<\/h2>\n<p style=\"text-align: justify;\">La relation de Jung \u00e0 Dieu reste au niveau des \u00e9motions, de l&rsquo;intuition et du ressenti. De cela il parle peu car il essaye toujours de limiter ses propos au domaine empirique. Ce n&rsquo;est qu&rsquo;\u00e0 l&rsquo;\u00e2ge de 76 ans, quand il publie <a href=\"https:\/\/www.cgjung.net\/oeuvre\/reponse_a_job.htm\">R\u00e9ponse \u00e0 Job<\/a>, qu&rsquo;il s&rsquo;autorisera \u00e0 dire ce qu&rsquo;il pense et ressent, m\u00eame si ce n&rsquo;est pas v\u00e9rifiable scientifiquement.<\/p>\n<p style=\"text-align: justify;\">Le Jung affectif affleure dans la <em>Correspondance<\/em>, surtout tardive, et un peu partout dans l\u2019\u0153uvre mais ce ne sont que des lueurs car toucher au probl\u00e8me de Dieu n&rsquo;est pas ais\u00e9 pour un m\u00e9decin qui a d\u00e9cid\u00e9 de brider le c\u00f4t\u00e9 irrationnel de sa personnalit\u00e9.<\/p>\n<p style=\"text-align: justify;\">Pourtant<strong> Jung \u00e0 beaucoup \u00e0 dire dire non sur Dieu lui-m\u00eame mais sur l&rsquo;id\u00e9e de Dieu.<\/strong><\/p>\n<h2>L&rsquo;image de Dieu en l&rsquo;homme<\/h2>\n<p style=\"text-align: justify;\">Jung pense que seule notre conscience s&rsquo;imagine qu&rsquo;elle a perdu ses dieux car ils font partie des caract\u00e9ristiques instinctives fondamentales. Pour lui, l&rsquo;id\u00e9e de Dieu fait partie des \u00ab\u00a0<em>caract\u00e9ristiques instinctives fondamentales du comportement psychique ainsi que de la pens\u00e9e<\/em>\u00ab\u00a0. <a href=\"https:\/\/www.cgjung.net\/oeuvre\/correspondance_1955_1957.htm\">Correspondance tome 4<\/a> p. 204.<\/p>\n<p style=\"text-align: justify;\">C&rsquo;est seulement au niveau de notre conscience que nous nous imaginons, comme le dit Nietzsche, avoir perdu nos Dieux car il existe en nous une puissante image arch\u00e9typique de la divinit\u00e9.<\/p>\n<h2>L&rsquo;homme n&rsquo;est pas libre d&rsquo;avoir ou non un Dieu<\/h2>\n<p style=\"text-align: justify;\">Qu&rsquo;en est-il de ceux qui se disent ath\u00e9es ? Pour Jung l&rsquo;image de Dieu peut \u00eatre ni\u00e9e ou n\u00e9gative mais elle existe toujours \u00e0 l&rsquo;arri\u00e8re plan car elle est imprim\u00e9e par une longue phylogen\u00e8se psychique.<\/p>\n<p style=\"text-align: justify;\">C&rsquo;est pourquoi, comme il l&rsquo;explique dans <a href=\"https:\/\/www.cgjung.net\/oeuvre\/psychologie_religion.htm\">Psychologie et religion<\/a> (p. 161), ce qui est le plus puissant psychologiquement dans un \u00eatre humain devient son Dieu. Ce peuvent \u00eatre l&rsquo;argent, une passion d\u00e9vorante, une id\u00e9ologie ou toute autre force subjuguante.<\/p>\n<p style=\"text-align: justify;\">Finalement, contre l&rsquo;\u00e9l\u00e9ment psychique tr\u00e8s puissant que repr\u00e9sente l&rsquo;image de Dieu, l&rsquo;homme n&rsquo;est pas v\u00e9ritablement libre de lutter et le seul choix qui lui est laiss\u00e9 est la nature de ce Dieu.<\/p>\n<p style=\"text-align: justify;\">On comprend que Jung ait pu s\u00e9rieusement remettre en cause le sujet de la mort de Dieu qui fit la c\u00e9l\u00e9brit\u00e9 philosophique de Nietzsche. Il alla m\u00eame jusqu&rsquo;\u00e0 douter de l&rsquo;ath\u00e9isme nietzsch\u00e9en.<\/p>\n<h2>Qu&rsquo;est-t-il arriv\u00e9 \u00e0 Nietzsche ?<\/h2>\n<p style=\"text-align: justify;\">Jung appr\u00e9cie le Nietzsche qui compare la conscience \u00e0 une surface sous laquelle \u0153uvre une force organisatrice (voir <em>Ecce homo<\/em>, p.87) ou le Soi du <em>Zarathoustra<\/em>, ce <em>ma\u00eetre du Mo<\/em>i, ce <em>sage inconnu<\/em>. Ils \u00e9taient associ\u00e9s \u00e0 la vie du corps et \u00e0 la joie d&rsquo;une pure Nature. Mais ce qui aurait pu, dans la pratique, mener Nietzsche vers une vision divine un peu spinoziste ne d\u00e9passe pas le niveau des belles paroles.<\/p>\n<p style=\"text-align: justify;\">Nietzsche demeura dans les hauteurs avant de tomber dans les profondeurs o\u00f9 le p\u00e2le criminel du <em>Zarathoustra<\/em>, auquel il s&rsquo;\u00e9tait assimil\u00e9, souffre de soi \u00e0 un tel point qu&rsquo;il ne supporte plus d&rsquo;\u00eatre.<\/p>\n<h2>L&rsquo;absence du p\u00f4le oppos\u00e9<\/h2>\n<p style=\"text-align: justify;\">Une des raisons de l&rsquo;\u00e9chec de Nietzsche fut la quasi occultation de l&rsquo;\u00e9l\u00e9ment f\u00e9minin en tant que p\u00f4le oppos\u00e9.<\/p>\n<p style=\"text-align: justify;\">Jung lui fait le reproche, non d&rsquo;avoir tu\u00e9 Dieu en lui, car il n&rsquo;y croit pas, mais d&rsquo;avoir tent\u00e9 de supprimer la femme. Il se demande comment il a pu avoir une vie du corps aussi mis\u00e9rable et une relation au p\u00f4le f\u00e9minin si peu r\u00e9ussie, y compris dans sa vie personnelle.<\/p>\n<p style=\"text-align: justify;\">Dans son \u0153uvre, m\u00eame si il glorifie parfois la femme, il ajoute bien vite qu&rsquo;elle est sorci\u00e8re, cruelle insaisissable. Le surhomme Nietzsch\u00e9en, si il trouve femme, lui attribuera la tache d&rsquo;enfanter, d&rsquo;une mani\u00e8re symbolique, le surhumain.<\/p>\n<p>Dans le <em>Zarathoustra<\/em> on peut lire un texte qui s&rsquo;intitule <em>Des femmes jeunes et vieilles<\/em>. En voici un extrait tr\u00e8s significatif :<\/p>\n<blockquote>\n<p style=\"text-align: justify;\">\u00ab\u00a0L&rsquo;homme digne de ce nom n&rsquo;aime que le danger et le jeu. C&rsquo;est pourquoi il d\u00e9sire la femme le plus dangereux des jouets.\u00a0\u00bb<\/p>\n<\/blockquote>\n<p>Le refoulement des forces f\u00e9minines est, lui aussi, dangereux et Nietzsche en subit les cons\u00e9quences.<\/p>\n<h2>La quasi divinisation du Moi<\/h2>\n<p style=\"text-align: justify;\">Jung \u00e9crit :<\/p>\n<blockquote>\n<p style=\"text-align: justify;\">\u00ab\u00a0On ne consent pas \u00e0 voir l\u2019ombre ; celle-ci doit \u00eatre ni\u00e9e, refoul\u00e9e, ou gauchie en quelque chose qui sorte du commun. Le soleil est toujours \u00e9clatant et toutes les choses renvoient son \u00e9clat. Aucune place n\u2019est laiss\u00e9e aux faiblesses qui portent atteinte au prestige.\u00a0\u00bb <a href=\"https:\/\/www.cgjung.net\/oeuvre\/mysterium_conjunctionis_1.htm\">Mysterium conjonctionis tome 1<\/a> p. 303.<\/p>\n<\/blockquote>\n<p style=\"text-align: justify;\">Il r\u00e9sume l\u00e0 tout le cheminement qui conduira Nietzsche \u00e0 sa chute.<\/p>\n<p style=\"text-align: justify;\">Il ne supportait pas son ombre, cet homme <em>le plus laid<\/em>, ordinaire, peu glorieux, qui est en chacun de nous. Alors, il en a invent\u00e9 un autre, plein de volont\u00e9 et de puissance : <strong>Le<\/strong> <strong>surhomme. <\/strong>Ce surhomme a toutes les qualit\u00e9s et n&rsquo;a plus besoin de dieux.<\/p>\n<p style=\"text-align: justify;\">La quasi divinisation du Moi va attribuer au sujet pensant ce qui aurait d\u00fb \u00eatre projet\u00e9 sur l&rsquo;image divine. C&rsquo;est ce qui arrive \u00e0 ceux qui se prennent pour un roi ou un Dieu et que la soci\u00e9t\u00e9 nomme fous. C&rsquo;est ainsi que Nietzsche se perd en<em> Zarathoustra<\/em>.<\/p>\n<h2>La mise en cause par Jung de l&rsquo;ath\u00e9isme de Nietzsche<\/h2>\n<p style=\"text-align: justify;\">Jung pense que Nietzsche n&rsquo;a pas plus qu&rsquo;un autre \u00e9chapp\u00e9 \u00e0 l&rsquo;image de Dieu en lui. C&rsquo;est pourquoi l&rsquo;arch\u00e9type divin a \u00e9merg\u00e9 sous la forme de <em>Ainsi parlait Zarathoustra<\/em>.<\/p>\n<p style=\"text-align: justify;\">Ce livre fascinant, dans un style hi\u00e9ratique, va au-del\u00e0 d&rsquo;une \u0153uvre po\u00e9tique. Il est plus proche de la confession involontaire que de l&rsquo;expression d&rsquo;une pens\u00e9e organis\u00e9e.<\/p>\n<p style=\"text-align: justify;\">Nietzsche pensait pouvoir se passer de l\u2019image de Dieu mais elle \u00e9tait vivante dans les profondeurs de son inconscient. Le probl\u00e8me de celui dont le Dieu est mort est qu&rsquo;il est guett\u00e9 par l&rsquo;inflation. Nietzsche \u00e0 combattu l&rsquo;image chr\u00e9tienne du dieu de ses p\u00e8res mais une partie de lui m\u00eame est demeur\u00e9e \u00e0 la recherche du divin.<\/p>\n<p style=\"text-align: justify;\">Selon Jung, l&rsquo;ath\u00e9isme de Nietzsche \u00e9tait d&rsquo;ordre intellectuel alors que son temp\u00e9rament \u00e9tait d&rsquo;ordre religieux. Quand il se projette dans Zarathoustra il vit une trag\u00e9die. Son Dieu \u00e9tant mort, il devient lui m\u00eame Dieu et cela arrive justement parce qu\u2019il n&rsquo;est pas ath\u00e9e et que Dieu ne peut pas mourir en lui.<\/p>\n<p>Et, comme il est dit dans <em>Ainsi parlait Zarathoustra<\/em> : \u00ab\u00a0<em>Dis la parole que tu portes en toi, puis brise toi.<\/em>\u00a0\u00bb&nbsp;<\/p>\n<h2>Ce qui rapproche et ce qui s\u00e9pare Jung et Nietzsche<\/h2>\n<p style=\"text-align: justify;\">Jung ne s\u2019est pas bris\u00e9 mais il a partag\u00e9 avec Nietzsche la nature paradoxale d\u2019une double personnalit\u00e9<strong>.<\/strong><\/p>\n<p style=\"text-align: justify;\">L\u2019une qui d\u00e9sire vivre et penser libre de tout pr\u00e9suppos\u00e9s th\u00e9ologiques. Celle-l\u00e0 se manifeste par le Dieu est mort de Nietzsche et l\u2019affirmation souvent r\u00e9p\u00e9t\u00e9e de Jung de ne travailler qu\u2019\u00e0 partir de donn\u00e9es empiriques et de s\u2019en tenir \u00e0 la psychologie pratique.<\/p>\n<p style=\"text-align: justify;\">L\u2019autre personnalit\u00e9 est repr\u00e9sent\u00e9e par le<strong> c\u00f4t\u00e9 religieux et le besoin refoul\u00e9 d\u2019un Dieu<\/strong> de Nietzsche. Pour Jung, si on observe attentivement son cheminement, on peut dire que <strong>la qu\u00eate d\u2019un dieu acceptable,<\/strong> correspondant \u00e0 sa profonde et intime exp\u00e9rience de la divinit\u00e9 fut, pour cette seconde personnalit\u00e9 qu\u2019il appelle le num\u00e9ro 2, le <strong>moteur de toute une existence<\/strong>. Entre la mort de Dieu et le Dieu des chr\u00e9tiens il inventa une nouvelle voie : <strong>la relativit\u00e9 du divin<\/strong>.<\/p>\n<h2>Jung savait &#8230;<\/h2>\n<p style=\"text-align: justify;\">Nietzsche \u00e0 essay\u00e9 de tuer l&rsquo;image de Dieu en lui mais c&rsquo;est lui qui est mort psychiquement.<\/p>\n<p style=\"text-align: justify;\">Jung \u00e0 \u00ab\u00a0ressenti\u00a0\u00bb Dieu comme une exp\u00e9rience int\u00e9rieure mais ne l&rsquo;a pas conceptualis\u00e9e car il s&rsquo;en sentait incapable. Il savait simplement que l&rsquo;image de Dieu \u00e9tait grav\u00e9e en lui de mani\u00e8re ind\u00e9l\u00e9bile. Dans les derni\u00e8res ann\u00e9es de sa vie il \u00e9crit :<\/p>\n<blockquote>\n<p style=\"text-align: justify;\">\u00ab Nos images sont en r\u00e8gle g\u00e9n\u00e9rale des images de quelque chose [&#8230;]\n<p style=\"text-align: justify;\">L\u2019image de Dieu est l\u2019expression d\u2019une <em>exp\u00e9rience<\/em> sous-jacente de <em>quelque chose<\/em> que je ne peux pas atteindre avec des moyens intellectuels, c\u2019est-\u00e0-dire par la connaissance scientifique, \u00e0 moins de me livrer \u00e0 une transgression irresponsable.<\/p>\n<p style=\"text-align: justify;\">Lorsque je dis que je n\u2019ai pas besoin de croire en Dieu parce que je \u00absais\u00bb, je veux dire par l\u00e0 que je sais ce qu\u2019il en est des images de Dieu en g\u00e9n\u00e9ral et en particulier. Je sais qu\u2019il y va d\u2019une exp\u00e9rience universelle et, dans la mesure o\u00f9 je ne suis pas moi-m\u00eame une exception, je sais que j\u2019ai moi aussi une telle exp\u00e9rience que je peux appeler Dieu [\u2026]\n<p style=\"text-align: justify;\">Cette \u00e9trange force qui se manifeste pour ou contre mes mouvements conscients m\u2019est bien connue. C\u2019est pourquoi je dis : \u00abJe Le connais.\u00bb Mais pourquoi devriez-vous appeler ce quelque chose \u00abDieu\u00bb ? Je r\u00e9pondrais : \u00abPourquoi pas ?\u00bb On l\u2019a toujours appel\u00e9 \u00abDieu\u00bb. \u00bb <a href=\"https:\/\/www.cgjung.net\/oeuvre\/correspondance_1958_1961.htm\">Correspondance tome 5<\/a> p. 138\/139.<em><br \/>\n<\/em><\/p>\n<\/blockquote>\n<p><strong>Tout est dit.<\/strong><\/p>\n<p><em>Je dois apporter quelques pr\u00e9cisions aux lecteurs de ce texte sur les relations entre Jung et Nietzsche car le sujet est de taille : Dieu. Tout d&rsquo;abord Christine Maillard y a&nbsp;consacr\u00e9 des textes essentiels. Ensuite je ne suis pas sp\u00e9cialiste de Nietzsche et il en existe d&rsquo;excellents.<\/em><\/p>\n<p style=\"text-align: right;\"><a href=\"https:\/\/www.cgjung.net\/espace\/cg-jung\/avertissement\/\">Ariane Callot<\/a>, mai 2021<\/p>\n<p><a href=\"https:\/\/www.cgjung.net\/contact.htm\"><strong>Adresser un message \u00e0 Ariane Callot<\/strong><\/a><\/p>\n<p>&nbsp;<\/p>\n<h2>Articles Ariane Callot<\/h2>\n<ul>\n<li><a href=\"https:\/\/www.cgjung.net\/espace\/accueil\/ariane-callot\/pouvoir-jugement\/\">Les affam\u00e9s de pouvoir ont-ils un jugement unilat\u00e9ral ?<\/a><\/li>\n<li><a href=\"https:\/\/www.cgjung.net\/espace\/accueil\/ariane-callot\/vieil-homme-enfant\/\">Jung : le vieil homme et l\u2019enfant<\/a><\/li>\n<li><a href=\"https:\/\/www.cgjung.net\/espace\/accueil\/ariane-callot\/individuation-individualisme\/\">Individuation et individualisme<\/a><\/li>\n<li><a href=\"https:\/\/www.cgjung.net\/espace\/accueil\/ariane-callot\/jung-et-la-geomancie\/\">C.G. Jung et la g\u00e9omancie<\/a><\/li>\n<li><a href=\"https:\/\/www.cgjung.net\/espace\/accueil\/ariane-callot\/citations-jung\/\">Sur l\u2019utilisation des citations de Carl Gustav Jung<\/a><\/li>\n<li><a href=\"https:\/\/www.cgjung.net\/espace\/accueil\/ariane-callot\/representations-theatrales-serie-reves\/\">Prologues aux repr\u00e9sentations th\u00e9\u00e2trales d\u2019une s\u00e9rie de r\u00eaves<\/a><\/li>\n<li><a href=\"https:\/\/www.cgjung.net\/espace\/accueil\/ariane-callot\/psyche-champ-de-bataille\/\">Quand la psych\u00e9 est un champ de bataille<\/a><\/li>\n<li><a href=\"https:\/\/www.cgjung.net\/espace\/accueil\/ariane-callot\/horloge-du-monde\/\">C.G. Jung et l\u2019Horloge du Monde<\/a><\/li>\n<li><a href=\"https:\/\/www.cgjung.net\/espace\/accueil\/ariane-callot\/frank-herbert-jung\/\">Carl Gustav Jung et l\u2019\u0153uvre de Frank Herbert<\/a><\/li>\n<li><a href=\"https:\/\/www.cgjung.net\/espace\/accueil\/pauli-jung-femme-inconnue\/\">Wolfgang Pauli, Carl Gustav Jung et la femme inconnue<\/a><\/li>\n<li><a href=\"https:\/\/www.cgjung.net\/espace\/accueil\/trois-oeuvres-essentielles\/\">L\u2019inspiration alchimique de Jung dans trois \u0153uvres essentielles<\/a><\/li>\n<li><a href=\"https:\/\/www.cgjung.net\/espace\/accueil\/ariane-callot\/psychologie-alchimie\/\">Comment aborder le livre de C.G. Jung Psychologie et Alchimie ?<\/a><\/li>\n<li><a href=\"https:\/\/www.cgjung.net\/espace\/accueil\/ariane-callot\/arbre-philosophique\/\">Carl Gustav Jung et l\u2019arbre philosophique<\/a><\/li>\n<li><a href=\"https:\/\/www.cgjung.net\/espace\/accueil\/ariane-callot\/reponse-job-jung-et-ses-detracteurs\/\">R\u00e9ponse \u00e0 Job : Jung et ses d\u00e9tracteurs<\/a><\/li>\n<li><a href=\"https:\/\/www.cgjung.net\/espace\/accueil\/ariane-callot\/termes-alchimiques\/\">Les termes alchimiques \u00e9clair\u00e9s par Dom Pernety et C.G. Jung<\/a><\/li>\n<li><a href=\"https:\/\/www.cgjung.net\/espace\/accueil\/les-dedoublements-du-thesard\/\">Les d\u00e9doublements du th\u00e9sard<\/a><\/li>\n<li><a href=\"https:\/\/www.cgjung.net\/espace\/accueil\/ariane-callot\/rencontres-bernard-kaempf\/\">Rencontres autour de Jung avec Bernard Kaempf<\/a><\/li>\n<li><a href=\"https:\/\/www.cgjung.net\/espace\/accueil\/alchimie-poetique\/\">Jung, Rimbaud, vers l\u2019alchimie po\u00e9tique<\/a><\/li>\n<li><a href=\"https:\/\/www.cgjung.net\/espace\/accueil\/jung-nerval-aurelia\/\">Carl Gustav Jung, G\u00e9rard de Nerval et Aur\u00e9lia<\/a><\/li>\n<li><a href=\"https:\/\/www.cgjung.net\/espace\/accueil\/jung-nietzsche-dieu-ne-peut-pas-mourir\/\">Jung \/ Nietzsche&nbsp;: Dieu ne peut pas mourir<\/a><\/li>\n<li><a href=\"https:\/\/www.cgjung.net\/espace\/accueil\/jung-nietzsche-maladie\/\">Jung \/ Nietzsche&nbsp;: le c\u00f4t\u00e9 positif\/n\u00e9gatif de la maladie<\/a><\/li>\n<li><a href=\"https:\/\/www.cgjung.net\/espace\/accueil\/jung-nietzsche\/\">Jung \/ Nietzsche, rendez-vous et \u00e9vitement<\/a><\/li>\n<\/ul>\n<p><em>Articles co-\u00e9crits avec Jean-Pierre Robert :<\/em><\/p>\n<ul>\n<li><a href=\"https:\/\/www.cgjung.net\/espace\/accueil\/psychologie-carl-gustav-jung\/\">La psychologie de Carl Gustav Jung expliqu\u00e9e clairement<\/a><\/li>\n<li><a href=\"https:\/\/www.cgjung.net\/espace\/accueil\/carl-gustav-jung-junichiro-tanizaki\/\">Carl Gustav Jung et Junichir\u00f4 Tanizaki font l\u2019\u00e9loge de l\u2019ombre<\/a><\/li>\n<\/ul>\n<p><em>Trois rubriques compl\u00e8tent cette liste d&rsquo;articles :<\/em><\/p>\n<p><a href=\"https:\/\/www.cgjung.net\/espace\/cg-jung\/\">Recherches sur Jung<\/a>&nbsp;|&nbsp;<a href=\"https:\/\/www.cgjung.net\/espace\/ariaga-ecrits-jung\/\">\u00c9crits sur Jung<\/a> | <a href=\"https:\/\/www.cgjung.net\/espace\/ariaga-poesie\/\">Po\u00e9sie Ariaga<\/a><\/p>\n\n","protected":false},"excerpt":{"rendered":"<p>Cet article se veut surtout une mise en lumi\u00e8re de ce que Jung pensait du c\u00e9l\u00e8bre, et mis \u00e0 toutes les sauces, \u00ab\u00a0Dieu est mort\u00a0\u00bb de Nietzsche. J&rsquo;y ajouterai ce que lui m\u00eame pensait de Dieu ou plut\u00f4t de l&rsquo;id\u00e9e de dieu. Ariane Callot Ce que Nietzsche dit de Dieu Dans Ecce homo, sans prononcer [&hellip;]<\/p>\n","protected":false},"author":1,"featured_media":0,"parent":53,"menu_order":17,"comment_status":"closed","ping_status":"closed","template":"","meta":{"footnotes":""},"class_list":["post-14921","page","type-page","status-publish","hentry"],"_links":{"self":[{"href":"https:\/\/www.cgjung.net\/espace\/wp-json\/wp\/v2\/pages\/14921","targetHints":{"allow":["GET"]}}],"collection":[{"href":"https:\/\/www.cgjung.net\/espace\/wp-json\/wp\/v2\/pages"}],"about":[{"href":"https:\/\/www.cgjung.net\/espace\/wp-json\/wp\/v2\/types\/page"}],"author":[{"embeddable":true,"href":"https:\/\/www.cgjung.net\/espace\/wp-json\/wp\/v2\/users\/1"}],"replies":[{"embeddable":true,"href":"https:\/\/www.cgjung.net\/espace\/wp-json\/wp\/v2\/comments?post=14921"}],"version-history":[{"count":80,"href":"https:\/\/www.cgjung.net\/espace\/wp-json\/wp\/v2\/pages\/14921\/revisions"}],"predecessor-version":[{"id":18675,"href":"https:\/\/www.cgjung.net\/espace\/wp-json\/wp\/v2\/pages\/14921\/revisions\/18675"}],"up":[{"embeddable":true,"href":"https:\/\/www.cgjung.net\/espace\/wp-json\/wp\/v2\/pages\/53"}],"wp:attachment":[{"href":"https:\/\/www.cgjung.net\/espace\/wp-json\/wp\/v2\/media?parent=14921"}],"curies":[{"name":"wp","href":"https:\/\/api.w.org\/{rel}","templated":true}]}}