{"id":14892,"date":"2021-01-02T13:54:52","date_gmt":"2021-01-02T12:54:52","guid":{"rendered":"https:\/\/www.cgjung.net\/espace\/?page_id=14892"},"modified":"2021-01-03T17:58:57","modified_gmt":"2021-01-03T16:58:57","slug":"cahiers-noirs","status":"publish","type":"page","link":"https:\/\/www.cgjung.net\/espace\/ressources\/cahiers-noirs\/","title":{"rendered":"Les Cahiers noirs &#8211; The Black books &#8211; C.G. Jung"},"content":{"rendered":"<p><strong>Les fac-simil\u00e9s des&nbsp;<em>Cahiers noirs<\/em> (<em>Black books) <\/em>de C.G. Jung, accompagn\u00e9s d&rsquo;une traduction et d&rsquo;une pr\u00e9sentation en langue anglaise, sont disponibles depuis octobre 2020.&nbsp;<\/strong><\/p>\n<p>Pour l&rsquo;heure, l&rsquo;\u00e9dition de ces 7 volumes, traduits en fran\u00e7ais, n&rsquo;est pas annonc\u00e9e.<\/p>\n<p><span style=\"color: #ff0000;\"><img loading=\"lazy\" decoding=\"async\" class=\"size-full wp-image-14894 aligncenter\" src=\"https:\/\/www.cgjung.net\/espace\/wp-content\/uploads\/2020\/11\/black-books-350-474.jpg\" alt=\"\" width=\"350\" height=\"474\" srcset=\"https:\/\/www.cgjung.net\/espace\/wp-content\/uploads\/2020\/11\/black-books-350-474.jpg 350w, https:\/\/www.cgjung.net\/espace\/wp-content\/uploads\/2020\/11\/black-books-350-474-222x300.jpg 222w\" sizes=\"auto, (max-width: 350px) 100vw, 350px\" \/><\/span><\/p>\n<h2>Confrontation avec l&rsquo;inconscient<\/h2>\n<p>Jung s&rsquo;est livr\u00e9 d\u00e8s le 12 novembre 1913 \u00e0 une auto exp\u00e9rimentation qu&rsquo;il a nomm\u00e9e \u00ab\u00a0confrontation avec son \u00e2me\u00a0\u00bb ou \u00ab\u00a0confrontation avec l&rsquo;inconscient\u00a0\u00bb. Il s&rsquo;est directement adress\u00e9 \u00e0 son \u00e2me et a soigneusement consign\u00e9 les \u00e9changes qui ont eu lieu dans des cahiers.&nbsp;Leur couverture est de couleur noire, \u00e0 l&rsquo;exception du premier qui est de couleur marron, d&rsquo;o\u00f9 l&rsquo;expression <em>Cahiers noirs<\/em>.<\/p>\n<p>Il d\u00e9couvre plus tardivement, au moment o\u00f9 il \u00e9tudie l&rsquo;alchimie, que cette technique \u00e9tait d\u00e9j\u00e0 pratiqu\u00e9e et, \u00e0 son tour, il diff\u00e9rencie l&rsquo;Imagination active de l&rsquo;imagination la plus commune, dite passive.&nbsp;&nbsp;<\/p>\n<p><img loading=\"lazy\" decoding=\"async\" class=\"size-full wp-image-14895 aligncenter\" src=\"https:\/\/www.cgjung.net\/espace\/wp-content\/uploads\/2020\/11\/black-books-600-317.jpg\" alt=\"\" width=\"600\" height=\"317\" srcset=\"https:\/\/www.cgjung.net\/espace\/wp-content\/uploads\/2020\/11\/black-books-600-317.jpg 600w, https:\/\/www.cgjung.net\/espace\/wp-content\/uploads\/2020\/11\/black-books-600-317-300x159.jpg 300w\" sizes=\"auto, (max-width: 600px) 100vw, 600px\" \/><\/p>\n<p>Ces cahiers ne constituent pas des journaux intimes, au sens courant du terme, car seule la confrontation de Jung \u00e0 son inconscient y figure.<\/p>\n<h2>Des <em>Cahiers noirs<\/em> au <em>Livre rouge<\/em><\/h2>\n<p>Les \u00e9changes de 1913 \u00e0 1916 constituent les brouillons du <em>Liber Novus. <\/em>C.G. Jung finit par les calligraphier en y ajoutant de nombreuses peintures : c&rsquo;est la premi\u00e8re pierre du <a href=\"https:\/\/www.cgjung.net\/livrerouge\/\">Livre rouge<\/a>.<\/p>\n<p>Les <em>Cahiers noirs<\/em> sont personnels et exp\u00e9rimentaux. De son c\u00f4t\u00e9, le <em>Livre rouge<\/em> est destin\u00e9 \u00e0 \u00eatre lu par d&rsquo;autres et dans les diff\u00e9rentes \u00e9preuves Jung s&rsquo;adresse \u00e0 \u00ab\u00a0Mes amis\u00a0\u00bb. Le <em>Livre rouge<\/em>&nbsp;fait l&rsquo;objet d&rsquo;une \u00e9laboration toujours fid\u00e8le aux faits consign\u00e9s dans les <em>Cahiers noirs<\/em> et respectant leur chronologie. A la diff\u00e9rence des <em>Cahiers noirs<\/em>, le <em>Livre<\/em> rouge est richement illustr\u00e9 et de nombreuses r\u00e9flexions s&rsquo;y ajoutent.&nbsp;<\/p>\n<p>Sonu Shamdasani estime qu&rsquo;environ 50% du contenu du <em>Livre rouge<\/em> provient des <em>Cahiers noirs<\/em>.&nbsp;<em>Cahiers noirs<\/em> et&nbsp;<em>Livre rouge<\/em> n&rsquo;ont pas la m\u00eame finalit\u00e9 et ceci explique qu&rsquo;ils ont leur vie propre et que, de mani\u00e8re discontinue, les <em>Cahiers noirs <\/em>jouent un r\u00f4le important dans la vie de Jung jusqu&rsquo;en 1932.<\/p>\n<h2>L&rsquo;\u00e9dition des&nbsp;<em>Cahiers noirs<\/em><\/h2>\n<p>C&rsquo;est dans le cadre de la&nbsp;<em>Foundation of the Works of C.G. Jung <\/em>et sous la direction de Sonu Shamdasani que cette \u00e9dition a \u00e9t\u00e9 r\u00e9alis\u00e9e, dans le prolongement de l&rsquo;\u00e9dition du <em>Livre rouge.<\/em><\/p>\n<p>Martin Liebscher, John Peck et Sonu Shamdasani ont assur\u00e9 la traduction de l&rsquo;ensemble.<\/p>\n<p><img loading=\"lazy\" decoding=\"async\" class=\"aligncenter wp-image-15162 size-medium\" src=\"https:\/\/www.cgjung.net\/espace\/wp-content\/uploads\/2021\/01\/black-books-550-428-300x233.png\" alt=\"\" width=\"300\" height=\"233\" srcset=\"https:\/\/www.cgjung.net\/espace\/wp-content\/uploads\/2021\/01\/black-books-550-428-300x233.png 300w, https:\/\/www.cgjung.net\/espace\/wp-content\/uploads\/2021\/01\/black-books-550-428.png 550w\" sizes=\"auto, (max-width: 300px) 100vw, 300px\" \/><\/p>\n<p>Les 7 volumes sont livr\u00e9s dans un coffret :<\/p>\n<ul>\n<li>Le premier comprend l&rsquo;introduction, les notes d&rsquo;\u00e9dition, les conventions de traduction, un index g\u00e9n\u00e9ral et en annexe une s\u00e9rie d&rsquo;images dont la plupart figurent dans le <em>Livre rouge<\/em>.<\/li>\n<li>Les 6 autres volumes sont les fac-simil\u00e9s des originaux, 6 cahiers au total, \u00e0 l&rsquo;\u00e9chelle 1, et comprennent leur traduction en anglais.<\/li>\n<\/ul>\n<p style=\"text-align: center;\"><a href=\"https:\/\/www.amazon.fr\/exec\/obidos\/ASIN\/0393088642\/carlgustavjungen\" target=\"_blank\" rel=\"noopener\">Prix, disponibilit\u00e9, isbn sur amazon.fr<\/a><\/p>\n<p style=\"text-align: center;\">Sept volumes, 1648 pages au total, pr\u00e8s de 8 kg, livr\u00e9s dans un coffret de 17,5 x 32 x 24 cm<\/p>\n<p>Vous pouvez \u00e9galement consulter <a href=\"https:\/\/www.cgjung.net\/livrerouge\/\">la pr\u00e9sentation du Livre rouge<\/a>.<\/p>\n","protected":false},"excerpt":{"rendered":"<p>Les fac-simil\u00e9s des&nbsp;Cahiers noirs (Black books) de C.G. Jung, accompagn\u00e9s d&rsquo;une traduction et d&rsquo;une pr\u00e9sentation en langue anglaise, sont disponibles depuis octobre 2020.&nbsp; Pour l&rsquo;heure, l&rsquo;\u00e9dition de ces 7 volumes, traduits en fran\u00e7ais, n&rsquo;est pas annonc\u00e9e. Confrontation avec l&rsquo;inconscient Jung s&rsquo;est livr\u00e9 d\u00e8s le 12 novembre 1913 \u00e0 une auto exp\u00e9rimentation qu&rsquo;il a nomm\u00e9e \u00ab\u00a0confrontation [&hellip;]<\/p>\n","protected":false},"author":1,"featured_media":0,"parent":9713,"menu_order":13,"comment_status":"closed","ping_status":"closed","template":"","meta":{"footnotes":""},"class_list":["post-14892","page","type-page","status-publish","hentry"],"_links":{"self":[{"href":"https:\/\/www.cgjung.net\/espace\/wp-json\/wp\/v2\/pages\/14892","targetHints":{"allow":["GET"]}}],"collection":[{"href":"https:\/\/www.cgjung.net\/espace\/wp-json\/wp\/v2\/pages"}],"about":[{"href":"https:\/\/www.cgjung.net\/espace\/wp-json\/wp\/v2\/types\/page"}],"author":[{"embeddable":true,"href":"https:\/\/www.cgjung.net\/espace\/wp-json\/wp\/v2\/users\/1"}],"replies":[{"embeddable":true,"href":"https:\/\/www.cgjung.net\/espace\/wp-json\/wp\/v2\/comments?post=14892"}],"version-history":[{"count":37,"href":"https:\/\/www.cgjung.net\/espace\/wp-json\/wp\/v2\/pages\/14892\/revisions"}],"predecessor-version":[{"id":15204,"href":"https:\/\/www.cgjung.net\/espace\/wp-json\/wp\/v2\/pages\/14892\/revisions\/15204"}],"up":[{"embeddable":true,"href":"https:\/\/www.cgjung.net\/espace\/wp-json\/wp\/v2\/pages\/9713"}],"wp:attachment":[{"href":"https:\/\/www.cgjung.net\/espace\/wp-json\/wp\/v2\/media?parent=14892"}],"curies":[{"name":"wp","href":"https:\/\/api.w.org\/{rel}","templated":true}]}}