{"id":14397,"date":"2020-09-17T07:08:11","date_gmt":"2020-09-17T05:08:11","guid":{"rendered":"https:\/\/www.cgjung.net\/espace\/?page_id=14397"},"modified":"2025-02-06T18:17:52","modified_gmt":"2025-02-06T17:17:52","slug":"que-disent-nos-reves-seminaire-en-ligne","status":"publish","type":"page","link":"https:\/\/www.cgjung.net\/espace\/seminaires\/que-disent-nos-reves-seminaire-en-ligne\/","title":{"rendered":"Approche jungienne des r\u00eaves &#8211; S\u00e9minaire en ligne"},"content":{"rendered":"<p><span style=\"color: #ff0000;\">Pour m\u00e9moire, voici le contenu de ce s\u00e9minaire organis\u00e9 dans la p\u00e9riode d&rsquo;avril 2017 \u00e0 avril 2023 :<\/span><\/p>\n<p><strong>Les r\u00eaves sont au centre de ce s\u00e9minaire. Vous vous familiariserez avec les notions de symbole et d\u2019arch\u00e9type et serez en mesure d\u2019appr\u00e9hender vos r\u00eaves pour les int\u00e9grer, le tout dans une perspective jungienne.<\/strong><\/p>\n<p><img loading=\"lazy\" decoding=\"async\" class=\"size-full wp-image-21091 aligncenter\" src=\"https:\/\/www.cgjung.net\/espace\/wp-content\/uploads\/2023\/03\/seminaire-efj-10.png\" alt=\"\" width=\"600\" height=\"450\" srcset=\"https:\/\/www.cgjung.net\/espace\/wp-content\/uploads\/2023\/03\/seminaire-efj-10.png 600w, https:\/\/www.cgjung.net\/espace\/wp-content\/uploads\/2023\/03\/seminaire-efj-10-300x225.png 300w\" sizes=\"auto, (max-width: 600px) 100vw, 600px\" \/><\/p>\n<h2>Que disent nos r\u00eaves ?<\/h2>\n<p>Dans les temps anciens, de grands r\u00eaves ont particip\u00e9 au d\u00e9veloppement des civilisations. De nos jours, pour la plupart des personnes, le r\u00eave est rel\u00e9gu\u00e9 \u00e0 un contenu de seconde zone \u2026 et peu de personnes se souviennent de leurs r\u00eaves.<\/p>\n<p>Or nous savons que toute personne qui s\u2019int\u00e9resse \u00e0 ses r\u00eaves obtient des informations qui la concernent et qui ne demandent qu\u2019\u00e0 \u00eatre comprises et int\u00e9gr\u00e9es.<\/p>\n<p>L\u2019objectif principal de ce s\u00e9minaire est d\u2019approfondir la connaissance des r\u00eaves.<\/p>\n<h2>Le mat\u00e9riel onirique<\/h2>\n<p>Nous puiserons dans le r\u00e9servoir de r\u00eaves r\u00e9f\u00e9renc\u00e9s dans l\u2019\u0153uvre jungienne, ainsi que ceux propos\u00e9s par les participants au s\u00e9minaire. Ils pourront \u00eatre \u00e0 caract\u00e8re pr\u00e9monitoire, r\u00e9current, cauchemardesque, de f\u00e9licit\u00e9 \u2026 Ils pourront rev\u00eatir un sens personnel et\/ou \u00e0 port\u00e9e collective.<\/p>\n<p>Cette formation est ouverte \u00e0 tous, sans pr\u00e9requis, elle est bas\u00e9e sur l\u2019\u0153uvre de C.G. Jung, p\u00e8re de la Psychologie des profondeurs, \u00e9galement connue sous les noms de Psychologie analytique ou Psychanalyse Jungienne.<\/p>\n<h2>Le contenu du s\u00e9minaire<\/h2>\n<p>Les points suivants seront abord\u00e9s :<\/p>\n<ul>\n<li>Accueil et d\u00e9couverte des attentes de chacun des participants<\/li>\n<li>L\u2019histoire des r\u00eaves et leur interpr\u00e9tation<\/li>\n<li>Les symboles au c\u0153ur des r\u00eaves<\/li>\n<li>Arch\u00e9types et images arch\u00e9typales : persona, ombre, anima\/animus, le Soi\u2026<\/li>\n<li>\u00c9coutons nos r\u00eaves, suivons leur d\u00e9roulement, laissons les agir<\/li>\n<li>Le sens des r\u00eaves<\/li>\n<li>Les r\u00eaves sur le chemin d\u2019individuation<\/li>\n<\/ul>\n<h2>Le d\u00e9roul\u00e9 du s\u00e9minaire<\/h2>\n<p><strong>Ce s\u00e9minaire se d\u00e9roule \u00e0 distance<\/strong> et n\u00e9cessite un \u00e9quipement de type ordinateur ou tablette raccord\u00e9 \u00e0 internet. Vous devez \u00eatre confortablement install\u00e9 dans un lieu isol\u00e9 : pas de passages intempestifs ou de pr\u00e9sence d\u2019autres personnes dans la pi\u00e8ce.<\/p>\n<p>Si de mani\u00e8re habituelle vous utilisez avec succ\u00e8s un logiciel comme Skype,\u2026 (audio + vid\u00e9o), votre connexion vers internet devrait \u00eatre suffisante.<\/p>\n<p>Aucune installation de logiciel n\u2019est n\u00e9cessaire. Un lien transmis par mail permet de se connecter \u00e0 la date et \u00e0 l\u2019heure convenues.<\/p>\n<p>\u00c0 l\u2019issue du s\u00e9minaire, un document de synth\u00e8se est envoy\u00e9 au format \u00e9lectronique \u00e0 chaque participant.<\/p>\n<p><em>Nous retiendrons 8 participants au maximum. Des pauses de 20 mn seront assur\u00e9es en milieu de matin\u00e9e ou d\u2019apr\u00e8s-midi. <\/em><em>Des exercices d\u2019harmonisation \u00e9nerg\u00e9tique ponctueront chacune des sessions.<\/em><\/p>\n<h2>Les formateurs<\/h2>\n<p>Ce s\u00e9minaire est coanim\u00e9 par&nbsp;:<\/p>\n<ul>\n<li><a href=\"https:\/\/chantalarmouet.fr\/accueil\/stage-et-formation\/que-disent-nos-reves-seminaire-en-ligne\/\">Chantal Armouet<\/a> : secr\u00e9taire de l&rsquo;association Espace Francophone Jungien, elle accompagne et aide des personnes dans leur parcours individuel. Elle g\u00e8re les inscriptions \u00e0 ce s\u00e9minaire.<\/li>\n<li><a href=\"https:\/\/www.cgjung.net\/espace\/accueil\/jprobert\/\">Jean-Pierre Robert<\/a>&nbsp;: fondateur et \u00e9diteur du pr\u00e9sent site, il participe \u00e0 la diffusion de la pens\u00e9e jungienne en direction des pays francophones. Il est pr\u00e9sident de l\u2019association Espace Francophone Jungien (EFJ).<\/li>\n<\/ul>\n<h2>Confidentialit\u00e9<\/h2>\n<p>Les formateurs et les participants garantissent la confidentialit\u00e9 des \u00e9changes et pour cela acceptent une charte de confidentialit\u00e9 en d\u00e9but de s\u00e9minaire. Cet engagement oblige au respect et \u00e0 la libert\u00e9 de chacun.<\/p>\n<h1>Chroniques des s\u00e9minaires<\/h1>\n<ul>\n<li><a href=\"https:\/\/www.cgjung.net\/espace\/seminaires\/2019-10-que-disent-nos-reves\/\">Les images arch\u00e9typiques dans les r\u00eaves, les reconna\u00eetre<\/a> (octobre 2019)<\/li>\n<li><a href=\"https:\/\/www.cgjung.net\/espace\/seminaires\/2019-11-psychologie-profondeurs\/\">D\u00e9couvrir si l\u2019on est extraverti ou introverti et ses fonctions<\/a> (novembre 2019)<\/li>\n<li><a href=\"https:\/\/www.cgjung.net\/espace\/seminaires\/2019-12-harcelement-emprise\/\">Incroyable ! L\u2019imagination des manipulateurs d\u00e9fie l\u2019entendement<\/a> (d\u00e9cembre 2019)<\/li>\n<li><a href=\"https:\/\/www.cgjung.net\/espace\/seminaires\/2020-01-a-lecoute-des-reves\/\">A l&rsquo;\u00e9coute des r\u00eaves<\/a>\u00a0(janvier 2020)<\/li>\n<\/ul>\n\n<div><h1>S\u00e9minaires p\u00e9riode d&rsquo;avril 2017 \u00e0 avril 2023<\/h1>\n<ul>\n<li><a href=\"https:\/\/www.cgjung.net\/espace\/seminaires\/seminaires-2017-2023\/\">S\u00e9minaires de formation d&rsquo;avril 2017 \u00e0 avril 2023<\/a>\n<ul>\n<li><a href=\"https:\/\/www.cgjung.net\/espace\/seminaires\/que-disent-nos-reves-seminaire-en-ligne\/\">Approche jungienne des r\u00eaves<\/a><\/li>\n<li><a href=\"https:\/\/www.cgjung.net\/espace\/seminaires\/psychologie-des-profondeurs-seminaire-en-ligne\/\">Psychologie des profondeurs selon C.G. Jung<\/a><\/li>\n<li><a href=\"https:\/\/www.cgjung.net\/espace\/seminaires\/harcelement-relations-emprise\/\">Harc\u00e8lement et relations d\u2019emprise : comment s\u2019en lib\u00e9rer ?<\/a><\/li>\n<\/ul>\n<\/li>\n<\/ul>\n<\/div>\n","protected":false},"excerpt":{"rendered":"<p>Pour m\u00e9moire, voici le contenu de ce s\u00e9minaire organis\u00e9 dans la p\u00e9riode d&rsquo;avril 2017 \u00e0 avril 2023 : Les r\u00eaves sont au centre de ce s\u00e9minaire. Vous vous familiariserez avec les notions de symbole et d\u2019arch\u00e9type et serez en mesure d\u2019appr\u00e9hender vos r\u00eaves pour les int\u00e9grer, le tout dans une perspective jungienne. Que disent nos [&hellip;]<\/p>\n","protected":false},"author":1,"featured_media":0,"parent":8959,"menu_order":0,"comment_status":"closed","ping_status":"closed","template":"","meta":{"footnotes":""},"class_list":["post-14397","page","type-page","status-publish","hentry"],"_links":{"self":[{"href":"https:\/\/www.cgjung.net\/espace\/wp-json\/wp\/v2\/pages\/14397","targetHints":{"allow":["GET"]}}],"collection":[{"href":"https:\/\/www.cgjung.net\/espace\/wp-json\/wp\/v2\/pages"}],"about":[{"href":"https:\/\/www.cgjung.net\/espace\/wp-json\/wp\/v2\/types\/page"}],"author":[{"embeddable":true,"href":"https:\/\/www.cgjung.net\/espace\/wp-json\/wp\/v2\/users\/1"}],"replies":[{"embeddable":true,"href":"https:\/\/www.cgjung.net\/espace\/wp-json\/wp\/v2\/comments?post=14397"}],"version-history":[{"count":53,"href":"https:\/\/www.cgjung.net\/espace\/wp-json\/wp\/v2\/pages\/14397\/revisions"}],"predecessor-version":[{"id":28532,"href":"https:\/\/www.cgjung.net\/espace\/wp-json\/wp\/v2\/pages\/14397\/revisions\/28532"}],"up":[{"embeddable":true,"href":"https:\/\/www.cgjung.net\/espace\/wp-json\/wp\/v2\/pages\/8959"}],"wp:attachment":[{"href":"https:\/\/www.cgjung.net\/espace\/wp-json\/wp\/v2\/media?parent=14397"}],"curies":[{"name":"wp","href":"https:\/\/api.w.org\/{rel}","templated":true}]}}