{"id":14039,"date":"2020-08-17T08:25:27","date_gmt":"2020-08-17T06:25:27","guid":{"rendered":"https:\/\/www.cgjung.net\/espace\/?page_id=14039"},"modified":"2024-10-07T07:30:34","modified_gmt":"2024-10-07T05:30:34","slug":"jung-alchimie-temps","status":"publish","type":"page","link":"https:\/\/www.cgjung.net\/espace\/ressources\/jung-alchimie-temps\/","title":{"rendered":"Actes du colloque Jung et l&rsquo;alchimie du temps"},"content":{"rendered":"<p><strong>Les actes du colloque <em> Jung et l&rsquo;alchimie du temps \u00ab\u00a0Souviens-toi de ton futur\u00a0\u00bb,<\/em> qui s&rsquo;est d\u00e9roul\u00e9 le 16 novembre 2019, peuvent \u00eatre command\u00e9s aupr\u00e8s de la Soci\u00e9t\u00e9 Fran\u00e7aise de Psychologie Analytique.<\/strong><\/p>\n<p><img loading=\"lazy\" decoding=\"async\" class=\"size-full wp-image-14040 aligncenter\" src=\"https:\/\/www.cgjung.net\/espace\/wp-content\/uploads\/2020\/08\/jung-alchimie-temps.png\" alt=\"\" width=\"280\" height=\"397\" srcset=\"https:\/\/www.cgjung.net\/espace\/wp-content\/uploads\/2020\/08\/jung-alchimie-temps.png 280w, https:\/\/www.cgjung.net\/espace\/wp-content\/uploads\/2020\/08\/jung-alchimie-temps-212x300.png 212w\" sizes=\"auto, (max-width: 280px) 100vw, 280px\" \/><\/p>\n<p style=\"text-align: center;\"><a href=\"https:\/\/cgjungfrance.com\/2020\/06\/publications-de-la-sfpa-n1\/\" target=\"_blank\" rel=\"noopener noreferrer\">Les commander aupr\u00e8s des Publications de la SFPA<\/a><\/p>\n<p style=\"text-align: center;\">Num\u00e9ro 1 &#8211; 15,5 cm x 22 cm x 1 cm &#8211; 140 pages<\/p>\n<h2>Table des mati\u00e8res<\/h2>\n<p>Pr\u00e9sentation du colloque et des intervenants.<\/p>\n<p>Anima Colendae Gratia : soutenir l&rsquo;\u00e2me dans un monde post-moderne.<br \/>\n<em>Brigit Soubrouillard<\/em><\/p>\n<p>Le filet d&rsquo;Indra : un tr\u00e8s ancien mythe pour le temps pr\u00e9sent.<br \/>\n<em>Marie-Laure Colonna<\/em><\/p>\n<p>Jung, Pauli et apr\u00e8s ? Questions pos\u00e9es \u00e0 un astrophysicien autour de la notion du temps.<br \/>\n<em>Guy Pelletier avec la participation de Brigit Soubrouillard<\/em><\/p>\n<p>D\u00e9go\u00fbt du futur et futur du d\u00e9go\u00fbt.<br \/>\n<em>Sophie Seale<\/em><\/p>\n<p>La r\u00e9gression, une exp\u00e9rience h\u00e9ro\u00efque du temps.<br \/>\n<em> Reine-Marie Halbout<\/em><\/p>\n<p>L&rsquo;alchimie du transfert, ou quand le futur effracte la m\u00e9moire du pass\u00e9 pour que le pr\u00e9sent advienne.<br \/>\n<em>Fran\u00e7ois Martin-Vallas<\/em><\/p>\n<p>Apr\u00e8s la catastrophe&#8230; la trace.<br \/>\n<em>Nathalie Dominguez<\/em><\/p>\n<h2>Pr\u00e9sentation des intervenants<\/h2>\n<p><strong>Marie-Laure Colonna<\/strong><br \/>\nPhilosophe, psychanalyste, membre de la SFPA. Elle exerce \u00e0 Paris (75).<\/p>\n<p><strong>Nathalie Dominguez<\/strong><br \/>\nPsychanalyste, membre de la SFPA. Elle exerce \u00e0 Vannes (56).<\/p>\n<p><strong>Reine-Marie Halbout<\/strong><br \/>\nPsychanalyste, membre de la SFPA, Pr\u00e9sidente des Cahiers Jungiens de Psychanalyse. Elle exerce \u00e0 Paris (75).<\/p>\n<p><strong>Fran\u00e7ois Martin-Vallas<br \/>\n<\/strong>Psychiatre, psychanalyste, membre de la SFPA, directeur de l&rsquo;Institut CG Jung de la SFPA, r\u00e9dacteur en chef de la Revue de Psychologie Analytique, chercheur associ\u00e9 du CRPPC, Universit\u00e9 Lumi\u00e8re Lyon 2. Il exerce \u00e0 Le Pin (38).<\/p>\n<p><strong>Guy Pelletier<\/strong><br \/>\nAstrophysicien, professeur \u00e9m\u00e9rite de l&rsquo;Universit\u00e9 de Grenoble.<\/p>\n<p><strong>Sophie Seale<br \/>\n<\/strong> Analyste jungienne, membre de l&rsquo;AGAP-Zurich, danse th\u00e9rapeute ADTR, University of California, Los Angeles. Elle exerce au Luxembourg.<\/p>\n<p><strong>Brigit Soubrouillard<\/strong><br \/>\nPsychanalyste, membre de la SFPA, Docteur (Ph.D.) en psychologie clinique, ancienne pr\u00e9sidente de la SFPA, membre du comit\u00e9 ex\u00e9cutif de l&rsquo;AIPA, fondatrice et pr\u00e9sidente du Centre Europ\u00e9en d&rsquo;\u00c9tudes Jungiennes \u00e0 Strasbourg. Elle exerce \u00e0 Strasbourg (67).<\/p>\n<h2>Les publications de la SFPA<\/h2>\n<p><em>(Pr\u00e9sent\u00e9es sur le site EFJ)<\/em><\/p>\n<p><strong>Ouvrage<\/strong><\/p>\n<ul>\n<li><a href=\"https:\/\/www.cgjung.net\/espace\/ressources\/supervision\/\">Superviser et \u00eatre supervis\u00e9<\/a><\/li>\n<\/ul>\n<p><strong>Actes des colloques<\/strong><\/p>\n<ul>\n<li><a href=\"https:\/\/www.cgjung.net\/espace\/ressources\/jung-alchimie-temps\/\">1 &#8211; Jung et l\u2019alchimie du temps<\/a> (16 novembre 2019)<\/li>\n<li><a href=\"https:\/\/www.cgjung.net\/espace\/ressources\/dissidence-en-psychanalyse\/\">2 &#8211; Dissidence en psychanalyse<\/a> (3 octobre 2020)<\/li>\n<li><a href=\"https:\/\/www.cgjung.net\/espace\/ressources\/technologies-inconscient\/\">3 &#8211; Technologies et inconscient<\/a> (10 avril 2021)<\/li>\n<li><a href=\"https:\/\/www.cgjung.net\/espace\/ressources\/couleurs-alchimiques\/\">4 &#8211; Couleurs alchimiques \u2013 La vie en jaune<\/a> (9 octobre 2021)<\/li>\n<li><a href=\"https:\/\/www.cgjung.net\/espace\/ressources\/feminin-psyche\/\">5 &#8211; Jung et l\u2019\u0153uvre du f\u00e9minin dans la psych\u00e9<\/a> (19 novembre 2022)<\/li>\n<li><a href=\"https:\/\/www.cgjung.net\/espace\/ressources\/psychiatrie-psychanalyse\/\">6 &#8211; L&rsquo;approche jungienne \u00e0 la crois\u00e9e de la psychiatrie et de la psychanalyse<\/a> (9 avril 2022)<\/li>\n<li><a href=\"https:\/\/www.cgjung.net\/espace\/ressources\/sfpa-no7\/\">7 &#8211; Qu\u2019est ce que l\u2019on se raconte comme histoire ?<\/a>&nbsp; (13 mai 2023)<\/li>\n<li><a href=\"https:\/\/www.cgjung.net\/espace\/ressources\/couleurs-alchimiques-rouge\/\">8 &#8211; Couleurs alchimiques. La vie en rouge<\/a> (2 d\u00e9cembre 2023)<\/li>\n<li><a href=\"https:\/\/www.cgjung.net\/espace\/ressources\/yi-jing-individuation\/\">9 &#8211; Le Yi Jing et l&rsquo;individuation<\/a> (14 d\u00e9cembre 2024)<\/li>\n<li><a href=\"https:\/\/www.cgjung.net\/espace\/ressources\/desir-et-plaisir\/\">10 &#8211; D\u00e9sir et plaisir<\/a> (24 mai 2025)<\/li>\n<\/ul>\n\n","protected":false},"excerpt":{"rendered":"<p>Les actes du colloque Jung et l&rsquo;alchimie du temps \u00ab\u00a0Souviens-toi de ton futur\u00a0\u00bb, qui s&rsquo;est d\u00e9roul\u00e9 le 16 novembre 2019, peuvent \u00eatre command\u00e9s aupr\u00e8s de la Soci\u00e9t\u00e9 Fran\u00e7aise de Psychologie Analytique. Les commander aupr\u00e8s des Publications de la SFPA Num\u00e9ro 1 &#8211; 15,5 cm x 22 cm x 1 cm &#8211; 140 pages Table des [&hellip;]<\/p>\n","protected":false},"author":1,"featured_media":0,"parent":9713,"menu_order":13,"comment_status":"closed","ping_status":"closed","template":"","meta":{"footnotes":""},"class_list":["post-14039","page","type-page","status-publish","hentry"],"_links":{"self":[{"href":"https:\/\/www.cgjung.net\/espace\/wp-json\/wp\/v2\/pages\/14039","targetHints":{"allow":["GET"]}}],"collection":[{"href":"https:\/\/www.cgjung.net\/espace\/wp-json\/wp\/v2\/pages"}],"about":[{"href":"https:\/\/www.cgjung.net\/espace\/wp-json\/wp\/v2\/types\/page"}],"author":[{"embeddable":true,"href":"https:\/\/www.cgjung.net\/espace\/wp-json\/wp\/v2\/users\/1"}],"replies":[{"embeddable":true,"href":"https:\/\/www.cgjung.net\/espace\/wp-json\/wp\/v2\/comments?post=14039"}],"version-history":[{"count":8,"href":"https:\/\/www.cgjung.net\/espace\/wp-json\/wp\/v2\/pages\/14039\/revisions"}],"predecessor-version":[{"id":26880,"href":"https:\/\/www.cgjung.net\/espace\/wp-json\/wp\/v2\/pages\/14039\/revisions\/26880"}],"up":[{"embeddable":true,"href":"https:\/\/www.cgjung.net\/espace\/wp-json\/wp\/v2\/pages\/9713"}],"wp:attachment":[{"href":"https:\/\/www.cgjung.net\/espace\/wp-json\/wp\/v2\/media?parent=14039"}],"curies":[{"name":"wp","href":"https:\/\/api.w.org\/{rel}","templated":true}]}}