{"id":13782,"date":"2020-08-24T09:14:50","date_gmt":"2020-08-24T07:14:50","guid":{"rendered":"https:\/\/www.cgjung.net\/espace\/?page_id=13782"},"modified":"2022-12-30T11:18:13","modified_gmt":"2022-12-30T10:18:13","slug":"jung-nerval-aurelia","status":"publish","type":"page","link":"https:\/\/www.cgjung.net\/espace\/accueil\/jung-nerval-aurelia\/","title":{"rendered":"Carl Gustav Jung, G\u00e9rard de Nerval et Aur\u00e9lia"},"content":{"rendered":"<p style=\"text-align: justify;\"><strong>Les conf\u00e9rences de Jung sur Aur\u00e9lia de Nerval, dont le sous-titre est <em>De l&rsquo;art psychologique et visionnaire<\/em>, n&rsquo;ont pas \u00e9t\u00e9 pour moi une simple lecture mais un moyen de d\u00e9couvrir encore plus un Jung secret.<\/strong><\/p>\n<p style=\"text-align: right;\"><em><a href=\"https:\/\/www.cgjung.net\/espace\/cg-jung\/avertissement\/\">Ariane Callot<\/a> &#8211; Septembre 2020<\/em><\/p>\n<p><img loading=\"lazy\" decoding=\"async\" class=\"size-full wp-image-14127 aligncenter\" src=\"https:\/\/www.cgjung.net\/espace\/wp-content\/uploads\/2020\/08\/jung-aurelia-nerval.jpg\" alt=\"\" width=\"640\" height=\"458\" srcset=\"https:\/\/www.cgjung.net\/espace\/wp-content\/uploads\/2020\/08\/jung-aurelia-nerval.jpg 640w, https:\/\/www.cgjung.net\/espace\/wp-content\/uploads\/2020\/08\/jung-aurelia-nerval-300x215.jpg 300w\" sizes=\"auto, (max-width: 640px) 100vw, 640px\" \/><\/p>\n<p style=\"text-align: right;\"><a href=\"https:\/\/www.cgjung.net\/espace\/jps\/articles\/ariane-callot\/jung-nerval-aurelia\/\">Version anglaise de cet article<\/a><\/p>\n<p style=\"text-align: justify;\">A la lecture <a href=\"https:\/\/www.cgjung.net\/espace\/ressources\/conferences-sur-aurelia-de-nerval\/\">de ce livre passionnant<\/a>, si interpellant, je suis arriv\u00e9e \u00e0 la conclusion qu&rsquo;il&nbsp;me parlait surtout de Jung et que l&rsquo;essentiel se trouvait dans la conf\u00e9rence de 1945.<\/p>\n<h2>Les r\u00e9ticences de Jung<\/h2>\n<p style=\"text-align: justify;\">Quand on s&rsquo;en tient aux \u0153uvres les plus connues de Jung, celles qui sont sous le contr\u00f4le de ce qu&rsquo;il appelle lui m\u00eame la <em>persona<\/em>, on observe une r\u00e9ticence, plus ou moins forte, envers certains sujets.<\/p>\n<p style=\"text-align: justify;\">Il ne se veut surtout pas philosophe, ni artiste et encore moins po\u00e8te.<\/p>\n<p style=\"text-align: justify;\">Pour ce qui est de la philosophie, cela fait sourire car il a toutes les qualit\u00e9s requises : pens\u00e9e originale, pratique de la th\u00e8se, de l&rsquo;antith\u00e8se et de la synth\u00e8se.<\/p>\n<p style=\"text-align: justify;\">Pour ce qui est de l&rsquo;artiste, il suffit de regarder ses illustrations du <a href=\"https:\/\/www.cgjung.net\/livrerouge\/index.htm\"><em>Livre Rouge<\/em><\/a> pour \u00eatre convaincu de son talent.<\/p>\n<p style=\"text-align: justify;\">Reste le sujet qui nous int\u00e9resse : Le Jung qui lit Aur\u00e9lia poss\u00e8de-t-il la comp\u00e9tence et la sensibilit\u00e9 po\u00e9tique n\u00e9cessaires ? Je r\u00e9pondrai sans h\u00e9siter oui. M\u00eame s&rsquo;il semble avoir une grande pudeur \u00e0 ce sujet, celui qui \u00e9crit les Sept sermons aux Morts, est un po\u00e8te.<\/p>\n<p style=\"text-align: justify;\">Quand il lisait G\u00e9rard de Nerval il dut \u00eatre fascin\u00e9, comme il le fut par le Zarathoustra de Nietzsche. J&rsquo;ajouterai que, dans sa conf\u00e9rence, il s&rsquo;efface souvent devant le texte dont il lit, en fran\u00e7ais, de longs passages. Voici ce qu&rsquo;il annonce d\u00e8s le d\u00e9but :<\/p>\n<blockquote>\n<p style=\"text-align: justify;\">\u00ab\u00a0Je ne peux que rester implicite, car la mati\u00e8re est extraordinairement vaste, si bien que, dans un premier temps, je souhaiterais surtout laisser cette mati\u00e8re s&rsquo;exprimer et garder mes interpr\u00e9tations \u00e0 l&rsquo;arri\u00e8re-plan\u00a0\u00bb. (p. 105)<\/p>\n<\/blockquote>\n<h2>Que raconte G\u00e9rard de Nerval dans Aur\u00e9lia ?<\/h2>\n<p style=\"text-align: justify;\">Nous sommes en plein Romantisme avec le th\u00e8me de la femme inaccessible, obs\u00e9dante, perdue et retrouv\u00e9e puis encore perdue. De quoi exasp\u00e9rer Jung qui se voulait certainement plus pragmatique que romantique. S&rsquo;il n&rsquo;y avait que cette histoire dans <em>Aur\u00e9lia<\/em>, il ne s&rsquo;y serait jamais int\u00e9ress\u00e9. Pourquoi alors ce r\u00e9cit l&rsquo;a-t-il interpell\u00e9 au point de lui consacrer une conf\u00e9rence ?<\/p>\n<p style=\"text-align: justify;\">Aur\u00e9lia est l&rsquo;axe autour duquel tournent toutes les obsessions n\u00e9vrotiques de Nerval. Il d\u00e9crit sa maladie en racontant ses r\u00eaves et ses fantasmes puis sa chute dans la psychose qui le conduit au suicide.<\/p>\n<p style=\"text-align: justify;\">Jung ne peut qu&rsquo;\u00eatre touch\u00e9 par des th\u00e8mes qui le concernent personnellement. D&rsquo;abord le r\u00eave et les visons qu\u2019il a \u00e9tudi\u00e9s toute sa vie. Ensuite, la description d&rsquo;une fragilit\u00e9 psychique qu&rsquo;il a lui m\u00eame ressentie, le double, la porosit\u00e9 de la fronti\u00e8re entre le conscient et l&rsquo;inconscient, les limites&nbsp; entre la folie et la bonne sant\u00e9 au sens nietzsch\u00e9en. <span style=\"color: #000000;\">J&rsquo;ajouterai, sur le plan pratique, son exp\u00e9rience en qualit\u00e9 de psychiatre qui l&rsquo;a confront\u00e9 \u00e0 la maladie mentale.<\/span><\/p>\n<p>On se trouve donc, dans cette conf\u00e9rence de 1945, devant une lecture d\u2019Aur\u00e9lia par un Jung tr\u00e8s concern\u00e9 par ce texte.&nbsp;<\/p>\n<h2>Le r\u00eave est une seconde vie<\/h2>\n<p style=\"text-align: justify;\">Jung dit, d\u00e8s qu&rsquo;il rentre dans le sujet de sa conf\u00e9rence :<\/p>\n<blockquote>\n<p style=\"text-align: justify;\">\u00ab\u00a0Le texte d&rsquo;<em>Aur\u00e9lia<\/em> s&rsquo;ouvre sur cette phrase : \u00ab\u00a0le r\u00eave est une seconde vie\u00a0\u00bb \u00c0 partir de l\u00e0, l&rsquo;auteur poursuit en parlant imm\u00e9diatement de ce que nous appelons aujourd&rsquo;hui l&rsquo;inconscient\u00a0\u00bb (p. 106)<\/p>\n<\/blockquote>\n<p style=\"text-align: justify;\">Le probl\u00e8me est que, pour Nerval, les r\u00eaves et les visions ne sont plus seulement des messages de l&rsquo;inconscient mais d\u00e9bordent sur la vie r\u00e9elle. Il le ressent et lutte, comme l&rsquo;aurait dit Jung, contre ce flot de lave incandescente qui provoque en lui un sentiment de fascination\/r\u00e9pulsion.<\/p>\n<p style=\"text-align: justify;\">Au moment o\u00f9 Nerval \u00e9tait sur le bord extr\u00eame du gouffre, Jung pense qu&rsquo;il aurait pu \u00eatre sauv\u00e9 par ce qu&rsquo;il appelle un processus de restauration par les r\u00eaves. Voici ce qu&rsquo;il \u00e9crit, pensant probablement \u00e0 des moments o\u00f9 il avait, lui m\u00eame, subi des menaces de submersion par l&rsquo;inconscient et \u00e0 ce qu&rsquo;il avait pu observer chez ses patients.<span style=\"color: #ff00ff;\"><br \/>\n<\/span><\/p>\n<blockquote>\n<p style=\"text-align: justify;\">\u00ab\u00a0Plus nous creusons profond\u00e9ment sous la maladie mentale, plus nous atteignons des couches o\u00f9 la restauration est sans cesse \u00e0 l\u2019\u0153uvre. La vie ne sombre jamais. Elle ne se perd jamais. Dans les r\u00eaves, des processus de grande normalit\u00e9 se font jour. Parmi les voix, il y a des voix normales. La v\u00e9rit\u00e9 normale s&rsquo;exprime.<\/p>\n<p style=\"text-align: justify;\">C&rsquo;est aussi le cas chez G\u00e9rard de Nerval : au plus fort de sa maladie un processus de restauration est \u00e0 l\u2019\u0153uvre.\u00a0\u00bb (p. 166\/167)<\/p>\n<\/blockquote>\n<p>Mais Nerval voulait-il gu\u00e9rir ?<\/p>\n<h2 style=\"text-align: justify;\">Nerval ne voulait pas gu\u00e9rir<\/h2>\n<p style=\"text-align: justify;\">Nerval \u00e9tait conscient de ce qu&rsquo;il appelait <em>l&rsquo;orage des pens\u00e9es<\/em>. Il \u00e9crit dans une lettre cit\u00e9e par Craig E. Stephenson, dans son introduction aux conf\u00e9rences :<\/p>\n<blockquote>\n<p style=\"text-align: justify;\">\u00ab\u00a0Il y a dans ma t\u00eate un orage de pens\u00e9es dont je suis \u00e9bloui et fatigu\u00e9 sans cesse ; il y a des ann\u00e9es de r\u00eaves, de projets, d&rsquo;angoisses qui voudraient se presser dans une phrase, dans un mot. \u00a0\u00bb (p. 33)<\/p>\n<\/blockquote>\n<p style=\"text-align: justify;\">Il \u00e9tait conscient d&rsquo;\u00eatre ce que l&rsquo;on appelle diff\u00e9rent et m\u00eame, \u00e0 certains moments d&rsquo;\u00eatre tr\u00e8s malade. Il accept\u00e2t m\u00eame de se faire soigner mais, quand on lit le passage cit\u00e9 par Jung dans sa conf\u00e9rence, on comprend qu&rsquo;il n&rsquo;avait pas envie de sortir de sa maladie. Il avait peur de perdre sa cr\u00e9ativit\u00e9.<\/p>\n<blockquote>\n<p style=\"text-align: justify;\">\u00ab\u00a0Je vais essayer de transcrire les impressions d&rsquo;une longue maladie qui s&rsquo;est pass\u00e9e tout enti\u00e8re dans les myst\u00e8res de mon esprit ; et je ne sais pas pourquoi je me sers de ce terme maladie, car jamais, quant \u00e0 ce qui est de moi-m\u00eame, je ne me suis senti mieux portant.<\/p>\n<p style=\"text-align: justify;\">Parfois, je croyais ma force et mon activit\u00e9 doubl\u00e9es ; il me semblait tout savoir, tout comprendre ; l&rsquo;imagination m&rsquo;apportait des d\u00e9lices infinies. En recouvrant ce que les autres appellent la raison, faudra-t-il regretter de les avoir perdues .\u00a0\u00bb (p. 107)<\/p>\n<\/blockquote>\n<p style=\"text-align: justify;\">Il y a l\u00e0 un point commun avec Jung sur le c\u00f4t\u00e9 positif de la maladie. Il s&rsquo;adresse au Docteur Christine Mann dans une lettre de 1945 :<\/p>\n<blockquote>\n<p style=\"text-align: justify;\">\u00ab\u00a0En fin de compte cette maladie a \u00e9t\u00e9 pour moi une exp\u00e9rience extr\u00eamement pr\u00e9cieuse, elle m\u2019a donn\u00e9 l\u2019occasion extr\u00eamement rare de jeter un \u0153il derri\u00e8re le voile\u00a0\u00bb.<br \/>\n<a href=\"https:\/\/www.cgjung.net\/oeuvre\/correspondance_1941_1949.htm\">C.G. Jung, Correspondance, Tome 2<\/a>, p. 92<\/p>\n<\/blockquote>\n<p style=\"text-align: justify;\">Nerval partageait aussi avec Nietzsche ce besoin de se r\u00e9fugier dans la maladie pour fuir la vie ordinaire. On peut lire \u00e0 ce sujet <a href=\"https:\/\/www.cgjung.net\/espace\/ariaga-ecrits-jung\/relation-c-g-jung-friedrich-nietzsche\/maladie-chez-jung-et-nietzsche\/\">Le c\u00f4t\u00e9 positif de la maladie chez Jung et Nietzsche<\/a> o\u00f9 j&rsquo;ai plus d\u00e9velopp\u00e9 le sujet.<\/p>\n<p style=\"text-align: justify;\">Il est troublant de voir que Jung d\u00e9cide de reprendre en 1945, en donnant plus d&rsquo;importance \u00e0 la maladie, sa conf\u00e9rence sur l&rsquo;<em>Aur\u00e9lia<\/em> de 1942. En effet, il raconte dans le chapitre Visions de <em>Ma vie<\/em> sa grave maladie de 1944 pendant laquelle il s&rsquo;immergea dans un monde de visions et d&rsquo;hallucinations dont il ne sortit qu&rsquo;\u00e0 regret.<\/p>\n<h2 style=\"text-align: justify;\">L&rsquo;autre et le double<\/h2>\n<p style=\"text-align: justify;\">Le Jung qui \u00e9crit dans <a href=\"https:\/\/www.cgjung.net\/oeuvre\/ma_vie_folio.htm\">Ma vie<\/a>, page 65 : \u00ab\u00a0Au fond, je savais toujours que j&rsquo;\u00e9tais <em>deux\u00a0\u00bb<\/em>, ne pouvais qu&rsquo;\u00eatre sensible \u00e0 la terrible sensation de d\u00e9doublement jusqu&rsquo;\u00e0 l&rsquo;\u00e2me \u00e9prouv\u00e9e par Nerval :<\/p>\n<blockquote>\n<p style=\"text-align: justify;\">\u00ab\u00a0[&#8230;] mon \u00e2me se d\u00e9doublait pour ainsi dire, distinctement partag\u00e9e entre la vision et la r\u00e9alit\u00e9.\u00a0\u00bb (p. 126)<\/p>\n<\/blockquote>\n<p style=\"text-align: justify;\">C&rsquo;est un autre qu&rsquo;on a lib\u00e9r\u00e9, le prenant pour lui, au poste de police. M\u00eame ses amis se sont tromp\u00e9s.<\/p>\n<p style=\"text-align: justify;\">Cette impression d&rsquo;un Autre qui prend sa place perdure tout au long du r\u00e9cit de Nerval. Jung le cite :<\/p>\n<blockquote>\n<p style=\"text-align: justify;\">\u00ab\u00a0Je m&rsquo;\u00e9lan\u00e7ai vers lui, le mena\u00e7ant, mais il se tourna tranquillement vers moi. \u00d4 terreur ! \u00d4 col\u00e8re ! c&rsquo;\u00e9tait mon visage, c&rsquo;\u00e9tait toute ma forme id\u00e9alis\u00e9e et grandie &#8230;\u00a0\u00bb (p. 153)<\/p>\n<\/blockquote>\n<p style=\"text-align: justify;\">Il y a un Autre et il ne sait plus lequel des deux il est. Ce qui le perturbe le plus c&rsquo;est qu&rsquo;il est question d&rsquo;un \u00ab\u00a0Mariage mystique\u00a0\u00bb entre lui et Aur\u00e9lia :<\/p>\n<blockquote>\n<p style=\"text-align: justify;\">\u00ab\u00a0Aussit\u00f4t un transport insens\u00e9 s&#8217;empara de moi. J&rsquo;imaginai que celui qu&rsquo;on attendait \u00e9tait mon <em>double<\/em> qui devait \u00e9pouser Aur\u00e9lia.\u00a0\u00bb(p. 155)<\/p>\n<\/blockquote>\n<h2 style=\"text-align: justify;\">Quand les oiseaux parlent<\/h2>\n<p style=\"text-align: justify;\">Pour illustrer le texte de sa conf\u00e9rence, on aurait pu s&rsquo;attendre \u00e0 ce que Jung propose les illustrations d&rsquo;Alfred Kubin l&rsquo;illustrateur de la version allemande. C&rsquo;est probablement dans cette version que Jung a d\u00e9couvert l&rsquo;Aur\u00e9lia et il a plusieurs fois fait allusion \u00e0 cet artiste fascin\u00e9 par le fantastique et tr\u00e8s \u00ab\u00a0illumin\u00e9\u00a0\u00bb. Mais Jung utilise uniquement des images alchimiques.<\/p>\n<p style=\"text-align: justify;\">Il faut dire que le texte de Nerval contient une riche symbolique alchimique qui int\u00e9resse vivement Jung.<\/p>\n<p style=\"text-align: justify;\">Citons, par exemple, le fait que Nerval entend parler un oiseau et que les alchimistes disaient s&rsquo;exprimer en langue des oiseaux pour expliquer certaines obscurit\u00e9s, assonances et jeux de mots. Cela n&rsquo;a pas \u00e9chapp\u00e9 \u00e0 Jung qui, plusieurs fois dans sa conf\u00e9rence propose des interpr\u00e9tations, li\u00e9es \u00e0 l&rsquo;alchimie, des r\u00eaves et des visions relat\u00e9s dans Aur\u00e9lia.<\/p>\n<p style=\"text-align: justify;\">On peut aussi se demander si, inconsciemment, l\u2019id\u00e9e du <em>Mariage chymique, <\/em>de la Myst\u00e9rieuse conjonction poursuivie par les alchimistes<em>, <\/em>ne s&rsquo;impose pas \u00e0 Nerval<em>.<\/em><\/p>\n<h2 style=\"text-align: justify;\">Nerval a manqu\u00e9 la vie<\/h2>\n<p style=\"text-align: justify;\">L\u00e0 o\u00f9 Jung montre combien il se sent concern\u00e9, c&rsquo;est dans les vifs reproches qu&rsquo;il fait \u00e0 Nerval.<\/p>\n<p style=\"text-align: justify;\">Je pense qu\u2019en lisant Aur\u00e9lia quelque chose en lui fr\u00e9mit en pensant \u00e0 ce qui aurait pu lui arriver s&rsquo;il n&rsquo;avait pas \u00e9t\u00e9 plus solide psychiquement et si il ne s&rsquo;\u00e9tait pas accroch\u00e9 \u00e0 des valeurs telles que la famille et le travail.<\/p>\n<p style=\"text-align: justify;\">Il lui reproche son \u00ab\u00a0esth\u00e9tisme\u00a0\u00bb et d&rsquo;avoir lu trop de litt\u00e9rature alors que sa vie \u00e9tait en jeu. Il a manqu\u00e9 la vie et s&rsquo;est retir\u00e9 de la r\u00e9alit\u00e9 :<\/p>\n<blockquote>\n<p style=\"text-align: justify;\">\u00ab\u00a0Le po\u00e8te s&rsquo;est en quelque sorte retir\u00e9 d&rsquo;une r\u00e9alit\u00e9 dans laquelle il aurait pu s&rsquo;\u00e9panouir. Quelque chose qu&rsquo;il ne peut absolument pas relier \u00e0 \u00ab\u00a0une personne ordinaire de notre si\u00e8cle\u00a0\u00bb s&rsquo;est impos\u00e9 \u00e0 lui sous la forme de son Aur\u00e9lia.\u00a0\u00bb (p. 116)<\/p>\n<\/blockquote>\n<p style=\"text-align: justify;\">Pire, il a perdu toute chance de contact et d&rsquo;aide venant du Soi :<\/p>\n<blockquote>\n<p style=\"text-align: justify;\">\u00ab\u00a0sans ces actions, le Soi ne peut pas s&rsquo;\u00e9panouir, car le Soi n\u2019appara\u00eet que dans ce que nous faisons. Si nous ne lui donnons aucune action \u00e0 accomplir, ou trop peu, le Soi reste alors invisible, prisonnier \u00e0 l&rsquo;int\u00e9rieur, et perd son \u00e9lan.\u00a0\u00bb (p.115)&nbsp;<\/p>\n<\/blockquote>\n<h2 style=\"text-align: justify;\">L&rsquo;anima et l&rsquo;ombre<\/h2>\n<p style=\"text-align: justify;\">Nerval avait certainement de graves probl\u00e8mes avec son anima mais il ne pouvait l&rsquo;affronter, comme l&rsquo;a si bien fait Jung, qu&rsquo;en acceptant de braver son ombre et non de la subir. Dans la discussion qui suit la conf\u00e9rence, Jung dit que l&rsquo;on a aucune chance de r\u00e9sister \u00e0 l&rsquo;anima n\u00e9gative si on n&rsquo;accepte pas d&rsquo;abord l&rsquo;ombre :<\/p>\n<blockquote>\n<p style=\"text-align: justify;\">&nbsp;\u00ab\u00a0sinon l&rsquo;ombre s&rsquo;enfuit avec l&rsquo;anima et toutes deux trament un terrible complot contre nous.\u00a0\u00bb (p. 168)<\/p>\n<\/blockquote>\n<p style=\"text-align: justify;\">Nerval sentait bien la pr\u00e9sence de son ombre mais elle le terrifiait. Il croyait qu&rsquo;elle lui \u00e9tait uniquement hostile et il a employ\u00e9 beaucoup d\u2019\u00e9nergie et <em>d&rsquo;esth\u00e9tisme<\/em> pour la rejeter. Elle a alors pris le dessus et l&rsquo;a pouss\u00e9 \u00e0 la psychose et \u00e0 la mort. Ni les r\u00eaves, ni les visions, ni la cr\u00e9ation po\u00e9tique n&rsquo;avaient pu le sauver.<\/p>\n<p style=\"text-align: justify;\">Jung faisait de la relation avec son ombre la raison du sordide suicide de Nerval qui se pendit \u00e0 la grille d&rsquo;une bouche d&rsquo;\u00e9gout. Il termine les deux conf\u00e9rences par ces m\u00eames mots :&nbsp;<\/p>\n<blockquote>\n<p style=\"text-align: justify;\">\u00ab\u00a0Ce fut la fin d&rsquo;une personnalit\u00e9 qui n&rsquo;avait pas compris comment briser le cercle \u00e9troit du moi personnel et donner acc\u00e8s \u00e0 l&rsquo;ombre, ce signe avant-coureur ambigu d&rsquo;un nouvel ordre des choses.\u00a0\u00bb (p. 159)<\/p>\n<\/blockquote>\n<h2 style=\"text-align: justify;\">Conclusion<\/h2>\n<p style=\"text-align: justify;\">J&rsquo;aurais pu donner une version psychiatrique du texte de Nerval, l&rsquo;histoire d&rsquo;une folie racont\u00e9e par un po\u00e8te romantique pr\u00eat \u00e0 se suicider. On peut aussi y voir le traitement d&rsquo;une maladie mentale et les r\u00e9actions du malade. Tout ceci est tr\u00e8s bien \u00e9tudi\u00e9 dans la longue et tr\u00e8s int\u00e9ressante introduction de Craig E. Stephenson aux conf\u00e9rences de Jung.<\/p>\n<p style=\"text-align: justify;\">Ou alors, \u00e9tablir une relation entre l\u2019Aur\u00e9lia de Nerval et Le Livre rouge de Jung. L\u00e0 aussi Stephenson le fait tr\u00e8s bien. Pour lui tous deux sont \u00ab\u00a0des vecteurs litt\u00e9raires \u00e9crits dans un but psychologique\u00a0\u00bb. A propos du Livre rouge il \u00e9crit :<\/p>\n<blockquote>\n<p style=\"text-align: justify;\">\u00ab\u00a0Il est particuli\u00e8rement \u00e9mouvant d&rsquo;observer Jung jouer les quatre r\u00f4les : m\u00e9decin, \u00e9crivain, homme et narrateur fictif. On pourrait soutenir que c&rsquo;est l&rsquo;une des sources de la conception de Jung selon laquelle des images du Soi \u00e9mergent de la complexit\u00e9 de la personnalit\u00e9 \u2014 qu&rsquo;il existe quelque chose d&rsquo;irr\u00e9ductible et de plus grand que la somme de ses nombreux composants.\u00a0\u00bb (p. 80)<\/p>\n<\/blockquote>\n<p style=\"text-align: justify;\">La lecture de la conf\u00e9rence de 1945 ne m&rsquo;a pas seulement int\u00e9ress\u00e9e d&rsquo;un point de vue litt\u00e9raire et philosophique, elle m&rsquo;a touch\u00e9e. J&rsquo;ai eu l&rsquo;impression de communiquer avec le Jung pour qui certains murs \u00e9taient transparents, un Jung qui enrageait de voir un homme de g\u00e9nie sourd aux le\u00e7ons de l&rsquo;inconscient. Le \u00ab\u00a0Professeur\u00a0\u00bb Jung \u00e0 su s&rsquo;effacer devant les tourments et l&rsquo;agonie psychique d&rsquo;un po\u00e8te avec lequel il se sentait en empathie.<\/p>\n<p><em>Voir la pr\u00e9sentation du livre de C.G. Jung : <a href=\"https:\/\/www.cgjung.net\/espace\/ressources\/conferences-sur-aurelia-de-nerval\/\">Conf\u00e9rences sur&nbsp;Aur\u00e9lia de Nerval, De l&rsquo;art psychologique et visionnaire.<\/a><\/em><\/p>\n<p><a href=\"https:\/\/www.cgjung.net\/contact.htm\"><strong>Adresser un message \u00e0 Ariane Callot<\/strong><\/a><\/p>\n<p>&nbsp;<\/p>\n<h2>Articles Ariane Callot<\/h2>\n<ul>\n<li><a href=\"https:\/\/www.cgjung.net\/espace\/accueil\/ariane-callot\/pouvoir-jugement\/\">Les affam\u00e9s de pouvoir ont-ils un jugement unilat\u00e9ral ?<\/a><\/li>\n<li><a href=\"https:\/\/www.cgjung.net\/espace\/accueil\/ariane-callot\/vieil-homme-enfant\/\">Jung : le vieil homme et l\u2019enfant<\/a><\/li>\n<li><a href=\"https:\/\/www.cgjung.net\/espace\/accueil\/ariane-callot\/individuation-individualisme\/\">Individuation et individualisme<\/a><\/li>\n<li><a href=\"https:\/\/www.cgjung.net\/espace\/accueil\/ariane-callot\/jung-et-la-geomancie\/\">C.G. Jung et la g\u00e9omancie<\/a><\/li>\n<li><a href=\"https:\/\/www.cgjung.net\/espace\/accueil\/ariane-callot\/citations-jung\/\">Sur l\u2019utilisation des citations de Carl Gustav Jung<\/a><\/li>\n<li><a href=\"https:\/\/www.cgjung.net\/espace\/accueil\/ariane-callot\/representations-theatrales-serie-reves\/\">Prologues aux repr\u00e9sentations th\u00e9\u00e2trales d\u2019une s\u00e9rie de r\u00eaves<\/a><\/li>\n<li><a href=\"https:\/\/www.cgjung.net\/espace\/accueil\/ariane-callot\/psyche-champ-de-bataille\/\">Quand la psych\u00e9 est un champ de bataille<\/a><\/li>\n<li><a href=\"https:\/\/www.cgjung.net\/espace\/accueil\/ariane-callot\/horloge-du-monde\/\">C.G. Jung et l\u2019Horloge du Monde<\/a><\/li>\n<li><a href=\"https:\/\/www.cgjung.net\/espace\/accueil\/ariane-callot\/frank-herbert-jung\/\">Carl Gustav Jung et l\u2019\u0153uvre de Frank Herbert<\/a><\/li>\n<li><a href=\"https:\/\/www.cgjung.net\/espace\/accueil\/pauli-jung-femme-inconnue\/\">Wolfgang Pauli, Carl Gustav Jung et la femme inconnue<\/a><\/li>\n<li><a href=\"https:\/\/www.cgjung.net\/espace\/accueil\/trois-oeuvres-essentielles\/\">L\u2019inspiration alchimique de Jung dans trois \u0153uvres essentielles<\/a><\/li>\n<li><a href=\"https:\/\/www.cgjung.net\/espace\/accueil\/ariane-callot\/psychologie-alchimie\/\">Comment aborder le livre de C.G. Jung Psychologie et Alchimie ?<\/a><\/li>\n<li><a href=\"https:\/\/www.cgjung.net\/espace\/accueil\/ariane-callot\/arbre-philosophique\/\">Carl Gustav Jung et l\u2019arbre philosophique<\/a><\/li>\n<li><a href=\"https:\/\/www.cgjung.net\/espace\/accueil\/ariane-callot\/reponse-job-jung-et-ses-detracteurs\/\">R\u00e9ponse \u00e0 Job : Jung et ses d\u00e9tracteurs<\/a><\/li>\n<li><a href=\"https:\/\/www.cgjung.net\/espace\/accueil\/ariane-callot\/termes-alchimiques\/\">Les termes alchimiques \u00e9clair\u00e9s par Dom Pernety et C.G. Jung<\/a><\/li>\n<li><a href=\"https:\/\/www.cgjung.net\/espace\/accueil\/les-dedoublements-du-thesard\/\">Les d\u00e9doublements du th\u00e9sard<\/a><\/li>\n<li><a href=\"https:\/\/www.cgjung.net\/espace\/accueil\/ariane-callot\/rencontres-bernard-kaempf\/\">Rencontres autour de Jung avec Bernard Kaempf<\/a><\/li>\n<li><a href=\"https:\/\/www.cgjung.net\/espace\/accueil\/alchimie-poetique\/\">Jung, Rimbaud, vers l\u2019alchimie po\u00e9tique<\/a><\/li>\n<li><a href=\"https:\/\/www.cgjung.net\/espace\/accueil\/jung-nerval-aurelia\/\">Carl Gustav Jung, G\u00e9rard de Nerval et Aur\u00e9lia<\/a><\/li>\n<li><a href=\"https:\/\/www.cgjung.net\/espace\/accueil\/jung-nietzsche-dieu-ne-peut-pas-mourir\/\">Jung \/ Nietzsche&nbsp;: Dieu ne peut pas mourir<\/a><\/li>\n<li><a href=\"https:\/\/www.cgjung.net\/espace\/accueil\/jung-nietzsche-maladie\/\">Jung \/ Nietzsche&nbsp;: le c\u00f4t\u00e9 positif\/n\u00e9gatif de la maladie<\/a><\/li>\n<li><a href=\"https:\/\/www.cgjung.net\/espace\/accueil\/jung-nietzsche\/\">Jung \/ Nietzsche, rendez-vous et \u00e9vitement<\/a><\/li>\n<\/ul>\n<p><em>Articles co-\u00e9crits avec Jean-Pierre Robert :<\/em><\/p>\n<ul>\n<li><a href=\"https:\/\/www.cgjung.net\/espace\/accueil\/psychologie-carl-gustav-jung\/\">La psychologie de Carl Gustav Jung expliqu\u00e9e clairement<\/a><\/li>\n<li><a href=\"https:\/\/www.cgjung.net\/espace\/accueil\/carl-gustav-jung-junichiro-tanizaki\/\">Carl Gustav Jung et Junichir\u00f4 Tanizaki font l\u2019\u00e9loge de l\u2019ombre<\/a><\/li>\n<\/ul>\n<p><em>Trois rubriques compl\u00e8tent cette liste d&rsquo;articles :<\/em><\/p>\n<p><a href=\"https:\/\/www.cgjung.net\/espace\/cg-jung\/\">Recherches sur Jung<\/a>&nbsp;|&nbsp;<a href=\"https:\/\/www.cgjung.net\/espace\/ariaga-ecrits-jung\/\">\u00c9crits sur Jung<\/a> | <a href=\"https:\/\/www.cgjung.net\/espace\/ariaga-poesie\/\">Po\u00e9sie Ariaga<\/a><\/p>\n\n","protected":false},"excerpt":{"rendered":"<p>Les conf\u00e9rences de Jung sur Aur\u00e9lia de Nerval, dont le sous-titre est De l&rsquo;art psychologique et visionnaire, n&rsquo;ont pas \u00e9t\u00e9 pour moi une simple lecture mais un moyen de d\u00e9couvrir encore plus un Jung secret. Ariane Callot &#8211; Septembre 2020 Version anglaise de cet article A la lecture de ce livre passionnant, si interpellant, je [&hellip;]<\/p>\n","protected":false},"author":1,"featured_media":0,"parent":53,"menu_order":17,"comment_status":"closed","ping_status":"closed","template":"","meta":{"footnotes":""},"class_list":["post-13782","page","type-page","status-publish","hentry"],"_links":{"self":[{"href":"https:\/\/www.cgjung.net\/espace\/wp-json\/wp\/v2\/pages\/13782","targetHints":{"allow":["GET"]}}],"collection":[{"href":"https:\/\/www.cgjung.net\/espace\/wp-json\/wp\/v2\/pages"}],"about":[{"href":"https:\/\/www.cgjung.net\/espace\/wp-json\/wp\/v2\/types\/page"}],"author":[{"embeddable":true,"href":"https:\/\/www.cgjung.net\/espace\/wp-json\/wp\/v2\/users\/1"}],"replies":[{"embeddable":true,"href":"https:\/\/www.cgjung.net\/espace\/wp-json\/wp\/v2\/comments?post=13782"}],"version-history":[{"count":147,"href":"https:\/\/www.cgjung.net\/espace\/wp-json\/wp\/v2\/pages\/13782\/revisions"}],"predecessor-version":[{"id":20553,"href":"https:\/\/www.cgjung.net\/espace\/wp-json\/wp\/v2\/pages\/13782\/revisions\/20553"}],"up":[{"embeddable":true,"href":"https:\/\/www.cgjung.net\/espace\/wp-json\/wp\/v2\/pages\/53"}],"wp:attachment":[{"href":"https:\/\/www.cgjung.net\/espace\/wp-json\/wp\/v2\/media?parent=13782"}],"curies":[{"name":"wp","href":"https:\/\/api.w.org\/{rel}","templated":true}]}}