{"id":13780,"date":"2020-08-03T05:38:41","date_gmt":"2020-08-03T03:38:41","guid":{"rendered":"https:\/\/www.cgjung.net\/espace\/?page_id=13780"},"modified":"2020-08-03T05:38:41","modified_gmt":"2020-08-03T03:38:41","slug":"fonction-transcendante","status":"publish","type":"page","link":"https:\/\/www.cgjung.net\/espace\/cg-jung\/fonction-transcendante\/","title":{"rendered":"Carl Gustav Jung et la fonction transcendante"},"content":{"rendered":"<p style=\"text-align: justify;\"><strong>C.G. Jung a con\u00e7u la fonction transcendante comme \u00e9tant un moyen de passage et d&rsquo;\u00e9changes entre le conscient et l&rsquo;inconscient.<\/strong><\/p>\n<p><img loading=\"lazy\" decoding=\"async\" class=\"size-full wp-image-8994 aligncenter\" src=\"https:\/\/www.cgjung.net\/espace\/wp-content\/uploads\/2019\/05\/vers-l-individuation.jpg\" sizes=\"auto, (max-width: 640px) 100vw, 640px\" srcset=\"https:\/\/www.cgjung.net\/espace\/wp-content\/uploads\/2019\/05\/vers-l-individuation.jpg 640w, https:\/\/www.cgjung.net\/espace\/wp-content\/uploads\/2019\/05\/vers-l-individuation-300x125.jpg 300w\" alt=\"\" width=\"640\" height=\"266\" \/><\/p>\n<p style=\"text-align: justify;\">Jung a tr\u00e8s longuement muri le concept de fonction transcendante. Celle-ci est complexe et se situe sur deux versants : les math\u00e9matiques et le biologique.<\/p>\n<blockquote>\n<p style=\"text-align: justify;\">\u00ab\u00a0Sous le terme de <em>fonction transcendante<\/em> il n&rsquo;y a rien de myst\u00e9rieux, de suprasensoriel ou de m\u00e9taphysique \u00e0 entendre, mais une fonction psychologique pouvant \u00e0 sa fa\u00e7on \u00eatre compar\u00e9e \u00e0 une fonction math\u00e9matique de m\u00eame nom et qui est une fonction des nombres imaginaires et r\u00e9els. La <em>fonction transcendante<\/em> provient de l&rsquo;union des contenus conscients et inconscients.\u00a0\u00bb<br \/>\n<a href=\"https:\/\/www.cgjung.net\/oeuvre\/ame_soi.htm\"><span style=\"font-size: 10pt;\">L\u2019\u00e2me et le Soi<\/span><\/a><span style=\"font-size: 10pt;\">, page 151<\/span><\/p>\n<\/blockquote>\n<p>La fonction transcendante est issue de l\u2019union des contenus conscients et inconscients, et r\u00e9sultant du fait que :<\/p>\n<blockquote><p>\u00ab\u00a0[&#8230;] l\u2019inconscient se comporte, face \u00e0 la conscience, dans un mode de compensation et de compl\u00e9mentarit\u00e9.\u00a0\u00bb<br \/>\n<span style=\"font-size: 10pt;\"><a href=\"https:\/\/www.cgjung.net\/oeuvre\/ame_soi.htm\">L\u2019\u00e2me et le Soi<\/a>, page 151<\/span><\/p><\/blockquote>\n<h2>La fonction transcendante \u00e0 l\u2019\u0153uvre<\/h2>\n<p style=\"text-align: justify;\">Le conscient a besoin de stabilit\u00e9 et s&rsquo;appuie sur l&rsquo;exp\u00e9rience acquise pour exercer sa facult\u00e9 de jugement. L&rsquo;inconscient, en tant que polarit\u00e9 oppos\u00e9e, a du mal \u00e0 s&rsquo;exprimer de mani\u00e8re intelligible.<\/p>\n<p style=\"text-align: justify;\">Jung propose d&rsquo;ouvrir la fronti\u00e8re conscient\/inconscient, tout en conservant la stabilit\u00e9 du Moi.<\/p>\n<p style=\"text-align: justify;\">L&rsquo;\u00e9nergie n\u00e9cessaire pour que s&rsquo;exerce la fonction transcendante est g\u00e9n\u00e9r\u00e9e par la tension entre les contraires. Les \u00e9changes entre les oppos\u00e9s se font par l&rsquo;interm\u00e9diaire des symboles,&nbsp; en particulier ceux des r\u00eaves.<\/p>\n<p style=\"text-align: justify;\">L&rsquo;analyse, gr\u00e2ce \u00e0 l&rsquo;interpr\u00e9tation des contenus symboliques de l&rsquo;inconscient, est un lieu de passage de la fonction transcendante.<\/p>\n<p style=\"text-align: justify;\">Il faut faire preuve de courage pour acc\u00e9der \u00e0 soi-m\u00eame ! N&rsquo;oublions pas que nous abritons un \u00e9tranger que nous devons accueillir pour devenir un \u00eatre complet.<\/p>\n<h2>En r\u00e9sum\u00e9<\/h2>\n<p style=\"text-align: justify;\">C\u2019est \u00e0 la fois cette int\u00e9gralit\u00e9 de la personnalit\u00e9 et ce projet d\u2019\u00e9tablir et <strong>d\u2019\u00e9panouir la totalit\u00e9 potentielle originelle<\/strong> que Jung a nomm\u00e9 <strong>le Soi.<\/strong> Le cheminement vers cette totalit\u00e9 a re\u00e7u l\u2019appellation de <strong><em>processus d\u2019individuation<\/em><\/strong> et le moteur du processus est <strong>la fonction transcendante<\/strong>.<\/p>\n<div class=\"content\">\n<p style=\"text-align: justify;\"><em>Une partie des textes et des citations sont extraits de la page <a href=\"https:\/\/www.cgjung.net\/espace\/cg-jung\/fonction-transcendante-processus-dindividuation\/\">Fonction transcendante dans le processus d\u2019individuation<\/a> o\u00f9 figure une repr\u00e9sentation sch\u00e9matique.<\/em><\/p>\n<p style=\"text-align: right;\"><a href=\"https:\/\/www.cgjung.net\/espace\/cg-jung\/jung-symbole\/\">Article pr\u00e9c\u00e9dent<\/a><\/p>\n<\/div>\n","protected":false},"excerpt":{"rendered":"<p>C.G. Jung a con\u00e7u la fonction transcendante comme \u00e9tant un moyen de passage et d&rsquo;\u00e9changes entre le conscient et l&rsquo;inconscient. Jung a tr\u00e8s longuement muri le concept de fonction transcendante. Celle-ci est complexe et se situe sur deux versants : les math\u00e9matiques et le biologique. \u00ab\u00a0Sous le terme de fonction transcendante il n&rsquo;y a rien [&hellip;]<\/p>\n","protected":false},"author":1,"featured_media":0,"parent":110,"menu_order":554,"comment_status":"closed","ping_status":"closed","template":"","meta":{"footnotes":""},"class_list":["post-13780","page","type-page","status-publish","hentry"],"_links":{"self":[{"href":"https:\/\/www.cgjung.net\/espace\/wp-json\/wp\/v2\/pages\/13780","targetHints":{"allow":["GET"]}}],"collection":[{"href":"https:\/\/www.cgjung.net\/espace\/wp-json\/wp\/v2\/pages"}],"about":[{"href":"https:\/\/www.cgjung.net\/espace\/wp-json\/wp\/v2\/types\/page"}],"author":[{"embeddable":true,"href":"https:\/\/www.cgjung.net\/espace\/wp-json\/wp\/v2\/users\/1"}],"replies":[{"embeddable":true,"href":"https:\/\/www.cgjung.net\/espace\/wp-json\/wp\/v2\/comments?post=13780"}],"version-history":[{"count":22,"href":"https:\/\/www.cgjung.net\/espace\/wp-json\/wp\/v2\/pages\/13780\/revisions"}],"predecessor-version":[{"id":13859,"href":"https:\/\/www.cgjung.net\/espace\/wp-json\/wp\/v2\/pages\/13780\/revisions\/13859"}],"up":[{"embeddable":true,"href":"https:\/\/www.cgjung.net\/espace\/wp-json\/wp\/v2\/pages\/110"}],"wp:attachment":[{"href":"https:\/\/www.cgjung.net\/espace\/wp-json\/wp\/v2\/media?parent=13780"}],"curies":[{"name":"wp","href":"https:\/\/api.w.org\/{rel}","templated":true}]}}