{"id":13735,"date":"2020-07-16T07:32:14","date_gmt":"2020-07-16T05:32:14","guid":{"rendered":"https:\/\/www.cgjung.net\/espace\/?page_id=13735"},"modified":"2025-04-19T12:42:24","modified_gmt":"2025-04-19T10:42:24","slug":"cahiers-jungiens-de-psychanalyse-no-151-juin-2020","status":"publish","type":"page","link":"https:\/\/www.cgjung.net\/espace\/ressources\/cahiers-jungiens-de-psychanalyse-no-151-juin-2020\/","title":{"rendered":"Cahiers Jungiens de Psychanalyse no 151 \u2013 Juin 2020"},"content":{"rendered":"<p><strong>Le num\u00e9ro 151 des Cahiers Jungiens de Psychanalyse a pour titre <em>Souviens-toi de ton futur. <\/em>Il&nbsp;t\u00e9moigne de la vitalit\u00e9 de cette revue et de sa diversit\u00e9.<\/strong><\/p>\n<p>Ces interrogations qui figurent dans l&rsquo;\u00e9ditorial donnent le ton de ce num\u00e9ro :<\/p>\n<blockquote>\n<p>\u00ab\u00a0Comment trouver ou retrouver du sens dans un monde boulevers\u00e9 par la pand\u00e9mie du Covid-19 et un confinement plan\u00e9taire, comment penser les cons\u00e9quences de cet \u00e9v\u00e9nement extraordinaire sur un monde dont l\u2019\u00e9conomie psychique et \u00e9conomique est questionn\u00e9e dans sa forme actuelle apr\u00e8s ces mois de confinement, positifs pour les uns, inqui\u00e9tants, voire anxiog\u00e8nes pour les autres ?<\/p>\n<p>Plus que jamais, notre actualit\u00e9 dessine les contours d\u2019un futur qui se loge dans la profondeur de nos choix pass\u00e9s, aussi bien ont-ils sembl\u00e9 alors s\u2019ins\u00adcrire dans le mouvement d\u2019un progr\u00e8s. Le revers de ce dernier, son ombre, jaillit aujourd\u2019hui avec une vigueur qui interpelle les pans de jach\u00e8re qu\u2019il a induits. Notre futur interroge notre pass\u00e9 et r\u00e9clame un pr\u00e9sent apte \u00e0 les tenir ensemble.\u00a0\u00bb<\/p>\n<\/blockquote>\n<p><img loading=\"lazy\" decoding=\"async\" class=\"size-full wp-image-13738 aligncenter\" src=\"https:\/\/www.cgjung.net\/espace\/wp-content\/uploads\/2020\/07\/cahiers-jungiens-de-psychanalyse-no-151-juin-2020.jpg\" alt=\"\" width=\"280\" height=\"398\" srcset=\"https:\/\/www.cgjung.net\/espace\/wp-content\/uploads\/2020\/07\/cahiers-jungiens-de-psychanalyse-no-151-juin-2020.jpg 280w, https:\/\/www.cgjung.net\/espace\/wp-content\/uploads\/2020\/07\/cahiers-jungiens-de-psychanalyse-no-151-juin-2020-211x300.jpg 211w\" sizes=\"auto, (max-width: 280px) 100vw, 280px\" \/><\/p>\n<p style=\"text-align: center;\"><a href=\"https:\/\/cahiers-jungiens.cairn.info\/\" target=\"_blank\" rel=\"noopener noreferrer\">Achat ou abonnement sur le site des Cahiers Jungiens de Psychanalyse<\/a><\/p>\n<p style=\"text-align: center;\">24,6 cm x 17 cm x 1,6 cm &#8211; 192 pages<\/p>\n<h2>Contenu de Souviens-toi de ton futur<\/h2>\n<p><strong>\u00c9ditorial<\/strong><br \/>\n<em>Olivier Cametz, Christine Dallot, Reine-Marie Halbout, Laurence Lacour<\/em><\/p>\n<p><strong>Autour de l\u2019\u0153uvre d\u2019Erich Neumann : rencontre avec Denyse Lyard<\/strong><br \/>\n<em>Propos recueillis par Brigitte Allain-Dupr\u00e9<\/em><\/p>\n<blockquote>\n<p>A travers l&rsquo;\u00e9vocation de son parcours personnel, l\u2019auteure relate dans cet entretien la mani\u00e8re dont Erich Neumann a compl\u00e9t\u00e9 l\u2019\u0153uvre entreprise par Jung et construit un appareil conceptuel de premier ordre qui a guid\u00e9 sa pratique clinique, en particulier avec les enfants.<\/p>\n<p>En revenant sur la vie et les apports th\u00e9orico-cliniques de l\u2019une des plus importantes personnalit\u00e9s de l\u2019histoire de la psychologie analytique, elle d\u00e9veloppe les th\u00e8mes principaux qui ont pr\u00e9sid\u00e9 \u00e0 ses recherches et enrichi la th\u00e9orie de l\u2019inconscient collectif \u00e9labor\u00e9e par Jung. Elle souligne et expose en particulier son int\u00e9r\u00eat pour les fondements originaires du psychisme, qu\u2019il s\u2019agisse de la gen\u00e8se de la conscience chez l\u2019\u00eatre humain ou de l\u2019\u00e9tude des \u00e9tapes arch\u00e9typiques du d\u00e9veloppement de la psych\u00e9 f\u00e9minine.<\/p>\n<\/blockquote>\n<p><strong>Pr\u00e9sentation liminaire de L\u2019<em>Analyse des visions<\/em> de C. G. Jung<\/strong><br \/>\n<em>Bertrand Eveno<\/em><\/p>\n<blockquote>\n<p>Plusieurs extraits de L&rsquo;<em>Analyse des visions<\/em> figurent dans l&rsquo;ouvrage.<\/p>\n<\/blockquote>\n<p><strong>La m\u00e9moire du temps \u00e0 venir \u2014 L\u2019exp\u00e9rience de la r\u00e9gression<\/strong><br \/>\n<em>Reine-Marie Halbout<\/em><\/p>\n<blockquote>\n<p>La confrontation avec l&rsquo;inconscient dont Jung a t\u00e9moign\u00e9 dans le chapitre \u00e9ponyme de son livre autobiographique <a href=\"https:\/\/www.cgjung.net\/oeuvre\/ma_vie.htm\">Ma Vie, souvenirs, r\u00eaves et pens\u00e9es<\/a>, s&rsquo;est d\u00e9roul\u00e9e dans le contexte d&rsquo;un rapport au temps tr\u00e8s particulier o\u00f9 pr\u00e9sent, pass\u00e9 et futur s&rsquo;entrem\u00ealent sans cesse.<\/p>\n<p>Cette exp\u00e9rience a \u00e9t\u00e9 v\u00e9cue dans le corps, comme c&rsquo;est toujours le cas pour les patients en analyse. C&rsquo;est aussi par le biais de la m\u00e9moire involontaire et du retour des sensations qu&rsquo;elle occasionne que Proust s&rsquo;engagera, comme Jung, sur le chemin du temps retrouv\u00e9.<\/p>\n<\/blockquote>\n<p><strong>C. G. Jung en conf\u00e9rence \u00e0 Paris : rencontres, dialogues et inimiti\u00e9s<\/strong><br \/>\n<em>Florent Serina<\/em><\/p>\n<blockquote>\n<p>En mai 1934, \u00e0 l&rsquo;invitation du Gros Caillou, ou Club de psychologie analytique de Paris, C. G. Jung s\u00e9journa quelques jours \u00e0 Paris afin, notamment, d&rsquo;y donner une conf\u00e9rence sur l&rsquo;inconscient collectif.<\/p>\n<p>L&rsquo;\u00e9v\u00e9nement fut pr\u00e9c\u00e9d\u00e9, la veille, par une soir\u00e9e pass\u00e9e dans le salon litt\u00e9raire de Daniel Hal\u00e9vy avec quelques lecteurs et critiques. Cet \u00e9pisode encore peu connu de l&rsquo;histoire de la psychologie analytique appara\u00eet comme un moment charni\u00e8re, propice \u00e0 la cristallisation de diverses repr\u00e9sentations.<\/p>\n<\/blockquote>\n<p><strong>Souviens-toi de ton futur<\/strong><br \/>\nPo\u00e8me <em>d&rsquo;Anna A\u00efm<\/em><\/p>\n<p><strong>Job et le processus de somatisation<\/strong><br \/>\n<em>Maria Carolina Concha<\/em><\/p>\n<blockquote>\n<p>Dans <a href=\"https:\/\/www.cgjung.net\/oeuvre\/reponse_a_job.htm\"><em>R\u00e9ponse \u00e0 Job<\/em><\/a>, Jung \u00e9tablit une analogie entre l&rsquo;image de Yahv\u00e9 &#8211; telle quelle appara\u00eet dans l\u2019histoire de Job de l&rsquo;<em>Ancien Testament<\/em> \u2014 et notre exp\u00e9rience de l\u2019inconscient. La nature toute-puissante et contradictoire de l\u2019inconscient collectif ou psych\u00e9 objective peut infliger \u00e0 la conscience de l\u2019homme des \u00e9preuves douloureuses semblables \u00e0 celles que Yahv\u00e9 fait subir \u00e0 Job dans le drame divin.<\/p>\n<p>A travers sa cr\u00e9ation po\u00e9tique, une patiente atteinte de troubles somatiques introduit le paradigme de Job dans son analyse. L\u2019\u00e9laboration symbolique faite par Jung de l\u2019histoire de Job trouve dans le cas de C\u00e9cile une illustration de son importance psychologique.<\/p>\n<p>Le cheminement de Job est la m\u00e9taphore d\u2019un parcours initiatique qui nous aide \u00e0 surmonter l\u2019\u00e9preuve de la souffrance. Chez la patiente, la confrontation avec l\u2019inconscient collectif a produit une transformation de la nature de l\u2019inconscient et un \u00e9largissement de sa conscience.<\/p>\n<\/blockquote>\n<p><strong>L\u2019ours et le psycho\u00efde<\/strong><br \/>\n<em>Fabienne Neuquelman-Denis<\/em><\/p>\n<blockquote>\n<p>Cet article propose une \u00e9coute amplificatrice de l&rsquo;ouvrage <em>Croire aux fauves<\/em> de l&rsquo;anthropologue fran\u00e7aise Nastassja Martin. \u00c0 partir du d\u00e9ploiement de la synchronicit\u00e9 qui se trouve au c\u0153ur de ce r\u00e9cit et de la r\u00e9gression qui lui fait suite, ce travail ouvre sur d&rsquo;autres temporalit\u00e9s, collectives, du temps du mythe animiste \u00e0 celui de l&rsquo;Anthropoc\u00e8ne.<\/p>\n<\/blockquote>\n<p><strong>De la Vierge Marie \u00e0 l\u2019\u00e9toile du Berger<\/strong><br \/>\n<em>Elisabeth Conesa<\/em><\/p>\n<blockquote>\n<p>Une fille se souvient de son enfance, d&rsquo;une sc\u00e8ne concernant son p\u00e8re \u00e0 la tomb\u00e9e de la nuit, et fait le rapprochement avec son propre v\u00e9cu \u00e0 un moment de son histoire. Familiarit\u00e9 et \u00e9tranget\u00e9 d&rsquo;un rituel vivant, quotidien, hors temps et profond\u00e9ment ancr\u00e9 dans le temps, ainsi se donne \u00e0 voir la force \u00ab efficace \u00bb du Soi.<\/p>\n<\/blockquote>\n<p><strong><em>In folio<\/em> en temps de confinement<\/strong><br \/>\n<em>Flore Delapalme, Dominique Guilbault, Sylvain Grout, Sophie Braun, Laurent Meyer<\/em><\/p>\n<p><strong>Jung et l\u2019alchimie &#8211; Un lien entre pass\u00e9 et pr\u00e9sent au service du futur<\/strong><br \/>\n<em>V\u00e9ronique Liard<\/em>&nbsp;<\/p>\n<blockquote>\n<p>L&rsquo;article retrace d&rsquo;abord l&rsquo;histoire du lien qui s&rsquo;est nou\u00e9 progressivement et toujours plus intens\u00e9ment entre Jung et l&rsquo;alchimie. Jung s&rsquo;aper\u00e7ut que la psychologie analytique se recoupait singuli\u00e8rement avec l&rsquo;alchimie qui constitue selon lui un lien entre le pass\u00e9 et le pr\u00e9sent.<\/p>\n<p>L&rsquo;article s&rsquo;attache ensuite \u00e0 montrer les parall\u00e8les \u00e9tablis par Jung entre les diff\u00e9rentes \u00e9tapes du processus alchimique et celles du processus d&rsquo;individuation. La r\u00e9gression \u00e0 la nigredo est une \u00e9tape d\u00e9cisive pour acc\u00e9der aux richesses de l&rsquo;inconscient, \u00e0 un potentiel inexplor\u00e9, source d&rsquo;une \u00e9volution future dont nous pouvons \u00eatre les acteurs.<\/p>\n<\/blockquote>\n<p><strong>Trauma et temporalit\u00e9 \u2014 \u00c0 propos de <em>La Jet\u00e9e<\/em>, film de Chris Marker<\/strong><br \/>\n<em>Nathalie Dominguez<\/em><\/p>\n<blockquote>\n<p>Le film de Chris Marker <em>La Jet\u00e9e<\/em>, sorti en 1962, est pr\u00e9sent\u00e9 en r\u00e9f\u00e9rence au questionnement du colloque <em>Jung et l\u2019alchimie du temps<\/em>. Il y est question de la valeur d&rsquo;une image, notamment une image d&rsquo;enfance, ainsi que des traces qui peuvent laisser les images issues des traumas.<\/p>\n<p>Comment la vie psychique peut-elle se r\u00e9organiser apr\u00e8s un traumatisme individuel ou collectif tel que le h\u00e9ros du film pu le vivre ? Quelle sera la fonction de l&rsquo;imaginaire dans le processus th\u00e9rapeutique des m\u00e9moires traumatiques et par quelles voies d&rsquo;acc\u00e8s \u00e0 l&rsquo;alt\u00e9rit\u00e9 l&rsquo;individu pour retrouver l&rsquo;espace de son avenir ?<\/p>\n<\/blockquote>\n<p><strong>R\u00e9flexion sur la pr\u00e9sentation de la <em>Lettre Ouverte au sujet de Jung et des \u00ab Africains \u00bb<\/em><\/strong><br \/>\n<em>Monique Baccheta<\/em><\/p>\n<p><strong>Du symbole fig\u00e9 au symbole vivant<\/strong><br \/>\n<em>Nathalie Diaz-Marchand<\/em><\/p>\n<blockquote>\n<p>Cet article est une version adapt\u00e9e d&rsquo;un travail r\u00e9alis\u00e9 pour l&rsquo;obtention d&rsquo;un Certificate of Advanced Studies en Psychologie du symbole selon C. G. Jung.<\/p>\n<p>L&rsquo;auteure d\u00e9crit le cas de l&rsquo;une de ses patientes victime de nombreux \u00e9v\u00e9nements traumatiques au cours de sa jeunesse, li\u00e9s \u00e0 la situation de guerre dans laquelle elle vivait. Elle d\u00e9crit diff\u00e9rents sympt\u00f4mes pr\u00e9sent\u00e9s par la patiente, qu&rsquo;elle analyse en termes de \u00ab symboles fig\u00e9s \u00bb. Elle observe que la relation th\u00e9rapeutique, entre autres, favorise une reprise progressive de la fonction symbolique, permettant que des sym\u00adboles vivants voient le jour.<\/p>\n<\/blockquote>\n<p><strong>Retour<\/strong><br \/>\n<em>Adriana Langer<\/em><\/p>\n<p><strong>Dionysos ou le temps retrouv\u00e9<\/strong><br \/>\n<em>Marie-Laure Colonna<\/em><\/p>\n<blockquote>\n<p>Dionysos est le symbole d&rsquo;un travail accompli vers l&rsquo;individuation. Apr\u00e8s une enfance d&rsquo;une extr\u00eame violence, secou\u00e9e de traumatismes et de dissociations qui le rendent litt\u00e9ralement borderline, son \u00e9ducation dans un monde exclusivement f\u00e9minin le rend d&rsquo;abord bisexuel. Il renonce \u00e0 la violence lorsqu&rsquo;il accepte l&rsquo;initiation aimante de la Grande D\u00e9esse, ce qui le gu\u00e9rit et diff\u00e9rencie en lui les versants f\u00e9minin et masculin jusque-l\u00e0 m\u00e9lang\u00e9s.<\/p>\n<p>Il demeure capable cependant de voyager dans toutes les dimensions sous-marines des mondes cach\u00e9s et jusque dans l&rsquo;Had\u00e8s. Il r\u00e9jouit la vie terrestre de ses fid\u00e8les \u00e0 travers et autour de la M\u00e9diterran\u00e9e. Il devient capable enfin de r\u00e9ussir un mariage heureux avec Ariane dans les hauteurs de l&rsquo;Olympe \u00e9ternelle.<\/p>\n<p>Autrefois d\u00e9chir\u00e9 entre les oppos\u00e9s, il conjoint maintenant toutes les dimensions : verticale, des cieux profonds \u00e0 l&rsquo;Had\u00e8s, et horizontale, la mer et les terres hell\u00e8nes. Dionysos incarne ainsi dans son \u00e9ternel pr\u00e9sent, la qualit\u00e9 de l&rsquo;\u00e9veill\u00e9, en union avec tous les oppos\u00e9s de sa riche et sage nature, enfin diff\u00e9renci\u00e9e, sous la protection et les lois de la Grande D\u00e9esse.<\/p>\n<\/blockquote>\n<p><strong>Hommage \u00e0 Alessandra Cavalli<\/strong><br \/>\n<em>Christine Dallot<\/em><\/p>\n<blockquote>\n<p>Alessandra Cavalli, analyste d&rsquo;enfants, d&rsquo;adolescents et d&rsquo;adultes, membre et superviseure \u00e0 la Society of Analytical Psychology est d\u00e9c\u00e9d\u00e9e le&nbsp; 17 mai 2020.&nbsp;<\/p>\n<\/blockquote>\n<p><strong>Bloc-notes<\/strong><br \/>\n<em>Olivier Cametz<\/em><\/p>\n<p><strong>Revue des revues<\/strong><br \/>\n<em>Laurence Lacour<\/em><\/p>\n<p style=\"text-align: right;\"><em>Juillet 2020<\/em><\/p>\n<h2>A lire \u00e9galement<\/h2>\n<ul>\n<li><a href=\"https:\/\/www.cgjung.net\/espace\/accueil\/cahiers-jungiens-de-psychanalyse\/\">Entretien autour des Cahiers Jungiens de Psychanalyse avec Reine-Marie Halbout,<\/a>&nbsp;\u00e0 l&rsquo;occasion de la sortie du no 152, f\u00e9vrier 2021<\/li>\n<\/ul>\n<p>Pr\u00e9sentation des num\u00e9ros suivants des Cahiers Jungiens de Psychanalyse sur le site EFJ :<\/p>\n<ul>\n<li><a href=\"https:\/\/www.cgjung.net\/espace\/ressources\/cahiers-jungiens-de-psychanalyse-no-162\/\">D\u00e9sirer, consentir, vouloir,<\/a> no 162 &#8211; 2025<\/li>\n<li><a href=\"https:\/\/www.cgjung.net\/espace\/ressources\/cahier-jungien-de-psychanalyse-no-161\/\">Jung au pr\u00e9sent<\/a>, no 161 &#8211; 2025<\/li>\n<li><a href=\"https:\/\/www.cgjung.net\/espace\/ressources\/cahiers-jungiens-de-psychanalyse-no-160-2024\/\">Jung en France,<\/a> no 160 &#8211; 2024<\/li>\n<li><a href=\"https:\/\/www.cgjung.net\/espace\/ressources\/cahiers-jungiens-de-psychanalyse-no-159-2024\/\">Jung dans le monde<\/a>, no 159 &#8211; 2024<\/li>\n<li><a href=\"https:\/\/www.cgjung.net\/espace\/ressources\/cahiers-jungiens-de-psychanalyse-no-158-2023\/\">Br\u00fbler<\/a>, no 158 &#8211; 2023<\/li>\n<li><a href=\"https:\/\/www.cgjung.net\/espace\/ressources\/cahiers-jungiens-de-psychanalyse-no-157-juin-2023\/\">Esprits de la nature<\/a>, no 157 &#8211; 2023<\/li>\n<li><a href=\"https:\/\/www.cgjung.net\/espace\/ressources\/cahiers-jungiens-de-psychanalyse-no-156-decembre-2022\/\">Contagion\/Contamination<\/a>, no 156 &#8211; 2022<\/li>\n<li><a href=\"https:\/\/www.cgjung.net\/espace\/ressources\/cahiers-jungiens-de-psychanalyse-no-155-juin-2022\/\">Des fins<\/a>, no 155 &#8211; 2022<\/li>\n<li><a href=\"https:\/\/www.cgjung.net\/espace\/ressources\/cahiers-jungiens-de-psychanalyse-no-154-decembre-2021\/\">Au commencement<\/a>, no 154 &#8211; 2021<\/li>\n<li><a href=\"https:\/\/www.cgjung.net\/espace\/ressources\/cahiers-jungiens-de-psychanalyse-no-153-juin-2021\/\">Intimit\u00e9s<\/a>, no 153 -2021<\/li>\n<li><a href=\"https:\/\/www.cgjung.net\/espace\/accueil\/cahiers-jungiens-de-psychanalyse\/\">Nature(s), vivre la terre<\/a>, no 152 &#8211; 2020<\/li>\n<li><a href=\"https:\/\/www.cgjung.net\/espace\/ressources\/cahiers-jungiens-de-psychanalyse-no-151-juin-2020\/\">Souviens-toi de ton futur<\/a>, no 151 &#8211; 2020<\/li>\n<li><a href=\"https:\/\/www.cgjung.net\/espace\/ressources\/cahiers-jungiens-de-psychanalyse\/\">Images, repr\u00e9sentations et mondes virtuels<\/a>, no 150 &#8211; 2019<\/li>\n<\/ul>\n<p>Ouvrages :<\/p>\n<ul>\n<li><a href=\"https:\/\/www.cgjung.net\/publications\/nise_da_silveira_images_inconscient.htm\">Images de l&rsquo;inconscient de Nise Da Silveira<\/a><\/li>\n<li><a href=\"https:\/\/www.cgjung.net\/espace\/ressources\/dimension-aimer\/\">La dimension d\u2019aimer d&rsquo;\u00c9lie G. Humbert<\/a><\/li>\n<\/ul>\n\n","protected":false},"excerpt":{"rendered":"<p>Le num\u00e9ro 151 des Cahiers Jungiens de Psychanalyse a pour titre Souviens-toi de ton futur. Il&nbsp;t\u00e9moigne de la vitalit\u00e9 de cette revue et de sa diversit\u00e9. Ces interrogations qui figurent dans l&rsquo;\u00e9ditorial donnent le ton de ce num\u00e9ro : \u00ab\u00a0Comment trouver ou retrouver du sens dans un monde boulevers\u00e9 par la pand\u00e9mie du Covid-19 et [&hellip;]<\/p>\n","protected":false},"author":1,"featured_media":0,"parent":9713,"menu_order":13,"comment_status":"closed","ping_status":"closed","template":"","meta":{"footnotes":""},"class_list":["post-13735","page","type-page","status-publish","hentry"],"_links":{"self":[{"href":"https:\/\/www.cgjung.net\/espace\/wp-json\/wp\/v2\/pages\/13735","targetHints":{"allow":["GET"]}}],"collection":[{"href":"https:\/\/www.cgjung.net\/espace\/wp-json\/wp\/v2\/pages"}],"about":[{"href":"https:\/\/www.cgjung.net\/espace\/wp-json\/wp\/v2\/types\/page"}],"author":[{"embeddable":true,"href":"https:\/\/www.cgjung.net\/espace\/wp-json\/wp\/v2\/users\/1"}],"replies":[{"embeddable":true,"href":"https:\/\/www.cgjung.net\/espace\/wp-json\/wp\/v2\/comments?post=13735"}],"version-history":[{"count":27,"href":"https:\/\/www.cgjung.net\/espace\/wp-json\/wp\/v2\/pages\/13735\/revisions"}],"predecessor-version":[{"id":29358,"href":"https:\/\/www.cgjung.net\/espace\/wp-json\/wp\/v2\/pages\/13735\/revisions\/29358"}],"up":[{"embeddable":true,"href":"https:\/\/www.cgjung.net\/espace\/wp-json\/wp\/v2\/pages\/9713"}],"wp:attachment":[{"href":"https:\/\/www.cgjung.net\/espace\/wp-json\/wp\/v2\/media?parent=13735"}],"curies":[{"name":"wp","href":"https:\/\/api.w.org\/{rel}","templated":true}]}}