{"id":13697,"date":"2020-07-14T09:24:47","date_gmt":"2020-07-14T07:24:47","guid":{"rendered":"https:\/\/www.cgjung.net\/espace\/?page_id=13697"},"modified":"2020-07-14T11:29:27","modified_gmt":"2020-07-14T09:29:27","slug":"trilogie-psychanalyser-jung","status":"publish","type":"page","link":"https:\/\/www.cgjung.net\/espace\/ressources\/trilogie-psychanalyser-jung\/","title":{"rendered":"La trilogie de Pierre Trigano : Psychanalyser Jung"},"content":{"rendered":"<p><strong>Pierre Trigano ach\u00e8ve sa trilogie <em>Psychanalyser Jung<\/em>. Il s&rsquo;agit d&rsquo;un travail consid\u00e9rable ne manquant pas d&rsquo;originalit\u00e9. Vu le sujet trait\u00e9 et l&rsquo;angle sous lequel il est abord\u00e9, il peut faire l&rsquo;objet de controverses.<\/strong><strong><br \/>\n<\/strong><\/p>\n<p style=\"text-align: justify;\">Pierre Trigano d\u00e9veloppe une vision tr\u00e8s personnelle. Il s&rsquo;appuie sur une s\u00e9rie d&rsquo;\u00e9v\u00e9nements qui ont marqu\u00e9 la vie de Jung, dont les plus anciens remontent \u00e0 sa plus petite enfance.&nbsp; Tout au long de ces trois tomes, l&rsquo;auteur d\u00e9roule sa th\u00e8se selon laquelle Jung a \u00e9t\u00e9 sous l&#8217;emprise d&rsquo;un arch\u00e9type masculin en inflation. Il indique :<\/p>\n<blockquote>\n<p style=\"text-align: justify;\">\u00ab\u00a0C&rsquo;est le drame de Jung, mais qui se confond aussi avec le drame de l&rsquo;humanit\u00e9 depuis son origine : l&rsquo;arch\u00e9type masculin en inflation, ou arch\u00e9type primate pr\u00e9humain, a usurp\u00e9 la place numineuse du Soi, essence de l&rsquo;\u00eatre v\u00e9ritablement humain au c\u0153ur de l&rsquo;inconscient collectif.<\/p>\n<p style=\"text-align: justify;\">Cet arch\u00e9type malade, en tant que toute-puissance unilat\u00e9rale, toute-puissance de l&rsquo;unilat\u00e9ralit\u00e9, vient sans cesse contrecarrer l&rsquo;action unificatrice et harmonisatrice du Soi au c\u0153ur de l&rsquo;inconscient et aggraver tous les antagonismes entre les arch\u00e9types au sein de celui-ci.<\/p>\n<p style=\"text-align: justify;\">De plus, il prend la place du Soi, lui vole la \u00ab numinosit\u00e9 \u00bb, se fait passer pour le Soi de l&rsquo;\u00eatre humain ! J&rsquo;ai pris progressivement conscience de l&rsquo;importance et de l&rsquo;omnipr\u00e9sence de cette r\u00e9alit\u00e9 qui constitue l&rsquo;ali\u00e9nation fondamentale de l&rsquo;humanit\u00e9 en m&rsquo;attelant \u00e0 l&rsquo;\u00e9criture de ses trois tomes de Psychanalyser Jung.\u00a0\u00bb <span style=\"font-size: 8pt;\">Page 270<\/span><\/p>\n<\/blockquote>\n<p><img loading=\"lazy\" decoding=\"async\" class=\"size-full wp-image-13699 aligncenter\" src=\"https:\/\/www.cgjung.net\/espace\/wp-content\/uploads\/2020\/07\/psychanalyser-jung-livre-3-pierre-trigano.png\" alt=\"\" width=\"330\" height=\"403\" srcset=\"https:\/\/www.cgjung.net\/espace\/wp-content\/uploads\/2020\/07\/psychanalyser-jung-livre-3-pierre-trigano.png 330w, https:\/\/www.cgjung.net\/espace\/wp-content\/uploads\/2020\/07\/psychanalyser-jung-livre-3-pierre-trigano-246x300.png 246w\" sizes=\"auto, (max-width: 330px) 100vw, 330px\" \/><\/p>\n<p style=\"text-align: center;\"><a href=\"https:\/\/www.amazon.fr\/exec\/obidos\/ASIN\/2913634494\/carlgustavjungen\" target=\"_blank\" rel=\"noopener noreferrer\"><img loading=\"lazy\" decoding=\"async\" class=\"size-full wp-image-9645 aligncenter\" src=\"https:\/\/www.cgjung.net\/espace\/wp-content\/uploads\/2019\/08\/achat-amazon-fr.png\" alt=\"\" width=\"300\" height=\"25\" \/><\/a>R\u00e9el \u00e9ditions \u2013 Livre 3 &#8211; 15 x 21,6 x 2,5 cm \u2013 288 pages<\/p>\n<p style=\"text-align: justify;\">Pierre Trigano insiste sur l&rsquo;importance du f\u00e9minin :<\/p>\n<blockquote>\n<p style=\"text-align: justify;\">\u00ab\u00a0Il ne peut y avoir de r\u00e9alisation du Soi sans le souffle f\u00e9minin de l&rsquo;esprit. Sans recevoir ce souffle f\u00e9minin qui est celui de l&rsquo;union, le Soi ne serait plus qu&rsquo;un concept abstrait vide d&rsquo;\u00e9nergie, priv\u00e9 <em>du feu et du vent<\/em>.\u00a0\u00bb <span style=\"font-size: 8pt;\">Page 53<\/span><\/p>\n<\/blockquote>\n<p style=\"text-align: justify;\">Il met en avant le travail du Soi :<\/p>\n<blockquote>\n<p style=\"text-align: justify;\">\u00ab\u00a0[&#8230;] Jung souligne que c&rsquo;est par <em>l&rsquo;affect<\/em> et donc par une tonalit\u00e9 du sentiment, qui rel\u00e8ve du principe f\u00e9minin, que le sujet est impliqu\u00e9 et peut se laisser toucher par le point de vue du Soi.<\/p>\n<p style=\"text-align: justify;\">L&rsquo;intellect est certes n\u00e9cessaire pour comprendre le sens d&rsquo;une interpellation qui vient du Soi, mais l&rsquo;interpellation vient du sentiment. C&rsquo;est le travail patient du Soi dans le moi de l&rsquo;analysant, au travers du lent processus de son analyse, de r\u00eave travaill\u00e9 en r\u00eave travaill\u00e9, qui infuse en lui progressivement ce bon accord entre intellect et sentiment.<\/p>\n<p style=\"text-align: justify;\">Et il en est ainsi parce que le Soi, en tant qu&rsquo;arch\u00e9type de la totalit\u00e9, est pr\u00e9cis\u00e9ment l&rsquo;union harmonieuse de l&rsquo;arch\u00e9type masculin et de l&rsquo;arch\u00e9type f\u00e9minin qu&rsquo;il travaille \u00e0 insuffler dans le moi pour le d\u00e9livrer notamment de l&rsquo;inflation toujours omnipr\u00e9sente du masculin.\u00a0\u00bb <span style=\"font-size: 8pt;\">Page 60<\/span><\/p>\n<\/blockquote>\n<p style=\"text-align: justify;\">Pierre Trigano insiste sur la place importante du Soi au sein du processus d&rsquo;individuation :<\/p>\n<blockquote>\n<p style=\"text-align: justify;\">\u00ab\u00a0Dans ce processus d&rsquo;harmonisation qu&rsquo;est l&rsquo;analyse par les r\u00eaves, le Soi vise ainsi \u00e0 rouvrir progressivement la relation de l&rsquo;arch\u00e9type masculin malade \u00e0 la f\u00e9minit\u00e9 dans la psych\u00e9 du sujet qui y est engag\u00e9.<\/p>\n<p style=\"text-align: justify;\">L&rsquo;arch\u00e9type masculin se transforme ainsi au c\u0153ur de l&rsquo;inconscient : de primate et unilat\u00e9ral \u00e0 l&rsquo;origine, il devient humain et interrelationnel. On peut dire alors qu&rsquo;il s&rsquo;incarne vraiment dans l&rsquo;homme, l&rsquo;\u00eatre humain v\u00e9ritable.<\/p>\n<p style=\"text-align: justify;\">Le Soi op\u00e8re au cours de ce processus, du sein de l&rsquo;inconscient, une cr\u00e9ation permanente de conscience qui transforme progressivement et l&rsquo;arch\u00e9type masculin, et le moi conscient qui \u00e9tait sous son emprise.\u00a0\u00bb <span style=\"font-size: 8pt;\">Page 209<\/span><\/p>\n<\/blockquote>\n<h2>Table des mati\u00e8res<\/h2>\n<p>Introduction<\/p>\n<p><strong>Sortie d&rsquo;une \u00e9poque sombre<\/strong><\/p>\n<p>1&nbsp; Apr\u00e8s la catastrophe Chapitre<br \/>\n2&nbsp; L&rsquo;av\u00e8nement de \u00ab l&rsquo;autre Suisse \u00bb<\/p>\n<p><strong>Le Christ est le but<\/strong><\/p>\n<p>3&nbsp; Un grand craquement<br \/>\n4&nbsp; Le laboratoire d&rsquo;ichtyologie<br \/>\n5&nbsp; Christ et Ant\u00e9christ<\/p>\n<p><strong>Jung et Job<\/strong><\/p>\n<p>6&nbsp; Les esprits frappeurs<br \/>\n7&nbsp; La plus haute pr\u00e9sence<br \/>\n8&nbsp; La menace de la culpabilit\u00e9 et du jugement<br \/>\n9&nbsp; Job, un seigneur de ce monde<br \/>\n10 Justice pour YHWH<br \/>\n11 Le Livre de Job, un antique trait\u00e9 de psychologie des profondeurs<br \/>\n12 Projection de la col\u00e8re<br \/>\n13 L&rsquo;erreur \u00e9tait juste<\/p>\n<p><strong>La gu\u00e9rison de Jung sur le chemin de la vie \u00e9ternelle<\/strong><\/p>\n<p>14 La gu\u00e9rison dans la projection Chapitre<br \/>\n15 Gu\u00e9rison de la culpabilit\u00e9 Chapitre<br \/>\n16 Gu\u00e9rison par la f\u00e9minit\u00e9<br \/>\n17 Gu\u00e9rison de Jung, gu\u00e9rison de Job Chapitre<br \/>\n18 L&rsquo;irruption des OVNI<br \/>\n19 Le sacrifice du masculin en inflation<br \/>\n20 Le passage dans la vie \u00e9ternelle<\/p>\n<p>Conclusion : <strong>Gu\u00e9rison de l&rsquo;\u0153uvre<br \/>\n<\/strong> &amp; ouvrages cit\u00e9s<\/p>\n<p style=\"text-align: right;\"><em>Juillet 2020<\/em><\/p>\n<p style=\"text-align: left;\"><a href=\"https:\/\/www.cgjung.net\/publications\/psychanalyser-jung.htm\">Voir \u00e9galement la pr\u00e9sentation des deux premiers tomes et les autres ouvrages de Pierre Trigano pr\u00e9sent\u00e9s sur ce site.<\/a><\/p>\n","protected":false},"excerpt":{"rendered":"<p>Pierre Trigano ach\u00e8ve sa trilogie Psychanalyser Jung. Il s&rsquo;agit d&rsquo;un travail consid\u00e9rable ne manquant pas d&rsquo;originalit\u00e9. Vu le sujet trait\u00e9 et l&rsquo;angle sous lequel il est abord\u00e9, il peut faire l&rsquo;objet de controverses. Pierre Trigano d\u00e9veloppe une vision tr\u00e8s personnelle. Il s&rsquo;appuie sur une s\u00e9rie d&rsquo;\u00e9v\u00e9nements qui ont marqu\u00e9 la vie de Jung, dont les [&hellip;]<\/p>\n","protected":false},"author":1,"featured_media":0,"parent":9713,"menu_order":13,"comment_status":"closed","ping_status":"closed","template":"","meta":{"footnotes":""},"class_list":["post-13697","page","type-page","status-publish","hentry"],"_links":{"self":[{"href":"https:\/\/www.cgjung.net\/espace\/wp-json\/wp\/v2\/pages\/13697","targetHints":{"allow":["GET"]}}],"collection":[{"href":"https:\/\/www.cgjung.net\/espace\/wp-json\/wp\/v2\/pages"}],"about":[{"href":"https:\/\/www.cgjung.net\/espace\/wp-json\/wp\/v2\/types\/page"}],"author":[{"embeddable":true,"href":"https:\/\/www.cgjung.net\/espace\/wp-json\/wp\/v2\/users\/1"}],"replies":[{"embeddable":true,"href":"https:\/\/www.cgjung.net\/espace\/wp-json\/wp\/v2\/comments?post=13697"}],"version-history":[{"count":26,"href":"https:\/\/www.cgjung.net\/espace\/wp-json\/wp\/v2\/pages\/13697\/revisions"}],"predecessor-version":[{"id":13729,"href":"https:\/\/www.cgjung.net\/espace\/wp-json\/wp\/v2\/pages\/13697\/revisions\/13729"}],"up":[{"embeddable":true,"href":"https:\/\/www.cgjung.net\/espace\/wp-json\/wp\/v2\/pages\/9713"}],"wp:attachment":[{"href":"https:\/\/www.cgjung.net\/espace\/wp-json\/wp\/v2\/media?parent=13697"}],"curies":[{"name":"wp","href":"https:\/\/api.w.org\/{rel}","templated":true}]}}