{"id":13647,"date":"2020-07-08T09:03:19","date_gmt":"2020-07-08T07:03:19","guid":{"rendered":"https:\/\/www.cgjung.net\/espace\/?page_id=13647"},"modified":"2020-07-12T07:33:37","modified_gmt":"2020-07-12T05:33:37","slug":"c-g-jung-psychologie-francophone","status":"publish","type":"page","link":"https:\/\/www.cgjung.net\/espace\/ressources\/c-g-jung-psychologie-francophone\/","title":{"rendered":"C.G. Jung Comptes rendus critiques de la psychologie francophone"},"content":{"rendered":"<p><strong>Carl Gustav Jung avait nou\u00e9 de nombreux liens au d\u00e9but du XXe si\u00e8cle avec la psychologie de langue fran\u00e7aise. Florent Serina, par l&rsquo;\u00e9tendue de ses recherches, confirme l&rsquo;existence et la profondeur de ces liens.<br \/>\n<\/strong><\/p>\n<p><img loading=\"lazy\" decoding=\"async\" class=\"size-full wp-image-13649 aligncenter\" src=\"https:\/\/www.cgjung.net\/espace\/wp-content\/uploads\/2020\/07\/cg-jung-comptes-rendus-critiques-psychologie-francophone.png\" alt=\"\" width=\"282\" height=\"406\" \/><\/p>\n<p style=\"text-align: center;\"><a href=\"https:\/\/www.amazon.fr\/exec\/obidos\/ASIN\/2940527105\/carlgustavjungen\" target=\"_blank\" rel=\"noopener noreferrer\"><img loading=\"lazy\" decoding=\"async\" class=\"size-full wp-image-9645 aligncenter\" src=\"https:\/\/www.cgjung.net\/espace\/wp-content\/uploads\/2019\/08\/achat-amazon-fr.png\" alt=\"\" width=\"300\" height=\"25\" \/><\/a>\u00c9ditions BHMS \u2013 14 x 22,5 x 1,4 cm \u2013 200 pages<\/p>\n<p>Une longue introduction situe les principaux acteurs au tout d\u00e9but du XXe si\u00e8cle qui sont les acteurs du monde de la psychologie et de la psychanalyse naissante. Dans cette p\u00e9riode, C.G. Jung a \u00e9tabli un grand nombre de recensions r\u00e9dig\u00e9es en allemand. La plupart ont pour th\u00e8me des articles ou ouvrages francophones. Chaque texte figure en deux langues : allemand et fran\u00e7ais.<\/p>\n<h2>Table des mati\u00e8res<\/h2>\n<p>C.G. Jung, lecteur et critique de la psychologie francophone, introduction par Florent Serina.<\/p>\n<p>Comptes-rendus des revues Archives de psychologie et Journal de Psychologie normale et pathologique<\/p>\n<h4>Archives de psychologie, V, 17, juin 1905<\/h4>\n<p style=\"padding-left: 40px;\">1. William James, \u00ab La notion de conscience. Communication faite au Ve Congr\u00e8s International de Psychologie \u00bb<\/p>\n<p style=\"padding-left: 40px;\">2. \u00c9douard Clapar\u00e8de, \u00ab La psychologie compar\u00e9e est-elle l\u00e9gitime ? \u00bb<\/p>\n<p style=\"padding-left: 40px;\">3. Frank Miller, \u00ab Quelques faits d&rsquo;imagination cr\u00e9atrice subconscients. Avec Introduction de Mr. Th. Flournoy \u00bb<\/p>\n<h4>Archives de psychologie, V, 18, octobre 1905<\/h4>\n<p style=\"padding-left: 40px;\">4. Auguste Lema\u00eetre, \u00ab Fritz Algar. Histoire et gu\u00e9rison d&rsquo;un d\u00e9sordre c\u00e9r\u00e9bral pr\u00e9coce \u00bb<\/p>\n<p style=\"padding-left: 40px;\">5. Wladimir de Bechterew, \u00ab Des signes objectifs de la suggestion pendant le sommeil hypnotique \u00bb<\/p>\n<p style=\"padding-left: 40px;\">6. Wladimir de Bechterew, \u00ab Nouvel appareil pour l&rsquo;examen de la perception acoustique \u00bb<\/p>\n<p style=\"padding-left: 40px;\">7. Pierre C\u00e9r\u00e9sole, \u00ab Le parall\u00e9lisme psychophysiologique et l&rsquo;argument de M. Bergson \u00bb<\/p>\n<p style=\"padding-left: 40px;\">8. \u00c9douard Clapar\u00e8de, \u00ab L&rsquo;agrandissement et la proximit\u00e9 apparents de la lune \u00e0 l&rsquo;horizon \u00bb<\/p>\n<h4>Archives de psychologie, V, 19, janvier 1906<\/h4>\n<p style=\"padding-left: 40px;\">9. Henri Zbinden, \u00ab Conception psychologique du nervosisme \u00bb<\/p>\n<p style=\"padding-left: 40px;\">10. M.-C. Schuyten, \u00ab Sur la validit\u00e9 de l&rsquo;enseignement intuitif primaire \u00bb<\/p>\n<h4>Archives de psychologie, V, 20, mai 1906<\/h4>\n<p style=\"padding-left: 40px;\">11. Aloys M\u00fcller, \u00ab Le probl\u00e8me du grossissement apparent des astres \u00e0 l&rsquo;horizon consid\u00e9r\u00e9 au point de vue m\u00e9thodologique \u00bb<\/p>\n<p style=\"padding-left: 40px;\">12. Gerrit Grijns, \u00ab L&rsquo;agrandissement apparent de la lune \u00e0 l&rsquo;horizon \u00bb<\/p>\n<p style=\"padding-left: 40px;\">13. Jean-Pierre Nuel, \u00ab La psychologie compar\u00e9e est-elle l\u00e9gitime ? R\u00e9ponse \u00e0 M. Ed. Clapar\u00e8de \u00bb<\/p>\n<p style=\"padding-left: 40px;\">14. \u00c9douard Clapar\u00e8de, \u00ab Exp\u00e9riences collectives sur le t\u00e9moignage \u00bb<\/p>\n<h4>Archives de psychologie, VI, 21-22, juillet-ao\u00fbt 1906<\/h4>\n<p style=\"padding-left: 40px;\">15. Alfred Binet, \u00ab Cerveau et Pens\u00e9e \u00bb<\/p>\n<p style=\"padding-left: 40px;\">16. Ovide Decroly et Julie Degand, \u00ab Les tests de Binet et Simon pour la mesure de l&rsquo;intelligence. Contribution critique \u00bb<\/p>\n<p style=\"padding-left: 40px;\">17. Jean-Henri Probst, \u00ab Les dessins des enfants Kabyles \u00bb<\/p>\n<p style=\"padding-left: 40px;\">18. Arnold Pick, \u00ab Sur la confabulation et ses rapports avec la localisation spatiale des souvenirs \u00bb<\/p>\n<p style=\"padding-left: 40px;\">19. Alphonse Maeder, \u00ab Contribution \u00e0 la psychopathologie de la vie quotidienne \u00bb<\/p>\n<p style=\"padding-left: 40px;\">20. Henri Zbinden, \u00ab Influence de l&rsquo;autosuggestion sur le mal de mer \u00bb<\/p>\n<h4>Archives de psychologie, VI, 23, janvier 1907<\/h4>\n<p style=\"padding-left: 40px;\">21. Louis Schnyder, \u00ab Alcool et Alpinisme. R\u00e9sultats d&rsquo;une enqu\u00eate faite parmi les alpinistes \u00bb<\/p>\n<p style=\"padding-left: 40px;\">22. Auguste Lema\u00eetre, \u00ab Trois cas de dissociation mentale. 1. Inf\u00e9rences subconscientes. II. R\u00eave autoscopique. III. Suicide par protestation de conscience \u00bb<\/p>\n<p style=\"padding-left: 40px;\">23. Pierre Bovet, \u00ab La vocation de Socrate. Sp\u00e9cimen d&rsquo;une application de la science psychologique \u00e0 celle de l&rsquo;histoire \u00bb<\/p>\n<p style=\"padding-left: 40px;\">24. \u00c9douard Clapar\u00e8de. \u00ab Vision entoptique des vaisseaux r\u00e9tiniens le matin au r\u00e9veil \u00bb<\/p>\n<h4>Archives de psychologie, VI, 24, avril 1907<\/h4>\n<p style=\"padding-left: 40px;\">25. \u00c9douard Clapar\u00e8de, \u00ab Rapport sur le laboratoire de psychologie de l&rsquo;Universit\u00e9 de Gen\u00e8ve 1897-1907 \u00bb<\/p>\n<p style=\"padding-left: 40px;\">26. Ovide Decroly, Julie Degand, \u00ab Contribution \u00e0 la p\u00e9dagogie de la lecture et de l&rsquo;\u00e9criture (Comment un enfant sourd-muet apprit \u00e0 lire et \u00e0 \u00e9crire par la m\u00e9thode naturelle) \u00bb<\/p>\n<p style=\"padding-left: 40px;\">27. Alphonse Maeder, \u00ab Essai d&rsquo;interpr\u00e9tation de quelques r\u00eaves \u00bb<\/p>\n<p style=\"padding-left: 40px;\">28. Karl B\u00fchler, \u00ab Remarques sur la psychologie de la pens\u00e9e \u00bb<\/p>\n<h4>Archives de psychologie, VII, 25, juillet 1907<\/h4>\n<p style=\"padding-left: 40px;\">29. \u00c9mile Lombard, \u00ab Essai d&rsquo;une classification des ph\u00e9nom\u00e8nes de glossolalie \u00bb<\/p>\n<p style=\"padding-left: 40px;\">30. Auguste Lema\u00eetre, \u00ab Un nouveau cycle somnambulique de Mlle. Smith \u00bb<\/p>\n<h4>Archives de Psychologie, VII, 26, octobre 1907<\/h4>\n<p style=\"padding-left: 40px;\">31. Th\u00e9odore Flournoy, \u00ab Automatisme t\u00e9l\u00e9ologique antisuicide. Un cas de suicide emp\u00each\u00e9 par une hallucination \u00bb<\/p>\n<p style=\"padding-left: 40px;\">32. Eug\u00e8ne-Bernard Leroy, \u00ab Escroquerie et Hypnose. Escroqueries prolong\u00e9es pendant plusieurs mois \u00e0 l&rsquo;aide de man\u0153uvres hypnotiques pratiqu\u00e9es sur une des victimes \u00bb<\/p>\n<p style=\"padding-left: 40px;\">33. Claude M\u00e9tral, \u00ab Exp\u00e9riences scolaires sur la m\u00e9moire de l&rsquo;orthographe \u00bb<\/p>\n<p style=\"padding-left: 40px;\">34. Carl Gustav Jung, \u00ab Associations d&rsquo;id\u00e9es familiales. Avec 5 graphiques \u00bb<\/p>\n<p style=\"padding-left: 40px;\">35. \u00c9douard Clapar\u00e8de, \u00ab Quelques mots sur la d\u00e9finition de l&rsquo;hyst\u00e9rie \u00bb<\/p>\n<h4>Archives de psychologie, VII, 27, mars 1908<\/h4>\n<p style=\"padding-left: 40px;\">36. Dimitre Katzaroff, \u00ab Le r\u00f4le de la r\u00e9citation comme facteur de la m\u00e9morisation. (Travail du Laboratoire de psychologie de l&rsquo;Universit\u00e9 de Gen\u00e8ve) \u00bb<\/p>\n<p style=\"padding-left: 40px;\">37. Georges Rouma, \u00ab Un cas de mythomanie. Contribution \u00e0 l&rsquo;\u00e9tude du mensonge et de la fabulation chez l&rsquo;enfant \u00bb<\/p>\n<p style=\"padding-left: 40px;\">38. Alphonse Maeder, \u00ab Nouvelles contributions \u00e0 la psychopathologie de la vie quotidienne \u00bb<\/p>\n<h4>Archives de psychologie, VII, 28, juillet 1908<\/h4>\n<p style=\"padding-left: 40px;\">39. \u00c9douard Clapar\u00e8de, \u00ab Classification et plan des m\u00e9thodes psychologiques \u00bb<\/p>\n<p style=\"padding-left: 40px;\">40. Julien Varendonck, \u00ab Les id\u00e9als d&rsquo;enfants \u00bb<\/p>\n<h4>Journal de Psychologie normale et pathologique, 4, septembre-octobre 1907<\/h4>\n<p style=\"padding-left: 40px;\">41. Auguste Marie, \u00ab Sur quelques troubles fonctionnels de l&rsquo;audition chez certains d\u00e9biles mentaux \u00bb<\/p>\n<p style=\"padding-left: 40px;\">42. Gabriel Dromard, \u00ab De la dissociation de la mimique chez les ali\u00e9n\u00e9s \u00bb<\/p>\n<p style=\"padding-left: 40px;\">43. Henri Pi\u00e9ron, \u00ab La th\u00e9orie des \u00e9motions et les donn\u00e9es actuelles de la physiologie \u00bb<\/p>\n<h4>Journal de Psychologie normale et pathologique, 4, novembre-d\u00e9cembre 1907<\/h4>\n<p style=\"padding-left: 40px;\">44. Gabriel Revault d&rsquo;Allonnes, \u00ab L&rsquo;explication physiologique de l&rsquo;\u00e9motion \u00bb<br \/>\nJournal de Psychologie normale et pathologique, 5, janvier-f\u00e9vier 1908<\/p>\n<p style=\"padding-left: 40px;\">45. Georges Dumas, \u00ab Qu&rsquo;est ce que la psychologie pathologique ? \u00bb<\/p>\n<p style=\"padding-left: 40px;\">46. Paul Hartenberg, \u00ab Principe d&rsquo;une physiognomonie scientifique \u00bb<\/p>\n<h4>Journal de Psychologie normale et pathologique, 5, mars-avril 1908<\/h4>\n<p style=\"padding-left: 40px;\">47. Pierre Janet, \u00ab Le renversement de l&rsquo;orientation ou l&rsquo;allochirie des repr\u00e9sentations \u00bb<\/p>\n<p style=\"padding-left: 40px;\">48. Constance Pascal, \u00ab Les maladies mentales de Robert Schumann \u00bb<\/p>\n<p style=\"padding-left: 40px;\">49. Auguste Vigouroux, Paul Juquelier, \u00ab Contribution clinique \u00e0 l&rsquo;\u00e9tude des d\u00e9lires du r\u00eave \u00bb<\/p>\n<h4>Autres comptes-rendus<\/h4>\n<p style=\"padding-left: 40px;\">50. Camille Spiess, L&rsquo;\u00c2me et le corps au point de vue biophysiologique. Quelques r\u00e9flexions \u00e0 propos d&rsquo;un ouvrage r\u00e9cent de M. Binet<\/p>\n<p style=\"padding-left: 40px;\">51. Auguste Vigouroux, Paul Juquelier, La contagion mentale<\/p>\n<p style=\"padding-left: 40px;\">52. Eugen Bleuler, Affektivitat, Suggestibilitat, Paranoia<\/p>\n<p style=\"padding-left: 40px;\">53. Otto Lipmann, Max Wertheimer, \u00ab Tatbestandsdiagnostische Kombinationsversuche \u00bb<\/p>\n<p style=\"padding-left: 40px;\">54. Walter Fuchs, \u00ab Zur Personlichkeitsanalyse \u00bb<\/p>\n<p style=\"padding-left: 40px;\">55. \u00c9douard Clapar\u00e8de, \u00ab Quelques mots sur la d\u00e9finition de l&rsquo;hyst\u00e9rie \u00bb<\/p>\n<p style=\"padding-left: 40px;\">56. Th\u00e9odore Flournoy, Des Indes \u00e0 la Plan\u00e8te Mars. \u00c9tude sur un cas de somnambulisme avec glossolalie ; et \u00ab Nouvelles observations sur un cas de somnambulisme avec glossolalie \u00bb.<\/p>\n<h4>Notes, bibliographie et index<\/h4>\n<h2>Florent Serina<\/h2>\n<p>Florent Serina est historien, docteur \u00e8s-lettres de l&rsquo;Universit\u00e9 de Lausanne, chercheur associ\u00e9 \u00e0 l&rsquo;Institut des humanit\u00e9s en m\u00e9decine (CHUV-UNIL), et en 2020 chercheur post-doctorant \u00e0 l\u2019Universit\u00e9 de Strasbourg. Ses travaux portent essentiellement sur l&rsquo;histoire des sciences du psychisme en Europe (XIXe et XXe si\u00e8cle).<\/p>\n<p>Parmi ces nombreux travaux, il a particip\u00e9 \u00e0 l&rsquo;\u00e9dition de la <a href=\"https:\/\/www.cgjung.net\/oeuvre\/bibliographie-raisonnee-des-ecrits-de-cg-jung.htm\">Bibliographie raisonn\u00e9e des \u00e9crits de C.G. Jung<\/a>.<\/p>\n","protected":false},"excerpt":{"rendered":"<p>Carl Gustav Jung avait nou\u00e9 de nombreux liens au d\u00e9but du XXe si\u00e8cle avec la psychologie de langue fran\u00e7aise. Florent Serina, par l&rsquo;\u00e9tendue de ses recherches, confirme l&rsquo;existence et la profondeur de ces liens. \u00c9ditions BHMS \u2013 14 x 22,5 x 1,4 cm \u2013 200 pages Une longue introduction situe les principaux acteurs au tout [&hellip;]<\/p>\n","protected":false},"author":1,"featured_media":0,"parent":9713,"menu_order":13,"comment_status":"closed","ping_status":"closed","template":"","meta":{"footnotes":""},"class_list":["post-13647","page","type-page","status-publish","hentry"],"_links":{"self":[{"href":"https:\/\/www.cgjung.net\/espace\/wp-json\/wp\/v2\/pages\/13647","targetHints":{"allow":["GET"]}}],"collection":[{"href":"https:\/\/www.cgjung.net\/espace\/wp-json\/wp\/v2\/pages"}],"about":[{"href":"https:\/\/www.cgjung.net\/espace\/wp-json\/wp\/v2\/types\/page"}],"author":[{"embeddable":true,"href":"https:\/\/www.cgjung.net\/espace\/wp-json\/wp\/v2\/users\/1"}],"replies":[{"embeddable":true,"href":"https:\/\/www.cgjung.net\/espace\/wp-json\/wp\/v2\/comments?post=13647"}],"version-history":[{"count":10,"href":"https:\/\/www.cgjung.net\/espace\/wp-json\/wp\/v2\/pages\/13647\/revisions"}],"predecessor-version":[{"id":13696,"href":"https:\/\/www.cgjung.net\/espace\/wp-json\/wp\/v2\/pages\/13647\/revisions\/13696"}],"up":[{"embeddable":true,"href":"https:\/\/www.cgjung.net\/espace\/wp-json\/wp\/v2\/pages\/9713"}],"wp:attachment":[{"href":"https:\/\/www.cgjung.net\/espace\/wp-json\/wp\/v2\/media?parent=13647"}],"curies":[{"name":"wp","href":"https:\/\/api.w.org\/{rel}","templated":true}]}}