{"id":13144,"date":"2020-10-08T20:36:08","date_gmt":"2020-10-08T18:36:08","guid":{"rendered":"https:\/\/www.cgjung.net\/espace\/?page_id=13144"},"modified":"2020-10-08T20:36:08","modified_gmt":"2020-10-08T18:36:08","slug":"univers-ame-du-monde","status":"publish","type":"page","link":"https:\/\/www.cgjung.net\/espace\/accueil\/alain-negre\/univers-ame-du-monde\/","title":{"rendered":"L\u2019univers et l\u2019\u00e2me du monde"},"content":{"rendered":"<p><strong>Au d\u00e9couplage entre la lumi\u00e8re et la mati\u00e8re, le multiple na\u00eet. L\u2019opacit\u00e9 qui englobait tout l\u2019univers laisse surgir de multiples germes qui sont les puissances de tous les psychismes \u00e0 venir.<\/strong><\/p>\n<p><img loading=\"lazy\" decoding=\"async\" class=\"size-full wp-image-14422 aligncenter\" src=\"https:\/\/www.cgjung.net\/espace\/wp-content\/uploads\/2020\/09\/univers-ame-du-monde.jpg\" alt=\"\" width=\"550\" height=\"412\" srcset=\"https:\/\/www.cgjung.net\/espace\/wp-content\/uploads\/2020\/09\/univers-ame-du-monde.jpg 550w, https:\/\/www.cgjung.net\/espace\/wp-content\/uploads\/2020\/09\/univers-ame-du-monde-300x225.jpg 300w\" sizes=\"auto, (max-width: 550px) 100vw, 550px\" \/><\/p>\n<blockquote><p>La multiplicit\u00e9 des \u00e9toiles&nbsp;: l\u2019amas stellaire \u00ab Westerlund 2 \u00bb se trouve dans la constellation de la Car\u00e8ne, dans la Voie lact\u00e9e. (\u00a9 Hubble Space Telescope \/ NASA \/ ESA)<\/p><\/blockquote>\n<h2><strong>Les inhomog\u00e9n\u00e9it\u00e9s mat\u00e9rielles et l\u2019insaisissable destin de l\u2019univers&nbsp;: l\u2019axe vertical&nbsp;<\/strong><\/h2>\n<p><img loading=\"lazy\" decoding=\"async\" class=\"alignright size-full wp-image-14423\" src=\"https:\/\/www.cgjung.net\/espace\/wp-content\/uploads\/2020\/09\/yin-yang-X-IV.png\" alt=\"\" width=\"125\" height=\"150\" \/>En IV un petit cercle de couleur noire c\u2019est-\u00e0-dire Yin baigne dans le fond blanc Yang. Il repr\u00e9sente les infimes inhomog\u00e9n\u00e9it\u00e9s de densit\u00e9 de l\u2019ordre du cent milli\u00e8me qui existaient juste avant le d\u00e9couplage entre la mati\u00e8re et la lumi\u00e8re (380 000 ans).<\/p>\n<p>Ces zones, gravitationnellement un peu plus attractives que les zones voisines, vont pouvoir cro\u00eetre et, par un m\u00e9canisme d\u2019effondrement, engendreront les multiples structures telles qu\u2019amas de galaxies, galaxies, \u00e9toiles et plan\u00e8tes dans un univers d\u00e9sormais transparent.<\/p>\n<p><img loading=\"lazy\" decoding=\"async\" class=\"size-full wp-image-14424 aligncenter\" src=\"https:\/\/www.cgjung.net\/espace\/wp-content\/uploads\/2020\/09\/decouplage-matiere-lumiere.png\" alt=\"\" width=\"370\" height=\"278\" srcset=\"https:\/\/www.cgjung.net\/espace\/wp-content\/uploads\/2020\/09\/decouplage-matiere-lumiere.png 370w, https:\/\/www.cgjung.net\/espace\/wp-content\/uploads\/2020\/09\/decouplage-matiere-lumiere-300x225.png 300w\" sizes=\"auto, (max-width: 370px) 100vw, 370px\" \/><\/p>\n<p>Form\u00e9es hi\u00e9rarchiquement en IV \u00e0 partir des petites fluctuations de densit\u00e9, ces multiples structures se transformeront en trous noirs \u2013 ou bien en nourriture pour trous noirs \u2013 qui finiront par s\u2019\u00e9vaporer en X. Dans l\u2019intervalle toutefois, il ne faut pas oublier le r\u00f4le de l\u2019une de ces structures, une minuscule plan\u00e8te qui servira de substrat pour la vie et la conscience en VII.<\/p>\n<p>En X un petit cercle blanc (Yang) sur fond noir (Yin) repr\u00e9sente la phase tant \u00ab finale \u00bb qu\u2019\u00ab initiale \u00bb de l&rsquo;univers immat\u00e9riel. Les masses des particules y sont en effet n\u00e9gligeables par rapport \u00e0 la densit\u00e9 du rayonnement pr\u00e9sent dans les conditions de Planck de l\u2019origine (ou de la contraction dans le cas d\u2019un mod\u00e8le \u00e0 rebond). Mais ce peut \u00eatre aussi la travers\u00e9e entre deux \u00e9ons, fronti\u00e8re immat\u00e9rielle de pure g\u00e9om\u00e9trie, cons\u00e9cutive \u00e0 la tr\u00e8s longue \u00e9vaporation des trous noirs d\u2019un univers en expansion acc\u00e9l\u00e9r\u00e9e.<\/p>\n<p>Ce petit cercle Yang pourrait refl\u00e9ter une \u00ab&nbsp;inhomog\u00e9n\u00e9it\u00e9 informationnelle&nbsp;\u00bb par rapport au fond uniforme d\u2019un univers \u00e0 la Tipler o\u00f9 vie et conscience auraient surv\u00e9cu, incrust\u00e9es et cod\u00e9es dans un plasma d\u2019\u00e9lectrons et de positons survivants d\u2019une hypoth\u00e9tique d\u00e9sint\u00e9gration du proton. En tant que \u00ab&nbsp;graine d\u2019information&nbsp;\u00bb d\u2019une nouvelle phase d\u2019univers, cette inhomog\u00e9n\u00e9it\u00e9 pourrait habiter les fluctuations quantiques du vide.<\/p>\n<p>Dans les mod\u00e8les avec inflation, ces fluctuations quantiques sont \u00e9tir\u00e9es pendant la courte phase d\u2019expansion acc\u00e9l\u00e9r\u00e9e. Leurs amplitudes calcul\u00e9es pour la fin de cette \u00e9tape correspondent bien aux caract\u00e9ristiques des inhomog\u00e9n\u00e9it\u00e9s observ\u00e9es dans le fond du ciel. Ainsi, les galaxies et les grandes structures s\u2019origineraient dans les fluctuations du vide quantique qui, pendant l\u2019inflation, auraient transit\u00e9 de leur \u00e9tat virtuel vers leur \u00e9tat r\u00e9el.<\/p>\n<h2><strong>Lien \u00e9nantiodromique <\/strong><strong>entre les \u00e9v\u00e9nements IV et X. <\/strong><strong>Le Soi et le moi<\/strong><\/h2>\n<p><img loading=\"lazy\" decoding=\"async\" class=\"size-full wp-image-14425 aligncenter\" src=\"https:\/\/www.cgjung.net\/espace\/wp-content\/uploads\/2020\/09\/lumiere-sur-l-inconscient.jpg\" alt=\"\" width=\"250\" height=\"351\" srcset=\"https:\/\/www.cgjung.net\/espace\/wp-content\/uploads\/2020\/09\/lumiere-sur-l-inconscient.jpg 250w, https:\/\/www.cgjung.net\/espace\/wp-content\/uploads\/2020\/09\/lumiere-sur-l-inconscient-214x300.jpg 214w\" sizes=\"auto, (max-width: 250px) 100vw, 250px\" \/><\/p>\n<p style=\"text-align: center;\">\u00a9 <a href=\"https:\/\/arvae.jimdofree.com\/\" target=\"_blank\" rel=\"noopener noreferrer\">Arvae<\/a> &#8211; Lumi\u00e8re sur l&rsquo;inconscient<\/p>\n<p><strong>En psychologie, explique Jung \u00ab&nbsp;le Soi existe&nbsp;<em>avant et d\u00e8s le commencement<\/em>,<\/strong> mais sous une forme latente, c\u2019est-\u00e0-dire inconsciente \u00bb.&nbsp;<a href=\"#_edn1\" name=\"_ednref1\"><sup>[1]<\/sup><\/a>&nbsp;En revanche, le moi n\u2019est qu\u2019un complexe, un \u00ab&nbsp;\u00e9v\u00e9nement d\u00e9compos\u00e9 en aspects parcellaires, \u00bb<a href=\"#_edn2\" name=\"_ednref2\"><sup>[2]<\/sup><\/a>&nbsp;qui se d\u00e9veloppe par les conflits entre monde ext\u00e9rieur et monde int\u00e9rieur de l\u2019individu. A la base, comme le traduit Cazenave \u00ab&nbsp;il est fait de bric et de broc.&nbsp;\u00bb<a href=\"#_edn3\" name=\"_ednref3\"><sup>[3]<\/sup><\/a>Une dialectique se dessine ainsi entre le moi (qui na\u00eetrait en IV) et le Soi (qui na\u00eetrait en X \u2013 tout en \u00e9tant toujours d\u00e9j\u00e0 l\u00e0, dans l\u2019inconscient). &nbsp;<\/p>\n<h2><strong>Reflets du moi en cosmologie<\/strong><\/h2>\n<p>En cosmologie, les \u00ab moi-centres \u00bb des futures \u00e9toiles naissent de m\u00eame, par effondrement des nuages de gaz et de poussi\u00e8res autour de germes que sont les surdensit\u00e9s mat\u00e9rielles qui \u00e9mergent de l\u2019univers post-d\u00e9couplage entre mati\u00e8re et lumi\u00e8re.<\/p>\n<p>A l\u2019image des \u00ab moi de bric et de broc \u00bb, elles doivent se fortifier, s\u2019ancrer dans l\u2019univers devenu conscient afin de recevoir et de refl\u00e9ter le Soi. Notons qu\u2019un <em>r\u00e9glage fin<\/em> des constantes de la physique est n\u00e9cessaire \u00e0 l\u2019existence de l\u2019\u00e8re stellaire au cours de laquelle les astres galactiques brillent de leurs \u00ab moi \u00bb le plus pur, soutenus par John Lennon : \u00ab encore et encore, ouais, nous brillons tous, comme la lune et les \u00e9toiles, et le soleil \u00bb.<a href=\"#_edn4\" name=\"_ednref4\"><sup>[4]<\/sup><\/a>&nbsp;[On and on and on, Well we all shine on, like the moon and the stars and the sun]\n<h2><strong>Reflets du Soi en cosmologie<\/strong><\/h2>\n<p>Y-a-t-il un reflet du Soi en cosmologie ? Pointe avanc\u00e9e de la physique, la cosmologie trouve dans l\u2019univers primordial le laboratoire conceptuel dans lequel elle peut tester les th\u00e9ories d\u2019unification et de diff\u00e9rentiation des quatre forces. Inspir\u00e9es par un d\u00e9sir de l\u2019Un, ces th\u00e9ories du tout ne sont que de tr\u00e8s p\u00e2les reflets du Soi car la plupart n\u2019ont aucune consid\u00e9ration pour des \u00ab moi \u00bb conscients qui seraient pr\u00e9sents au sein de l\u2019univers. Or le Soi a besoin du moi pour s\u2019incarner et s\u2019actualiser dans le temps et dans l\u2019espace.<\/p>\n<p>Dans l\u2019hypoth\u00e8se du principe anthropique final de Frank Tipler, il existe bien des \u00eatres intelligents, dont l&rsquo;\u00e2me est un programme ex\u00e9cut\u00e9 sur un ordinateur appel\u00e9 cerveau. Ils \u00e9voluent, dans un univers ferm\u00e9 en contraction, vers un \u00e9tat de plus en plus \u00ab conscient \u00bb qui est la singularit\u00e9 finale appel\u00e9e \u00ab point Om\u00e9ga \u00bb.<\/p>\n<p>Il s\u2019agit d\u2019un reflet du Soi tr\u00e8s rudimentaire, n\u2019ayant que faire des \u00ab moi \u00bb si ce n\u2019est \u00e0 la fin, tr\u00e8s exactement entre 10^-10^10 et 10^-10^123 seconde avant que le point Om\u00e9ga ne soit atteint. A l\u2019instar du mythe chr\u00e9tien, n\u2019utilisant qu\u2019une quantit\u00e9 infinit\u00e9simale de ses ressources informatiques totales, il ressuscite par simulation toutes les vies de tous les \u00eatres ayant exist\u00e9 dans l\u2019univers et les prolonge dans un paradis virtuel. <a href=\"#_edn5\" name=\"_ednref5\"><sup>[5]<\/sup><\/a><\/p>\n<p><strong>Plus proche de la dialectique jungienne du Soi et du moi<\/strong> est la boucle r\u00e9troactive d\u00e9j\u00e0 mentionn\u00e9e dans l&rsquo;univers participatoire de John Wheeler. Cette boucle donne au moi (l\u2019observateur humain, centre du conscient) non seulement un r\u00f4le actif mais le r\u00f4le principal. Le Soi, centre de l\u2019inconscient, est ici l&rsquo;univers incertain du pass\u00e9 qui ne s\u2019actualise que lorsque des entit\u00e9s conscientes commencent \u00e0 l&rsquo;observer. Elles le r\u00e9fl\u00e9chissent en l\u2019arrachant \u00e0 son inconscience et \u00e0 sa nature virtuelle.<\/p>\n<p style=\"text-align: center;\">\u00ab Le cosmos est en nous. Nous sommes faits de poussi\u00e8res d&rsquo;\u00e9toiles.<br \/>\nNous sommes une voie par laquelle l&rsquo;univers se conna\u00eet lui-m\u00eame. \u00bb<br \/>\nCarl Sagan&nbsp;<a href=\"#_edn6\" name=\"_ednref6\"><sup>[6]<\/sup><\/a><\/p>\n<p><img loading=\"lazy\" decoding=\"async\" class=\"size-full wp-image-14426 aligncenter\" src=\"https:\/\/www.cgjung.net\/espace\/wp-content\/uploads\/2020\/09\/etoiles-filantes.jpg\" alt=\"\" width=\"270\" height=\"350\" srcset=\"https:\/\/www.cgjung.net\/espace\/wp-content\/uploads\/2020\/09\/etoiles-filantes.jpg 270w, https:\/\/www.cgjung.net\/espace\/wp-content\/uploads\/2020\/09\/etoiles-filantes-231x300.jpg 231w\" sizes=\"auto, (max-width: 270px) 100vw, 270px\" \/><\/p>\n<blockquote><p>Vue de l\u2019observatoire \u00ab Las Campanas \u00bb, Chili dans la nuit du 13 au 14 d\u00e9cembre 2013. Toutes les \u00e9toiles filantes semblent diverger d&rsquo;un point unique du ciel appel\u00e9 radiant, situ\u00e9 dans la constellation des G\u00e9meaux. A proximit\u00e9, la plan\u00e8te Jupiter.<a href=\"#_edn7\" name=\"_ednref7\"><sup>[7]<\/sup><\/a><\/p><\/blockquote>\n<h2><strong>Entre Soi et Moi, le&nbsp;rayonnement \u00e9ternel du Je v\u00e9ritable<\/strong><\/h2>\n<p>La dialectique entre le moi et le Soi peut \u00eatre diversement repr\u00e9sent\u00e9e : p\u00f4les Yin et Yang, foyers de l\u2019ellipse ou des coniques en g\u00e9n\u00e9ral<a href=\"#_edn8\" name=\"_ednref8\"><sup>[8]<\/sup><\/a>, etc.<\/p>\n<p>Le Soi, assimilable \u00e0 l&rsquo;image de Dieu, \u00e0 l\u2019Un n\u00e9oplatonicien ou \u00e0 l\u2019Atman hindou, est un concept limite ne pouvant \u00eatre d\u00e9crit qu\u2019en termes d\u2019antinomies. Toute repr\u00e9sentation n\u2019en constitue qu\u2019une vision partielle tel le traditionnel \u00ab cercle dont le centre est partout et la circonf\u00e9rence nulle part \u00bb.<\/p>\n<p>Une illustration de la circulation cosmologique du moi autour du Soi (ou du Soi autour du moi) pourrait \u00eatre le mouvement en double spirale montante et descendante repr\u00e9sentant <a href=\"https:\/\/www.cgjung.net\/espace\/accueil\/alain-negre\/modeles-cosmologiques-archetype-du-quatre\/#evolution\">les processus d\u00e9j\u00e0 mentionn\u00e9s d\u2019involution, de d\u00e9volution et d\u2019\u00e9volution<\/a>.<\/p>\n<p><img loading=\"lazy\" decoding=\"async\" class=\"size-full wp-image-14427 aligncenter\" src=\"https:\/\/www.cgjung.net\/espace\/wp-content\/uploads\/2020\/09\/pappus.png\" alt=\"\" width=\"400\" height=\"150\" srcset=\"https:\/\/www.cgjung.net\/espace\/wp-content\/uploads\/2020\/09\/pappus.png 400w, https:\/\/www.cgjung.net\/espace\/wp-content\/uploads\/2020\/09\/pappus-300x113.png 300w\" sizes=\"auto, (max-width: 400px) 100vw, 400px\" \/><\/p>\n<blockquote><p>\u00c0 gauche, la spirale conique de Pappus, math\u00e9maticien d&rsquo;Alexandrie (IVe si\u00e8cle apr\u00e8s J.C.) \u00a9 Robert Ferr\u00e9ol. A droite, le&nbsp; mod\u00e8le sph\u00e9rique.<\/p><\/blockquote>\n<p>Dans l\u2019entrelacement de ces processus, la structure symbolique 4\u00d73 isomorphe au Yin-Yang et au zodiaque occuperait le plan \u00e9quatorial d\u2019une sph\u00e8re dont le \u00ab vide \u00bb du centre pourrait figurer un autre lieu du Soi. Au centre de tous les oppos\u00e9s, ce \u00ab Je \u00bb v\u00e9ritable ou transcendental rel\u00e8ve du plan de r\u00e9alit\u00e9 du \u00ab ni \u2026 ni \u00bb.<\/p>\n<p>L\u2019un de ses reflets dans le tourbillon de l&rsquo;existence pourrait \u00eatre cette myst\u00e9rieuse unit\u00e9 de l\u2019univers r\u00e9v\u00e9l\u00e9e par les exp\u00e9riences contemporaines suscit\u00e9es par l\u2019article EPR de 1935 qui mettent en \u00e9vidence une corr\u00e9lation infinie de tous les \u00e9v\u00e9nements spatio-temporels.<\/p>\n<h2><strong>Les reflets psych\u00e9-mati\u00e8re et l\u2019arch\u00e9type du nombre<\/strong><\/h2>\n<p>Au centre immobile des oppos\u00e9s demeure un temps immobile et \u00e9ternel qui peut faire irruption dans le temps sensible lin\u00e9aire et fl\u00e9ch\u00e9 du moi conscient.<\/p>\n<p>Parfois, des \u00e9v\u00e9nements mat\u00e9riels irr\u00e9guliers et impr\u00e9visibles refl\u00e8tent la psych\u00e9 du moi conscient. Ce sont les instants propices, les co\u00efncidences signifiantes qui sont des actes de cr\u00e9ation uniques posant la question de l\u2019existence d\u2019un sens.<\/p>\n<p><strong>Dans l\u2019inconscient, ou dans le domaine psychophysique postul\u00e9 par Jung et Pauli, la mati\u00e8re refl\u00e8te continuellement la psych\u00e9 et vice versa.<\/strong><\/p>\n<p>Le reflet inverse (la psych\u00e9 refl\u00e9tant la mati\u00e8re) est per\u00e7u par le moi conscient dans les \u00e9clairs de son intuition. Ils sont \u00e0 la source des conceptions religieuses, des connaissances traditionnelles et scientifiques qui toutes apparaissent ordonn\u00e9es par l\u2019arch\u00e9type du nombre.<\/p>\n<p>Il est dommage que la physique se prive de l\u2019aspect qualitatif du nombre sur lequel est pourtant fond\u00e9 tout son \u00e9difice math\u00e9matique quantitatif. Ce d\u00e9sint\u00e9r\u00eat s\u2019ajoute au peu de consid\u00e9ration pour les travaux portant sur l\u2019invention des concepts \u2013 comme l&rsquo;Hintergrundphysik ou \u00ab physique d&rsquo;arri\u00e8re-fond \u00bb de Pauli. Cette r\u00e9pugnance \u00e0 interroger les fondements de la discipline et \u00e0 penser l\u2019unit\u00e9 potentielle du monde est tr\u00e8s certainement la cause de la stagnation des th\u00e9ories actuelles.<\/p>\n<p>Dans ses efforts pour expliquer le r\u00e9el, la science progresse pas \u00e0 pas, parfois par de grands sauts mais qui restent infimes par rapport \u00e0 l\u2019Un inconnaissable d\u2019o\u00f9 tout proc\u00e8de. Les relations entre l\u2019Un et le multiple, le Soi et le moi ne sont qu\u2019effleur\u00e9es de mani\u00e8re infinit\u00e9simale par diverses th\u00e9ories holographiques de la cosmologie contemporaine.<\/p>\n<p>Ces th\u00e9ories refl\u00e8tent les liens que les anciennes connaissances traditionnelles ont per\u00e7u entre microcosme et macrocosme, \u00e2mes individuelles et \u00e2me universelle, etc. Elles rappellent que les racines de la science sont m\u00e9taphysiques et que la d\u00e9marche scientifique et les traditions mystiques parlent de la m\u00eame r\u00e9alit\u00e9. Il y a possibilit\u00e9 d\u2019enrichissement mutuel \u00e0 condition de ne pas oublier <a href=\"https:\/\/www.cgjung.net\/espace\/accueil\/alain-negre\/archetype-ordonnateur-univers\/#totalite\">les distinctions entre niveaux de r\u00e9alit\u00e9<\/a>.<\/p>\n<blockquote>\n<p style=\"text-align: center;\">\u00ab L&rsquo;homme est ce petit monde qui contient toutes les qualit\u00e9s du grand monde. C&rsquo;est pourquoi on l&rsquo;appelle un microcosme. L&rsquo;homme est la quintessence du firmament et des \u00e9l\u00e9ments, du ciel et de la terre&#8230; \u00bb<br \/>\nParacelse, Philosophia Sagax, 1571<\/p>\n<\/blockquote>\n<p><strong>Notes<\/strong><\/p>\n<p><a href=\"#_ednref1\" name=\"_edn1\">[1]<\/a> et <a href=\"#_ednref2\" name=\"_edn2\">[2]<\/a> Carl Jung, <a href=\"https:\/\/www.cgjung.net\/oeuvre\/psychologie_alchimie.htm\">Psychologie et Alchimie<\/a>, Paris, Buchet-Chastel, 1970, p. 110, paragraphe 105.<\/p>\n<p><a href=\"#_ednref3\" name=\"_edn3\"><\/a> <a href=\"#_ednref3\" name=\"_edn3\">[3]<\/a>&nbsp;Michel Cazenave, <a href=\"https:\/\/www.cgjung.net\/publications\/cazenave\/jung-revisite.htm\">Jung revisit\u00e9<\/a>, 2 vol., Paris, Medicis Entrelacs, 2012.<\/p>\n<p><a href=\"#_ednref4\" name=\"_edn4\">[4]<\/a> John Lennon, \u00ab Instant Karma! (We All Shine On) \u00bb EMI, credited to Lennon\/Ono with the Plastic Ono Band [Enregistr\u00e9 le 27 janvier 1970].<\/p>\n<p><a href=\"#_ednref5\" name=\"_edn5\">[5]<\/a> Frank Tipler, The Physics of Immortality, New-York, NY, Doubleday, 1994.&nbsp;&nbsp; http:\/\/scilib-physics.narod.ru\/Immortality\/Tipler.htm&nbsp; (p. 225.)<\/p>\n<p><a href=\"#_ednref6\" name=\"_edn6\">[6]<\/a>&nbsp;Ann Druyan, Cosmos : nouveaux modes ; la suite du classique de Carl Sagan, Paris, Hachette Pratique, 2020<\/p>\n<p><a href=\"#_ednref7\" name=\"_edn7\">[7]<\/a> Credit Yuri Beletsky (Las Campanas Observatory, Carnegie Institution for Science)<\/p>\n<p><a href=\"#_ednref8\" name=\"_edn8\">[8]<\/a> Michel Cazenave, La science et les figures de l\u2019\u00e2me, Editions du Rocher, 1996, p. 240.<\/p>\n<p style=\"text-align: center;\"><a class=\"buttonv navigation\" href=\"https:\/\/www.cgjung.net\/espace\/accueil\/alain-negre\/autoproduction-univers\/\">Article pr\u00e9c\u00e9dent<\/a><\/p>\n<p><a href=\"https:\/\/www.cgjung.net\/contact.htm\"><strong>Adresser un message \u00e0 Alain N\u00e8gre<\/strong><\/a><\/p>\n<h1>Alain N\u00e8gre<\/h1>\n<p><a href=\"https:\/\/www.cgjung.net\/espace\/accueil\/alain-negre\/#negre\">Biographie et publications<\/a><\/p>\n<p><strong><a href=\"https:\/\/www.cgjung.net\/espace\/accueil\/alain-negre\/archetype-number-cosmology\/\"><img loading=\"lazy\" decoding=\"async\" class=\"alignright size-full wp-image-12694\" src=\"https:\/\/www.cgjung.net\/espace\/wp-content\/uploads\/2020\/05\/archetype-number-v.jpg\" alt=\"\" width=\"90\" height=\"133\" \/><\/a>Ouvrage<\/strong><\/p>\n<ul>\n<li><a href=\"https:\/\/www.cgjung.net\/espace\/accueil\/alain-negre\/archetype-number-cosmology\/\">The Archetype of the Number and its Reflections in Contemporary Cosmology<\/a><\/li>\n<\/ul>\n<p><strong>Articles<\/strong><\/p>\n<ul>\n<li><a href=\"https:\/\/www.cgjung.net\/espace\/accueil\/alain-negre\/cosmos-et-zodiaque\/\">Cosmos et Zodiaque<\/a><\/li>\n<li><a href=\"https:\/\/www.cgjung.net\/espace\/accueil\/alain-negre\/racines-connaissance-scientifique\/\">Les racines de la connaissance scientifique<\/a><\/li>\n<li><a href=\"https:\/\/www.cgjung.net\/espace\/accueil\/alain-negre\/archetype-ordonnateur-univers\/\">L\u2019arch\u00e9type : facteur ordonnateur, principe formateur de l\u2019univers<\/a><\/li>\n<li><a href=\"https:\/\/www.cgjung.net\/espace\/accueil\/alain-negre\/modeles-univers\/\">Les mod\u00e8les de l\u2019univers dans son ensemble<\/a><\/li>\n<li><a href=\"https:\/\/www.cgjung.net\/espace\/accueil\/alain-negre\/frontiere-science-mythe\/\">\u00c0 la fronti\u00e8re de la science et du mythe<\/a><\/li>\n<li><a href=\"https:\/\/www.cgjung.net\/espace\/accueil\/alain-negre\/modeles-cosmologiques-archetype-du-quatre\/\">Des mod\u00e8les cosmologiques \u00e0 l&rsquo;arch\u00e9type du quatre<\/a><\/li>\n<li><a href=\"https:\/\/www.cgjung.net\/espace\/accueil\/alain-negre\/dialectique-des-forces\/\">Du travail dialectique des forces \u00e0 l\u2019arch\u00e9type du trois<\/a><\/li>\n<li><a href=\"https:\/\/www.cgjung.net\/espace\/accueil\/alain-negre\/autoproduction-univers\/\">L\u2019univers s\u2019autoproduit \u00e0 travers les contraires<\/a><\/li>\n<li><a href=\"https:\/\/www.cgjung.net\/espace\/accueil\/alain-negre\/univers-ame-du-monde\/\">L\u2019univers et l\u2019\u00e2me du monde<\/a><\/li>\n<\/ul>\n\n","protected":false},"excerpt":{"rendered":"<p>Au d\u00e9couplage entre la lumi\u00e8re et la mati\u00e8re, le multiple na\u00eet. L\u2019opacit\u00e9 qui englobait tout l\u2019univers laisse surgir de multiples germes qui sont les puissances de tous les psychismes \u00e0 venir. La multiplicit\u00e9 des \u00e9toiles&nbsp;: l\u2019amas stellaire \u00ab Westerlund 2 \u00bb se trouve dans la constellation de la Car\u00e8ne, dans la Voie lact\u00e9e. (\u00a9 Hubble [&hellip;]<\/p>\n","protected":false},"author":6,"featured_media":0,"parent":12649,"menu_order":47,"comment_status":"closed","ping_status":"closed","template":"","meta":{"footnotes":""},"class_list":["post-13144","page","type-page","status-publish","hentry"],"_links":{"self":[{"href":"https:\/\/www.cgjung.net\/espace\/wp-json\/wp\/v2\/pages\/13144","targetHints":{"allow":["GET"]}}],"collection":[{"href":"https:\/\/www.cgjung.net\/espace\/wp-json\/wp\/v2\/pages"}],"about":[{"href":"https:\/\/www.cgjung.net\/espace\/wp-json\/wp\/v2\/types\/page"}],"author":[{"embeddable":true,"href":"https:\/\/www.cgjung.net\/espace\/wp-json\/wp\/v2\/users\/6"}],"replies":[{"embeddable":true,"href":"https:\/\/www.cgjung.net\/espace\/wp-json\/wp\/v2\/comments?post=13144"}],"version-history":[{"count":74,"href":"https:\/\/www.cgjung.net\/espace\/wp-json\/wp\/v2\/pages\/13144\/revisions"}],"predecessor-version":[{"id":14689,"href":"https:\/\/www.cgjung.net\/espace\/wp-json\/wp\/v2\/pages\/13144\/revisions\/14689"}],"up":[{"embeddable":true,"href":"https:\/\/www.cgjung.net\/espace\/wp-json\/wp\/v2\/pages\/12649"}],"wp:attachment":[{"href":"https:\/\/www.cgjung.net\/espace\/wp-json\/wp\/v2\/media?parent=13144"}],"curies":[{"name":"wp","href":"https:\/\/api.w.org\/{rel}","templated":true}]}}