{"id":13015,"date":"2020-05-28T05:54:41","date_gmt":"2020-05-28T03:54:41","guid":{"rendered":"https:\/\/www.cgjung.net\/espace\/?page_id=13015"},"modified":"2025-02-06T18:18:18","modified_gmt":"2025-02-06T17:18:18","slug":"psychologie-des-profondeurs-seminaire-en-ligne","status":"publish","type":"page","link":"https:\/\/www.cgjung.net\/espace\/seminaires\/psychologie-des-profondeurs-seminaire-en-ligne\/","title":{"rendered":"Psychologie des profondeurs"},"content":{"rendered":"<p><span style=\"color: #ff0000;\">Pour m\u00e9moire, voici le contenu de ce s\u00e9minaire organis\u00e9 dans la p\u00e9riode d&rsquo;avril 2017 \u00e0 avril 2023 :<\/span><\/p>\n<p><strong>Ce s\u00e9minaire s&rsquo;adresse \u00e0 tous ceux qui souhaitent \u00e9changer et\/ou acqu\u00e9rir des connaissances \u00e0 partir de l\u2019\u0153uvre de Carl Gustav Jung.<\/strong><img loading=\"lazy\" decoding=\"async\" class=\"size-full wp-image-21091 aligncenter\" src=\"https:\/\/www.cgjung.net\/espace\/wp-content\/uploads\/2023\/03\/seminaire-efj-10.png\" alt=\"\" width=\"600\" height=\"450\" srcset=\"https:\/\/www.cgjung.net\/espace\/wp-content\/uploads\/2023\/03\/seminaire-efj-10.png 600w, https:\/\/www.cgjung.net\/espace\/wp-content\/uploads\/2023\/03\/seminaire-efj-10-300x225.png 300w\" sizes=\"auto, (max-width: 600px) 100vw, 600px\" \/><\/p>\n<p>&nbsp;<\/p>\n<p>Tout au long de ce s\u00e9minaire, bas\u00e9 sur le partage entre les formateurs et les participants, les notions de base de la psychologie des profondeurs sont expliqu\u00e9es et illustr\u00e9es. Ce s\u00e9minaire est ouvert \u00e0 tous, sans pr\u00e9requis.<\/p>\n<h2>Le contenu du s\u00e9minaire<\/h2>\n<p>Les points suivants seront abord\u00e9s :<\/p>\n<ul>\n<li>Accueil et d\u00e9couverte des attentes de chacun des participants<\/li>\n<li>La conscience et sa relation avec l\u2019inconscient\n<ul>\n<li>Les \u00e9changes permanents entre la conscience et l\u2019inconscient<\/li>\n<li>Les complexes et leurs agissements<\/li>\n<li>Le moi. La discontinuit\u00e9 de la conscience<\/li>\n<li>La perception de notre environnement : les types psychologiques<\/li>\n<\/ul>\n<\/li>\n<li>L\u2019inconscient\n<ul>\n<li>L\u2019inconscient personnel et collectif<\/li>\n<li>Les arch\u00e9types et leurs r\u00f4les<\/li>\n<li>Principaux arch\u00e9types : persona, ombre, anima \/ animus, Soi<\/li>\n<\/ul>\n<\/li>\n<li>Les r\u00eaves\n<ul>\n<li>Les diff\u00e9rents niveaux d\u2019interpr\u00e9tation<\/li>\n<li>Les symboles<\/li>\n<li>Partage de r\u00eaves<\/li>\n<\/ul>\n<\/li>\n<li>La relation mati\u00e8re \/ psych\u00e9\n<ul>\n<li>La synchronicit\u00e9<\/li>\n<li>Un exemple : le Yi Jing<\/li>\n<\/ul>\n<\/li>\n<li>Le processus d\u2019individuation\n<ul>\n<li>Se conna\u00eetre soi-m\u00eame<\/li>\n<li>La spiritualit\u00e9<\/li>\n<\/ul>\n<\/li>\n<\/ul>\n<h2>Le d\u00e9roul\u00e9 du s\u00e9minaire<\/h2>\n<p>Il n\u00e9cessite un \u00e9quipement de type ordinateur ou tablette raccord\u00e9 \u00e0 internet. Vous devez \u00eatre confortablement install\u00e9 dans un lieu isol\u00e9 : pas de passages intempestifs ou de pr\u00e9sence d\u2019autres personnes dans la pi\u00e8ce.<\/p>\n<p>Si de mani\u00e8re habituelle vous utilisez avec succ\u00e8s un logiciel comme Skype,\u2026 (audio + vid\u00e9o), votre connexion vers internet devrait \u00eatre suffisante.<\/p>\n<p>Aucune installation de logiciel n\u2019est n\u00e9cessaire. Un lien transmis par mail permet de se connecter \u00e0 la date et \u00e0 l\u2019heure convenues.<\/p>\n<h4>Documentation et nombre de participants<\/h4>\n<p>\u00c0 l\u2019issue du s\u00e9minaire, un document de synth\u00e8se est envoy\u00e9 au format \u00e9lectronique \u00e0 chaque participant.<\/p>\n<p><em>Nous retiendrons 8 participants au maximum. Des pauses de 15 mn seront assur\u00e9es en milieu de matin\u00e9e et d\u2019apr\u00e8s-midi. <\/em><em>Des exercices d\u2019harmonisation \u00e9nerg\u00e9tique ponctueront chacune des sessions.<\/em><\/p>\n<h2>Les formateurs<\/h2>\n<p>Ce s\u00e9minaire est coanim\u00e9 par :<\/p>\n<ul>\n<li><a href=\"https:\/\/chantalarmouet.fr\/accueil\/stage-et-formation\/psychologie-profondeurs-seminaire-en-ligne\/\">Chantal Armouet<\/a> : secr\u00e9taire de l&rsquo;association Espace Francophone Jungien, elle accompagne et aide des personnes dans leur parcours individuel. Elle g\u00e8re les inscriptions \u00e0 ce s\u00e9minaire.<\/li>\n<li><a href=\"https:\/\/www.cgjung.net\/espace\/accueil\/jprobert\/\">Jean-Pierre Robert<\/a> : fondateur et \u00e9diteur du pr\u00e9sent site, il participe \u00e0 la diffusion de la pens\u00e9e jungienne en direction des pays francophones. Il est pr\u00e9sident de l\u2019association Espace Francophone Jungien (EFJ).<\/li>\n<\/ul>\n<h2>Confidentialit\u00e9<\/h2>\n<p>Les formateurs et les participants garantissent la confidentialit\u00e9 des \u00e9changes et pour cela acceptent une charte de confidentialit\u00e9 en d\u00e9but de s\u00e9minaire. Cet engagement oblige au respect et \u00e0 la libert\u00e9 de chacun.<\/p>\n<h1>Chroniques des s\u00e9minaires<\/h1>\n<ul>\n<li><a href=\"https:\/\/www.cgjung.net\/espace\/seminaires\/2019-10-que-disent-nos-reves\/\">Les images arch\u00e9typiques dans les r\u00eaves, les reconna\u00eetre<\/a> (octobre 2019)<\/li>\n<li><a href=\"https:\/\/www.cgjung.net\/espace\/seminaires\/2019-11-psychologie-profondeurs\/\">D\u00e9couvrir si l\u2019on est extraverti ou introverti et ses fonctions<\/a> (novembre 2019)<\/li>\n<li><a href=\"https:\/\/www.cgjung.net\/espace\/seminaires\/2019-12-harcelement-emprise\/\">Incroyable ! L\u2019imagination des manipulateurs d\u00e9fie l\u2019entendement<\/a> (d\u00e9cembre 2019)<\/li>\n<li><a href=\"https:\/\/www.cgjung.net\/espace\/seminaires\/2020-01-a-lecoute-des-reves\/\">A l&rsquo;\u00e9coute des r\u00eaves<\/a>\u00a0(janvier 2020)<\/li>\n<\/ul>\n\n<div><h1>S\u00e9minaires p\u00e9riode d&rsquo;avril 2017 \u00e0 avril 2023<\/h1>\n<ul>\n<li><a href=\"https:\/\/www.cgjung.net\/espace\/seminaires\/seminaires-2017-2023\/\">S\u00e9minaires de formation d&rsquo;avril 2017 \u00e0 avril 2023<\/a>\n<ul>\n<li><a href=\"https:\/\/www.cgjung.net\/espace\/seminaires\/que-disent-nos-reves-seminaire-en-ligne\/\">Approche jungienne des r\u00eaves<\/a><\/li>\n<li><a href=\"https:\/\/www.cgjung.net\/espace\/seminaires\/psychologie-des-profondeurs-seminaire-en-ligne\/\">Psychologie des profondeurs selon C.G. Jung<\/a><\/li>\n<li><a href=\"https:\/\/www.cgjung.net\/espace\/seminaires\/harcelement-relations-emprise\/\">Harc\u00e8lement et relations d\u2019emprise : comment s\u2019en lib\u00e9rer ?<\/a><\/li>\n<\/ul>\n<\/li>\n<\/ul>\n<\/div>\n","protected":false},"excerpt":{"rendered":"<p>Pour m\u00e9moire, voici le contenu de ce s\u00e9minaire organis\u00e9 dans la p\u00e9riode d&rsquo;avril 2017 \u00e0 avril 2023 : Ce s\u00e9minaire s&rsquo;adresse \u00e0 tous ceux qui souhaitent \u00e9changer et\/ou acqu\u00e9rir des connaissances \u00e0 partir de l\u2019\u0153uvre de Carl Gustav Jung. &nbsp; Tout au long de ce s\u00e9minaire, bas\u00e9 sur le partage entre les formateurs et les [&hellip;]<\/p>\n","protected":false},"author":1,"featured_media":0,"parent":8959,"menu_order":114,"comment_status":"closed","ping_status":"closed","template":"","meta":{"footnotes":""},"class_list":["post-13015","page","type-page","status-publish","hentry"],"_links":{"self":[{"href":"https:\/\/www.cgjung.net\/espace\/wp-json\/wp\/v2\/pages\/13015","targetHints":{"allow":["GET"]}}],"collection":[{"href":"https:\/\/www.cgjung.net\/espace\/wp-json\/wp\/v2\/pages"}],"about":[{"href":"https:\/\/www.cgjung.net\/espace\/wp-json\/wp\/v2\/types\/page"}],"author":[{"embeddable":true,"href":"https:\/\/www.cgjung.net\/espace\/wp-json\/wp\/v2\/users\/1"}],"replies":[{"embeddable":true,"href":"https:\/\/www.cgjung.net\/espace\/wp-json\/wp\/v2\/comments?post=13015"}],"version-history":[{"count":73,"href":"https:\/\/www.cgjung.net\/espace\/wp-json\/wp\/v2\/pages\/13015\/revisions"}],"predecessor-version":[{"id":28533,"href":"https:\/\/www.cgjung.net\/espace\/wp-json\/wp\/v2\/pages\/13015\/revisions\/28533"}],"up":[{"embeddable":true,"href":"https:\/\/www.cgjung.net\/espace\/wp-json\/wp\/v2\/pages\/8959"}],"wp:attachment":[{"href":"https:\/\/www.cgjung.net\/espace\/wp-json\/wp\/v2\/media?parent=13015"}],"curies":[{"name":"wp","href":"https:\/\/api.w.org\/{rel}","templated":true}]}}