{"id":12649,"date":"2020-05-08T13:57:50","date_gmt":"2020-05-08T11:57:50","guid":{"rendered":"https:\/\/www.cgjung.net\/espace\/?page_id=12649"},"modified":"2021-06-05T21:14:26","modified_gmt":"2021-06-05T19:14:26","slug":"alain-negre","status":"publish","type":"page","link":"https:\/\/www.cgjung.net\/espace\/accueil\/alain-negre\/","title":{"rendered":"Alain N\u00e8gre"},"content":{"rendered":"<p><strong>Alain N\u00e8gre, auteur de l&rsquo;ouvrage <em>The Archetype of the Number and its Reflections in Contemporary Cosmology<\/em>, pr\u00e9sente celui-ci \u00e0 partir d&rsquo;une s\u00e9rie d&rsquo;articles.<\/strong><\/p>\n<p><img loading=\"lazy\" decoding=\"async\" class=\"size-full wp-image-12693 aligncenter\" src=\"https:\/\/www.cgjung.net\/espace\/wp-content\/uploads\/2020\/05\/archetype-number.jpg\" alt=\"\" width=\"280\" height=\"403\" \/><\/p>\n<p style=\"text-align: center;\"><a href=\"https:\/\/www.cgjung.net\/espace\/accueil\/alain-negre\/archetype-number-cosmology\/\">The Archetype of the Number and its Reflections in Contemporary Cosmology<\/a><\/p>\n<h2><a id=\"enant\"><\/a>Vers une approche \u00e9nantiodromique de l&rsquo;univers. Jung, Pauli et au-del\u00e0&#8230;<\/h2>\n<ul>\n<li><a href=\"https:\/\/www.cgjung.net\/espace\/accueil\/alain-negre\/racines-connaissance-scientifique\/\">Les racines de la connaissance scientifique<\/a><\/li>\n<li><a href=\"https:\/\/www.cgjung.net\/espace\/accueil\/alain-negre\/archetype-ordonnateur-univers\/\">L\u2019arch\u00e9type : facteur ordonnateur, principe formateur de l\u2019univers<\/a><\/li>\n<li><a href=\"https:\/\/www.cgjung.net\/espace\/accueil\/alain-negre\/modeles-univers\/\">Les mod\u00e8les de l\u2019univers dans son ensemble<\/a><\/li>\n<li><a href=\"https:\/\/www.cgjung.net\/espace\/accueil\/alain-negre\/frontiere-science-mythe\/\">\u00c0 la fronti\u00e8re de la science et du mythe<\/a><\/li>\n<li><a href=\"https:\/\/www.cgjung.net\/espace\/accueil\/alain-negre\/modeles-cosmologiques-archetype-du-quatre\/\">Des mod\u00e8les cosmologiques \u00e0 l&rsquo;arch\u00e9type du quatre<\/a><\/li>\n<li><a href=\"https:\/\/www.cgjung.net\/espace\/accueil\/alain-negre\/dialectique-des-forces\/\">Du travail dialectique des forces \u00e0 l\u2019arch\u00e9type du trois<\/a><\/li>\n<li><a href=\"https:\/\/www.cgjung.net\/espace\/accueil\/alain-negre\/autoproduction-univers\/\">L\u2019univers s\u2019autoproduit \u00e0 travers les contraires<\/a><\/li>\n<li><a href=\"https:\/\/www.cgjung.net\/espace\/accueil\/alain-negre\/univers-ame-du-monde\/\">L\u2019univers et l\u2019\u00e2me du monde<\/a><\/li>\n<\/ul>\n<p>Dans la s\u00e9rie d&rsquo;articles ci-dessus, Alain N\u00e8gre s\u2019appuie sur les r\u00e9flexions de Carl Jung et de Wolfgang Pauli. Elles concernent les conditions de possibilit\u00e9 d&rsquo;acquisition de la connaissance. Jung et Pauli \u00e9mettent l\u2019hypoth\u00e8se d\u2019un arri\u00e8re-plan mati\u00e8re-psych\u00e9.<\/p>\n<h2>Une autre mani\u00e8re d\u2019interpr\u00e9ter la mod\u00e9lisation contemporaine de l\u2019univers<\/h2>\n<p>La cosmologie contemporaine suscite un foisonnement d\u2019interrogations et de mod\u00e8les qui s\u2019efforcent d\u2019expliquer les paradoxes actuels tels que les mati\u00e8re et \u00e9nergie sombres, la disparition totale de l\u2019antimati\u00e8re et l\u2019improbable r\u00e9glage des constantes de la physique qui aurait permis notre existence.<\/p>\n<p>Le nombre \u00ab arch\u00e9type de l\u2019ordre devenu conscient \u00bb selon Jung et \u00ab probabilit\u00e9 primaire \u00bb de l\u2019inconscient selon Pauli, se refl\u00e8te entre plusieurs niveaux de r\u00e9alit\u00e9. Ses reflets arch\u00e9typaux permettent une relecture de l\u2019histoire de l\u2019univers qui fait ressortir une incessante dialectique conflictuelle des forces de la physique.<\/p>\n<p>Des transformations \u00e9nantiodromiques apparaissent pouvant inspirer de nouvelles compr\u00e9hensions.<\/p>\n<h2><a id=\"negre\"><\/a>Alain N\u00e8gre<\/h2>\n<p><strong><img loading=\"lazy\" decoding=\"async\" class=\"alignright size-full wp-image-12785\" src=\"https:\/\/www.cgjung.net\/espace\/wp-content\/uploads\/2020\/05\/alain-negre.jpg\" alt=\"\" width=\"100\" height=\"133\" \/><\/strong>Alain N\u00e8gre est n\u00e9 en 1950. Il vit en France dans la r\u00e9gion Auvergne Rh\u00f4ne-Alpes.<\/p>\n<p>Physicien et \u00e9lectronicien, il a travaill\u00e9 dans l\u2019industrie des semiconducteurs et enseign\u00e9 en institut universitaire de technologie. En parall\u00e8le, il s\u2019est int\u00e9ress\u00e9 aux probl\u00e8mes corps-esprit et aux relations entre la science et la spiritualit\u00e9.<\/p>\n<h2>Interventions lors de conf\u00e9rences<\/h2>\n<ul>\n<li>LCIR Londres 28 Sept 2019 Myths, Archetypes<\/li>\n<li>Science of Consciousness 2019&nbsp;<br \/>\n<a href=\"https:\/\/consciousness.arizona.edu\/history-tsc-conferences\" target=\"_blank\" rel=\"noopener\">https:\/\/consciousness.arizona.edu\/history-tsc-conferences<\/a><\/li>\n<li>Narrazioni delle origini, Torino, 11-14 maggio 2021<br \/>\n<a href=\"https:\/\/www.youtube.com\/watch?v=JoLE6ye2X0A\" target=\"_blank\" rel=\"noopener\">https:\/\/www.youtube.com\/watch?v=JoLE6ye2X0A<\/a><\/li>\n<\/ul>\n","protected":false},"excerpt":{"rendered":"<p>Alain N\u00e8gre, auteur de l&rsquo;ouvrage The Archetype of the Number and its Reflections in Contemporary Cosmology, pr\u00e9sente celui-ci \u00e0 partir d&rsquo;une s\u00e9rie d&rsquo;articles. The Archetype of the Number and its Reflections in Contemporary Cosmology Vers une approche \u00e9nantiodromique de l&rsquo;univers. Jung, Pauli et au-del\u00e0&#8230; Les racines de la connaissance scientifique L\u2019arch\u00e9type : facteur ordonnateur, principe [&hellip;]<\/p>\n","protected":false},"author":6,"featured_media":0,"parent":53,"menu_order":17,"comment_status":"closed","ping_status":"closed","template":"","meta":{"footnotes":""},"class_list":["post-12649","page","type-page","status-publish","hentry"],"_links":{"self":[{"href":"https:\/\/www.cgjung.net\/espace\/wp-json\/wp\/v2\/pages\/12649","targetHints":{"allow":["GET"]}}],"collection":[{"href":"https:\/\/www.cgjung.net\/espace\/wp-json\/wp\/v2\/pages"}],"about":[{"href":"https:\/\/www.cgjung.net\/espace\/wp-json\/wp\/v2\/types\/page"}],"author":[{"embeddable":true,"href":"https:\/\/www.cgjung.net\/espace\/wp-json\/wp\/v2\/users\/6"}],"replies":[{"embeddable":true,"href":"https:\/\/www.cgjung.net\/espace\/wp-json\/wp\/v2\/comments?post=12649"}],"version-history":[{"count":59,"href":"https:\/\/www.cgjung.net\/espace\/wp-json\/wp\/v2\/pages\/12649\/revisions"}],"predecessor-version":[{"id":16700,"href":"https:\/\/www.cgjung.net\/espace\/wp-json\/wp\/v2\/pages\/12649\/revisions\/16700"}],"up":[{"embeddable":true,"href":"https:\/\/www.cgjung.net\/espace\/wp-json\/wp\/v2\/pages\/53"}],"wp:attachment":[{"href":"https:\/\/www.cgjung.net\/espace\/wp-json\/wp\/v2\/media?parent=12649"}],"curies":[{"name":"wp","href":"https:\/\/api.w.org\/{rel}","templated":true}]}}