{"id":12235,"date":"2021-09-29T12:07:43","date_gmt":"2021-09-29T10:07:43","guid":{"rendered":"https:\/\/www.cgjung.net\/espace\/?page_id=12235"},"modified":"2023-05-10T17:03:43","modified_gmt":"2023-05-10T15:03:43","slug":"psychologie-carl-gustav-jung","status":"publish","type":"page","link":"https:\/\/www.cgjung.net\/espace\/accueil\/psychologie-carl-gustav-jung\/","title":{"rendered":"La psychologie de Carl Gustav Jung expliqu\u00e9e clairement"},"content":{"rendered":"<p style=\"text-align: justify;\"><strong>C.G. Jung s&rsquo;est exprim\u00e9 dans de nombreux s\u00e9minaires. Le livre <a href=\"https:\/\/www.cgjung.net\/espace\/ressources\/cg-jung-seminaires-1936-1937\/\">Symboles oniriques du processus d&rsquo;individuation<\/a><\/strong><strong> retrace ceux de Bailey Island et de New York (1936 &amp; 1937). Voici ce qui nous semble important \u00e0 souligner.<\/strong><\/p>\n<p><img loading=\"lazy\" decoding=\"async\" class=\"size-full wp-image-17689 aligncenter\" src=\"https:\/\/www.cgjung.net\/espace\/wp-content\/uploads\/2021\/09\/bailey-island-hall-1936.jpg\" alt=\"\" width=\"550\" height=\"441\" srcset=\"https:\/\/www.cgjung.net\/espace\/wp-content\/uploads\/2021\/09\/bailey-island-hall-1936.jpg 550w, https:\/\/www.cgjung.net\/espace\/wp-content\/uploads\/2021\/09\/bailey-island-hall-1936-300x241.jpg 300w\" sizes=\"auto, (max-width: 550px) 100vw, 550px\" \/><\/p>\n<p style=\"text-align: center;\"><em>Photo extraite de l&rsquo;ouvrage <a href=\"https:\/\/www.cgjung.net\/espace\/ressources\/cg-jung-seminaires-1936-1937\/\">Symboles oniriques du processus d&rsquo;individuation<\/a>.<\/em><\/p>\n<p style=\"text-align: justify;\">Lire ce livre fut \u00e0 la fois un plaisir et un grand moment de contact avec la pens\u00e9e de Jung.&nbsp;<\/p>\n<p style=\"text-align: justify;\">Commen\u00e7ons par l&rsquo;introduction de Suzan Gieser qui, plus qu&rsquo;une simple introduction, est un travail qui se veut exhaustif sur le faire et le dire des s\u00e9minaires de C.G. Jung \u00e0 Bailey Island et \u00e0 New York.<\/p>\n<p style=\"text-align: justify;\">On y apprend beaucoup sur la mani\u00e8re dont tout fut organis\u00e9. On a une id\u00e9e pr\u00e9cise du public et des interactions entre les Am\u00e9ricains, Jung, et ses proches.<\/p>\n<h2>Des femmes pionni\u00e8res<\/h2>\n<p style=\"text-align: justify;\">Une chose nous a frapp\u00e9e c&rsquo;est l&rsquo;importance et le nombre de femmes pionni\u00e8res dans l&rsquo;organisation de ces s\u00e9minaires. On peut citer Beatrice Hinckle,&nbsp; Kristine Mann, Eleanor Bertine, Esther Harding&#8230;<\/p>\n<p style=\"text-align: justify;\">Ces femmes, que l&rsquo;on peut voir sur les photos qui figurent dans le livre, \u00e9taient tr\u00e8s f\u00e9ministes et m\u00eame militantes. Elles ont jou\u00e9 un r\u00f4le majeur dans la diffusion des travaux de Jung aux USA et dans le monde anglo-saxon.<\/p>\n<p style=\"text-align: justify;\">La derni\u00e8re page de l&rsquo;introduction est particuli\u00e8rement int\u00e9ressante. Elle explique de mani\u00e8re claire et concise la d\u00e9marche de Jung, entre les s\u00e9minaires et son livre <a href=\"https:\/\/www.cgjung.net\/oeuvre\/psychologie_alchimie.htm\">Psychologie et alchimie<\/a>, avec les r\u00eaves de Wolfgang Pauli.<\/p>\n<blockquote>\n<p style=\"text-align: justify;\">\u00ab\u00a0Peut-\u00eatre Jung consid\u00e9rait-il comme judicieux, d&rsquo;un point de vue symbolique, d&rsquo;inclure les r\u00eaves de Pauli, physicien quantiste et alchimiste moderne, un homme combinant une profonde connaissance des myst\u00e8res de la mati\u00e8re et une fervente observation de sa propre psych\u00e9 inconsciente.\u00a0\u00bb (P. 89)<\/p>\n<\/blockquote>\n<p style=\"text-align: justify;\">On d\u00e9couvre \u00e9galement que Jung cultivait une solide relation avec Wolfgang Pauli, alors qu&rsquo;habituellement on retient plut\u00f4t de lui ses difficult\u00e9s relationnelles avec les hommes.<\/p>\n<h2>Un public choisi, Jung s&rsquo;exprime simplement<\/h2>\n<p style=\"text-align: justify;\">Jung s&rsquo;adresse \u00e0 un public choisi qui l&rsquo;appr\u00e9cie. Il parle simplement, parfois avec humour, et se permet quelques audaces.<\/p>\n<p style=\"text-align: justify;\">On trouve dans ces conf\u00e9rences certaines d\u00e9finitions de concepts jungiens beaucoup plus abordables et claires que celles qui suivront dans des \u0153uvres ult\u00e9rieures d&rsquo;un acc\u00e8s moins facile. Il est aussi aussi parfois plus affirmatif et ne craint pas de se \u00ab\u00a0mouiller\u00a0\u00bb devant un auditoire conquis \u00e0 l&rsquo;avance. Voici un exemple :<\/p>\n<blockquote>\n<p style=\"text-align: justify;\">\u00ab\u00a0Le r\u00eave est un produit naturel -comme une pomme sur un pommier, comme un animal, cr\u00e9\u00e9 par la nature, pas par l&rsquo;homme. On pourrait tout aussi bien dire que les r\u00eaves ne sont pas cr\u00e9\u00e9s par l&rsquo;homme, qu&rsquo;ils ne sont pas faits du tout. Ils poussent. Ils surgissent naturellement, comme une source.<\/p>\n<p style=\"text-align: justify;\">Un r\u00eave est une s\u00e9rie de repr\u00e9sentations, d&rsquo;images n\u00e9es d&rsquo;un processus souterrain inconscient. Puisque le r\u00eave est une s\u00e9rie d&rsquo;images, je consid\u00e8re que ces images sont caus\u00e9es par un processus invisible, de nature inconnue, et c&rsquo;est ce que nous appelons l&rsquo;inconscient. [&#8230;]\n<p style=\"text-align: justify;\">Nous connaissons seulement des images de ce processus ; quant \u00e0 l&rsquo;origine de ce processus, elle est inconnue. Nous sp\u00e9culons bien s\u00fbr beaucoup \u00e0 son propos, mais il ne s&rsquo;agit que de sp\u00e9culations.\u00a0\u00bb (P. 101)<\/p>\n<\/blockquote>\n<h2>Le mandala<\/h2>\n<p style=\"text-align: justify;\">Jung aborde la question du mandala et fournit de claires explications. Bien que le mot mandala soit li\u00e9 \u00e0 la philosophie orientale, on le retrouve partout dans le monde :<\/p>\n<blockquote>\n<p style=\"text-align: justify;\">\u00ab\u00a0C&rsquo;est un symbole tr\u00e8s ancien, existant depuis les d\u00e9buts de l&rsquo;humanit\u00e9, l&rsquo;un des rares grands symboles qui peut se trouver \u00e0 toutes les \u00e9poques t\u00e9moignant d&rsquo;une pr\u00e9sence humaine.\u00a0\u00bb (P. 106)<\/p>\n<\/blockquote>\n<p style=\"text-align: justify;\">Et quelques pages plus loin, il pr\u00e9cise la symbolique du mandala :<\/p>\n<blockquote>\n<p style=\"text-align: justify;\">\u00ab\u00a0La signification de ce symbole se lit dans le croisement. Quand deux choses se croisent, elles forment un centre ; elles se rejoignent, ce qui symbolise l&rsquo;union des oppos\u00e9s. [&#8230;]\n<p style=\"text-align: justify;\">Le cercle symbolise l&rsquo;accomplissement, la rondeur et, aussi, l&rsquo;union des oppos\u00e9s qui aboutit \u00e0 un tout. Le cercle signifie donc aussi la totalit\u00e9 ; ainsi, ce qui est parfait ou complet a toujours \u00e9t\u00e9 con\u00e7u comme \u00e9tant rond.\u00a0\u00bb (P. 109)<\/p>\n<\/blockquote>\n<h2>L&rsquo;inconscient<\/h2>\n<p style=\"text-align: justify;\">A propos de l&rsquo;inconscient Jung illustre son propos simplement. Il souligne combien il est difficile de parler de l&rsquo;inconscient car \u00ab\u00a0il y a tant \u00e0 dire \u00e0 son propos !\u00a0\u00bb. Un peu plus loin, \u00e0 propos des perceptions subliminales, il ajoute \u00ab\u00a0Nous pouvons entendre quelque chose mais ne pas savoir que nous l&rsquo;avons entendu\u00a0\u00bb.<\/p>\n<p>Il aborde l&rsquo;inconscient collectif et les arch\u00e9types :<\/p>\n<blockquote><p>\u00ab\u00a0Au-del\u00e0 de l&rsquo;inconscient personnel nous avons l&rsquo;inconscient collectif qui est d&rsquo;une qualit\u00e9 et d&rsquo;une structure enti\u00e8rement diff\u00e9rentes, quelque chose de jamais acquis ;<\/p>\n<p>c&rsquo;est n\u00e9 avec nous, venu au monde avec nous, apparu \u00e0 l&rsquo;int\u00e9rieur de notre structure c\u00e9r\u00e9brale ;<\/p>\n<p>c&rsquo;est quelque chose qui est identique \u00e0 la structure des instincts, qui a la forme d&rsquo;un instinct, et fonctionne \u00e0 l&rsquo;image d&rsquo;un instinct;<\/p>\n<p>nous appelons ces \u00ab images \u00bb des arch\u00e9types. \u00a0\u00bb (P. 95)<\/p><\/blockquote>\n<p>Suivent de nombreux exemples qui \u00e9clairent son propos &#8230;<\/p>\n<h2>De multiples sujets donnent lieu \u00e0 des \u00e9changes<\/h2>\n<p style=\"text-align: justify;\">Jung s&rsquo;appuie sur les types psychologiques. Il prend pour exemple <strong>la structure de la personnalit\u00e9 de W. Pauli <\/strong>qui est introvertie&nbsp; : \u00ab\u00a0cet homme est un penseur, et, de plus, il est intuitif et son esprit est rompu \u00e0 la sp\u00e9culation\u00a0\u00bb. Il montre \u00e0 partir de l\u00e0 l&rsquo;importance des fonctions qui agissent en arri\u00e8re-plan (sentiment et sensation), comment elles interviennent pour contrebalancer une attitude devenue trop unilat\u00e9rale et pourquoi il est important de leur donner une v\u00e9ritable l\u00e9gitimit\u00e9.<\/p>\n<p style=\"text-align: justify;\"><strong>A propos de la pens\u00e9e,<\/strong> il souligne une fois de plus l&rsquo;importance de \u00ab\u00a0distinguer entre les pens\u00e9es qui sont vraiment les n\u00f4tres et les pens\u00e9es qui p\u00e9n\u00e8trent en nous\u00a0\u00bb. Peu de personnes, aujourd&rsquo;hui encore, op\u00e8rent cette distinction et croient na\u00efvement qu&rsquo;elles sont les \u00ab\u00a0propri\u00e9taires\u00a0\u00bb de toutes leurs pens\u00e9es !<\/p>\n<p style=\"text-align: justify;\"><strong>Les r\u00eaves de Pauli sont au c\u0153ur de son expos\u00e9.<\/strong> Il n&rsquo;h\u00e9site pas \u00e0 donner des compl\u00e9ments d&rsquo;information tels que : \u00ab\u00a0nos r\u00eaves contiennent le probl\u00e8me de notre entourage, et nous pouvons r\u00eaver les probl\u00e8mes des autres au lieu des n\u00f4tres\u00a0\u00bb. Ce fait, bien que rare, est peu pris en compte en analyse de r\u00eaves et m\u00e9rite d&rsquo;\u00eatre soulign\u00e9.<\/p>\n<p style=\"text-align: justify;\"><strong>Ces exemples nous poussent \u00e0 dire que celui qui veut lire du Jung clair et agr\u00e9able doit lire <a href=\"https:\/\/www.cgjung.net\/espace\/ressources\/cg-jung-seminaires-1936-1937\/\">Symboles oniriques du processus d&rsquo;individuation<\/a> !<\/strong><\/p>\n<p>&nbsp;<\/p>\n<p style=\"text-align: right;\"><em><a href=\"https:\/\/www.cgjung.net\/espace\/cg-jung\/avertissement\/\">Ariane Callot<\/a><\/em><em>&nbsp;et&nbsp;<a href=\"https:\/\/www.cgjung.net\/espace\/accueil\/jprobert\/\">Jean-Pierre Robert<\/a> \u2013 Octobre 2021<\/em><\/p>\n","protected":false},"excerpt":{"rendered":"<p>C.G. Jung s&rsquo;est exprim\u00e9 dans de nombreux s\u00e9minaires. Le livre Symboles oniriques du processus d&rsquo;individuation retrace ceux de Bailey Island et de New York (1936 &amp; 1937). Voici ce qui nous semble important \u00e0 souligner. Photo extraite de l&rsquo;ouvrage Symboles oniriques du processus d&rsquo;individuation. Lire ce livre fut \u00e0 la fois un plaisir et un [&hellip;]<\/p>\n","protected":false},"author":1,"featured_media":0,"parent":53,"menu_order":17,"comment_status":"closed","ping_status":"closed","template":"","meta":{"footnotes":""},"class_list":["post-12235","page","type-page","status-publish","hentry"],"_links":{"self":[{"href":"https:\/\/www.cgjung.net\/espace\/wp-json\/wp\/v2\/pages\/12235","targetHints":{"allow":["GET"]}}],"collection":[{"href":"https:\/\/www.cgjung.net\/espace\/wp-json\/wp\/v2\/pages"}],"about":[{"href":"https:\/\/www.cgjung.net\/espace\/wp-json\/wp\/v2\/types\/page"}],"author":[{"embeddable":true,"href":"https:\/\/www.cgjung.net\/espace\/wp-json\/wp\/v2\/users\/1"}],"replies":[{"embeddable":true,"href":"https:\/\/www.cgjung.net\/espace\/wp-json\/wp\/v2\/comments?post=12235"}],"version-history":[{"count":58,"href":"https:\/\/www.cgjung.net\/espace\/wp-json\/wp\/v2\/pages\/12235\/revisions"}],"predecessor-version":[{"id":21576,"href":"https:\/\/www.cgjung.net\/espace\/wp-json\/wp\/v2\/pages\/12235\/revisions\/21576"}],"up":[{"embeddable":true,"href":"https:\/\/www.cgjung.net\/espace\/wp-json\/wp\/v2\/pages\/53"}],"wp:attachment":[{"href":"https:\/\/www.cgjung.net\/espace\/wp-json\/wp\/v2\/media?parent=12235"}],"curies":[{"name":"wp","href":"https:\/\/api.w.org\/{rel}","templated":true}]}}