{"id":12088,"date":"2020-04-12T09:55:19","date_gmt":"2020-04-12T07:55:19","guid":{"rendered":"https:\/\/www.cgjung.net\/espace\/?page_id=12088"},"modified":"2020-04-13T04:28:46","modified_gmt":"2020-04-13T02:28:46","slug":"accueillir-parents-et-enfants","status":"publish","type":"page","link":"https:\/\/www.cgjung.net\/espace\/ressources\/accueillir-parents-et-enfants\/","title":{"rendered":"Accueillir parents et enfants"},"content":{"rendered":"<p><strong>Le Cerf-Volant est un lieu d&rsquo;accueil situ\u00e9 \u00e0 Gen\u00e8ve destin\u00e9 aux enfants de moins de 5 ans accompagn\u00e9s d&rsquo;un adulte. Pierre Willequet, qui a publi\u00e9 de nombreux ouvrages en relation avec la psychologie analytique, est l&rsquo;un des intervenants.<\/strong><\/p>\n<p><img loading=\"lazy\" decoding=\"async\" class=\"size-full wp-image-12086 aligncenter\" src=\"https:\/\/www.cgjung.net\/espace\/wp-content\/uploads\/2020\/04\/accueillir-parents-et-enfants.jpg\" alt=\"\" width=\"318\" height=\"400\" srcset=\"https:\/\/www.cgjung.net\/espace\/wp-content\/uploads\/2020\/04\/accueillir-parents-et-enfants.jpg 318w, https:\/\/www.cgjung.net\/espace\/wp-content\/uploads\/2020\/04\/accueillir-parents-et-enfants-239x300.jpg 239w\" sizes=\"auto, (max-width: 318px) 100vw, 318px\" \/><\/p>\n<p style=\"text-align: center;\"><a href=\"https:\/\/www.amazon.fr\/exec\/obidos\/ASIN\/2832104789\/carlgustavjungen\" target=\"_blank\" rel=\"noopener noreferrer\"><img loading=\"lazy\" decoding=\"async\" class=\"size-full wp-image-9645 aligncenter\" src=\"https:\/\/www.cgjung.net\/espace\/wp-content\/uploads\/2019\/08\/achat-amazon-fr.png\" alt=\"\" width=\"300\" height=\"25\" \/><\/a><span style=\"font-size: 10pt;\">\u00c9ditions Slatkine \u2013 14,9 x 21 x 1,2 cm \u2013 184 pages<\/span><\/p>\n<h2>Le Cerf-Volant et ses acteurs<\/h2>\n<p>Le Cerf-Volant est un lieu de vie situ\u00e9 \u00e0 Gen\u00e8ve et destin\u00e9 aux enfants de la naissance \u00e0 quatre ans, accompagn\u00e9s d&rsquo;un adulte. Ses objectifs principaux sont :<\/p>\n<ul>\n<li>l&rsquo;accueil dans un cadre convivial con\u00e7u pour les tout-petits,<\/li>\n<li>la socialisation pr\u00e9coce,<\/li>\n<li>pr\u00e9vention des troubles pouvant survenir durant les premi\u00e8res \u00e9tapes du d\u00e9veloppement.<\/li>\n<\/ul>\n<p>Il offre ainsi aux enfants en bas \u00e2ge un espace de socialisation interm\u00e9diaire entre la maison et la cr\u00e8che ou l&rsquo;\u00e9cole.<\/p>\n<h2>Les auteurs<\/h2>\n<p>Ce livre a \u00e9t\u00e9 \u00e9labor\u00e9 par Le\u00efla Louca \u00e0 partir d&rsquo;entretiens r\u00e9alis\u00e9s avec quatre membres de l&rsquo;\u00e9quipe d&rsquo;accueil : Esther Bitton, Denis Chatelain, Mimi l\u2019\u00c9v\u00eaque, Pierre Willequet.<\/p>\n<p>Cet ouvrage est compos\u00e9 de trois parties :<\/p>\n<ul>\n<li>l&rsquo;accueil : l&rsquo;\u00e9quipe, les principes et le travail,<\/li>\n<li>la socialisation : les usagers, le cadre et la temporalit\u00e9,<\/li>\n<li>la pr\u00e9vention : questions et inqui\u00e9tudes parentales, la pr\u00e9sence des sympt\u00f4mes, la violence.<\/li>\n<\/ul>\n<h2>Pr\u00e9sentation de l&rsquo;\u00e9diteur<\/h2>\n<p>Visionnaire, Fran\u00e7oise Dolto ? Assur\u00e9ment ! En 1979, d\u00e9j\u00e0 persuad\u00e9e de l&rsquo;utilit\u00e9 d&rsquo;un lieu d&rsquo;accueil parents-enfants, elle fonde avec son \u00e9quipe la Maison Verte \u00e0 Paris. L&rsquo;objectif : offrir aux jeunes enfants un espace de socialisation pr\u00e9coce et accompagner les adultes dans l&rsquo;apprentissage de la parentalit\u00e9.<\/p>\n<p>Une d\u00e9marche de psychanalyse active dans la cit\u00e9, pour veiller \u00e0 l&rsquo;\u00e9panouissement des sujets et pr\u00e9venir les troubles susceptibles de surgir au cours de la prime enfance.<\/p>\n<p>Depuis, l&rsquo;\u00e9volution de la soci\u00e9t\u00e9 n&rsquo;a cess\u00e9 de confirmer la pertinence de cette intuition et la n\u00e9cessit\u00e9 de tels lieux de convivialit\u00e9. En effet, le d\u00e9mant\u00e8lement des structures sociales et familiales traditionnelles tend \u00e0 fragiliser l&rsquo;individu en le livrant trop souvent \u00e0 un isolement g\u00e9n\u00e9rateur d&rsquo;angoisse.<\/p>\n<p>Inspir\u00e9 de la Maison Verte, le Cerf-Volant a ouvert ses portes \u00e0 Gen\u00e8ve en 1990. En vingt ans, il a re\u00e7u des milliers de familles et engrang\u00e9 une exp\u00e9rience consid\u00e9rable. Cet ouvrage la transmet enfin au public. Donnant la parole \u00e0 quatre membres de l&rsquo;\u00e9quipe d&rsquo;accueil, il invite le lecteur au c\u0153ur de leurs r\u00e9flexions sur la richesse et la complexit\u00e9 de cette pratique unique \u00e0 Gen\u00e8ve.<\/p>\n<p>Ce livre s&rsquo;adresse aux parents, aux personnes concern\u00e9es par la petite enfance ou par l&rsquo;orientation psychanalytique, ainsi qu&rsquo;\u00e0 tout lecteur int\u00e9ress\u00e9 par les questions relatives au devenir humain. Devenir entre terre et ciel, en tension permanente entre l&rsquo;ancrage dans le quotidien et cet id\u00e9al qui, comme le disait Dolto, vise \u00e0 favoriser l&rsquo;humanisation des relations.<\/p>\n<h2><img loading=\"lazy\" decoding=\"async\" class=\"alignright size-full wp-image-12071\" src=\"https:\/\/www.cgjung.net\/espace\/wp-content\/uploads\/2020\/04\/pierre-willequet.jpg\" alt=\"\" width=\"90\" height=\"125\" \/>Pierre Willequet<b><\/b><\/h2>\n<p>Docteur en Psychologie et dipl\u00f4m\u00e9 de l&rsquo;Institut C.G. Jung de Zurich, auteur de nombreux ouvrages, il exerce en France pr\u00e8s de Gen\u00e8ve. Il participe au programme de formation des analystes propos\u00e9 par L&rsquo;antenne romande de l&rsquo;Institut Jung de Zurich.<\/p>\n<p><b>Du m\u00eame auteur<br \/>\n<\/b><\/p>\n<ul>\n<li><a href=\"https:\/\/www.cgjung.net\/espace\/accueil\/entretien-pierre-willequet\/\">Entretien avec Pierre Willequet<\/a><\/li>\n<li><a href=\"https:\/\/www.cgjung.net\/espace\/ressources\/pas-de-therapie-sans-ame\/\">Pas de th\u00e9rapie sans \u00e2me<\/a><\/li>\n<li><a href=\"https:\/\/www.cgjung.net\/espace\/ressources\/ego-ultime-divinite\/\">La divinisation du moi<\/a><\/li>\n<li><a href=\"https:\/\/www.cgjung.net\/espace\/ressources\/effarante-vacuite\/\">Une effarante vacuit\u00e9<\/a><\/li>\n<li><a href=\"https:\/\/www.cgjung.net\/espace\/ressources\/delires-splendeurs-religieux\/\">D\u00e9lires et splendeurs du religieux<\/a><\/li>\n<li><a href=\"https:\/\/www.cgjung.net\/publications\/sexualite-homme-femme.htm\">Sexualit\u00e9 Homme-Femme &#8211; L&rsquo;\u00e9ternel malentendu<\/a><\/li>\n<li><a href=\"https:\/\/www.cgjung.net\/publications\/trahir-etre-trahi.htm\">Trahir, \u00eatre trahi<\/a><\/li>\n<li><a href=\"https:\/\/www.cgjung.net\/publications\/l-ego-face-au-divin-pierre-willequet.htm\">L&rsquo;ego face au divin<\/a><\/li>\n<li><a href=\"https:\/\/www.cgjung.net\/publications\/meres_et_filles.htm\">M\u00e8res et filles &#8211; Histoire d&rsquo;une emprise<\/a><\/li>\n<li><a href=\"https:\/\/www.cgjung.net\/publications\/le-reve-sa-creativite-ses-bizarreries.htm\">Le R\u00eave, sa cr\u00e9ativit\u00e9, ses bizarreries<\/a><\/li>\n<li><a href=\"https:\/\/www.cgjung.net\/publications\/roman-psychiatrique.htm\">Histoire d&rsquo;un qui s&rsquo;en alla<\/a>&nbsp;(roman)<\/li>\n<li><a href=\"https:\/\/www.cgjung.net\/espace\/ressources\/deluges-des-sens-pierre-willequet\/\">D\u00e9luges des sens<\/a> (roman)<\/li>\n<li><a href=\"https:\/\/www.cgjung.net\/publications\/jung-elan-createur.htm\">Jung et l&rsquo;\u00e9lan cr\u00e9ateur<\/a> (intervenant au colloque de Bruxelles)<\/li>\n<li><a href=\"https:\/\/www.cgjung.net\/espace\/ressources\/colloque-bruxelles-image\/\">L&rsquo;Image, entre nuisance, inanit\u00e9 et n\u00e9cessit\u00e9<\/a> (intervenant au colloque de Bruxelles)<\/li>\n<li><a href=\"https:\/\/www.cgjung.net\/espace\/ressources\/accueillir-parents-et-enfants\/\">Accueillir parents et enfants<\/a> (intervenant au Cerf-Volant)<\/li>\n<\/ul>\n\n","protected":false},"excerpt":{"rendered":"<p>Le Cerf-Volant est un lieu d&rsquo;accueil situ\u00e9 \u00e0 Gen\u00e8ve destin\u00e9 aux enfants de moins de 5 ans accompagn\u00e9s d&rsquo;un adulte. Pierre Willequet, qui a publi\u00e9 de nombreux ouvrages en relation avec la psychologie analytique, est l&rsquo;un des intervenants. \u00c9ditions Slatkine \u2013 14,9 x 21 x 1,2 cm \u2013 184 pages Le Cerf-Volant et ses acteurs [&hellip;]<\/p>\n","protected":false},"author":1,"featured_media":0,"parent":9713,"menu_order":13,"comment_status":"closed","ping_status":"closed","template":"","meta":{"footnotes":""},"class_list":["post-12088","page","type-page","status-publish","hentry"],"_links":{"self":[{"href":"https:\/\/www.cgjung.net\/espace\/wp-json\/wp\/v2\/pages\/12088","targetHints":{"allow":["GET"]}}],"collection":[{"href":"https:\/\/www.cgjung.net\/espace\/wp-json\/wp\/v2\/pages"}],"about":[{"href":"https:\/\/www.cgjung.net\/espace\/wp-json\/wp\/v2\/types\/page"}],"author":[{"embeddable":true,"href":"https:\/\/www.cgjung.net\/espace\/wp-json\/wp\/v2\/users\/1"}],"replies":[{"embeddable":true,"href":"https:\/\/www.cgjung.net\/espace\/wp-json\/wp\/v2\/comments?post=12088"}],"version-history":[{"count":8,"href":"https:\/\/www.cgjung.net\/espace\/wp-json\/wp\/v2\/pages\/12088\/revisions"}],"predecessor-version":[{"id":12099,"href":"https:\/\/www.cgjung.net\/espace\/wp-json\/wp\/v2\/pages\/12088\/revisions\/12099"}],"up":[{"embeddable":true,"href":"https:\/\/www.cgjung.net\/espace\/wp-json\/wp\/v2\/pages\/9713"}],"wp:attachment":[{"href":"https:\/\/www.cgjung.net\/espace\/wp-json\/wp\/v2\/media?parent=12088"}],"curies":[{"name":"wp","href":"https:\/\/api.w.org\/{rel}","templated":true}]}}