{"id":12078,"date":"2020-04-12T06:28:38","date_gmt":"2020-04-12T04:28:38","guid":{"rendered":"https:\/\/www.cgjung.net\/espace\/?page_id=12078"},"modified":"2020-04-14T06:38:41","modified_gmt":"2020-04-14T04:38:41","slug":"delires-splendeurs-religieux","status":"publish","type":"page","link":"https:\/\/www.cgjung.net\/espace\/ressources\/delires-splendeurs-religieux\/","title":{"rendered":"D\u00e9lires et splendeurs du religieux"},"content":{"rendered":"<p><strong>Devant la brutalit\u00e9 du monde actuel Pierre Willequet s&rsquo;interroge s\u2019interroge sur les causes sous-jacentes \u00e0 des agissements de nature terroriste ou fanatique. Il montre \u00e9galement comment agissent les arch\u00e9types pr\u00e9sents dans l&rsquo;inconscient collectif.<\/strong><\/p>\n<p><img loading=\"lazy\" decoding=\"async\" class=\"size-full wp-image-12076 aligncenter\" src=\"https:\/\/www.cgjung.net\/espace\/wp-content\/uploads\/2020\/04\/delires-et-splendeurs-du-religieux.jpg\" alt=\"\" width=\"295\" height=\"400\" \/><\/p>\n<p style=\"text-align: center;\"><a href=\"https:\/\/www.amazon.fr\/exec\/obidos\/ASIN\/B07HSM5V1N\/carlgustavjungen\" target=\"_blank\" rel=\"noopener noreferrer\"><img loading=\"lazy\" decoding=\"async\" class=\"size-full wp-image-9645 aligncenter\" src=\"https:\/\/www.cgjung.net\/espace\/wp-content\/uploads\/2019\/08\/achat-amazon-fr.png\" alt=\"\" width=\"300\" height=\"25\" \/><\/a><span style=\"font-size: 10pt;\">\u00c9ditions Le Martin-P\u00eacheur \u2013 13,5 x 22 x 2,7 cm \u2013 351 pages<\/span><\/p>\n<h2>Pr\u00e9sentation de l&rsquo;\u00e9diteur<\/h2>\n<p>Pierre Willequet\u00a0m\u00e8ne ici une r\u00e9flexion \u00e9rudite et \u00e9clairante sur ce qui lui semble \u00eatre en cause dans la brutalit\u00e9 du monde actuel \u2013 la pr\u00e9gnance du terrorisme et du fanatisme religieux, la mont\u00e9e des extr\u00e9mismes et du populisme, \u2026<\/p>\n<p>En filigrane de son analyse, les trois religions monoth\u00e9istes d\u2019une part, la psychologie jungienne de l\u2019autre qui \u00e9tayent et nourrissent son propos, donnent du sens \u00e0 l\u2019absurdit\u00e9 et la violence ambiantes, et m\u00e8nent le lecteur sur des pistes de r\u00e9flexion peu communes et passionnantes.<\/p>\n<p>L&rsquo;auteur interroge notamment le rapport des religions \u00e0 la faute, \u00e0 la Loi et aux innombrables interdits qui jalonnent leurs justifications. Il explore \u00e9galement de quelle fa\u00e7on les arch\u00e9types d\u00e9couverts par Jung semblent plus que jamais \u00eatre \u00e0 l\u2019\u0153uvre dans l\u2019inconscient collectif.<\/p>\n<p>Ce qui frappe \u00e0 la lecture est \u00e0 la fois la fermet\u00e9 du propos et l\u2019absence de pol\u00e9mique. Toujours questionner, et, comme le dit Blanchot \u00ab\u00a0la r\u00e9ponse est le malheur de la question\u00a0\u00bb.<\/p>\n<h2>Table des mati\u00e8res<\/h2>\n<p>Introduction<\/p>\n<p style=\"padding-left: 40px;\">Aborder la question dans toute l&rsquo;\u00e9tendue de ses manifestations<br \/>\nLa connaissance et ses limites<\/p>\n<p>Chapitre I : L&rsquo;acte r\u00e9flexif, la r\u00e9flectivit\u00e9<\/p>\n<p style=\"padding-left: 40px;\">Le tragique au c\u0153ur de la r\u00e9flexivit\u00e9<br \/>\nLa connaissance, fruit de la chute<br \/>\nSens du ch\u00e2timent<br \/>\nCe \u00e0 quoi m\u00e8ne la conscience<\/p>\n<p>Chapitre II : Ce que repr\u00e9sente la transcendance pour la psych\u00e9<\/p>\n<p style=\"padding-left: 40px;\">Comment on la per\u00e7oit<br \/>\nSon objectivit\u00e9 et sa puissance<br \/>\nSon ant\u00e9riorit\u00e9<br \/>\nSa dimension organisationnelle<br \/>\nSon alt\u00e9rit\u00e9\/invisibilit\u00e9<br \/>\nSon inaccessibilit\u00e9<br \/>\nSa d\u00e9mesure<\/p>\n<p>Chapitre III : L&rsquo;identification \u00e0 l&rsquo;arch\u00e9type<\/p>\n<p style=\"padding-left: 40px;\">L&rsquo;indispensable notion de flux<br \/>\nOmnipotence et omniscience suppos\u00e9es<br \/>\nLe pouvoir et ses captieux attraits<\/p>\n<p>Chapitre IV : Le paradoxe des constructions religieuses ou :<br \/>\ncomment elles rendent fou<\/p>\n<p style=\"padding-left: 40px;\">Le probl\u00e8me de la transmission<br \/>\nQu&rsquo;est-ce qu&rsquo;une r\u00e9sistance ?<br \/>\nTransmettre sur la base de la croyance ou de la foi<br \/>\nTransmettre par les \u00c9critures<br \/>\nTransmettre sur la base du rituel<br \/>\nCe qui d\u00e9truit l&rsquo;efficacit\u00e9 rituelle<br \/>\nL&rsquo;initiation comme rituel impliquant le corps<\/p>\n<p>Chapitre V : L&rsquo;imp\u00e9rissable notion de faute<\/p>\n<p style=\"padding-left: 40px;\">Qu&rsquo;est-ce qu&rsquo;une faute ?<br \/>\nComposantes psychiques du d\u00e9voiement religieux<\/p>\n<p>\u00c9pilogue &amp; Bibliographie<\/p>\n<h2><img loading=\"lazy\" decoding=\"async\" class=\"alignright size-full wp-image-12071\" src=\"https:\/\/www.cgjung.net\/espace\/wp-content\/uploads\/2020\/04\/pierre-willequet.jpg\" alt=\"\" width=\"90\" height=\"125\" \/>Pierre Willequet<b><\/b><\/h2>\n<p>Docteur en Psychologie et dipl\u00f4m\u00e9 de l&rsquo;Institut C.G. Jung de Zurich, auteur de nombreux ouvrages, il exerce en France pr\u00e8s de Gen\u00e8ve. Il participe au programme de formation des analystes propos\u00e9 par L&rsquo;antenne romande de l&rsquo;Institut Jung de Zurich.<\/p>\n<p><b>Du m\u00eame auteur<br \/>\n<\/b><\/p>\n<ul>\n<li><a href=\"https:\/\/www.cgjung.net\/espace\/accueil\/entretien-pierre-willequet\/\">Entretien avec Pierre Willequet<\/a><\/li>\n<li><a href=\"https:\/\/www.cgjung.net\/espace\/ressources\/pas-de-therapie-sans-ame\/\">Pas de th\u00e9rapie sans \u00e2me<\/a><\/li>\n<li><a href=\"https:\/\/www.cgjung.net\/espace\/ressources\/ego-ultime-divinite\/\">La divinisation du moi<\/a><\/li>\n<li><a href=\"https:\/\/www.cgjung.net\/espace\/ressources\/effarante-vacuite\/\">Une effarante vacuit\u00e9<\/a><\/li>\n<li><a href=\"https:\/\/www.cgjung.net\/espace\/ressources\/delires-splendeurs-religieux\/\">D\u00e9lires et splendeurs du religieux<\/a><\/li>\n<li><a href=\"https:\/\/www.cgjung.net\/publications\/sexualite-homme-femme.htm\">Sexualit\u00e9 Homme-Femme &#8211; L&rsquo;\u00e9ternel malentendu<\/a><\/li>\n<li><a href=\"https:\/\/www.cgjung.net\/publications\/trahir-etre-trahi.htm\">Trahir, \u00eatre trahi<\/a><\/li>\n<li><a href=\"https:\/\/www.cgjung.net\/publications\/l-ego-face-au-divin-pierre-willequet.htm\">L&rsquo;ego face au divin<\/a><\/li>\n<li><a href=\"https:\/\/www.cgjung.net\/publications\/meres_et_filles.htm\">M\u00e8res et filles &#8211; Histoire d&rsquo;une emprise<\/a><\/li>\n<li><a href=\"https:\/\/www.cgjung.net\/publications\/le-reve-sa-creativite-ses-bizarreries.htm\">Le R\u00eave, sa cr\u00e9ativit\u00e9, ses bizarreries<\/a><\/li>\n<li><a href=\"https:\/\/www.cgjung.net\/publications\/roman-psychiatrique.htm\">Histoire d&rsquo;un qui s&rsquo;en alla<\/a>&nbsp;(roman)<\/li>\n<li><a href=\"https:\/\/www.cgjung.net\/espace\/ressources\/deluges-des-sens-pierre-willequet\/\">D\u00e9luges des sens<\/a> (roman)<\/li>\n<li><a href=\"https:\/\/www.cgjung.net\/publications\/jung-elan-createur.htm\">Jung et l&rsquo;\u00e9lan cr\u00e9ateur<\/a> (intervenant au colloque de Bruxelles)<\/li>\n<li><a href=\"https:\/\/www.cgjung.net\/espace\/ressources\/colloque-bruxelles-image\/\">L&rsquo;Image, entre nuisance, inanit\u00e9 et n\u00e9cessit\u00e9<\/a> (intervenant au colloque de Bruxelles)<\/li>\n<li><a href=\"https:\/\/www.cgjung.net\/espace\/ressources\/accueillir-parents-et-enfants\/\">Accueillir parents et enfants<\/a> (intervenant au Cerf-Volant)<\/li>\n<\/ul>\n\n","protected":false},"excerpt":{"rendered":"<p>Devant la brutalit\u00e9 du monde actuel Pierre Willequet s&rsquo;interroge s\u2019interroge sur les causes sous-jacentes \u00e0 des agissements de nature terroriste ou fanatique. Il montre \u00e9galement comment agissent les arch\u00e9types pr\u00e9sents dans l&rsquo;inconscient collectif. \u00c9ditions Le Martin-P\u00eacheur \u2013 13,5 x 22 x 2,7 cm \u2013 351 pages Pr\u00e9sentation de l&rsquo;\u00e9diteur Pierre Willequet\u00a0m\u00e8ne ici une r\u00e9flexion \u00e9rudite [&hellip;]<\/p>\n","protected":false},"author":1,"featured_media":0,"parent":9713,"menu_order":13,"comment_status":"closed","ping_status":"closed","template":"","meta":{"footnotes":""},"class_list":["post-12078","page","type-page","status-publish","hentry"],"_links":{"self":[{"href":"https:\/\/www.cgjung.net\/espace\/wp-json\/wp\/v2\/pages\/12078","targetHints":{"allow":["GET"]}}],"collection":[{"href":"https:\/\/www.cgjung.net\/espace\/wp-json\/wp\/v2\/pages"}],"about":[{"href":"https:\/\/www.cgjung.net\/espace\/wp-json\/wp\/v2\/types\/page"}],"author":[{"embeddable":true,"href":"https:\/\/www.cgjung.net\/espace\/wp-json\/wp\/v2\/users\/1"}],"replies":[{"embeddable":true,"href":"https:\/\/www.cgjung.net\/espace\/wp-json\/wp\/v2\/comments?post=12078"}],"version-history":[{"count":7,"href":"https:\/\/www.cgjung.net\/espace\/wp-json\/wp\/v2\/pages\/12078\/revisions"}],"predecessor-version":[{"id":12120,"href":"https:\/\/www.cgjung.net\/espace\/wp-json\/wp\/v2\/pages\/12078\/revisions\/12120"}],"up":[{"embeddable":true,"href":"https:\/\/www.cgjung.net\/espace\/wp-json\/wp\/v2\/pages\/9713"}],"wp:attachment":[{"href":"https:\/\/www.cgjung.net\/espace\/wp-json\/wp\/v2\/media?parent=12078"}],"curies":[{"name":"wp","href":"https:\/\/api.w.org\/{rel}","templated":true}]}}