{"id":11674,"date":"2020-04-01T18:22:59","date_gmt":"2020-04-01T16:22:59","guid":{"rendered":"https:\/\/www.cgjung.net\/espace\/?page_id=11674"},"modified":"2026-01-05T10:32:17","modified_gmt":"2026-01-05T09:32:17","slug":"collecte","status":"publish","type":"page","link":"https:\/\/www.cgjung.net\/espace\/reves\/collecte\/","title":{"rendered":"Formulaire de collecte des r\u00eaves"},"content":{"rendered":"<p><strong>La collecte des r\u00eaves est actuellement suspendue pour une p\u00e9riode ind\u00e9termin\u00e9e, le nombre de r\u00eaves recueillis \u00e9tant d\u00e9sormais suffisant.<\/strong><\/p>\n<p><!--\n\n\n\n\n\n<p><strong><a id=\"fo\"><\/a>Ce formulaire permet d'envoyer un r\u00eave \u00e0 l'association Espace Francophone Jungien pour alimenter la banque de r\u00eaves.<\/strong><\/p>\n\n\n\n\n<p>En savoir plus <a href=\"https:\/\/www.cgjung.net\/espace\/reves\/\">sur le projet de recueil de r\u00eaves<\/a>. Les conditions de publication <a href=\"#cp\">sont pr\u00e9cis\u00e9es en pied de page<\/a>.<\/p>\n\n\n\n\n<p>Vous pouvez consulter <a href=\"https:\/\/www.cgjung.net\/espace\/reves\/liste-des-reves\/\">la banque de r\u00eaves<\/a>.<\/p>\n\n\n\n\n<p><iframe loading=\"lazy\" src=\"https:\/\/docs.google.com\/forms\/d\/e\/1FAIpQLSeNRzhH7_LsJh609CsJ-aWmTkbziasUMP14RP8megvhS6HjLQ\/viewform?embedded=true\" width=\"100%\" height=\"2500\" frameborder=\"0\" marginwidth=\"0\" marginheight=\"0\"><span style=\"display: inline-block; width: 0px; overflow: hidden; line-height: 0;\" data-mce-type=\"bookmark\" class=\"mce_SELRES_start\"><\/span>Chargement\u2026<\/iframe><\/p>\n\n\n\n\n<h2><a id=\"cp\"><\/a>Conditions de publication<\/h2>\n\n\n\n\n<p>Sous une semaine environ, <a href=\"https:\/\/www.cgjung.net\/espace\/qui-sommes-nous\/#efj\">l'association Espace Francophone Jungien<\/a> adressera un mail \u00e0 l'envoyeur :<\/p>\n\n\n\n\n<ul>\n\t\n\n<li>si le r\u00eave est retenu, le message contiendra le r\u00eave mis en forme par l'association. Sans retour ou observations de sa part et pass\u00e9 un d\u00e9lai d'une semaine, le r\u00eave sera publi\u00e9.<\/li>\n\n\n\t\n\n<li>si le r\u00eave n'est pas retenu, l'envoyeur en est inform\u00e9.<\/li>\n\n\n<\/ul>\n\n\n\n\n<p>Une adresse mail invalide (erreur de saisie) rendra impossible tout contact. Dans ce cas, vous devrez vous signaler en nous adressant un message \u00e0 l'adresse <a href=\"mailto:message@cgjung.net\">message@cgjung.net<\/a>.<\/p>\n\n\n\n\n<p>Vous pouvez consulter <a href=\"https:\/\/www.cgjung.net\/espace\/reves\/liste-des-reves\/\">la banque de r\u00eaves<\/a>.<\/p>\n\n\n\n\n<h2>Le cas de plusieurs r\u00eaves<\/h2>\n\n\n\n\n<p>Plusieurs r\u00eaves d'une m\u00eame personne peuvent \u00eatre retenus. Chacun des r\u00eaves devra faire l'objet d'un envoi s\u00e9par\u00e9. Nous recommandons, dans un premier temps, de ne fournir qu'un seul r\u00eave. Lorsque le contact par mail sera \u00e9tabli, nous conviendrons de la possibilit\u00e9 de publier d'autres r\u00eaves.<\/p>\n\n\n\n\n<h2>Les r\u00eaves d'enfants<\/h2>\n\n\n\n\n<p>Vous pouvez nous communiquer des r\u00eaves d'enfants. Vous devez simplement le pr\u00e9ciser dans le champ <em>Message compl\u00e9mentaire<\/em>.<\/p>\n\n\n\n\n\n--><\/p>\n<h2>Confidentialit\u00e9<\/h2>\n<p><strong>Aucune information \u00e0 caract\u00e8re personnel ne sera publi\u00e9e. <\/strong>De m\u00eame certains d\u00e9tails du r\u00eave (lieu, profession, etc.) pourront \u00eatre modifi\u00e9s<strong>.<\/strong><\/p>\n<p>L&rsquo;association n&rsquo;a pas pour vocation d\u2019interpr\u00e9ter les r\u00eaves \u00e0 titre individuel.<\/p>\n<h2><a id=\"licence\"><\/a>Licence Creative Commons (CC)<\/h2>\n<p><a href=\"https:\/\/creativecommons.org\/licenses\/?lang=fr-FR\" target=\"_blank\" rel=\"noopener noreferrer\"><img loading=\"lazy\" decoding=\"async\" class=\"alignright size-full wp-image-11685\" src=\"https:\/\/www.cgjung.net\/espace\/wp-content\/uploads\/2020\/04\/cc-by-sa.png\" alt=\"\" width=\"88\" height=\"31\" \/><\/a>Le r\u00eaveur accepte que le r\u00eave qu&rsquo;il a envoy\u00e9 soit publi\u00e9 <a href=\"https:\/\/creativecommons.org\/licenses\/?lang=fr-FR\" target=\"_blank\" rel=\"noopener noreferrer\">sous licence Creative Commons CC BY SA<\/a>. Cette licence autorise toute personne \u00e0 int\u00e9grer un ou plusieurs r\u00eaves dans un site web, une \u00e9tude (recherche, th\u00e8se, etc.), \u00e0 la double condition :<\/p>\n<ul>\n<li>que l&rsquo;origine du r\u00eave soit pr\u00e9cis\u00e9e (BY) en ajoutant le num\u00e9ro d&rsquo;identification du r\u00eave accompagn\u00e9 de la mention \u00ab EFJ Banque de r\u00eaves \u00bb ou le lien vers le site <a href=\"https:\/\/www.cgjung.net\/espace\/reves\/banque\/\">https:\/\/www.cgjung.net\/espace\/reves\/banque\/<\/a><\/li>\n<li>de diffuser le r\u00e9sultat de son travail sous les m\u00eames conditions de licence (SA).<\/li>\n<\/ul>\n<p>\u00c0 titre d&rsquo;information, c&rsquo;est ce type de licence qui pr\u00e9vaut pour les contenus de Wikipedia.<\/p>\n<p><!--\n\n\n<p><a href=\"#fo\">Retour au formulaire de collecte des r\u00eaves<\/a><\/p>\n\n\n--><\/p>\n","protected":false},"excerpt":{"rendered":"<p>La collecte des r\u00eaves est actuellement suspendue pour une p\u00e9riode ind\u00e9termin\u00e9e, le nombre de r\u00eaves recueillis \u00e9tant d\u00e9sormais suffisant. Confidentialit\u00e9 Aucune information \u00e0 caract\u00e8re personnel ne sera publi\u00e9e. De m\u00eame certains d\u00e9tails du r\u00eave (lieu, profession, etc.) pourront \u00eatre modifi\u00e9s. L&rsquo;association n&rsquo;a pas pour vocation d\u2019interpr\u00e9ter les r\u00eaves \u00e0 titre individuel. Licence Creative Commons (CC) [&hellip;]<\/p>\n","protected":false},"author":1,"featured_media":0,"parent":11671,"menu_order":0,"comment_status":"closed","ping_status":"closed","template":"","meta":{"footnotes":""},"class_list":["post-11674","page","type-page","status-publish","hentry"],"_links":{"self":[{"href":"https:\/\/www.cgjung.net\/espace\/wp-json\/wp\/v2\/pages\/11674","targetHints":{"allow":["GET"]}}],"collection":[{"href":"https:\/\/www.cgjung.net\/espace\/wp-json\/wp\/v2\/pages"}],"about":[{"href":"https:\/\/www.cgjung.net\/espace\/wp-json\/wp\/v2\/types\/page"}],"author":[{"embeddable":true,"href":"https:\/\/www.cgjung.net\/espace\/wp-json\/wp\/v2\/users\/1"}],"replies":[{"embeddable":true,"href":"https:\/\/www.cgjung.net\/espace\/wp-json\/wp\/v2\/comments?post=11674"}],"version-history":[{"count":84,"href":"https:\/\/www.cgjung.net\/espace\/wp-json\/wp\/v2\/pages\/11674\/revisions"}],"predecessor-version":[{"id":32731,"href":"https:\/\/www.cgjung.net\/espace\/wp-json\/wp\/v2\/pages\/11674\/revisions\/32731"}],"up":[{"embeddable":true,"href":"https:\/\/www.cgjung.net\/espace\/wp-json\/wp\/v2\/pages\/11671"}],"wp:attachment":[{"href":"https:\/\/www.cgjung.net\/espace\/wp-json\/wp\/v2\/media?parent=11674"}],"curies":[{"name":"wp","href":"https:\/\/api.w.org\/{rel}","templated":true}]}}