{"id":11671,"date":"2020-04-01T18:22:22","date_gmt":"2020-04-01T16:22:22","guid":{"rendered":"https:\/\/www.cgjung.net\/espace\/?page_id=11671"},"modified":"2026-01-05T10:22:13","modified_gmt":"2026-01-05T09:22:13","slug":"reves","status":"publish","type":"page","link":"https:\/\/www.cgjung.net\/espace\/reves\/","title":{"rendered":"Recueil de r\u00eaves"},"content":{"rendered":"<p><strong>La plupart des r\u00eaves v\u00e9hiculent des messages concernant un grand nombre de personnes. En voici quelques-uns r\u00e9unis dans une banque de r\u00eaves et disponibles pour tous.<br \/>\n<\/strong><\/p>\n<h2><img loading=\"lazy\" decoding=\"async\" class=\"aligncenter size-full wp-image-11897\" src=\"https:\/\/www.cgjung.net\/espace\/wp-content\/uploads\/2020\/04\/efj-banque-de-reves.jpg\" alt=\"\" width=\"600\" height=\"368\" \/><\/h2>\n<h2>Banque de r\u00eaves publique<\/h2>\n<p>Cette banque de r\u00eaves publique a plusieurs objectifs :<\/p>\n<ul>\n<li>rassembler des r\u00eaves contemporains qui t\u00e9moignent de l&rsquo;activit\u00e9 de l&rsquo;inconscient,<\/li>\n<li>voir comment<em> l&rsquo;inconscient r\u00e9agit et fait \u00e9cho <\/em>\u00e0 nos pr\u00e9occupations,<\/li>\n<li>partager des r\u00eaves et les mettre \u00e0 la disposition du public. Ils pourront \u00eatre repris librement dans des articles ou des \u00e9tudes.<\/li>\n<li>faire tout simplement r\u00eaver car la lecture des r\u00eaves d&rsquo;autrui <em>stimule<\/em> notre inconscient.<\/li>\n<\/ul>\n<p>A vos r\u00eaves !<\/p>\n<div class=\"c\">\n<p class=\"buttonv navigation\" style=\"text-align: center;\"><a class=\"dm\" href=\"https:\/\/www.cgjung.net\/espace\/reves\/liste-des-reves\/\">Acc\u00e8s \u00e0 la banque de r\u00eaves<\/a><\/p>\n<\/div>\n<h2>Collecte des r\u00eaves<\/h2>\n<p>La collecte des r\u00eaves est actuellement suspendue pour une p\u00e9riode ind\u00e9termin\u00e9e, le nombre de r\u00eaves recueillis \u00e9tant d\u00e9sormais suffisant.<\/p>\n<p><!--\n\n\n\n\n<p>Un formulaire permet de collecter les r\u00eaves, d'en pr\u00e9ciser le contexte, le ressenti. Lire <a href=\"https:\/\/www.cgjung.net\/espace\/reves\/collecte\/#cp\">les conditions de publication<\/a>.<\/p>\n\n\n\n\n<p>Seront retenus les r\u00eaves qui ont une port\u00e9e collective, sans rejeter l'histoire personnelle du r\u00eaveur. L'accent sera mis sur les r\u00eaves qui sont en lien avec les grands questionnements du moment (climat, environnement, menaces diverses \u2026). Toute forme de r\u00eave peut \u00eatre accept\u00e9e : neutres, de f\u00e9licit\u00e9, cauchemardesque... Les r\u00eaves d'enfant le sont \u00e9galement.<\/p>\n\n\n\n\n<div class=\"c\">\n\n\n<p class=\"buttonv navigation\" style=\"text-align: center;\"><a class=\"dm\" href=\"https:\/\/www.cgjung.net\/espace\/reves\/collecte\/\">Formulaire de collecte des r\u00eaves<\/a><\/p>\n\n\n<\/div>\n\n\n\n\n<p>L'association Espace Francophone Jungien v\u00e9rifiera que le r\u00eave n'a pas fait l'objet d'une publication sous une forme voisine. Dans tous les cas elle pr\u00e9cisera \u00e0 l'envoyeur (par mail) si son r\u00eave est ou non retenu.<\/p>\n\n\n\n\n--><\/p>\n<h2>Quelques pr\u00e9cisions<\/h2>\n<p>Ce projet est n\u00e9 \u00e0 la suite des nombreux \u00e9changes qui ont eu lieu dans le cadre <a href=\"https:\/\/www.cgjung.net\/espace\/seminaires\/\">de nos s\u00e9minaires<\/a>. Il nous para\u00eet de premi\u00e8re importance de proposer librement une base de r\u00eaves recueillis aupr\u00e8s d&rsquo;un large public.<\/p>\n<p>Il va de soi que les r\u00eaves sont personnels et s&rsquo;adressent au r\u00eaveur en premier lieu. N\u00e9anmoins, ils rev\u00eatent, pour la plupart, une deuxi\u00e8me dimension. En effet, la plus grande partie de notre psychisme partage des ressources communes. Cela explique les nombreux motifs, fond\u00e9s sur des structures arch\u00e9typales, qui reviennent fr\u00e9quemment.<\/p>\n<p>On comprend, \u00e0 la lecture des r\u00eaves, qu&rsquo;ils sont reli\u00e9s \u00e0 un socle commun et que nos pr\u00e9occupations sont tr\u00e8s largement partag\u00e9es. L&rsquo;inconscient expose diff\u00e9rentes situations et fournit, le plus souvent, des esquisses de solution.<\/p>\n","protected":false},"excerpt":{"rendered":"<p>La plupart des r\u00eaves v\u00e9hiculent des messages concernant un grand nombre de personnes. En voici quelques-uns r\u00e9unis dans une banque de r\u00eaves et disponibles pour tous. Banque de r\u00eaves publique Cette banque de r\u00eaves publique a plusieurs objectifs : rassembler des r\u00eaves contemporains qui t\u00e9moignent de l&rsquo;activit\u00e9 de l&rsquo;inconscient, voir comment l&rsquo;inconscient r\u00e9agit et fait [&hellip;]<\/p>\n","protected":false},"author":1,"featured_media":0,"parent":0,"menu_order":119,"comment_status":"closed","ping_status":"closed","template":"","meta":{"footnotes":""},"class_list":["post-11671","page","type-page","status-publish","hentry"],"_links":{"self":[{"href":"https:\/\/www.cgjung.net\/espace\/wp-json\/wp\/v2\/pages\/11671","targetHints":{"allow":["GET"]}}],"collection":[{"href":"https:\/\/www.cgjung.net\/espace\/wp-json\/wp\/v2\/pages"}],"about":[{"href":"https:\/\/www.cgjung.net\/espace\/wp-json\/wp\/v2\/types\/page"}],"author":[{"embeddable":true,"href":"https:\/\/www.cgjung.net\/espace\/wp-json\/wp\/v2\/users\/1"}],"replies":[{"embeddable":true,"href":"https:\/\/www.cgjung.net\/espace\/wp-json\/wp\/v2\/comments?post=11671"}],"version-history":[{"count":85,"href":"https:\/\/www.cgjung.net\/espace\/wp-json\/wp\/v2\/pages\/11671\/revisions"}],"predecessor-version":[{"id":32724,"href":"https:\/\/www.cgjung.net\/espace\/wp-json\/wp\/v2\/pages\/11671\/revisions\/32724"}],"wp:attachment":[{"href":"https:\/\/www.cgjung.net\/espace\/wp-json\/wp\/v2\/media?parent=11671"}],"curies":[{"name":"wp","href":"https:\/\/api.w.org\/{rel}","templated":true}]}}