{"id":11427,"date":"2020-03-29T17:32:29","date_gmt":"2020-03-29T15:32:29","guid":{"rendered":"https:\/\/www.cgjung.net\/espace\/?page_id=11427"},"modified":"2023-05-10T17:05:49","modified_gmt":"2023-05-10T15:05:49","slug":"persona-reseaux-sociaux","status":"publish","type":"page","link":"https:\/\/www.cgjung.net\/espace\/accueil\/persona-reseaux-sociaux\/","title":{"rendered":"La persona et les r\u00e9seaux sociaux"},"content":{"rendered":"<p><strong>Les vrais et les faux profils se c\u00f4toient all\u00e8grement sur les r\u00e9seaux sociaux&nbsp;! La persona facilite et permet les \u00e9changes avec l&rsquo;ext\u00e9rieur. Elle joue un r\u00f4le de premier plan.<\/strong><\/p>\n<p><img loading=\"lazy\" decoding=\"async\" class=\"size-full wp-image-11440 aligncenter\" src=\"https:\/\/www.cgjung.net\/espace\/wp-content\/uploads\/2020\/03\/profils-reseaux-sociaux.png\" alt=\"\" width=\"600\" height=\"250\" \/><\/p>\n<p style=\"text-align: right;\"><span style=\"font-size: 8pt;\">Masque, licence CC by Guy Fawkes Mask<\/span><\/p>\n<p>Pour utiliser les r\u00e9seaux sociaux, il suffit la plupart du temps, de disposer d&rsquo;une adresse mail et d&rsquo;y associer un mot de passe pour ouvrir un compte, sans autre v\u00e9rification. Certaines personnes en ouvrent plusieurs &#8230; sans compter les usines \u00e0 trolls qui g\u00e9n\u00e8rent des interactions \u00e0 partir de multiples faux profils.<\/p>\n<p>Autant de personnes qui agissent, humains ou robots, partiellement ou totalement masqu\u00e9s, rev\u00eatant \u00e0 l&rsquo;envi de multiples habits et maquillages. C&rsquo;est ce que Jung appelle la persona.<\/p>\n<h2>La persona d\u00e9crite par C.G. Jung<\/h2>\n<p>Tout au long de son \u0153uvre, Jung d\u00e9crit l&rsquo;arch\u00e9type de la persona, terme li\u00e9 au masque que portaient les acteurs dans l&rsquo;antiquit\u00e9. Il indique :<\/p>\n<blockquote><p>\u00ab\u00a0La persona est un ensemble compliqu\u00e9 de relations entre la conscience individuelle et la soci\u00e9t\u00e9 [&#8230;] une esp\u00e8ce de masque que l&rsquo;individu rev\u00eat ou dans lequel il se glisse ou qui, m\u00eame \u00e0 son insu, le saisit et s&#8217;empare de lui [&#8230;] il vise d&rsquo;une part \u00e0 cr\u00e9er une certaine impression sur les autres, et d&rsquo;autre part \u00e0 cacher, dissimuler, camoufler, la nature vraie de l&rsquo;individu.\u00a0\u00bb<br \/>\n<a href=\"https:\/\/www.cgjung.net\/oeuvre\/dialectique.htm\"><span style=\"font-size: 10pt;\">Dialectique du Moi et de l\u2019inconscient, p 153<\/span><\/a><\/p><\/blockquote>\n<p>La persona est n\u00e9cessaire, elle prot\u00e8ge l&rsquo;individu dans ses interactions avec le monde ext\u00e9rieur et les facilite.<\/p>\n<p>Chacun dispose d&rsquo;une persona, y compris ceux qui disent ne pas en avoir. A leur insu ils affichent la persona de ceux qui n&rsquo;en ont pas&nbsp;! Et de surcroit ils exposent leur vie priv\u00e9e en toute na\u00efvet\u00e9, sans mesurer les cons\u00e9quences que cela peut avoir.<\/p>\n<h2>Les vrais profils<\/h2>\n<p>Les personnes qui affichent leur profil sur des sites de r\u00e9seaux sociaux professionnels comme LinkedIn ou Vimeo, se pr\u00e9sentent sous leurs meilleurs atours. Leur int\u00e9r\u00eat est de multiplier les contacts avec d&rsquo;autres personnes dans un cadre professionnel et indirectement de proposer leurs services &#8230; o\u00f9 trouver un nouvel employeur.<\/p>\n<p>Dans ce cas la persona joue pleinement son r\u00f4le. Peu de place dans ce type de r\u00e9seau pour de faux profils, bien que la tentation soit grande d&#8217;embellir ses performances en affichant une liste dithyrambique de dipl\u00f4mes et de r\u00e9alisations.<\/p>\n<h2>Les faux profils<\/h2>\n<p>Ils sont l\u00e9gion&nbsp;! Ils trouvent plus facilement leur place dans les r\u00e9seaux sociaux de grande taille, tels que Facebook ou Twitter. Ils s&rsquo;immiscent dans les \u00e9changes et les perturbent. Leur avatar (photo), leur pseudo, en disent long sur l&rsquo;image qu&rsquo;ils veulent donner.<\/p>\n<p>S&rsquo;il est plus facile de d\u00e9masquer les imposteurs dans la vie de tous les jours,&nbsp; sur internet c&rsquo;est bien plus difficile. Un petit nombre d&rsquo;entre eux sont pass\u00e9s ma\u00eetres dans ce jeu, \u00e0 partir d&rsquo;un faux \u00ab\u00a0je\u00a0\u00bb qu&rsquo;ils affichent fi\u00e8rement. Se pensant \u00e0 l&rsquo;abri, ils oublient trop souvent qu&rsquo;ils sont facilement identifiables, en premier lieu par les sites ou plateformes sur lesquels ils s&rsquo;expriment.<\/p>\n<p>Les r\u00e9seaux sociaux b\u00e9n\u00e9ficient au premier chef de ces profils et les combattent avec peu de conviction, car ils g\u00e9n\u00e8rent beaucoup d\u2019interactions, pierre angulaire de leur fonctionnement et source premi\u00e8re de leurs profits.<\/p>\n<h2>En dehors des r\u00e9seaux sociaux<\/h2>\n<p>Les premiers \u00e9changes sur internet, au niveau des groupes, ont \u00e9t\u00e9 bas\u00e9s sur l&rsquo;utilisation de la messagerie. Des groupes d&rsquo;abonn\u00e9s interagissent en r\u00e9pondant tout simplement \u00e0 un mail (mailing list), autour d&rsquo;un sujet de discussion commun.<\/p>\n<p>\u00c9tape interm\u00e9diaire avant l&rsquo;arriv\u00e9e des r\u00e9seaux sociaux, les forums offrent l&rsquo;avantage de centraliser les \u00e9changes autour de th\u00e8mes comprenant de multiples points d&rsquo;entr\u00e9e. Puis la notion d&rsquo;\u00e9change s&rsquo;est \u00e9tendue aux commentaires associ\u00e9s aux articles de presse et blogs personnels.<\/p>\n<p>Les faux profils et les personnes dot\u00e9es d&rsquo;une persona rigide et affirm\u00e9e rendent bien difficile l&rsquo;administration des plateformes. Les \u00e9changes \u00e0 caract\u00e8re plus technique, o\u00f9 la subjectivit\u00e9 joue un r\u00f4le mineur, sont beaucoup moins menac\u00e9s que ceux o\u00f9 l&rsquo;humain est au centre&nbsp; des conversations. Les quelques forums jungiens n&rsquo;\u00e9chappent pas \u00e0 cette r\u00e8gle, certains ont \u00e9t\u00e9 contraints de cesser toute activit\u00e9.<\/p>\n<h2>L&rsquo;identification \u00e0 la persona<\/h2>\n<p>C&rsquo;est alors qu&rsquo;il est tentant de s&rsquo;identifier \u00e0 la persona et de l&rsquo;incarner pleinement. Mais c&rsquo;est prendre le risque d&rsquo;\u00eatre victime de manipulations insidieuses qui s&rsquo;immiscent par les plus petits interstices, et qui sont issues de l&rsquo;inconscient. Jung nous dit:<\/p>\n<blockquote><p>\u00ab\u00a0Qui s&rsquo;identifie inconditionnellement \u00e0 son attitude externe est irr\u00e9m\u00e9diablement livr\u00e9 aux processus internes, autrement dit, le cas \u00e9ch\u00e9ant, il sera n\u00e9cessairement forc\u00e9 de contrecarrer son r\u00f4le.\u00a0\u00bb<br \/>\n<a href=\"https:\/\/www.cgjung.net\/oeuvre\/types_psychologiques.htm\">Types psychologiques<\/a>, p 411<\/p><\/blockquote>\n<p>Il n&rsquo;est pas rare dans les \u00e9changes internet de voir une personne, sous un vrai ou un faux profil, sortir de ses gonds et envenimer les \u00e9changes. Une remarque acerbe de l&rsquo;un des utilisateurs suffit \u00e0 d\u00e9clencher le processus. La personne touch\u00e9e riposte imm\u00e9diatement, son armure est perc\u00e9e.<\/p>\n<p>Certains en ont fait leur sp\u00e9cialit\u00e9, se mettant indirectement en valeur en initiant des fils de discussion pol\u00e9miques ou en perturbant des \u00e9changes f\u00e9conds.<\/p>\n<h2>L&rsquo;importance de la persona<\/h2>\n<p>\u00c9lie Humbert (1925-1990), analyste jungien de premier plan, souligne l&rsquo;importance de la persona <a href=\"https:\/\/www.cgjung.net\/espace\/ressources\/jung-elie-humbert\/\">dans son livre \u00ab\u00a0Jung\u00a0\u00bb<\/a> :<\/p>\n<blockquote><p>\u00ab\u00a0&#8230; l&rsquo;analyse du faux-semblant, de la tricherie avec soi-m\u00eame, de l&rsquo;identification au r\u00f4le social, doit \u00eatre situ\u00e9e dans la perspective de la communication. Celle-ci a besoin d&rsquo;un interm\u00e9diaire, car il n&rsquo;y a pas de communication pure.<\/p>\n<p>Sans masque, on r\u00e9gresse dans une participation archa\u00efque ou on doit s&rsquo;isoler et se cacher. La prise de conscience de la persona ne s&rsquo;arr\u00eate donc pas \u00e0 la d\u00e9nonciation d&rsquo;un faux, elle a aussi la charge de l&rsquo;insertion du sujet dans le r\u00e9seau social de communication.\u00a0\u00bb <span style=\"font-size: 10pt;\">p 58<\/span><\/p><\/blockquote>\n<p>Gardons \u00e0 l&rsquo;esprit qu&rsquo;une bonne partie des \u00e9changes sont de qualit\u00e9 et tr\u00e8s constructifs. Il convient \u00e9galement de saluer le travail des personnes charg\u00e9es de mod\u00e9rer les commentaires.<\/p>\n<p style=\"text-align: right;\"><em>Avril 2020<\/em><\/p>\n<p><a href=\"https:\/\/www.cgjung.net\/contact.htm\"><strong>Adresser un message \u00e0 Jean-Pierre Robert<\/strong><\/a><\/p>\n<p>&nbsp;<\/p>\n<h2>Jean-Pierre Robert<\/h2>\n<p>Jean-Pierre Robert, fondateur du pr\u00e9sent site, assure la mise en ligne des contenus. Il est le r\u00e9dacteur de plusieurs articles, pr\u00e9sentation d\u2019ouvrages, entretiens et assure la mise en page du site.<\/p>\n<p>Il coanime <a href=\"https:\/\/www.cgjung.net\/espace\/seminaires\/\">des s\u00e9minaires de formation<\/a> avec des membres d&rsquo;Espace Francophone Jungien.<\/p>\n<p><em>Textes publi\u00e9s :<\/em><\/p>\n<ul>\n<li><a href=\"https:\/\/www.cgjung.net\/espace\/accueil\/jprobert\/qui-agit-dans-le-monde-numerique\/\">Qui agit dans le monde num\u00e9rique ?<\/a><\/li>\n<li><a href=\"https:\/\/www.cgjung.net\/espace\/accueil\/jprobert\/influence-des-contenus-numeriques\/\">Pourquoi les contenus num\u00e9riques nous influencent-ils autant ?<\/a><\/li>\n<li><a href=\"https:\/\/www.cgjung.net\/espace\/accueil\/jprobert\/technologie-devient-un-mythe\/\">Quand la technologie devient mythe<\/a><\/li>\n<li><a href=\"https:\/\/www.cgjung.net\/espace\/accueil\/jprobert\/ia-dans-nos-vies\/\">L\u2019intelligence artificielle dans nos vies<\/a> (visioconf\u00e9rence du 14\/01\/2026)<\/li>\n<li><a href=\"https:\/\/www.cgjung.net\/espace\/accueil\/jprobert\/150-ans\/\">150 ans apr\u00e8s la naissance de Jung<\/a><\/li>\n<li><a href=\"https:\/\/www.cgjung.net\/espace\/accueil\/jprobert\/contes-de-fees\/\">Que sont r\u00e9ellement les contes de f\u00e9es ?<\/a><\/li>\n<li><a href=\"https:\/\/www.cgjung.net\/espace\/accueil\/jprobert\/ombre-mal-technologie\/\">L&rsquo;ombre et le mal<\/a> (conf\u00e9rence du 26\/01\/2025)<\/li>\n<li><a href=\"https:\/\/www.cgjung.net\/espace\/accueil\/jprobert\/sabina-spielrein-fascine\/\">Sabina Spielrein fascine !<\/a><\/li>\n<li><a href=\"https:\/\/www.cgjung.net\/espace\/accueil\/jprobert\/intelligence-artificielle\/\">L&rsquo;intelligence artificielle et la psych\u00e9<\/a><\/li>\n<li><a href=\"https:\/\/www.cgjung.net\/espace\/accueil\/jprobert\/humain-ia\/\">Le d\u00e9fi de l&rsquo;Humain face \u00e0 l&rsquo;intelligence artificielle<\/a><\/li>\n<li><a href=\"https:\/\/www.cgjung.net\/espace\/accueil\/psychologie-carl-gustav-jung\/\">La psychologie de Carl Gustav Jung expliqu\u00e9e clairement<\/a><br \/>\navec Ariane Callot<\/li>\n<li><a href=\"https:\/\/www.cgjung.net\/espace\/accueil\/jung-projections\/\">C.G. Jung support id\u00e9al \u00e0 de multiples projections<\/a><\/li>\n<li><a href=\"https:\/\/www.cgjung.net\/espace\/accueil\/carl-gustav-jung-junichiro-tanizaki\/\">Carl Gustav Jung et Junichir\u00f4 Tanizaki font l\u2019\u00e9loge de l\u2019ombre<\/a><br \/>\navec Ariane Callot<\/li>\n<li><a href=\"https:\/\/www.cgjung.net\/espace\/accueil\/persona-reseaux-sociaux\/\">La persona et les r\u00e9seaux sociaux<\/a><\/li>\n<li><a href=\"https:\/\/www.cgjung.net\/espace\/accueil\/bienfaits-introversion\/\">Les bienfaits de l\u2019introversion<\/a><\/li>\n<\/ul>\n\n","protected":false},"excerpt":{"rendered":"<p>Les vrais et les faux profils se c\u00f4toient all\u00e8grement sur les r\u00e9seaux sociaux&nbsp;! La persona facilite et permet les \u00e9changes avec l&rsquo;ext\u00e9rieur. Elle joue un r\u00f4le de premier plan. Masque, licence CC by Guy Fawkes Mask Pour utiliser les r\u00e9seaux sociaux, il suffit la plupart du temps, de disposer d&rsquo;une adresse mail et d&rsquo;y associer [&hellip;]<\/p>\n","protected":false},"author":1,"featured_media":0,"parent":53,"menu_order":17,"comment_status":"closed","ping_status":"closed","template":"","meta":{"footnotes":""},"class_list":["post-11427","page","type-page","status-publish","hentry"],"_links":{"self":[{"href":"https:\/\/www.cgjung.net\/espace\/wp-json\/wp\/v2\/pages\/11427","targetHints":{"allow":["GET"]}}],"collection":[{"href":"https:\/\/www.cgjung.net\/espace\/wp-json\/wp\/v2\/pages"}],"about":[{"href":"https:\/\/www.cgjung.net\/espace\/wp-json\/wp\/v2\/types\/page"}],"author":[{"embeddable":true,"href":"https:\/\/www.cgjung.net\/espace\/wp-json\/wp\/v2\/users\/1"}],"replies":[{"embeddable":true,"href":"https:\/\/www.cgjung.net\/espace\/wp-json\/wp\/v2\/comments?post=11427"}],"version-history":[{"count":80,"href":"https:\/\/www.cgjung.net\/espace\/wp-json\/wp\/v2\/pages\/11427\/revisions"}],"predecessor-version":[{"id":21579,"href":"https:\/\/www.cgjung.net\/espace\/wp-json\/wp\/v2\/pages\/11427\/revisions\/21579"}],"up":[{"embeddable":true,"href":"https:\/\/www.cgjung.net\/espace\/wp-json\/wp\/v2\/pages\/53"}],"wp:attachment":[{"href":"https:\/\/www.cgjung.net\/espace\/wp-json\/wp\/v2\/media?parent=11427"}],"curies":[{"name":"wp","href":"https:\/\/api.w.org\/{rel}","templated":true}]}}