{"id":11361,"date":"2020-09-17T08:01:30","date_gmt":"2020-09-17T06:01:30","guid":{"rendered":"https:\/\/www.cgjung.net\/espace\/?page_id=11361"},"modified":"2024-05-11T11:44:59","modified_gmt":"2024-05-11T09:44:59","slug":"carl-gustav-jung-junichiro-tanizaki","status":"publish","type":"page","link":"https:\/\/www.cgjung.net\/espace\/accueil\/carl-gustav-jung-junichiro-tanizaki\/","title":{"rendered":"Carl Gustav Jung et Junichir\u00f4 Tanizaki font l&rsquo;\u00e9loge de l&rsquo;ombre"},"content":{"rendered":"<p style=\"text-align: justify;\"><strong>Carl Gustav Jung et Junichir\u00f4 Tanizaki \u00e9taient contemporains. M\u00eame si leur nationalit\u00e9 et leur profession sont tr\u00e8s diff\u00e9rentes, ils se rejoignent dans leur mani\u00e8re de faire l&rsquo;\u00e9loge de l&rsquo;ombre.<\/strong><\/p>\n<h2><img loading=\"lazy\" decoding=\"async\" class=\"size-full wp-image-11422 aligncenter\" src=\"https:\/\/www.cgjung.net\/espace\/wp-content\/uploads\/2020\/03\/tokonoma-epheme.jpg\" alt=\"\" width=\"300\" height=\"433\" srcset=\"https:\/\/www.cgjung.net\/espace\/wp-content\/uploads\/2020\/03\/tokonoma-epheme.jpg 300w, https:\/\/www.cgjung.net\/espace\/wp-content\/uploads\/2020\/03\/tokonoma-epheme-208x300.jpg 208w\" sizes=\"auto, (max-width: 300px) 100vw, 300px\" \/><\/h2>\n<h2 style=\"text-align: justify;\">Jung et Tanizaki sont de la m\u00eame g\u00e9n\u00e9ration<\/h2>\n<div style=\"text-align: justify;\">\n<p style=\"text-align: justify;\">Carl Gustav Jung (1875-1961) et Junichir\u00f4 Tanizaki (1886-1965) sont n\u00e9s \u00e0 la fin du XIXe si\u00e8cle. Ils sont de la m\u00eame g\u00e9n\u00e9ration et ont connu un monde sans \u00e9lectricit\u00e9.<\/p>\n<p style=\"text-align: justify;\">Tanizaki, vit au Japon, il est touch\u00e9 par ce qu&rsquo;il voit et ce qu&rsquo;il ressent. Il est tr\u00e8s attach\u00e9 au monde maternel. Sa m\u00e8re et les femmes qu&rsquo;il d\u00e9crit, sont quasiment voil\u00e9es, les dents noires et le maquillage sombre.<span style=\"font-size: 10pt;\"><br \/>\n<\/span><\/p>\n<\/div>\n<div style=\"text-align: justify;\">Jung de son cot\u00e9, vit en Suisse et a fait l&rsquo;exp\u00e9rience d\u00e8s les ann\u00e9es 1913 de l&rsquo;imagination active qu&rsquo;il a soigneusement consign\u00e9e les ann\u00e9es suivantes dans <a href=\"https:\/\/www.cgjung.net\/livrerouge\/index.htm\">son Livre rouge<\/a>. Tr\u00e8s t\u00f4t il a compris la n\u00e9cessit\u00e9 de baisser le niveau de luminosit\u00e9 ambiant, pour cr\u00e9er une ambiance favorable \u00e0 l&rsquo;\u00e9mergence des contenus de l&rsquo;inconscient qui, pour la plupart, plongent leurs racines dans les si\u00e8cles pass\u00e9s.<\/div>\n<h2 style=\"text-align: justify;\">La tour de Jung, lieu de maturation<\/h2>\n<p style=\"text-align: justify;\">Jean-Pierre Robert, lors de sa visite de <a href=\"https:\/\/www.cgjung.net\/tour\/index.htm\">la tour de Bollingen<\/a>, un lieu sans eau ni \u00e9lectricit\u00e9 o\u00f9 Jung m\u00e9ditait et travaillait, note imm\u00e9diatement son atmosph\u00e8re p\u00e9trie d\u2019ombre. Les pi\u00e8ces sont de petite taille, \u00e0 peine \u00e9clair\u00e9es. La cour int\u00e9rieure, est \u00e0 l\u2019abri des regards ext\u00e9rieurs, derri\u00e8re des murs \u00e9pais. Mais d\u00e8s que l\u2019enceinte est franchie, c\u2019est l\u2019immensit\u00e9 du lac, la nature sauvage, les Alpes qui se d\u00e9voilent \u00e0 l\u2019horizon.<\/p>\n<p style=\"text-align: justify;\">Habitu\u00e9s aux grands espaces, les visiteurs Am\u00e9ricains sont v\u00e9ritablement surpris de d\u00e9couvrir un lieu qu&rsquo;ils avaient imagin\u00e9 diff\u00e9rent, \u00e0 partir des photos qui le repr\u00e9sentent, le plus souvent prises \u00e0 l&rsquo;aide d&rsquo;un objectif grand angle, et l&rsquo;image qui s&rsquo;\u00e9tait form\u00e9e en eux de Carl Jung. L\u2019exigu\u00eft\u00e9 des pi\u00e8ces et leur faible luminosit\u00e9 ram\u00e8nent \u00e0 plus de modestie, \u00e0 plus d&rsquo;humanit\u00e9.<\/p>\n<p style=\"text-align: justify;\">Pour \u00e9clairer ces propos, citons <strong>Federico Fellini<\/strong> relatant \u00e0 son ami<strong> Georges Simenon<\/strong> <a href=\"https:\/\/www.cgjung.net\/publications\/federico-fellini-georges-simenon-carl-gustav-jung.htm\">sa visite de la tour de Jung<\/a> :<\/p>\n<div style=\"text-align: justify;\">\n<blockquote>\n<div style=\"text-align: justify;\">\u00ab\u00a0Nous sommes mont\u00e9s par un petit escalier \u00e9troit creus\u00e9 dans la pierre et nous avons ouvert une petite porte. Il r\u00e9gnait au d\u00e9but une obscurit\u00e9 profonde, puis j&rsquo;ai vu une pi\u00e8ce minuscule, \u00e9touffante, avec deux petites fen\u00eatres gothiques aux \u00e9paisses vitres d&rsquo;alb\u00e2tre, avec les murs peints par Jung lui-m\u00eame, les mandalas et une \u00e9tude de diff\u00e9rents mythes, puis des petits objets&#8230;\u00a0\u00bb<\/div>\n<\/blockquote>\n<\/div>\n<div style=\"text-align: justify;\">De son cot\u00e9, Daniel Baumann (<a href=\"https:\/\/www.cgjung.net\/publications\/jung-elan-createur.htm\">Jung et l&rsquo;\u00e9lan cr\u00e9ateur)<\/a>, arri\u00e8re petit fils de Jung, l&rsquo;\u00e9voque en ces termes :<\/div>\n<div>\n<blockquote>\n<div style=\"text-align: justify;\">\u00ab\u00a0&#8230; je constate que la tour, telle que Jung l&rsquo;a r\u00e9alis\u00e9e durant trente-deux ans de sa vie, est devenue une sorte de \u00abcontre-lieu\u00bb du Zeitgeist [esprit du temps], un lieu intemporel, un lieu de maturation et favorable \u00e0 une vie capable de donner du sens \u00e0 notre \u00eatre dans sa compl\u00e9tude, o\u00f9 les ph\u00e9nom\u00e8nes qui nous touchent soient accessibles, de fa\u00e7on causale ou synchronistique.\u00a0\u00bb<\/div>\n<\/blockquote>\n<\/div>\n<h2>En contraste la maison de K\u00fcsnacht<\/h2>\n<div>\n<div style=\"text-align: justify;\">Il y a une nette diff\u00e9rence <a href=\"https:\/\/www.cgjung.net\/tour\/kuesnacht_musee_cg_jung.htm\">avec sa maison de K\u00fcsnacht<\/a>. La pr\u00e9sence d&rsquo;une tour, point d&rsquo;entr\u00e9e de l&rsquo;\u00e9difice mais aussi passage d&rsquo;un \u00e9tage \u00e0 l&rsquo;autre \u00e0 partir d&rsquo;un grand escalier, lui donne un air de manoir. C&rsquo;est dans ce lieu qu&rsquo;il vivait avec sa famille et recevait ses patients.<\/div>\n<div style=\"text-align: justify;\">&nbsp;<\/div>\n<div style=\"text-align: justify;\">Elle est d\u00e9crite dans l&rsquo;ouvrage <a href=\"https:\/\/www.cgjung.net\/publications\/the_house_of_cg_jung.htm\">The house of C.G. Jung.<\/a> Il s&rsquo;agit d&rsquo;une vaste demeure \u00e9quip\u00e9e de tout le confort dont on pouvait disposer au d\u00e9but du XXe si\u00e8cle. Au sein de celle-ci, au premier \u00e9tage, Jung s&rsquo;est r\u00e9serv\u00e9 un bureau exigu o\u00f9 il re\u00e7oit ses premiers patients. En t\u00e9moigne la photo ci-dessous, dat\u00e9e de 1909, qui figure dans l&rsquo;ouvrage page 69 :<\/div>\n<div>&nbsp;<\/div>\n<div><img loading=\"lazy\" decoding=\"async\" class=\"size-full wp-image-14354 aligncenter\" src=\"https:\/\/www.cgjung.net\/espace\/wp-content\/uploads\/2020\/09\/bureau-jung-1909.jpg\" alt=\"\" width=\"400\" height=\"306\" srcset=\"https:\/\/www.cgjung.net\/espace\/wp-content\/uploads\/2020\/09\/bureau-jung-1909.jpg 400w, https:\/\/www.cgjung.net\/espace\/wp-content\/uploads\/2020\/09\/bureau-jung-1909-300x230.jpg 300w\" sizes=\"auto, (max-width: 400px) 100vw, 400px\" \/><\/div>\n<div>&nbsp;<\/div>\n<div style=\"text-align: justify;\">Mais tr\u00e8s rapidement il investit sa biblioth\u00e8que, plus vaste et ouverte sur le lac o\u00f9 il re\u00e7oit d\u00e9sormais patients et visiteurs.<\/div>\n<div>\n<h2>La beaut\u00e9 des t\u00e9n\u00e8bres<\/h2>\n<div style=\"text-align: justify;\">Tanizaki d\u00e9crit les t\u00e9n\u00e8bres sous un jour positif :<\/div>\n<blockquote>\n<div style=\"text-align: justify;\">\u00ab\u00a0Avez-vous jamais [&#8230;] vu la couleur des t\u00e9n\u00e8bres \u00e0 la lueur d&rsquo;une flamme&nbsp;? Elles sont faites d&rsquo;une mati\u00e8re autre que celle des t\u00e9n\u00e8bres de la nuit sur une route, et si je puis risquer une comparaison, elles paraissent faites de corpuscules comme d&rsquo;une cendre t\u00e9nue, dont chaque parcelle resplendirait de toutes les couleurs de l&rsquo;arc-en-ciel.\u00a0\u00bb p. 71<\/div>\n<\/blockquote>\n<div style=\"text-align: justify;\">Il ajoute, anticipant nos pr\u00e9occupations actuelles li\u00e9es \u00e0 la d\u00e9forestation :<\/div>\n<blockquote>\n<div style=\"text-align: justify;\">\u00ab\u00a0D\u00e9truire jusqu\u2019\u00e0 l\u2019ombre des sous-bois au fond des montagnes, c\u2019en est trop, et l\u2019entreprise est stupide.\u00a0\u00bb p. 84<\/div>\n<\/blockquote>\n<div>\n<p style=\"text-align: center;\"><img loading=\"lazy\" decoding=\"async\" class=\"size-full wp-image-11362 aligncenter\" src=\"https:\/\/www.cgjung.net\/espace\/wp-content\/uploads\/2020\/03\/eloge-ombre.png\" alt=\"\" width=\"280\" height=\"398\" srcset=\"https:\/\/www.cgjung.net\/espace\/wp-content\/uploads\/2020\/03\/eloge-ombre.png 280w, https:\/\/www.cgjung.net\/espace\/wp-content\/uploads\/2020\/03\/eloge-ombre-211x300.png 211w\" sizes=\"auto, (max-width: 280px) 100vw, 280px\" \/><a href=\"https:\/\/www.amazon.fr\/exec\/obidos\/ASIN\/2864326523\/carlgustavjungen\" target=\"_blank\" rel=\"noopener noreferrer\"><img loading=\"lazy\" decoding=\"async\" class=\"aligncenter wp-image-9645 size-full\" src=\"https:\/\/www.cgjung.net\/espace\/wp-content\/uploads\/2019\/08\/achat-amazon-fr.png\" alt=\"\" width=\"216\" height=\"25\" \/><\/a><span style=\"font-size: 10pt;\">\u00c9dition Verdier &#8211; 14 x 22 x 0,9 cm &#8211; 94 pages<\/span><\/p>\n<\/div>\n<p style=\"text-align: justify;\">Tanizaki met en avant les diff\u00e9rences entre les orientaux et les occidentaux. Gardons \u00e0 l&rsquo;esprit que ces propos datent de 1933 et qu&rsquo;aujourd&rsquo;hui le Japon, sous bien des aspects, s&rsquo;est largement occidentalis\u00e9 :<\/p>\n<blockquote>\n<p style=\"text-align: justify;\">\u00ab\u00a0Quelle peut \u00eatre l&rsquo;origine d&rsquo;une diff\u00e9rence aussi radicale dans les go\u00fbts ?<\/p>\n<p style=\"text-align: justify;\">Tout bien pes\u00e9, c&rsquo;est parce que nous autres, Orientaux, nous cherchons \u00e0 nous accommoder des limites qui nous sont impos\u00e9es que nous nous sommes de tout temps content\u00e9s de notre condition pr\u00e9sente ; nous n&rsquo;\u00e9prouvons par cons\u00e9quent nulle r\u00e9pulsion \u00e0 l&rsquo;\u00e9gard de ce qui est obscur, nous nous y r\u00e9signons comme \u00e0 l&rsquo;in\u00e9vitable : si la lumi\u00e8re est pauvre, eh bien, qu&rsquo;elle le soit !<\/p>\n<p style=\"text-align: justify;\">Mieux, nous nous enfon\u00e7ons avec d\u00e9lice dans les t\u00e9n\u00e8bres et nous leur d\u00e9couvrons une beaut\u00e9 qui leur est propre.<\/p>\n<p style=\"text-align: justify;\">Les Occidentaux par contre, toujours \u00e0 l&rsquo;aff\u00fbt du progr\u00e8s, s&rsquo;agitent sans cesse \u00e0 la poursuite d&rsquo;un \u00e9tat meilleur que le pr\u00e9sent.\u00a0\u00bb P. 65\/66<\/p>\n<\/blockquote>\n<p style=\"text-align: justify;\">L&rsquo;ombre a aussi sa part dans le regard que l&rsquo;on pose sur un objet d&rsquo;art et Tanizaki souligne la beaut\u00e9 qu&rsquo;elle apporte au travail des artisans&nbsp; d&rsquo;autrefois :<\/p>\n<blockquote>\n<p style=\"text-align: justify;\">\u00ab\u00a0[Ils]&nbsp; tenaient compte de la mani\u00e8re dont elles se d\u00e9tacheraient sur l&rsquo;obscurit\u00e9 ambiante, et de la mesure dans laquelle elles r\u00e9fl\u00e9chiraient la lumi\u00e8re des lampes. Car un laque d\u00e9cor\u00e9 \u00e0 la poudre d&rsquo;or n&rsquo;est pas fait pour \u00eatre embrass\u00e9 d&rsquo;un seul coup d&rsquo;\u0153il dans un endroit illumin\u00e9, mais pour \u00eatre devin\u00e9 dans un lieu obscur, dans une lueur diffuse&nbsp; &#8230; \u00a0\u00bb p. 37<\/p>\n<\/blockquote>\n<\/div>\n<\/div>\n<h2>L&rsquo;ombre selon Jung<\/h2>\n<p>Dans un tout autre registre, Jung n&rsquo;a cess\u00e9 de donner de l&rsquo;importance \u00e0 l&rsquo;ombre :<\/p>\n<blockquote>\n<p style=\"text-align: justify;\">\u00ab\u00a0Vous allez sans doute secouer la t\u00eate avec incr\u00e9dulit\u00e9, si je me hasarde \u00e0 remarquer que je n&rsquo;aurais probablement gu\u00e8re \u00e9t\u00e9 en mesure de formuler le concept d&rsquo;ombre si l&rsquo;existence de l&rsquo;ombre n&rsquo;avait \u00e9t\u00e9 une exp\u00e9rience majeure de ma vie, faite non seulement sur les autres mais aussi sur moi-m\u00eame. [&#8230;]\n<p style=\"text-align: justify;\">Mon ombre est, de fait, tellement grande qu&rsquo;il m&rsquo;\u00e9tait impossible de ne pas en tenir compte dans mon projet d&rsquo;existence, et que je devais m\u00eame la consid\u00e9rer comme une partie essentielle de ma personnalit\u00e9, tirer de cette v\u00e9rit\u00e9 reconnue les cons\u00e9quences et en assumer la responsabilit\u00e9. [&#8230;]\n<p style=\"text-align: justify;\">Je ne m&rsquo;en d\u00e9charge sur personne pour ensuite me prendre pour un sauveur qui sait toujours ce qui est bon pour autrui.\u00a0\u00bb<br \/>\n<a href=\"https:\/\/www.cgjung.net\/oeuvre\/correspondance_1955_1957.htm\"><span style=\"font-size: 10pt;\">Correspondance, tome 4<\/span><\/a><span style=\"font-size: 10pt;\">, lettre C.G. Jung du 9 novembre 1955<\/span><\/p>\n<\/blockquote>\n<p style=\"text-align: justify;\">Luca Governatori, dans son livre <a href=\"https:\/\/www.cgjung.net\/publications\/les-nuits-de-jung.htm\">Les nuits de Jung<\/a>, ajoute \u00e0 propos de l&rsquo;ombre :<\/p>\n<blockquote>\n<p style=\"text-align: justify;\">\u00ab\u00a0Peut-\u00eatre abriterait-elle alors notre myst\u00e8re, ce que nous retiendrions cach\u00e9. C&rsquo;est du moins en ce sens que Jung attrapa son image pour l&rsquo;adosser \u00e0 l&rsquo;inconscient. M\u00e9taphore inaugurale de sa psychologie.<\/p>\n<p style=\"text-align: justify;\">Cette part irr\u00e9ductible d&rsquo;ombre qui se d\u00e9placerait avec nous, c&rsquo;est l&rsquo;inconscient qui l&rsquo;h\u00e9bergerait. L&rsquo;inconscient couverait notre ombre.\u00a0\u00bb p.&nbsp;46<\/p>\n<\/blockquote>\n<h2>Ressentis<\/h2>\n<p style=\"text-align: justify;\">Pour Jung et Tanizaki, l&rsquo;ombre est vivante de tous les possibles. Il y a des fissures dans l&rsquo;obscurit\u00e9 par lesquelles l&rsquo;ombre se glisse et le regard qui cherche et devine gagne en acuit\u00e9. On pense ici \u00e0 cette porosit\u00e9 ressentie par Jung entre l&rsquo;inconscient et le conscient. Des messages, on pourrait dire des flashs, lui parvenaient des profondeurs. &nbsp;<\/p>\n<p>Tanizaki ressentait la m\u00eame chose d&rsquo;une mani\u00e8re plus sensible, quotidienne et litt\u00e9raire.<\/p>\n<p style=\"text-align: justify;\">Sur le plan de la repr\u00e9sentation artistique pensons \u00e0 Pierre Soulage et \u00e0 son \u00ab\u00a0noir-lumi\u00e8re\u00a0\u00bb ou \u00ab\u00a0outrenoir\u00a0\u00bb qui est un bon exemple de la profondeur d&rsquo;une ombre rayonnante de lumi\u00e8re.<\/p>\n<p style=\"text-align: right;\"><em><a href=\"https:\/\/www.cgjung.net\/espace\/cg-jung\/avertissement\/\">Ariane Callot<\/a><\/em><em> et <a href=\"https:\/\/www.cgjung.net\/espace\/accueil\/jprobert\/\">Jean-Pierre Robert<\/a> &#8211; Septembre 2020<\/em><\/p>\n","protected":false},"excerpt":{"rendered":"<p>Carl Gustav Jung et Junichir\u00f4 Tanizaki \u00e9taient contemporains. M\u00eame si leur nationalit\u00e9 et leur profession sont tr\u00e8s diff\u00e9rentes, ils se rejoignent dans leur mani\u00e8re de faire l&rsquo;\u00e9loge de l&rsquo;ombre. Jung et Tanizaki sont de la m\u00eame g\u00e9n\u00e9ration Carl Gustav Jung (1875-1961) et Junichir\u00f4 Tanizaki (1886-1965) sont n\u00e9s \u00e0 la fin du XIXe si\u00e8cle. Ils sont [&hellip;]<\/p>\n","protected":false},"author":1,"featured_media":0,"parent":53,"menu_order":0,"comment_status":"closed","ping_status":"closed","template":"","meta":{"footnotes":""},"class_list":["post-11361","page","type-page","status-publish","hentry"],"_links":{"self":[{"href":"https:\/\/www.cgjung.net\/espace\/wp-json\/wp\/v2\/pages\/11361","targetHints":{"allow":["GET"]}}],"collection":[{"href":"https:\/\/www.cgjung.net\/espace\/wp-json\/wp\/v2\/pages"}],"about":[{"href":"https:\/\/www.cgjung.net\/espace\/wp-json\/wp\/v2\/types\/page"}],"author":[{"embeddable":true,"href":"https:\/\/www.cgjung.net\/espace\/wp-json\/wp\/v2\/users\/1"}],"replies":[{"embeddable":true,"href":"https:\/\/www.cgjung.net\/espace\/wp-json\/wp\/v2\/comments?post=11361"}],"version-history":[{"count":93,"href":"https:\/\/www.cgjung.net\/espace\/wp-json\/wp\/v2\/pages\/11361\/revisions"}],"predecessor-version":[{"id":24657,"href":"https:\/\/www.cgjung.net\/espace\/wp-json\/wp\/v2\/pages\/11361\/revisions\/24657"}],"up":[{"embeddable":true,"href":"https:\/\/www.cgjung.net\/espace\/wp-json\/wp\/v2\/pages\/53"}],"wp:attachment":[{"href":"https:\/\/www.cgjung.net\/espace\/wp-json\/wp\/v2\/media?parent=11361"}],"curies":[{"name":"wp","href":"https:\/\/api.w.org\/{rel}","templated":true}]}}