{"id":11307,"date":"2020-03-22T15:44:05","date_gmt":"2020-03-22T14:44:05","guid":{"rendered":"https:\/\/www.cgjung.net\/espace\/?page_id=11307"},"modified":"2025-04-19T12:43:00","modified_gmt":"2025-04-19T10:43:00","slug":"cahiers-jungiens-de-psychanalyse","status":"publish","type":"page","link":"https:\/\/www.cgjung.net\/espace\/ressources\/cahiers-jungiens-de-psychanalyse\/","title":{"rendered":"Cahiers Jungiens de Psychanalyse no 150 &#8211; D\u00e9cembre 2019"},"content":{"rendered":"<p><strong>Les Cahiers Jungiens de Psychanalyse publient \u00e0 raison de deux num\u00e9ros par an diff\u00e9rents textes autour d&rsquo;un th\u00e8me donn\u00e9.<\/strong><\/p>\n<p>Celui que nous vous pr\u00e9sentons est dat\u00e9 de d\u00e9cembre 2019: Images, repr\u00e9sentations et mondes virtuels.<\/p>\n<p><img loading=\"lazy\" decoding=\"async\" class=\"size-full wp-image-11311 aligncenter\" src=\"https:\/\/www.cgjung.net\/espace\/wp-content\/uploads\/2020\/03\/cahiers-jungiens-de-psychanalyse-decembre-2019.jpg\" alt=\"\" width=\"280\" height=\"393\" srcset=\"https:\/\/www.cgjung.net\/espace\/wp-content\/uploads\/2020\/03\/cahiers-jungiens-de-psychanalyse-decembre-2019.jpg 280w, https:\/\/www.cgjung.net\/espace\/wp-content\/uploads\/2020\/03\/cahiers-jungiens-de-psychanalyse-decembre-2019-214x300.jpg 214w\" sizes=\"auto, (max-width: 280px) 100vw, 280px\" \/><\/p>\n<p style=\"text-align: center;\"><span style=\"font-size: 10pt;\">17,1 x 24,5 x 1,4 cm &#8211; 176 pages<\/span><\/p>\n<h2>L&rsquo;air du temps &#8211; <em>Verbatim<\/em><\/h2>\n<p>Au chapitre \u00ab\u00a0L&rsquo;air du temps &#8211; <em>Verbatim\u00a0\u00bb<\/em>, plusieurs analystes jungiens se sont regroup\u00e9s et ont publi\u00e9, sous forme de t\u00e9moignages, de courts textes en \u00e9cho aux pr\u00e9occupations exprim\u00e9es par les patients.<\/p>\n<p><em>Ont contribu\u00e9 \u00e0 ce chapitre : V\u00e9ronique Beldent &#8211; Sophie Braun &#8211; Marie-Laure Colonna &#8211; Flore Delapalme -Marcel Gaumont &#8211; Christian Marnette &#8211; Laurent Meyer &#8211; Mariette Mignet &#8211; Sophie Seale.<\/em><\/p>\n<p>L&rsquo;extrait ci-dessous fait indirectement \u00e9cho \u00e0 l&rsquo;\u00e9pisode de confinement dans lequel nous nous trouvons (mars 2020) et les inqui\u00e9tudes qui sont li\u00e9es \u00e0 la propagation du Coronavirus:<\/p>\n<p><strong>\u00ab\u00a0Le Ciel va-t-il nous tomber sur la t\u00eate ?<\/strong><\/p>\n<p>Les collapsologues le croient. Certains pr\u00e9voient un effondrement total de la soci\u00e9t\u00e9 occidentale \u00e0 travers les bouleversements climatiques, \u00e9cologiques et \u00e9conomiques qui se multiplient actuellement, cela ne fait pas de doute.<\/p>\n<p>Chaque g\u00e9n\u00e9ration affronte sa peur de la fin du monde: p\u00e9rils de la guerre atomique, catastrophe des deux guerres mondiales au XXe si\u00e8cle, chute des grands empires au XIXe si\u00e8cle, etc.<\/p>\n<p>Mais aujourd&rsquo;hui, certains de ceux qui annoncent les fl\u00e9aux \u00e0 venir le font parfois avec une sorte de jouissance morbide, m\u00e9lange de terreur et de fascination. Ce sont souvent des jeunes gens pour lesquels toutes les formes de la spiritualit\u00e9, de la vie int\u00e9rieure et de la transcendance rel\u00e8vent de l&rsquo;obscurantisme. Le rationalisme est leur credo.<\/p>\n<p>Aussi, comme tout symbole refoul\u00e9 se projette \u00e0 l&rsquo;ext\u00e9rieur de fa\u00e7on concr\u00e9tiste ou diabolis\u00e9e, ces jeunes hommes et femmes n&rsquo;imaginent que la mort au bout de la piste. Ils en parlent sans tr\u00eave sur les r\u00e9seaux sociaux.<\/p>\n<p>Bien d&rsquo;autres, en revanche, pensent que ces \u00e9preuves majeures peuvent favoriser, voire exiger un progr\u00e8s essentiel de la Conscience collective et que l&rsquo;humanit\u00e9 sera plus adulte demain.\u00a0\u00bb<\/p>\n<h2>Images, repr\u00e9sentations et mondes virtuels<\/h2>\n<p>L&rsquo;\u00e9ditorial r\u00e9dig\u00e9 par <em>Olivier Cametz, Karen Hainsworth<\/em> et<em> Eve Pilyser<\/em> pr\u00e9cise le contenu de ce num\u00e9ro et tient compte de l&rsquo;existence des mondes virtuels:<\/p>\n<p>\u00ab\u00a0Depuis l&rsquo;av\u00e8nement d&rsquo;Internet et l&rsquo;acc\u00e8s aux mondes virtuels, nous sommes de plus en plus confront\u00e9s dans nos cabinets ainsi que dans nos vies \u00e0 un autre rapport aux images et \u00e0 de nouvelles repr\u00e9sentations. En effet, cet univers de l&rsquo;informatique, puissant et envahissant, porteur du pire comme du meilleur, modifie nos rep\u00e8res et nos modes relationnels, r\u00e9actualise nos mythes et secoue nos liens intrafamiliaux.\u00a0\u00bb<\/p>\n<p><strong>Table des mati\u00e8res<\/strong><\/p>\n<p>\u00c9ditorial<br \/>\n<em>Olivier Cametz, Karen Hainsworth, Eve Pilyser<\/em><\/p>\n<p>Pr\u00e9sentation liminaire<br \/>\n<em>Bertrand Eveno<\/em><\/p>\n<p>L&rsquo;Analyse des visions \u2014 Le S\u00e9minaire de 1930-1934<br \/>\n<em>(extrait n\u00b0 1 : \u00ab Le dessin \u00bb) &#8211;&nbsp; C. G. Jung<\/em><\/p>\n<p>Lettre ouverte au sujet de Jung et des \u00abAfricains\u00bb<br \/>\n<em>Andrew Samuels<\/em><\/p>\n<p>Penser la transformation : les enfants et leurs parents \u00e0 l&rsquo;\u00e8re du num\u00e9rique<br \/>\n<em>Rossella Andreoli<\/em><\/p>\n<p>L&rsquo;Analyse des visions \u2014 Le S\u00e9minaire de 1930-1934<br \/>\n<em>(extrait n\u00b0 2 : \u00ab Engrosser \u00bb) C. G. Jung<\/em><\/p>\n<p>Daphn\u00e9 : un mythe de m\u00e9tamorphose, m\u00e9tamorphoses d&rsquo;un mythe<br \/>\n<em>Claire Dorly<\/em><\/p>\n<p>L&rsquo;air du temps \u2014 <em>Verbatim<\/em><\/p>\n<p>La Grande Fi\u00e8vre \u2014 Image et imagination cr\u00e9atrice<br \/>\n<em>Aim\u00e9 Agnel<\/em><\/p>\n<p>Pinocchio, \u00e0 la recherche de l&rsquo;originaire<br \/>\n<em>Brigitte Allain-Dupr\u00e9<\/em><\/p>\n<p>L&rsquo;Analyse des visions \u2014 Le S\u00e9minaire de 1930-1934<br \/>\n<em>(extrait n\u00b03 : \u00ab Le symbole \u00bb) C. G. Jung<\/em><\/p>\n<p>Le portrait ovale<br \/>\n<em>Christiane Fons\u00e9ca<\/em><\/p>\n<p>La pr\u00e9dication aux oiseaux<br \/>\n<em>Dominique Guilbault<\/em><\/p>\n<p>L&rsquo;Analyse des visions \u2014 Le S\u00e9minaire de 1930-1934<br \/>\n<em>(extrait n\u00b04 : \u00ab La hutte \u00bb) C. G. Jung<\/em><\/p>\n<p>A propos du Livre tib\u00e9tain de la Grande D\u00e9livrance<br \/>\n<em>\u00c9lisabeth Schnetzler<\/em><\/p>\n<p>La r\u00e9volution num\u00e9rique et la symbolique de l&rsquo;Esprit<br \/>\n<em>Fran\u00e7oise Bruley<\/em><\/p>\n<p>Hommages \u00e0 Gilbert Masse<br \/>\n<em>Flore Delapalme \u2014 Sylvie Rouquette<\/em><\/p>\n<p>Bloc-notes <em>Olivier Cametz<\/em><\/p>\n<p>Revue des revues <em>Laurence Lacour<\/em><\/p>\n<h2>Cent cinquanti\u00e8me num\u00e9ro<\/h2>\n<p>Lanc\u00e9s au mois de mai 1974, ces cahiers affichent leur 150e parution dat\u00e9e de d\u00e9cembre 2019.<\/p>\n<p>Il est possible d&rsquo;acqu\u00e9rir les cahiers \u00e0 l&rsquo;unit\u00e9 ou par abonnement (2 num\u00e9ros par an). Les conditions de vente ou d&rsquo;abonnement et la liste des cahiers disponibles se trouvent sur le site des <a href=\"https:\/\/cahiers-jungiens.cairn.info\/\" target=\"_blank\" rel=\"noopener noreferrer\">Cahiers Jungiens de Psychanalyse<\/a>.<\/p>\n<h2>A lire \u00e9galement<\/h2>\n<ul>\n<li><a href=\"https:\/\/www.cgjung.net\/espace\/accueil\/cahiers-jungiens-de-psychanalyse\/\">Entretien autour des Cahiers Jungiens de Psychanalyse avec Reine-Marie Halbout,<\/a>&nbsp;\u00e0 l&rsquo;occasion de la sortie du no 152, f\u00e9vrier 2021<\/li>\n<\/ul>\n<p>Pr\u00e9sentation des num\u00e9ros suivants des Cahiers Jungiens de Psychanalyse sur le site EFJ :<\/p>\n<ul>\n<li><a href=\"https:\/\/www.cgjung.net\/espace\/ressources\/cahiers-jungiens-de-psychanalyse-no-162\/\">D\u00e9sirer, consentir, vouloir,<\/a> no 162 &#8211; 2025<\/li>\n<li><a href=\"https:\/\/www.cgjung.net\/espace\/ressources\/cahier-jungien-de-psychanalyse-no-161\/\">Jung au pr\u00e9sent<\/a>, no 161 &#8211; 2025<\/li>\n<li><a href=\"https:\/\/www.cgjung.net\/espace\/ressources\/cahiers-jungiens-de-psychanalyse-no-160-2024\/\">Jung en France,<\/a> no 160 &#8211; 2024<\/li>\n<li><a href=\"https:\/\/www.cgjung.net\/espace\/ressources\/cahiers-jungiens-de-psychanalyse-no-159-2024\/\">Jung dans le monde<\/a>, no 159 &#8211; 2024<\/li>\n<li><a href=\"https:\/\/www.cgjung.net\/espace\/ressources\/cahiers-jungiens-de-psychanalyse-no-158-2023\/\">Br\u00fbler<\/a>, no 158 &#8211; 2023<\/li>\n<li><a href=\"https:\/\/www.cgjung.net\/espace\/ressources\/cahiers-jungiens-de-psychanalyse-no-157-juin-2023\/\">Esprits de la nature<\/a>, no 157 &#8211; 2023<\/li>\n<li><a href=\"https:\/\/www.cgjung.net\/espace\/ressources\/cahiers-jungiens-de-psychanalyse-no-156-decembre-2022\/\">Contagion\/Contamination<\/a>, no 156 &#8211; 2022<\/li>\n<li><a href=\"https:\/\/www.cgjung.net\/espace\/ressources\/cahiers-jungiens-de-psychanalyse-no-155-juin-2022\/\">Des fins<\/a>, no 155 &#8211; 2022<\/li>\n<li><a href=\"https:\/\/www.cgjung.net\/espace\/ressources\/cahiers-jungiens-de-psychanalyse-no-154-decembre-2021\/\">Au commencement<\/a>, no 154 &#8211; 2021<\/li>\n<li><a href=\"https:\/\/www.cgjung.net\/espace\/ressources\/cahiers-jungiens-de-psychanalyse-no-153-juin-2021\/\">Intimit\u00e9s<\/a>, no 153 -2021<\/li>\n<li><a href=\"https:\/\/www.cgjung.net\/espace\/accueil\/cahiers-jungiens-de-psychanalyse\/\">Nature(s), vivre la terre<\/a>, no 152 &#8211; 2020<\/li>\n<li><a href=\"https:\/\/www.cgjung.net\/espace\/ressources\/cahiers-jungiens-de-psychanalyse-no-151-juin-2020\/\">Souviens-toi de ton futur<\/a>, no 151 &#8211; 2020<\/li>\n<li><a href=\"https:\/\/www.cgjung.net\/espace\/ressources\/cahiers-jungiens-de-psychanalyse\/\">Images, repr\u00e9sentations et mondes virtuels<\/a>, no 150 &#8211; 2019<\/li>\n<\/ul>\n<p>Ouvrages :<\/p>\n<ul>\n<li><a href=\"https:\/\/www.cgjung.net\/publications\/nise_da_silveira_images_inconscient.htm\">Images de l&rsquo;inconscient de Nise Da Silveira<\/a><\/li>\n<li><a href=\"https:\/\/www.cgjung.net\/espace\/ressources\/dimension-aimer\/\">La dimension d\u2019aimer d&rsquo;\u00c9lie G. Humbert<\/a><\/li>\n<\/ul>\n\n","protected":false},"excerpt":{"rendered":"<p>Les Cahiers Jungiens de Psychanalyse publient \u00e0 raison de deux num\u00e9ros par an diff\u00e9rents textes autour d&rsquo;un th\u00e8me donn\u00e9. Celui que nous vous pr\u00e9sentons est dat\u00e9 de d\u00e9cembre 2019: Images, repr\u00e9sentations et mondes virtuels. 17,1 x 24,5 x 1,4 cm &#8211; 176 pages L&rsquo;air du temps &#8211; Verbatim Au chapitre \u00ab\u00a0L&rsquo;air du temps &#8211; Verbatim\u00a0\u00bb, [&hellip;]<\/p>\n","protected":false},"author":1,"featured_media":0,"parent":9713,"menu_order":13,"comment_status":"closed","ping_status":"closed","template":"","meta":{"footnotes":""},"class_list":["post-11307","page","type-page","status-publish","hentry"],"_links":{"self":[{"href":"https:\/\/www.cgjung.net\/espace\/wp-json\/wp\/v2\/pages\/11307","targetHints":{"allow":["GET"]}}],"collection":[{"href":"https:\/\/www.cgjung.net\/espace\/wp-json\/wp\/v2\/pages"}],"about":[{"href":"https:\/\/www.cgjung.net\/espace\/wp-json\/wp\/v2\/types\/page"}],"author":[{"embeddable":true,"href":"https:\/\/www.cgjung.net\/espace\/wp-json\/wp\/v2\/users\/1"}],"replies":[{"embeddable":true,"href":"https:\/\/www.cgjung.net\/espace\/wp-json\/wp\/v2\/comments?post=11307"}],"version-history":[{"count":16,"href":"https:\/\/www.cgjung.net\/espace\/wp-json\/wp\/v2\/pages\/11307\/revisions"}],"predecessor-version":[{"id":29359,"href":"https:\/\/www.cgjung.net\/espace\/wp-json\/wp\/v2\/pages\/11307\/revisions\/29359"}],"up":[{"embeddable":true,"href":"https:\/\/www.cgjung.net\/espace\/wp-json\/wp\/v2\/pages\/9713"}],"wp:attachment":[{"href":"https:\/\/www.cgjung.net\/espace\/wp-json\/wp\/v2\/media?parent=11307"}],"curies":[{"name":"wp","href":"https:\/\/api.w.org\/{rel}","templated":true}]}}