{"id":11229,"date":"2020-03-20T19:28:00","date_gmt":"2020-03-20T18:28:00","guid":{"rendered":"https:\/\/www.cgjung.net\/espace\/?page_id=11229"},"modified":"2020-05-29T07:15:00","modified_gmt":"2020-05-29T05:15:00","slug":"federico-fellini-carl-jung","status":"publish","type":"page","link":"https:\/\/www.cgjung.net\/espace\/ressources\/federico-fellini-carl-jung\/","title":{"rendered":"Federico Fellini et Carl Gustav Jung"},"content":{"rendered":"<p><strong><a id=\"lr\"><\/a>Le fac-simil\u00e9 Le Livre de mes r\u00eaves regroupe les carnets de r\u00eaves de Frederico Fellini qui t\u00e9moignent de l&rsquo;importance et du r\u00f4le qu&rsquo;ont jou\u00e9 les r\u00eaves dans la vie du cin\u00e9aste italien.<\/strong><\/p>\n<p>C&rsquo;est sur les conseils d&rsquo;<a href=\"#eb\">Ernst Bernhard<\/a>, analyste jungien italien, que le 30 novembre 1960 -il est \u00e2g\u00e9 de 40 ans- Fellini commence \u00e0 r\u00e9diger et illustrer <em>Le Livre de mes r\u00eaves<\/em>.\u00a0 Il est \u00e0 l&rsquo;apog\u00e9e de sa puissance cr\u00e9atrice et reconnu sur le plan international.<\/p>\n<p><img loading=\"lazy\" decoding=\"async\" class=\"size-full wp-image-11233 aligncenter\" src=\"https:\/\/www.cgjung.net\/espace\/wp-content\/uploads\/2020\/03\/le-livre-de-mes-reves.jpg\" alt=\"\" width=\"280\" height=\"401\" srcset=\"https:\/\/www.cgjung.net\/espace\/wp-content\/uploads\/2020\/03\/le-livre-de-mes-reves.jpg 280w, https:\/\/www.cgjung.net\/espace\/wp-content\/uploads\/2020\/03\/le-livre-de-mes-reves-209x300.jpg 209w\" sizes=\"auto, (max-width: 280px) 100vw, 280px\" \/><\/p>\n<p style=\"text-align: center;\"><a href=\"https:\/\/www.amazon.fr\/exec\/obidos\/ASIN\/2081506254\/carlgustavjungen\" target=\"_blank\" rel=\"noopener noreferrer\"><img loading=\"lazy\" decoding=\"async\" class=\"size-full wp-image-9645 aligncenter\" src=\"https:\/\/www.cgjung.net\/espace\/wp-content\/uploads\/2019\/08\/achat-amazon-fr.png\" alt=\"\" width=\"300\" height=\"25\" \/><\/a><span style=\"font-size: 10pt;\">\u00c9ditions Flammarion &#8211; 25,1 x 34,9 x 4,8 cm &#8211; 3,3 kg &#8211; 584 pages<\/span><\/p>\n<p>Sous les feux des projecteurs 24h sur 24, il ressent la n\u00e9cessit\u00e9 de maintenir sa vie cr\u00e9atrice, menac\u00e9e par la d\u00e9pression. Il n&rsquo;h\u00e9site pas, sur les conseils avis\u00e9s de Bernhard et \u00e0 l&rsquo;instar de Jung, de consigner ses r\u00eaves de 1960 \u00e0 1990.<\/p>\n<p>Comme pour <a href=\"https:\/\/www.cgjung.net\/livrerouge\/index.htm\">le Livre rouge de C.G. Jung<\/a>, ce document manuscrit n&rsquo;\u00e9tait initialement pas destin\u00e9 \u00e0 la publication. Il est de taille voisine du Livre rouge et contient pr\u00e8s de 450 pages. Il est compos\u00e9 de la reproduction :<\/p>\n<ul>\n<li>du volume i (r\u00eaves 1960-1968) format 25 x 35 cm, quasi identique \u00e0 cette \u00e9dition,<\/li>\n<li>du volume ii (r\u00eaves 1973-1990) format 34 x 48 cm, reproduit \u00e0 une \u00e9chelle r\u00e9duite,<\/li>\n<li>de feuilles volantes iii,<\/li>\n<li>de feuilles offertes iv donn\u00e9es \u00e0 des amis.<\/li>\n<\/ul>\n<p>S&rsquo;ajoutent en fran\u00e7ais la transcription de la totalit\u00e9 des r\u00eaves et la traduction d&rsquo;un corpus de contributions critiques.<\/p>\n<p><img loading=\"lazy\" decoding=\"async\" class=\"size-full wp-image-11267 aligncenter\" src=\"https:\/\/www.cgjung.net\/espace\/wp-content\/uploads\/2020\/03\/le-livre-de-mes-reves-livre-rouge-rotated.jpg\" alt=\"\" width=\"550\" height=\"387\" srcset=\"https:\/\/www.cgjung.net\/espace\/wp-content\/uploads\/2020\/03\/le-livre-de-mes-reves-livre-rouge-rotated.jpg 550w, https:\/\/www.cgjung.net\/espace\/wp-content\/uploads\/2020\/03\/le-livre-de-mes-reves-livre-rouge-300x211.jpg 300w\" sizes=\"auto, (max-width: 550px) 100vw, 550px\" \/><\/p>\n<p>Jung consigne ses imaginations actives dans son Livre rouge, alors que dans le Livre de mes r\u00eaves de Fellini ne figurent que ses r\u00eaves avec parfois leur contexte et quelques tirages du Yi Jing.<\/p>\n<p><strong>Frederico Fellini donne l&rsquo;exemple du soin et du s\u00e9rieux qui doivent\u00a0 \u00eatre apport\u00e9s \u00e0 la collecte et \u00e0 l&rsquo;analyse des r\u00eaves. Pour les amateurs de l\u2019\u0153uvre de Fellini cet ouvrage \u00e9claire les interactions entre sa vie int\u00e9rieure et ce qu&rsquo;il a donn\u00e9 \u00e0 voir \u00e0 partir de son \u0153uvre cin\u00e9matographique.<\/strong><\/p>\n<h2>Fellini r\u00eave de C.G. Jung<\/h2>\n<p><em>Quatre extraits &#8230;<\/em><\/p>\n<p><strong><i>R\u00eave mois de janvier 1965, page i\/121<\/i><\/strong><\/p>\n<p>\u00ab\u00a0J&rsquo;appelle Bernhard au t\u00e9l\u00e9phone. Comment va ? &#8211; me dit-il, et sa voix tremble. Vous \u00eates \u00e0 nouveau malade ? Vous avez eu une rechute ? Je l&rsquo;interroge, mais je n&rsquo;arrive pas \u00e0 comprendre sa r\u00e9ponse.<\/p>\n<p>Je suis maintenant dans son bureau. D\u00e9tail d&rsquo;un gros livre sur lequel est \u00e9crit \u00ab Jung Doctrine\u00bb. Une photo de Jung en couverture ? Jung a transcrit dans ce livre toutes ses exp\u00e9riences de m\u00e9decin et sa pens\u00e9e de philosophe.<\/p>\n<p>Bernhard interpr\u00e8te le r\u00eave en le rapportant \u00e0 mes pr\u00e9occupations pour la partie finale du film. L&rsquo;aspect doctrinaire n&rsquo;est pas proportionn\u00e9 \u00e0 la fantaisie l\u00e9g\u00e8re de mon histoire. Il faut l&rsquo;exclure.\u00a0\u00bb<\/p>\n<p><img loading=\"lazy\" decoding=\"async\" class=\"size-full wp-image-11231 aligncenter\" src=\"https:\/\/www.cgjung.net\/espace\/wp-content\/uploads\/2020\/03\/le-livre-de-mes-reves-p1-121.jpg\" alt=\"\" width=\"550\" height=\"424\" srcset=\"https:\/\/www.cgjung.net\/espace\/wp-content\/uploads\/2020\/03\/le-livre-de-mes-reves-p1-121.jpg 550w, https:\/\/www.cgjung.net\/espace\/wp-content\/uploads\/2020\/03\/le-livre-de-mes-reves-p1-121-300x231.jpg 300w\" sizes=\"auto, (max-width: 550px) 100vw, 550px\" \/><\/p>\n<p><strong>R\u00eave mois de juillet 1966, page i\/163<\/strong><\/p>\n<p style=\"text-align: left;\">\u00ab\u00a0On m&rsquo;am\u00e8ne un type tr\u00e8s malade, car il a le tube digestif hors du corps.<\/p>\n<p>Si c&rsquo;est \u00e7a &#8211; pens\u00e9-je &#8211; il va mourir, il ne peut pas se nourrir, il ne peut pas assimiler, il va rapidement se d\u00e9labrer. Situation dangereuse. La nourriture ne nourrit pas le corps. Le corps n&rsquo;assimile pas. Danger de mort.<\/p>\n<p>A d\u00e9jeuner avec Jung sur la place d&rsquo;un petit village en Ligurie (ou en Suisse). Jung est un tr\u00e8s beau vieillard, quelle vigueur physique et intellectuelle \u00e9mane de son corps robuste de paysan, de son regard limpide, aigu, bienveillant et ironique !<\/p>\n<p>Nous mangeons des spaghettis (il y a aussi Liliana) [amie, proche de Fellini] et nous en croquons un, qui est le m\u00eame et qui \u00e9tait dans les trois assiettes.\u00a0\u00bb<\/p>\n<p><img loading=\"lazy\" decoding=\"async\" class=\"size-full wp-image-11230 aligncenter\" src=\"https:\/\/www.cgjung.net\/espace\/wp-content\/uploads\/2020\/03\/le-livre-de-mes-reves-p1-163.jpg\" alt=\"\" width=\"550\" height=\"482\" srcset=\"https:\/\/www.cgjung.net\/espace\/wp-content\/uploads\/2020\/03\/le-livre-de-mes-reves-p1-163.jpg 550w, https:\/\/www.cgjung.net\/espace\/wp-content\/uploads\/2020\/03\/le-livre-de-mes-reves-p1-163-300x263.jpg 300w\" sizes=\"auto, (max-width: 550px) 100vw, 550px\" \/><strong><i>R\u00eave du 13 octobre 1966, page i\/167<\/i><\/strong><\/p>\n<p>\u00ab\u00a0[&#8230;] Je r\u00eave de Jung, il est comme sur les photos, quel beau visage de vieux magicien-paysan. Il est en train de d\u00e9m\u00e9nager, il se dirige vers l&rsquo;Italie, pr\u00e9c\u00e9d\u00e9 de grands camions remplis des r\u00eaves de ses patients.<\/p>\n<p>Jung, assis dans sa voiture (ou bien c&rsquo;\u00e9tait un taxi), sourit et allume sa pipe.\u00a0\u00bb<\/p>\n<p><strong>Il consulte r\u00e9guli\u00e8rement le Yi Jing, ici en 1986, page ii\/152<\/strong><\/p>\n<p><img loading=\"lazy\" decoding=\"async\" class=\"size-full wp-image-11236 aligncenter\" src=\"https:\/\/www.cgjung.net\/espace\/wp-content\/uploads\/2020\/03\/le-livre-de-mes-reves-p2-152.jpg\" alt=\"\" width=\"550\" height=\"200\" srcset=\"https:\/\/www.cgjung.net\/espace\/wp-content\/uploads\/2020\/03\/le-livre-de-mes-reves-p2-152.jpg 550w, https:\/\/www.cgjung.net\/espace\/wp-content\/uploads\/2020\/03\/le-livre-de-mes-reves-p2-152-300x109.jpg 300w\" sizes=\"auto, (max-width: 550px) 100vw, 550px\" \/><\/p>\n<h2>La relation Fellini \/ Jung<\/h2>\n<p>Fellini n&rsquo;a jamais rencontr\u00e9 Jung.\u00a0 Il a \u00e9prouv\u00e9 un vif int\u00e9r\u00eat pour son \u0153uvre et a visit\u00e9 <a href=\"https:\/\/www.cgjung.net\/tour\/index.htm\">la tour de Bollingen<\/a>. Quelques ann\u00e9es plus tard il \u00e9voque sa visite \u00e0 son ami Georges Simenon dans l&rsquo;ouvrage <em>Carissimo Simenon &#8211; Mon cher Fellini<\/em>, <a href=\"https:\/\/www.cgjung.net\/publications\/federico-fellini-georges-simenon-carl-gustav-jung.htm\">voici un aper\u00e7u de leurs \u00e9changes<\/a>.<\/p>\n<h1><a id=\"eb\"><\/a>Ernts Bernhard<\/h1>\n<p><img loading=\"lazy\" decoding=\"async\" class=\"alignright size-full wp-image-11274\" src=\"https:\/\/www.cgjung.net\/espace\/wp-content\/uploads\/2020\/03\/ernst-bernhard.jpg\" alt=\"\" width=\"150\" height=\"133\" \/>Ernst Bernhard est n\u00e9 \u00e0 Berlin en 1896, sa famille est d&rsquo;origine juive. M\u00e9decin p\u00e9diatre, il devient psychanalyste et adh\u00e8re d\u00e8s 1913 \u00e0 l&rsquo;Association Internationale de Psychanalyse. Dans les ann\u00e9es 1930 il rencontre C.G. Jung et pratique alors l&rsquo;analyse jungienne.<\/p>\n<p>Les mesures anti-juives promulgu\u00e9es par les nazis les contraignent, lui et sa femme Dora, \u00e0 fuir l&rsquo;Allemagne. Ils trouvent refuge en Italie et r\u00e9sident \u00e0 Rome d\u00e8s 1936. Ils \u00e9chappent de peu \u00e0 la d\u00e9portation et peuvent librement exercer leurs activit\u00e9s apr\u00e8s la lib\u00e9ration.<\/p>\n<p>Avec son \u00e9pouse, ils fondent en 1939 un club sur le mod\u00e8le de celui existant \u00e0 Zurich. Ils sont les seuls italiens \u00e0 faire partie des membres de l&rsquo;IAAP (International Association for Analytical Psychology) \u00e0 sa cr\u00e9ation, en 1955. En 1961 Ernst Bernard, accompagn\u00e9 des premiers analystes jungiens italiens &#8211; dont sa femme Dora- forme l&rsquo;AIPA (Associazione Italiana di Psicologia Analitica), membre de l&rsquo;IAAP, il devient son premier pr\u00e9sident.<\/p>\n<p>Il fut l&rsquo;analyste de Frederico Fellini qui s&rsquo;est appuy\u00e9 sur ses connaissances pour tenir <a href=\"#lr\">son livre de r\u00eaves<\/a>.<\/p>\n<p>Il meurt en 1965 \u00e0 l&rsquo;\u00e2ge de 69 ans, sa femme d\u00e9c\u00e8de en 1998 \u00e0 l&rsquo;\u00e2ge de 102 ans.<\/p>\n","protected":false},"excerpt":{"rendered":"<p>Le fac-simil\u00e9 Le Livre de mes r\u00eaves regroupe les carnets de r\u00eaves de Frederico Fellini qui t\u00e9moignent de l&rsquo;importance et du r\u00f4le qu&rsquo;ont jou\u00e9 les r\u00eaves dans la vie du cin\u00e9aste italien. C&rsquo;est sur les conseils d&rsquo;Ernst Bernhard, analyste jungien italien, que le 30 novembre 1960 -il est \u00e2g\u00e9 de 40 ans- Fellini commence \u00e0 [&hellip;]<\/p>\n","protected":false},"author":1,"featured_media":0,"parent":9713,"menu_order":18,"comment_status":"closed","ping_status":"closed","template":"","meta":{"footnotes":""},"class_list":["post-11229","page","type-page","status-publish","hentry"],"_links":{"self":[{"href":"https:\/\/www.cgjung.net\/espace\/wp-json\/wp\/v2\/pages\/11229","targetHints":{"allow":["GET"]}}],"collection":[{"href":"https:\/\/www.cgjung.net\/espace\/wp-json\/wp\/v2\/pages"}],"about":[{"href":"https:\/\/www.cgjung.net\/espace\/wp-json\/wp\/v2\/types\/page"}],"author":[{"embeddable":true,"href":"https:\/\/www.cgjung.net\/espace\/wp-json\/wp\/v2\/users\/1"}],"replies":[{"embeddable":true,"href":"https:\/\/www.cgjung.net\/espace\/wp-json\/wp\/v2\/comments?post=11229"}],"version-history":[{"count":57,"href":"https:\/\/www.cgjung.net\/espace\/wp-json\/wp\/v2\/pages\/11229\/revisions"}],"predecessor-version":[{"id":13079,"href":"https:\/\/www.cgjung.net\/espace\/wp-json\/wp\/v2\/pages\/11229\/revisions\/13079"}],"up":[{"embeddable":true,"href":"https:\/\/www.cgjung.net\/espace\/wp-json\/wp\/v2\/pages\/9713"}],"wp:attachment":[{"href":"https:\/\/www.cgjung.net\/espace\/wp-json\/wp\/v2\/media?parent=11229"}],"curies":[{"name":"wp","href":"https:\/\/api.w.org\/{rel}","templated":true}]}}