{"id":11177,"date":"2020-05-30T06:03:55","date_gmt":"2020-05-30T04:03:55","guid":{"rendered":"https:\/\/www.cgjung.net\/espace\/?page_id=11177"},"modified":"2020-12-09T08:59:37","modified_gmt":"2020-12-09T07:59:37","slug":"clefs-du-reve","status":"publish","type":"page","link":"https:\/\/www.cgjung.net\/espace\/cg-jung\/clefs-du-reve\/","title":{"rendered":"Les clefs du r\u00eave"},"content":{"rendered":"<p style=\"text-align: justify;\"><strong>Pour interpr\u00e9ter les r\u00eaves il est n\u00e9cessaire de disposer de quelques clefs : en d\u00e9tailler les diff\u00e9rentes phases, examiner les s\u00e9ries de r\u00eaves et voir comment la compensation agit.<\/strong><\/p>\n<p><img loading=\"lazy\" decoding=\"async\" class=\"size-full wp-image-11180 aligncenter\" src=\"https:\/\/www.cgjung.net\/espace\/wp-content\/uploads\/2020\/03\/clefs-du-reve.jpg\" alt=\"\" width=\"307\" height=\"400\" srcset=\"https:\/\/www.cgjung.net\/espace\/wp-content\/uploads\/2020\/03\/clefs-du-reve.jpg 307w, https:\/\/www.cgjung.net\/espace\/wp-content\/uploads\/2020\/03\/clefs-du-reve-230x300.jpg 230w\" sizes=\"auto, (max-width: 307px) 100vw, 307px\" \/><\/p>\n<p>&nbsp;<\/p>\n<h2 style=\"text-align: justify;\">Les r\u00eaves naissent dans un esprit qui n&rsquo;est pas tout \u00e0 fait humain<\/h2>\n<p style=\"text-align: justify;\">Selon Carl Gustav Jung les r\u00eaves \u00ab\u00a0naissent dans un esprit qui n\u2019est pas tout \u00e0 fait humain\u00a0\u00bb. Ils ressemblent \u00ab\u00a0plut\u00f4t \u00e0 un murmure de la nature\u00a0\u00bb qu\u2019\u00e0 nos belles constructions logiques.<br \/>\n<span style=\"font-size: 10pt;\"><a href=\"https:\/\/www.cgjung.net\/oeuvre\/homme_symboles.htm\">L\u2019homme et ses symboles<\/a>, p. 51<\/span><\/p>\n<p style=\"text-align: justify;\">Face aux r\u00eaves, on se trouve dans le cas du chercheur qui s\u2019attacherait \u00e0 l\u2019\u00e9tude d\u2019\u00e9v\u00e9nements dont il lui serait impossible de d\u00e9montrer le sens et la r\u00e9gularit\u00e9.<\/p>\n<h2>Les diff\u00e9rentes phases du r\u00eave<\/h2>\n<p style=\"text-align: justify;\">Dans un nombre important de r\u00eaves d\u2019apparence complexe, une structure commune apparait. Elle ressemble \u00e0 celle d\u2019un drame avec phase d\u2019exposition, phase d\u2019action, phase de culmination ou p\u00e9rip\u00e9tie et&nbsp; d\u00e9nouement.<\/p>\n<p>Jung d\u00e9taille les diff\u00e9rentes phases :<\/p>\n<blockquote><p>\u00ab\u00a0Je vous livrerai ici un sch\u00e9ma qu\u2019il est possible d\u2019appliquer dans la plupart des cas :<br \/>\nSituation : lieu et temps.<br \/>\nExposition : pr\u00e9sentation du probl\u00e8me.<br \/>\nP\u00e9rip\u00e9tie : pr\u00e9sentation de l\u2019action, surgissement de la catastrophe.<br \/>\nLyse : r\u00e9sultat du r\u00eave, conclusion significative. Repr\u00e9sentation compensatoire de l\u2019action du r\u00eave.\u00a0\u00bb<br \/>\n<a href=\"https:\/\/www.cgjung.net\/oeuvre\/interp_reves.htm\">Sur l&rsquo;interpr\u00e9tation des r\u00eaves<\/a>, p. 47<\/p><\/blockquote>\n<p style=\"text-align: justify;\">Pr\u00e9cisons que les r\u00eaves contiennent des aspects positifs et des aspects n\u00e9gatifs.<\/p>\n<h2>Les s\u00e9ries de r\u00eaves<\/h2>\n<p style=\"text-align: justify;\">Jung a privil\u00e9gi\u00e9 les s\u00e9ries de r\u00eaves, esp\u00e9rant ainsi diminuer l\u2019incertitude:<\/p>\n<blockquote>\n<p style=\"text-align: justify;\">\u00ab\u00a0Si faire se peut, je n\u2019interpr\u00e8te jamais un r\u00eave isol\u00e9ment. En r\u00e8gle g\u00e9n\u00e9rale, un r\u00eave appartient \u00e0 une s\u00e9rie de r\u00eaves.<\/p>\n<p style=\"text-align: justify;\">De m\u00eame que dans le conscient, il existe une continuit\u00e9, abstraction faite qu\u2019elle est r\u00e9guli\u00e8rement interrompue par le sommeil, de m\u00eame il existe apparemment une continuit\u00e9 dans la suite des processus inconscients.<\/p>\n<p style=\"text-align: justify;\">Cette continuit\u00e9 dont font preuve les d\u00e9roulements inconscients&nbsp; est peut-\u00eatre encore plus marqu\u00e9e que dans les ph\u00e9nom\u00e8nes conscients.<br \/>\n<a href=\"https:\/\/www.cgjung.net\/oeuvre\/psychologie_religion.htm\"><span style=\"font-size: 10pt;\">Psychologie et Religion<\/span><\/a><span style=\"font-size: 10pt;\">, p. 58<\/span><\/p>\n<\/blockquote>\n<p style=\"text-align: justify;\">A la faveur de la s\u00e9rie, il est possible de mieux suivre le discours du r\u00eave et de contr\u00f4ler les interpr\u00e9tations, les r\u00eaves eux-m\u00eames s\u2019en chargeant par des corrections et des r\u00e9ajustements.<\/p>\n<h2>La compensation dans les r\u00eaves<\/h2>\n<p style=\"text-align: justify;\">Les contenus de l&rsquo;inconscient r\u00e9\u00e9quilibrent la situation de la vie consciente :<\/p>\n<blockquote>\n<p style=\"text-align: justify;\">\u00ab\u00a0Si l\u2019attitude consciente \u00e0 l\u2019\u00e9gard d\u2019une situation donn\u00e9e de la vie est fortement unilat\u00e9rale, le r\u00eave adopte un parti oppos\u00e9.<\/p>\n<p style=\"text-align: justify;\">Si la conscience se tient aux environs du <em>juste milieu<\/em>, le r\u00eave se contente d\u2019exprimer des variantes. Si l\u2019attitude de la conscience enfin est ad\u00e9quate, le r\u00eave co\u00efncide avec cette attitude et en souligne les tendances sans perdre pour autant l\u2019autonomie qui lui est propre.\u00a0\u00bb<br \/>\n<span style=\"font-size: 10pt;\"><a href=\"https:\/\/www.cgjung.net\/oeuvre\/guerison_psychologique.htm\">La gu\u00e9rison psychologique<\/a>, p. 70<\/span><\/p>\n<\/blockquote>\n<h2>La synchronicit\u00e9 dans les r\u00eaves<\/h2>\n<p style=\"text-align: justify;\">Jung a d\u00e9fini la synchronicit\u00e9 comme une co\u00efncidence temporelle de deux ou plusieurs \u00e9v\u00e9nements, sans lien causal, mais rev\u00eatus d\u2019un sens identique ou analogue.<\/p>\n<p style=\"text-align: justify;\">On constate de telles simultan\u00e9it\u00e9s dans le domaine onirique lorsque des r\u00eaves semblent avoir une relation par le sens avec un \u00e9v\u00e9nement de la vie ext\u00e9rieure, relation non pas lin\u00e9aire mais transversale.<\/p>\n<p><em>Une partie des textes et des citations sont extraits de la page <a href=\"https:\/\/www.cgjung.net\/espace\/cg-jung\/interpretation-des-reves\/\">L\u2019interpr\u00e9tation des r\u00eaves<\/a>.<\/em><\/p>\n<p style=\"text-align: right;\"><a href=\"https:\/\/www.cgjung.net\/espace\/cg-jung\/analyse-reves-selon-jung\/\">Article pr\u00e9c\u00e9dent<\/a>&nbsp;| <a href=\"https:\/\/www.cgjung.net\/espace\/cg-jung\/obligations-analyste-jungien\/\">Article suivant<\/a><\/p>\n","protected":false},"excerpt":{"rendered":"<p>Pour interpr\u00e9ter les r\u00eaves il est n\u00e9cessaire de disposer de quelques clefs : en d\u00e9tailler les diff\u00e9rentes phases, examiner les s\u00e9ries de r\u00eaves et voir comment la compensation agit. &nbsp; Les r\u00eaves naissent dans un esprit qui n&rsquo;est pas tout \u00e0 fait humain Selon Carl Gustav Jung les r\u00eaves \u00ab\u00a0naissent dans un esprit qui n\u2019est [&hellip;]<\/p>\n","protected":false},"author":1,"featured_media":0,"parent":110,"menu_order":504,"comment_status":"closed","ping_status":"closed","template":"","meta":{"footnotes":""},"class_list":["post-11177","page","type-page","status-publish","hentry"],"_links":{"self":[{"href":"https:\/\/www.cgjung.net\/espace\/wp-json\/wp\/v2\/pages\/11177","targetHints":{"allow":["GET"]}}],"collection":[{"href":"https:\/\/www.cgjung.net\/espace\/wp-json\/wp\/v2\/pages"}],"about":[{"href":"https:\/\/www.cgjung.net\/espace\/wp-json\/wp\/v2\/types\/page"}],"author":[{"embeddable":true,"href":"https:\/\/www.cgjung.net\/espace\/wp-json\/wp\/v2\/users\/1"}],"replies":[{"embeddable":true,"href":"https:\/\/www.cgjung.net\/espace\/wp-json\/wp\/v2\/comments?post=11177"}],"version-history":[{"count":17,"href":"https:\/\/www.cgjung.net\/espace\/wp-json\/wp\/v2\/pages\/11177\/revisions"}],"predecessor-version":[{"id":15054,"href":"https:\/\/www.cgjung.net\/espace\/wp-json\/wp\/v2\/pages\/11177\/revisions\/15054"}],"up":[{"embeddable":true,"href":"https:\/\/www.cgjung.net\/espace\/wp-json\/wp\/v2\/pages\/110"}],"wp:attachment":[{"href":"https:\/\/www.cgjung.net\/espace\/wp-json\/wp\/v2\/media?parent=11177"}],"curies":[{"name":"wp","href":"https:\/\/api.w.org\/{rel}","templated":true}]}}