{"id":11139,"date":"2020-03-20T18:46:41","date_gmt":"2020-03-20T17:46:41","guid":{"rendered":"https:\/\/www.cgjung.net\/espace\/?page_id=11139"},"modified":"2020-05-18T07:06:48","modified_gmt":"2020-05-18T05:06:48","slug":"reves-selon-freud-et-jung","status":"publish","type":"page","link":"https:\/\/www.cgjung.net\/espace\/cg-jung\/reves-selon-freud-et-jung\/","title":{"rendered":"L&rsquo;interpr\u00e9tation des r\u00eaves selon Freud et Jung"},"content":{"rendered":"<p style=\"text-align: justify;\"><strong>Pour Freud le r\u00eave dissimule le message qu&rsquo;il v\u00e9hicule alors que pour Jung le r\u00eave est un \u00e9v\u00e9nement naturel.<\/strong><\/p>\n<p><img loading=\"lazy\" decoding=\"async\" class=\"aligncenter wp-image-1018\" src=\"https:\/\/www.cgjung.net\/espace\/wp-content\/uploads\/2015\/11\/e-phe-me-vision-re-ve-1.jpeg\" alt=\"\" width=\"400\" height=\"289\" srcset=\"https:\/\/www.cgjung.net\/espace\/wp-content\/uploads\/2015\/11\/e-phe-me-vision-re-ve-1.jpeg 640w, https:\/\/www.cgjung.net\/espace\/wp-content\/uploads\/2015\/11\/e-phe-me-vision-re-ve-1-300x217.jpeg 300w\" sizes=\"auto, (max-width: 400px) 100vw, 400px\" \/><\/p>\n<h2>Le r\u00eave selon Freud et Jung<\/h2>\n<p style=\"text-align: justify;\">Sigmund Freud a, selon C.G. Jung, entrepris une d\u00e9marche courageuse pour donner un sens au r\u00eave. Freud pense que les r\u00eaves, tout comme les n\u00e9vros\u00e9s, sont dissimulateurs. Il \u00e9crit :<\/p>\n<blockquote>\n<p style=\"text-align: justify;\">\u00ab\u00a0Si le contenu latent de mon r\u00eave est ainsi d\u00e9form\u00e9, d\u00e9form\u00e9 en son contraire \u2026 la d\u00e9formation est voulue, elle est un proc\u00e9d\u00e9 de dissimulation. [&#8230; Les r\u00eaves seraient alors] une simple fa\u00e7ade derri\u00e8re laquelle quelque chose est intentionnellement cach\u00e9\u00a0\u00bb.<br \/>\n<a href=\"https:\/\/www.cgjung.net\/oeuvre\/interp_reves.htm\"><span style=\"font-size: 10pt;\">L\u2019interpr\u00e9tation des r\u00eaves, p. 129<\/span><\/a><\/p>\n<\/blockquote>\n<p>Jung r\u00e9fute fermement cette vision de la psychologie onirique :<\/p>\n<blockquote>\n<p style=\"text-align: justify;\">\u00ab\u00a0Il n\u2019est pas douteux que les n\u00e9vros\u00e9s dissimulent des choses d\u00e9sagr\u00e9ables, tout comme le font probablement les gens normaux. Mais est-il l\u00e9gitime d\u2019\u00e9tendre une pareille conception \u00e0 un ph\u00e9nom\u00e8ne aussi normal et aussi r\u00e9pandu de par le monde que le r\u00eave ?<\/p>\n<p style=\"text-align: justify;\">Je doute que nous devions admettre qu\u2019un r\u00eave soit autre chose que ce qu\u2019il para\u00eet \u00eatre. [&#8230;] En d\u2019autres termes, je prends le r\u00eave pour ce qu\u2019il est.\u00a0\u00bb<br \/>\n<a href=\"https:\/\/www.cgjung.net\/oeuvre\/psychologie_religion.htm\"><span style=\"font-size: 10pt;\">Psychologie et religion<\/span><\/a><span style=\"font-size: 10pt;\">, p. 49<\/span><em><br \/>\n<\/em><\/p>\n<\/blockquote>\n<p style=\"text-align: justify;\">On peut dire, au sujet des techniques d\u2019interpr\u00e9tation des r\u00eaves de Jung, qu&rsquo;il continua le travail de Freud en l\u2019\u00e9largissant.<\/p>\n<h2>Le r\u00eave est un \u00e9v\u00e9nement naturel<\/h2>\n<p style=\"text-align: justify;\">Selon Jung, le r\u00eave est un \u00ab\u00a0\u00e9v\u00e9nement naturel\u00a0\u00bb. Pour lui, l\u2019inconscient est autonome, il a son projet et on ne voit aucune raison valable pour qu\u2019il soit une invention rus\u00e9e destin\u00e9e \u00e0 nous tromper.<\/p>\n<p style=\"text-align: justify;\">Le r\u00eave ne dissimule pas, il expose. C\u2019est pourquoi il faut \u00e9viter de l\u2019analyser avec trop de hardiesse ou de d\u00e9fiance. On doit simplement l\u2019accueillir tel qu\u2019il se pr\u00e9sente et le contempler pour, finalement, prendre conscience de ce qu\u2019il exprime dans sa totalit\u00e9.<\/p>\n<h2>R\u00eaves ordinaires et r\u00eaves importants<\/h2>\n<p style=\"text-align: justify;\">Jung distingue deux types de r\u00eaves :<\/p>\n<ul style=\"text-align: justify;\">\n<li>Ceux qui peuvent trouver une explication dans les faits de la vie quotidienne, et proviennent de la sph\u00e8re subjective et personnelle.<\/li>\n<li>les r\u00eaves importants, susceptibles de rester toute la vie dans le souvenir.<\/li>\n<\/ul>\n<p style=\"text-align: justify;\">Les r\u00eaves importants ont la particularit\u00e9 d&rsquo;inclure des motifs mythologiques arch\u00e9typiques ind\u00e9pendants de l\u2019\u00e9poque et du milieu dans lequel nous sommes n\u00e9s.<\/p>\n<p style=\"text-align: justify;\">Leur interpr\u00e9tation ne d\u00e9pend pas des exp\u00e9riences personnelles du r\u00eaveur mais d\u2019histoires mythiques contenant des tr\u00e9sors cach\u00e9s, des dragons, des m\u00e8res terribles, etc.<\/p>\n<h2>Les songes anodins<\/h2>\n<p style=\"text-align: justify;\">Il n\u2019y a pas d\u2019\u00e9chelle de valeurs entre les r\u00eaves d\u2019une grande richesse symbolique et les r\u00eaves ordinaires. Des songes apparemment anodins sont susceptibles, en particulier dans une s\u00e9rie, de se r\u00e9v\u00e9ler comme \u00e9tant l\u2019ombre de choses plus importantes. Jung nous dit :<\/p>\n<blockquote>\n<p style=\"text-align: justify;\">\u00ab\u00a0Les images banales, dans le r\u00eave, sont, quant \u00e0 leur fondement arch\u00e9typique, presque toujours plus instructives et d\u2019une plus grande force d\u00e9monstrative que les r\u00eaves \u00e0 teneur mythologique, que l\u2019on peut toujours suspecter d\u2019\u00eatre inspir\u00e9s par une lecture.\u00a0\u00bb<br \/>\n<span style=\"font-size: 10pt;\"><a href=\"https:\/\/www.cgjung.net\/oeuvre\/correspondance_1950_1954.htm\">Correspondance, tome 3<\/a>, p. 68<\/span><\/p>\n<\/blockquote>\n<p style=\"text-align: justify;\">Par leur banalit\u00e9 m\u00eame, ils poss\u00e8dent un grand caract\u00e8re d\u2019authenticit\u00e9.<\/p>\n<p><em>Une partie des textes et des citations sont extraits de la page <a href=\"https:\/\/www.cgjung.net\/espace\/cg-jung\/interpretation-des-reves\/\">L\u2019interpr\u00e9tation des r\u00eaves<\/a>.<\/em><\/p>\n<p style=\"text-align: right;\"><a href=\"https:\/\/www.cgjung.net\/espace\/cg-jung\/jung-et-les-reves\/\">Article pr\u00e9c\u00e9dent<\/a>\u00a0| <a href=\"https:\/\/www.cgjung.net\/espace\/cg-jung\/analyse-reves-selon-jung\/\">Article suivant<\/a><\/p>\n","protected":false},"excerpt":{"rendered":"<p>Pour Freud le r\u00eave dissimule le message qu&rsquo;il v\u00e9hicule alors que pour Jung le r\u00eave est un \u00e9v\u00e9nement naturel. Le r\u00eave selon Freud et Jung Sigmund Freud a, selon C.G. Jung, entrepris une d\u00e9marche courageuse pour donner un sens au r\u00eave. Freud pense que les r\u00eaves, tout comme les n\u00e9vros\u00e9s, sont dissimulateurs. Il \u00e9crit : [&hellip;]<\/p>\n","protected":false},"author":1,"featured_media":0,"parent":110,"menu_order":484,"comment_status":"closed","ping_status":"closed","template":"","meta":{"footnotes":""},"class_list":["post-11139","page","type-page","status-publish","hentry"],"_links":{"self":[{"href":"https:\/\/www.cgjung.net\/espace\/wp-json\/wp\/v2\/pages\/11139","targetHints":{"allow":["GET"]}}],"collection":[{"href":"https:\/\/www.cgjung.net\/espace\/wp-json\/wp\/v2\/pages"}],"about":[{"href":"https:\/\/www.cgjung.net\/espace\/wp-json\/wp\/v2\/types\/page"}],"author":[{"embeddable":true,"href":"https:\/\/www.cgjung.net\/espace\/wp-json\/wp\/v2\/users\/1"}],"replies":[{"embeddable":true,"href":"https:\/\/www.cgjung.net\/espace\/wp-json\/wp\/v2\/comments?post=11139"}],"version-history":[{"count":20,"href":"https:\/\/www.cgjung.net\/espace\/wp-json\/wp\/v2\/pages\/11139\/revisions"}],"predecessor-version":[{"id":12904,"href":"https:\/\/www.cgjung.net\/espace\/wp-json\/wp\/v2\/pages\/11139\/revisions\/12904"}],"up":[{"embeddable":true,"href":"https:\/\/www.cgjung.net\/espace\/wp-json\/wp\/v2\/pages\/110"}],"wp:attachment":[{"href":"https:\/\/www.cgjung.net\/espace\/wp-json\/wp\/v2\/media?parent=11139"}],"curies":[{"name":"wp","href":"https:\/\/api.w.org\/{rel}","templated":true}]}}