{"id":11068,"date":"2020-03-17T18:05:36","date_gmt":"2020-03-17T17:05:36","guid":{"rendered":"https:\/\/www.cgjung.net\/espace\/?page_id=11068"},"modified":"2023-05-10T17:06:19","modified_gmt":"2023-05-10T15:06:19","slug":"bienfaits-introversion","status":"publish","type":"page","link":"https:\/\/www.cgjung.net\/espace\/accueil\/bienfaits-introversion\/","title":{"rendered":"Les bienfaits de l&rsquo;introversion"},"content":{"rendered":"<p><strong>A l&rsquo;heure o\u00f9 sont prises des mesures de confinement li\u00e9es \u00e0 la propagation du Covid-19 \u00e0 l\u2019\u00e9chelle mondiale, une possibilit\u00e9 nous est offerte de go\u00fbter aux bienfaits de l&rsquo;introversion.<\/strong><\/p>\n<p><img loading=\"lazy\" decoding=\"async\" class=\"size-full wp-image-11110 aligncenter\" src=\"https:\/\/www.cgjung.net\/espace\/wp-content\/uploads\/2020\/03\/bienfaits-de-l-introversion.jpg\" alt=\"\" width=\"550\" height=\"315\" \/><\/p>\n<h2>L&rsquo;introversion n&rsquo;est pas synonyme de repli sur soi<\/h2>\n<p>Le grand public et les m\u00e9dias associent la plupart du temps l&rsquo;introversion au repli sur soi, \u00e0 une attitude maladive. Ce n&rsquo;est bien \u00e9videmment pas le cas et l&rsquo;on compte parmi les extravertis, et dans des proportions voisines, bon nombre de personnes repli\u00e9es sur elle-m\u00eame et autocentr\u00e9es.<\/p>\n<p>Chacun de nous a la possibilit\u00e9 de se tourner vers la vie int\u00e9rieure. Les extravertis d\u00e9couvrent le plus souvent leur monde int\u00e9rieur par le biais de lectures ou de rencontres ext\u00e9rieures. Les \u00e9v\u00e9nements de la vie les contraignent parfois \u00e0 un retour sur soi b\u00e9n\u00e9fique. Lorsqu&rsquo;ils comprennent l&rsquo;importance de la vie int\u00e9rieure, ils deviennent les meilleurs ambassadeurs de l&rsquo;introversion.<\/p>\n<h2>Extraversion et introversion<\/h2>\n<p>Nul n&rsquo;est totalement introverti ou extraverti. C.G. Jung qui a d\u00e9fini les concepts d&rsquo;extraversion et d&rsquo;introversion dans son ouvrage <a href=\"https:\/\/www.cgjung.net\/oeuvre\/types_psychologiques.htm\">Les types psychologiques<\/a>,&nbsp; l&rsquo;indique tr\u00e8s clairement. Marie-Louise von Franz, dans son livre <a href=\"https:\/\/www.cgjung.net\/mlvf\/oeuvre\/psychotherapie.htm\">Psychoth\u00e9rapie<\/a>, plus accessible et didactique, pr\u00e9cise les diff\u00e9rences d&rsquo;attitude:<\/p>\n<blockquote><p>\u00ab\u00a0Chez l&rsquo;extraverti, la libido consciente se dirige habituellement vers l&rsquo;objet, mais il y a en retour une secr\u00e8te r\u00e9action inconsciente vers le sujet.<\/p>\n<p>Dans le cas de l&rsquo;introverti, c&rsquo;est l&rsquo;inverse qui se produit : il a le sentiment qu&rsquo;un objet envahissant cherche sans cesse \u00e0 l&rsquo;affecter et qu&rsquo;il doit continuellement s&rsquo;en \u00e9loigner. Tout lui tombe dessus ; il est constamment submerg\u00e9 par des impressions, mais il ne se rend pas compte qu&rsquo;il renvoie secr\u00e8tement de l&rsquo;\u00e9nergie psychique \u00e0 l&rsquo;objet par l&rsquo;interm\u00e9diaire de son extraversion inconsciente.\u00a0\u00bb p. 27\/28<\/p><\/blockquote>\n<h2>Un lieu propice \u00e0 la r\u00e9flexion<\/h2>\n<p>Les \u00eatres humains de grande envergure sont tous familiers de moments d&rsquo;introversion profonde. Jung, pour sa part, s&rsquo;est souvent retir\u00e9, plusieurs semaines durant, <a href=\"https:\/\/www.cgjung.net\/tour\/index.htm\">dans sa tour de Bollingen<\/a> situ\u00e9e en bordure du lac de Zurich. <a href=\"https:\/\/www.cgjung.net\/mlvf\/index.htm\">Marie-Louise von Franz<\/a>, l&rsquo;une de ses plus proches collaboratrices, lui a embo\u00eet\u00e9 le pas <a href=\"https:\/\/www.cgjung.net\/tour\/tour_marie_louise_von_franz.htm\">dans la tour qu&rsquo;elle a \u00e9difi\u00e9e<\/a> sur les coteaux de ce m\u00eame village suisse.<\/p>\n<p>Ces lieux, propices au retour sur soi, font fuir la plupart de nos contemporains. Ceux-ci pr\u00e9f\u00e8rent s&rsquo;agglutiner dans des espaces exigus, c\u00f4toyer des milliers de personnes. Les liens \u00e0 partir d&rsquo;internet leurs sont indispensables. Reli\u00e9s \u00e0 un monde hyperconnect\u00e9, il sont le plus souvent compl\u00e8tement d\u00e9connect\u00e9s de toute r\u00e9alit\u00e9 et en totale solitude. L&rsquo;extraversion est ici pouss\u00e9e \u00e0 son maximum.<\/p>\n<p>La promiscuit\u00e9 est malheureusement le seul choix pour certains. Nombreuses sont les personnes qui occupent des logements trop exigus, ou qui sont contraintes de survivre dans des camps de fortune, sans oublier ceux qui n&rsquo;ont pas d&rsquo;autre domicile que la rue.<\/p>\n<h2>La n\u00e9cessit\u00e9 de disposer d&rsquo;un espace personnel<\/h2>\n<p>Am\u00e9nager un espace personnel favorable au travail sur soi, \u00e0 la m\u00e9ditation ou au recueillement, est une n\u00e9cessit\u00e9. Cet espace doit \u00eatre inviolable, respect\u00e9 de l&rsquo;entourage. Dans la plupart des cas cela est possible: un simple rideau peut cloisonner une pi\u00e8ce dans un appartement situ\u00e9 en plein c\u0153ur de nos cit\u00e9s.<\/p>\n<p>Cette n\u00e9cessit\u00e9<span style=\"color: #ff0000;\"><span style=\"color: #000000;\"> est du m\u00eame ordre que le besoin<\/span><\/span> d&rsquo;\u00eatre raccord\u00e9 aux diff\u00e9rents r\u00e9seaux: eau, assainissement, \u00e9lectricit\u00e9, internet etc. C&rsquo;est un moyen indispensable pour favoriser la diff\u00e9renciation et le d\u00e9veloppement des individus.<\/p>\n<blockquote><p>\u00ab\u00a0C&rsquo;est l&rsquo;individu qui, en tant que donn\u00e9e irrationnelle, est le v\u00e9ritable porteur de la r\u00e9alit\u00e9. C&rsquo;est dire que c&rsquo;est l&rsquo;individu qui est l&rsquo;homme concret, par opposition \u00e0 l&rsquo;homme normal ou \u00e0 l&rsquo;homme id\u00e9al&#8230;\u00a0\u00bb<br \/>\n<span style=\"font-size: 10pt;\">C.G. Jung, <a href=\"https:\/\/www.cgjung.net\/oeuvre\/present_et_avenir_poche.htm\">Pr\u00e9sent et avenir<\/a>, p. 20<\/span><\/p><\/blockquote>\n<h2>Se tenir \u00e0 bonne distance<\/h2>\n<p>Jung n&rsquo;a cess\u00e9 sa vie durant de souligner les dangers li\u00e9s \u00e0 la massification. L&rsquo;\u00e9pisode de confinement (2020) nous oblige \u00e0 prendre toute une s\u00e9rie de mesures, dont l&rsquo;une d&rsquo;elles consiste \u00e0 se tenir \u00e0 une certaine distance des personnes que nous rencontrons.<\/p>\n<p>Nombreuses sont les personnes qui empi\u00e8tent, voire envahissent notre territoire, et sont contagieuses. Elles peuvent l&rsquo;\u00eatre lors d&rsquo;\u00e9pisodes de transmission de virus (grippe, etc.) qui sont des ph\u00e9nom\u00e8nes naturels auxquels il est difficile d&rsquo;\u00e9chapper, mais plus insidieusement sous d&rsquo;autres formes et dans la vie de tous les jours.<\/p>\n<h2>Les virus sur le plan symbolique<\/h2>\n<p>Les virus sur un plan symbolique, mais tout aussi r\u00e9el, regroupent des charges affectives compos\u00e9es d&rsquo;affects, d&rsquo;id\u00e9es, d&rsquo;images, de pens\u00e9es, infond\u00e9es et n\u00e9gatives. Elles se propagent et nous contaminent.<\/p>\n<p>Les porteurs sont souvent des sujets sains dits \u00ab\u00a0normaux\u00a0\u00bb. Or leur toxicit\u00e9 est av\u00e9r\u00e9e et, \u00e0 notre tour, nous courrons \u00e0 leur contact le risque d&rsquo;\u00eatre contamin\u00e9s et de transmettre, en toute inconscience, ces charges n\u00e9gatives.<\/p>\n<h2>Les antidotes<\/h2>\n<p>Les r\u00eaves sont comme une <em>newsletter<\/em> quotidienne \u00e0 laquelle nous sommes abonn\u00e9s. Les informations re\u00e7ues nous concernent au premier chef. Prendre le temps de les noter, d&rsquo;y ajouter croquis ou dessins, de les placer dans le contexte du moment, de les analyser, sont le plus s\u00fbr moyen de faire contrepoids \u00e0 tous les \u00e9l\u00e9ments qui nous assaillent de l&rsquo;ext\u00e9rieur.<\/p>\n<p>S&rsquo;ajoutent les synchronicit\u00e9s qui jalonnent nos trajets de vie et qui ne manquent pas de nous surprendre, alors qu&rsquo;on s&rsquo;y attend le moins. Elles font \u00e9cho au lien qui existe entre mati\u00e8re et psych\u00e9.<\/p>\n<p>Une juste distance avec autrui et avec les \u00e9v\u00e9nements ext\u00e9rieurs doit \u00eatre observ\u00e9e. Elle favorise l&rsquo;alt\u00e9rit\u00e9, la diff\u00e9renciation. Chacun, ainsi, occupe sa juste place et est reli\u00e9 plus fortement et durablement aux autres.<\/p>\n<p>Il nous appartient de construire et de prot\u00e9ger notre espace int\u00e9rieur !<\/p>\n<p style=\"text-align: right;\"><em>Mars 2020<\/em><\/p>\n<p><a href=\"https:\/\/www.cgjung.net\/contact.htm\"><strong>Adresser un message \u00e0 Jean-Pierre Robert<\/strong><\/a><\/p>\n<p>&nbsp;<\/p>\n<h2>Jean-Pierre Robert<\/h2>\n<p>Jean-Pierre Robert, fondateur du pr\u00e9sent site, assure la mise en ligne des contenus. Il est le r\u00e9dacteur de plusieurs articles, pr\u00e9sentation d\u2019ouvrages, entretiens et assure la mise en page du site.<\/p>\n<p>Il coanime <a href=\"https:\/\/www.cgjung.net\/espace\/seminaires\/\">des s\u00e9minaires de formation<\/a> avec des membres d&rsquo;Espace Francophone Jungien.<\/p>\n<p><em>Textes publi\u00e9s :<\/em><\/p>\n<ul>\n<li><a href=\"https:\/\/www.cgjung.net\/espace\/accueil\/jprobert\/qui-agit-dans-le-monde-numerique\/\">Qui agit dans le monde num\u00e9rique ?<\/a><\/li>\n<li><a href=\"https:\/\/www.cgjung.net\/espace\/accueil\/jprobert\/influence-des-contenus-numeriques\/\">Pourquoi les contenus num\u00e9riques nous influencent-ils autant ?<\/a><\/li>\n<li><a href=\"https:\/\/www.cgjung.net\/espace\/accueil\/jprobert\/technologie-devient-un-mythe\/\">Quand la technologie devient mythe<\/a><\/li>\n<li><a href=\"https:\/\/www.cgjung.net\/espace\/accueil\/jprobert\/ia-dans-nos-vies\/\">L\u2019intelligence artificielle dans nos vies<\/a> (visioconf\u00e9rence du 14\/01\/2026)<\/li>\n<li><a href=\"https:\/\/www.cgjung.net\/espace\/accueil\/jprobert\/150-ans\/\">150 ans apr\u00e8s la naissance de Jung<\/a><\/li>\n<li><a href=\"https:\/\/www.cgjung.net\/espace\/accueil\/jprobert\/contes-de-fees\/\">Que sont r\u00e9ellement les contes de f\u00e9es ?<\/a><\/li>\n<li><a href=\"https:\/\/www.cgjung.net\/espace\/accueil\/jprobert\/ombre-mal-technologie\/\">L&rsquo;ombre et le mal<\/a> (conf\u00e9rence du 26\/01\/2025)<\/li>\n<li><a href=\"https:\/\/www.cgjung.net\/espace\/accueil\/jprobert\/sabina-spielrein-fascine\/\">Sabina Spielrein fascine !<\/a><\/li>\n<li><a href=\"https:\/\/www.cgjung.net\/espace\/accueil\/jprobert\/intelligence-artificielle\/\">L&rsquo;intelligence artificielle et la psych\u00e9<\/a><\/li>\n<li><a href=\"https:\/\/www.cgjung.net\/espace\/accueil\/jprobert\/humain-ia\/\">Le d\u00e9fi de l&rsquo;Humain face \u00e0 l&rsquo;intelligence artificielle<\/a><\/li>\n<li><a href=\"https:\/\/www.cgjung.net\/espace\/accueil\/psychologie-carl-gustav-jung\/\">La psychologie de Carl Gustav Jung expliqu\u00e9e clairement<\/a><br \/>\navec Ariane Callot<\/li>\n<li><a href=\"https:\/\/www.cgjung.net\/espace\/accueil\/jung-projections\/\">C.G. Jung support id\u00e9al \u00e0 de multiples projections<\/a><\/li>\n<li><a href=\"https:\/\/www.cgjung.net\/espace\/accueil\/carl-gustav-jung-junichiro-tanizaki\/\">Carl Gustav Jung et Junichir\u00f4 Tanizaki font l\u2019\u00e9loge de l\u2019ombre<\/a><br \/>\navec Ariane Callot<\/li>\n<li><a href=\"https:\/\/www.cgjung.net\/espace\/accueil\/persona-reseaux-sociaux\/\">La persona et les r\u00e9seaux sociaux<\/a><\/li>\n<li><a href=\"https:\/\/www.cgjung.net\/espace\/accueil\/bienfaits-introversion\/\">Les bienfaits de l\u2019introversion<\/a><\/li>\n<\/ul>\n\n","protected":false},"excerpt":{"rendered":"<p>A l&rsquo;heure o\u00f9 sont prises des mesures de confinement li\u00e9es \u00e0 la propagation du Covid-19 \u00e0 l\u2019\u00e9chelle mondiale, une possibilit\u00e9 nous est offerte de go\u00fbter aux bienfaits de l&rsquo;introversion. L&rsquo;introversion n&rsquo;est pas synonyme de repli sur soi Le grand public et les m\u00e9dias associent la plupart du temps l&rsquo;introversion au repli sur soi, \u00e0 une [&hellip;]<\/p>\n","protected":false},"author":1,"featured_media":0,"parent":53,"menu_order":17,"comment_status":"closed","ping_status":"closed","template":"","meta":{"footnotes":""},"class_list":["post-11068","page","type-page","status-publish","hentry"],"_links":{"self":[{"href":"https:\/\/www.cgjung.net\/espace\/wp-json\/wp\/v2\/pages\/11068","targetHints":{"allow":["GET"]}}],"collection":[{"href":"https:\/\/www.cgjung.net\/espace\/wp-json\/wp\/v2\/pages"}],"about":[{"href":"https:\/\/www.cgjung.net\/espace\/wp-json\/wp\/v2\/types\/page"}],"author":[{"embeddable":true,"href":"https:\/\/www.cgjung.net\/espace\/wp-json\/wp\/v2\/users\/1"}],"replies":[{"embeddable":true,"href":"https:\/\/www.cgjung.net\/espace\/wp-json\/wp\/v2\/comments?post=11068"}],"version-history":[{"count":69,"href":"https:\/\/www.cgjung.net\/espace\/wp-json\/wp\/v2\/pages\/11068\/revisions"}],"predecessor-version":[{"id":21580,"href":"https:\/\/www.cgjung.net\/espace\/wp-json\/wp\/v2\/pages\/11068\/revisions\/21580"}],"up":[{"embeddable":true,"href":"https:\/\/www.cgjung.net\/espace\/wp-json\/wp\/v2\/pages\/53"}],"wp:attachment":[{"href":"https:\/\/www.cgjung.net\/espace\/wp-json\/wp\/v2\/media?parent=11068"}],"curies":[{"name":"wp","href":"https:\/\/api.w.org\/{rel}","templated":true}]}}