{"id":10995,"date":"2020-04-21T17:12:59","date_gmt":"2020-04-21T15:12:59","guid":{"rendered":"https:\/\/www.cgjung.net\/espace\/?page_id=10995"},"modified":"2020-06-12T07:46:28","modified_gmt":"2020-06-12T05:46:28","slug":"obligations-analyste-jungien","status":"publish","type":"page","link":"https:\/\/www.cgjung.net\/espace\/cg-jung\/obligations-analyste-jungien\/","title":{"rendered":"Les obligations de l&rsquo;analyste jungien"},"content":{"rendered":"<p style=\"text-align: justify;\"><strong>Pour Jung, la relation entre l&rsquo;analyste et le r\u00eaveur doit \u00eatre plus fond\u00e9e sur le Soi que sur le moi et former une boucle d&rsquo;\u00e9changes cr\u00e9atifs.<\/strong><\/p>\n<p style=\"text-align: justify;\"><img loading=\"lazy\" decoding=\"async\" class=\"aligncenter\" src=\"https:\/\/www.cgjung.net\/espace\/wp-content\/uploads\/2019\/02\/serie-de-reves.jpg\" alt=\"\" width=\"640\" height=\"480\" \/><\/p>\n<h2 style=\"text-align: justify;\">Celui qui est analys\u00e9 joue un r\u00f4le de premier plan<\/h2>\n<p style=\"text-align: justify;\">Pour Jung, celui qui est analys\u00e9 n\u2019est pas un \u00ab patient \u00bb, un \u00eatre passif, mais une personne active, un analysant qui se trouve dans une attitude d\u2019accueil et de dialogue vis-\u00e0-vis du discours \u00e9manant de ses r\u00eaves.<\/p>\n<h2 style=\"text-align: justify;\">L&rsquo;analyse est n\u00e9cessaire pour casser l\u2019unilat\u00e9ralit\u00e9 du Moi<\/h2>\n<p style=\"text-align: justify;\">Il existe une tr\u00e8s forte tendance du moi \u00e0 pers\u00e9v\u00e9rer dans une unilat\u00e9ralit\u00e9 dont les efforts pour \u00e9merger de l\u2019inconscience l\u2019ont conduit au stade d\u2019\u00e9volution o\u00f9 cette unilat\u00e9ralit\u00e9 lui semble n\u00e9cessaire \u00e0 sa survie.<\/p>\n<h2 style=\"text-align: justify;\">L&rsquo;analyste doit se garder d&rsquo;imposer son propre inconscient au r\u00eaveur<\/h2>\n<p style=\"text-align: justify;\">Pour que l\u2019interaction entre l\u2019analyste et l\u2019analysant soit constructive, il est essentiel que l\u2019analyste n\u2019impose pas son propre inconscient au r\u00eaveur.<\/p>\n<p style=\"text-align: justify;\">D\u2019o\u00f9 l\u2019importance du fait que l\u2019analyste ait, personnellement, reconnu et int\u00e9gr\u00e9 une grande partie des manifestations de son inconscient et de son ombre, et qu\u2019il n\u2019ait aucun d\u00e9sir d\u2019imposer une relation de pouvoir \u00e0 l\u2019analysant.<\/p>\n<h2 style=\"text-align: justify;\">Le Soi au centre de l&rsquo;analyse des r\u00eaves<\/h2>\n<p style=\"text-align: justify;\">L\u2019interaction entre l\u2019analyste et le r\u00eaveur est donc plus fond\u00e9e sur le Soi que sur le moi. Elle forme une boucle d\u2019\u00e9changes nourris par les apports du Soi et de l\u2019inconscient collectif.<\/p>\n<h2 style=\"text-align: justify;\">Il y a une grande diff\u00e9rence entre les analystes jungiens et freudiens<\/h2>\n<p style=\"text-align: justify;\">La relation entre analysant et analys\u00e9 est, pour le jungien, fondamentalement diff\u00e9rente de celle du freudien :<\/p>\n<ul style=\"text-align: justify;\">\n<li style=\"text-align: justify;\">l&rsquo;analyste freudien veut garder une distance vis-\u00e0-vis de son patient pour ne pas influencer la libre expression des refoulements remontant \u00e0 la conscience.<\/li>\n<li style=\"text-align: justify;\">l&rsquo;analyste jungien s\u2019implique beaucoup plus dans une relation o\u00f9, au lieu de rester assis invisible derri\u00e8re un patient allong\u00e9, il se place en face de lui comme dans une rencontre ordinaire.<\/li>\n<\/ul>\n<p style=\"text-align: justify;\">L&rsquo;analyste jungien se positionne \u00e0 l\u2019int\u00e9rieur de la situation analytique.<\/p>\n<h2 style=\"text-align: justify;\">L\u2019interaction analyste\/analysant est productrice d&rsquo;un changement<\/h2>\n<p style=\"text-align: justify;\">L\u2019analyste et l\u2019analysant sont li\u00e9s \u00e0 la mani\u00e8re de deux substances chimiques. Attir\u00e9s l\u2019un vers l\u2019autre par une sorte d\u2019affinit\u00e9, ils produisent ensemble un changement issu de leur interaction.<\/p>\n<p style=\"text-align: justify;\">Ceci comporte \u00e9videmment des dangers, des risques d\u2019alt\u00e9rations, de crises, de projections, de transferts, et m\u00eame de perte d\u2019identit\u00e9.<\/p>\n<p style=\"text-align: justify;\"><em>Une partie des textes et des citations sont extraits de la page <a href=\"https:\/\/www.cgjung.net\/espace\/cg-jung\/c-g-jung-et-les-series-de-reves\/\">C.G. Jung et les s\u00e9ries de r\u00eaves<\/a>.<\/em><\/p>\n<p style=\"text-align: right;\"><a href=\"https:\/\/www.cgjung.net\/espace\/cg-jung\/clefs-du-reve\/\">Article pr\u00e9c\u00e9dent<\/a>\u00a0| <a href=\"https:\/\/www.cgjung.net\/espace\/cg-jung\/c-g-jung-interpretation-series-reves\/\">Article suivant<\/a><\/p>\n","protected":false},"excerpt":{"rendered":"<p>Pour Jung, la relation entre l&rsquo;analyste et le r\u00eaveur doit \u00eatre plus fond\u00e9e sur le Soi que sur le moi et former une boucle d&rsquo;\u00e9changes cr\u00e9atifs. Celui qui est analys\u00e9 joue un r\u00f4le de premier plan Pour Jung, celui qui est analys\u00e9 n\u2019est pas un \u00ab patient \u00bb, un \u00eatre passif, mais une personne active, [&hellip;]<\/p>\n","protected":false},"author":1,"featured_media":0,"parent":110,"menu_order":514,"comment_status":"closed","ping_status":"closed","template":"","meta":{"footnotes":""},"class_list":["post-10995","page","type-page","status-publish","hentry"],"_links":{"self":[{"href":"https:\/\/www.cgjung.net\/espace\/wp-json\/wp\/v2\/pages\/10995","targetHints":{"allow":["GET"]}}],"collection":[{"href":"https:\/\/www.cgjung.net\/espace\/wp-json\/wp\/v2\/pages"}],"about":[{"href":"https:\/\/www.cgjung.net\/espace\/wp-json\/wp\/v2\/types\/page"}],"author":[{"embeddable":true,"href":"https:\/\/www.cgjung.net\/espace\/wp-json\/wp\/v2\/users\/1"}],"replies":[{"embeddable":true,"href":"https:\/\/www.cgjung.net\/espace\/wp-json\/wp\/v2\/comments?post=10995"}],"version-history":[{"count":55,"href":"https:\/\/www.cgjung.net\/espace\/wp-json\/wp\/v2\/pages\/10995\/revisions"}],"predecessor-version":[{"id":13335,"href":"https:\/\/www.cgjung.net\/espace\/wp-json\/wp\/v2\/pages\/10995\/revisions\/13335"}],"up":[{"embeddable":true,"href":"https:\/\/www.cgjung.net\/espace\/wp-json\/wp\/v2\/pages\/110"}],"wp:attachment":[{"href":"https:\/\/www.cgjung.net\/espace\/wp-json\/wp\/v2\/media?parent=10995"}],"curies":[{"name":"wp","href":"https:\/\/api.w.org\/{rel}","templated":true}]}}