{"id":10991,"date":"2020-03-13T19:28:18","date_gmt":"2020-03-13T18:28:18","guid":{"rendered":"https:\/\/www.cgjung.net\/espace\/?page_id=10991"},"modified":"2020-03-20T18:47:53","modified_gmt":"2020-03-20T17:47:53","slug":"dialogues-reves","status":"publish","type":"page","link":"https:\/\/www.cgjung.net\/espace\/cg-jung\/dialogues-reves\/","title":{"rendered":"Les dialogues dans les r\u00eaves"},"content":{"rendered":"<p style=\"text-align: justify;\"><strong>Les dialogues sont bien pr\u00e9sents dans les r\u00eaves. Quelle importance ont-ils? Qui s&rsquo;exprime et quels sont les messages v\u00e9hicul\u00e9s? En guise de prologue, voici quelques points de r\u00e9flexion.<\/strong><\/p>\n<p><img loading=\"lazy\" decoding=\"async\" class=\" wp-image-1488 aligncenter\" src=\"https:\/\/www.cgjung.net\/espace\/wp-content\/uploads\/2016\/07\/theatre-des-reves-300x234.jpeg\" alt=\"\" width=\"371\" height=\"289\" srcset=\"https:\/\/www.cgjung.net\/espace\/wp-content\/uploads\/2016\/07\/theatre-des-reves-300x234.jpeg 300w, https:\/\/www.cgjung.net\/espace\/wp-content\/uploads\/2016\/07\/theatre-des-reves.jpeg 616w\" sizes=\"auto, (max-width: 371px) 100vw, 371px\" \/><\/p>\n<h2>\u00ab\u00a0ON\u00a0\u00bb parle dans les r\u00eaves<\/h2>\n<p style=\"text-align: justify;\">Parfois comme un murmure, parfois en de tonitruantes injonctions, \u00ab\u00a0ON\u00a0\u00bb parle dans les r\u00eaves.<\/p>\n<p style=\"text-align: justify;\">Quand il s&rsquo;agit d&rsquo;une s\u00e9rie de r\u00eaves, on peut la comparer, comme cela est fait dans les textes intitul\u00e9s\u00a0<a href=\"https:\/\/www.cgjung.net\/espace\/ariaga-ecrits-jung\/theatre-des-reves\/\">Th\u00e9\u00e2tre des r\u00eaves<\/a>, \u00e0 une longue pi\u00e8ce de th\u00e9\u00e2tre. Les paroles exprim\u00e9es, ou m\u00eame sous-entendues, sont l&rsquo;\u00e9mergence la plus visible du discours de l&rsquo;inconscient.<\/p>\n<h2>Le r\u00eave suit le sch\u00e9ma d&rsquo;une pi\u00e8ce de th\u00e9\u00e2tre<\/h2>\n<p style=\"text-align: justify;\">Dans une pi\u00e8ce de th\u00e9\u00e2tre il y a l&rsquo;histoire telle que l&rsquo;a \u00e9crite l&rsquo;auteur. Il y a aussi des personnages principaux qui racontent l&rsquo;histoire. Ils dialoguent, monologuent ou m\u00eame ne s&rsquo;expriment que par de br\u00e8ves onomatop\u00e9es.<\/p>\n<p style=\"text-align: justify;\">Le r\u00eave suit un sch\u00e9ma identique avec parfois aussi des r\u00e9cits, que l&rsquo;on pourrait appeler de seconde main, de ce qui a \u00e9t\u00e9 dit ou m\u00eame \u00e9crit.<\/p>\n<h2>Qui s&rsquo;exprime dans le r\u00eave ?<\/h2>\n<p style=\"text-align: justify;\">Celui qui s&rsquo;exprime est parfois le r\u00eaveur lui-m\u00eame. Il n&rsquo;est alors plus spectateur du r\u00eave, ce qui arrive souvent, mais acteur. Les autres peuvent \u00eatre des familiers ou des personnes rencontr\u00e9es mais identifi\u00e9es. On entend aussi la voix de groupes, tels des ch\u0153urs antiques. C&rsquo;est alors que le r\u00eave passe au stade du \u00ab\u00a0ON\u00a0\u00bb.<\/p>\n<p style=\"text-align: justify;\">Nous verrons qu&rsquo;il y a beaucoup \u00e0 dire sur le \u00ab\u00a0on dit que\u00a0\u00bb et sur les \u00ab\u00a0on\u00a0\u00bb\u00a0 car plus la voix qui s&rsquo;exprime semble inconnue plus elle est l&rsquo;expression de l&rsquo;inconscient et non de rappels de faits de la vie diurne.<\/p>\n<p style=\"text-align: justify;\">Parfois, une voix crie de fortes paroles, des injonctions venues d&rsquo;ailleurs. Ce n&rsquo;est plus du th\u00e9\u00e2tre c&rsquo;est la grande voix du Soi qui veut absolument se faire entendre.<\/p>\n<h2>Travail en cours<\/h2>\n<p style=\"text-align: justify;\">Je vais prendre pour exemple de ces dialogues oniriques les deux s\u00e9ries de r\u00eaves pr\u00e9sent\u00e9es dans mes <a href=\"https:\/\/www.cgjung.net\/espace\/cg-jung\/\">Recherches sur Jung<\/a> et <a href=\"https:\/\/www.cgjung.net\/espace\/ariaga-ecrits-jung\/\">\u00c9crits sur Jung.<\/a><\/p>\n<p>D&rsquo;une part la s\u00e9rie des r\u00eaves du Physicien W. Pauli\u00a0 que j&rsquo;ai appel\u00e9e <a href=\"https:\/\/www.cgjung.net\/espace\/ariaga-ecrits-jung\/serie-du-reveur\/\">S\u00e9rie du r\u00eaveur<\/a> publi\u00e9e par Jung dans <a href=\"https:\/\/www.cgjung.net\/oeuvre\/psychologie_alchimie.htm\"><em>Psychologie et alchimie<\/em><\/a>.<\/p>\n<p style=\"text-align: justify;\">D&rsquo;autre part la s\u00e9rie de r\u00eaves d&rsquo;une femme contemporaine, avant et apr\u00e8s le travail avec un analyste.\u00a0 Je l&rsquo;ai appel\u00e9e <a href=\"https:\/\/www.cgjung.net\/espace\/ariaga-ecrits-jung\/serie-reveuse\/\">S\u00e9rie de la r\u00eaveuse<\/a>.<\/p>\n<p>Ces travaux feront l&rsquo;objet de plusieurs articles \u00e0 venir.<\/p>\n<p style=\"text-align: right;\"><em><a href=\"https:\/\/www.cgjung.net\/espace\/cg-jung\/avertissement\/\">Ariane Callot<\/a><\/em><\/p>\n","protected":false},"excerpt":{"rendered":"<p>Les dialogues sont bien pr\u00e9sents dans les r\u00eaves. Quelle importance ont-ils? Qui s&rsquo;exprime et quels sont les messages v\u00e9hicul\u00e9s? En guise de prologue, voici quelques points de r\u00e9flexion. \u00ab\u00a0ON\u00a0\u00bb parle dans les r\u00eaves Parfois comme un murmure, parfois en de tonitruantes injonctions, \u00ab\u00a0ON\u00a0\u00bb parle dans les r\u00eaves. Quand il s&rsquo;agit d&rsquo;une s\u00e9rie de r\u00eaves, on [&hellip;]<\/p>\n","protected":false},"author":1,"featured_media":0,"parent":110,"menu_order":614,"comment_status":"closed","ping_status":"closed","template":"","meta":{"footnotes":""},"class_list":["post-10991","page","type-page","status-publish","hentry"],"_links":{"self":[{"href":"https:\/\/www.cgjung.net\/espace\/wp-json\/wp\/v2\/pages\/10991","targetHints":{"allow":["GET"]}}],"collection":[{"href":"https:\/\/www.cgjung.net\/espace\/wp-json\/wp\/v2\/pages"}],"about":[{"href":"https:\/\/www.cgjung.net\/espace\/wp-json\/wp\/v2\/types\/page"}],"author":[{"embeddable":true,"href":"https:\/\/www.cgjung.net\/espace\/wp-json\/wp\/v2\/users\/1"}],"replies":[{"embeddable":true,"href":"https:\/\/www.cgjung.net\/espace\/wp-json\/wp\/v2\/comments?post=10991"}],"version-history":[{"count":36,"href":"https:\/\/www.cgjung.net\/espace\/wp-json\/wp\/v2\/pages\/10991\/revisions"}],"predecessor-version":[{"id":11052,"href":"https:\/\/www.cgjung.net\/espace\/wp-json\/wp\/v2\/pages\/10991\/revisions\/11052"}],"up":[{"embeddable":true,"href":"https:\/\/www.cgjung.net\/espace\/wp-json\/wp\/v2\/pages\/110"}],"wp:attachment":[{"href":"https:\/\/www.cgjung.net\/espace\/wp-json\/wp\/v2\/media?parent=10991"}],"curies":[{"name":"wp","href":"https:\/\/api.w.org\/{rel}","templated":true}]}}