{"id":1092,"date":"2016-04-08T08:52:49","date_gmt":"2016-04-08T07:52:49","guid":{"rendered":"https:\/\/www.cgjung.net\/espace\/?p=1092"},"modified":"2020-07-23T17:23:37","modified_gmt":"2020-07-23T15:23:37","slug":"fonction-transcendante-processus-dindividuation","status":"publish","type":"page","link":"https:\/\/www.cgjung.net\/espace\/cg-jung\/fonction-transcendante-processus-dindividuation\/","title":{"rendered":"Fonction transcendante dans le processus d&rsquo;individuation"},"content":{"rendered":"<p style=\"text-align: justify;\"><strong>Jung s&rsquo;est pos\u00e9 toute sa vie la question pratique de la confrontation avec l&rsquo;inconscient. Il a propos\u00e9 la fonction transcendante comme ouverture de la fronti\u00e8re conscient &#8211; inconscient et itin\u00e9raire vers l&rsquo;individuation.<\/strong><\/p>\n<p><img loading=\"lazy\" decoding=\"async\" class=\"size-full wp-image-8994 aligncenter\" src=\"https:\/\/www.cgjung.net\/espace\/wp-content\/uploads\/2019\/05\/vers-l-individuation.jpg\" alt=\"\" width=\"640\" height=\"266\" srcset=\"https:\/\/www.cgjung.net\/espace\/wp-content\/uploads\/2019\/05\/vers-l-individuation.jpg 640w, https:\/\/www.cgjung.net\/espace\/wp-content\/uploads\/2019\/05\/vers-l-individuation-300x125.jpg 300w\" sizes=\"auto, (max-width: 640px) 100vw, 640px\" \/><\/p>\n<h2><strong>Importance de la fonction transcendante dans l\u2019\u0153uvre de Jung<br \/>\n<\/strong><\/h2>\n<p style=\"text-align: justify;\">Dans son ouvrage <em>L\u2019\u00c2me et le Soi, <\/em>Jung consacre la partie III \u00e0 la fonction transcendante.<\/p>\n<p style=\"text-align: justify;\">Il s\u2019agit d\u2019un essai de 1916, revu en 1959. Dans son avant propos, il note les limitations de cet \u00e9crit car son concept a m\u00fbri pendant plus de quarante ans. Il pense, cependant, que les r\u00e9flexions de base ont r\u00e9sist\u00e9 au temps et sont encore valables car elles cherchent \u00e0 r\u00e9pondre \u00e0 la question fondamentale : \u201d<strong>Comment peut-on, en pratique, se confronter avec l\u2019inconscient ?<\/strong>\u201d<\/p>\n<p style=\"text-align: justify;\">Toute l\u2019\u0153uvre de Jung tentera de r\u00e9pondre \u00e0 cette question que se posent indirectement les religions et les philosophies au sujet de <strong>l\u2019inconnu<\/strong> \u00e0 la fronti\u00e8re duquel viennent se briser leurs th\u00e9ories rationnelles.<\/p>\n<h2>La fonction transcendante est complexe<\/h2>\n<p style=\"text-align: justify;\">Pour Jung, le terme de<em> fonction transcendante<\/em> n\u2019est<strong> pas vraiment<\/strong> issu du sens <strong>math\u00e9matique<\/strong> de variation d\u2019une variable en fonction d\u2019une autre et d\u2019un lien constant sous le changement. Il n&rsquo;est pas non plus rattach\u00e9 \u00e0 un<strong> sens purement biologique<\/strong> \u00e9troitement li\u00e9 \u00e0 une approche t\u00e9l\u00e9ologique. Il appara\u00eet qu\u2019<strong>il participe des deux<\/strong> versants et surtout que, sous ce terme, ne se cachent <em>ni myst\u00e8re ni intention m\u00e9taphysique<\/em>.<\/p>\n<p style=\"text-align: justify;\">Il ne s\u2019agit pas non plus, comme il le pr\u00e9cise dans ses <em>T<\/em><em>ypes psychologiques<\/em>, d\u2019une des quatre fonctions de base.<\/p>\n<p style=\"text-align: justify;\"><strong>C\u2019est une fonction complexe,<\/strong> issue de l\u2019union des contenus conscients et inconscients, et r\u00e9sultant du fait que :<\/p>\n<blockquote>\n<p style=\"text-align: justify;\">\u201cl\u2019inconscient se comporte, face \u00e0 la conscience, dans un mode de<strong> compensation et de compl\u00e9mentarit\u00e9<\/strong>.\u201d (<em>L\u2019\u00e2me et le soi,<\/em> p.151)<\/p>\n<\/blockquote>\n<h2>Le jugement ne peut se r\u00e9f\u00e9rer \u00e0 du nouveau<\/h2>\n<p style=\"text-align: justify;\">Le caract\u00e8re ferme et orient\u00e9 du <strong>conscient, acquisition tardive du Moi<\/strong>, est le seul garant de la r\u00e9gularit\u00e9, de l\u2019orientation, de la durabilit\u00e9, d\u2019un processus psychique. Sans cette <strong>stabilit\u00e9<\/strong> pas de science, pas de technique, pas de civilisation. Mais cela comporte des inconv\u00e9nients : les n\u00e9cessit\u00e9s de l\u2019existence exigeant que le processus psychique soit aussi stable que possible, tous les \u00e9v\u00e9nements qui semblent ind\u00e9sirables, parce qu\u2019ils ne vont pas dans le sens de la direction choisie, sont exclus.<\/p>\n<p style=\"text-align: justify;\"><strong>Le jugement<\/strong>, qui choisit une possibilit\u00e9 aux d\u00e9pens des autres, <strong>ne peut se r\u00e9f\u00e9rer \u00e0 du nouveau,<\/strong> puisque ce <strong>jugement proc\u00e8de de l\u2019exp\u00e9rience acquise.<\/strong><\/p>\n<p style=\"text-align: justify;\">Le processus n\u2019a <strong>pas la possibilit\u00e9 de s\u2019appuyer sur des acquis issus de l\u2019inconscient<\/strong>, du fait que ces contenus inconscients ne sont g\u00e9n\u00e9ralement pas accessibles \u00e0 la conscience. C\u2019est pourquoi le processus psychique orient\u00e9 souffre in\u00e9vitablement d<strong>\u2019unilat\u00e9ralit\u00e9. <\/strong>En effet :<\/p>\n<blockquote>\n<p style=\"text-align: justify;\">L&rsquo;unilat\u00e9ralit\u00e9 est une propri\u00e9t\u00e9 in\u00e9vitable parce que n\u00e9cessaire dans le processus orient\u00e9, car orientation \u00e9quivaut \u00e0 unilat\u00e9ralit\u00e9. (L&rsquo;\u00e2me et le soi,p.153)<\/p>\n<\/blockquote>\n<p style=\"text-align: justify;\">Naturellement, il va y avoir dans l\u2019inconscient <strong>une polarit\u00e9 oppos\u00e9e<\/strong>, demeurant discr\u00e8te tant qu\u2019elle n\u2019aura pas un potentiel \u00e9nerg\u00e9tique sup\u00e9rieur. Mais, si l\u2019unilat\u00e9ralit\u00e9 est trop importante, on va voir la force oppos\u00e9e faire irruption dans le conscient, et le d\u00e9sordre s\u2019installer.<\/p>\n<h2>Ouvrir la fronti\u00e8re conscient-inconscient<\/h2>\n<p style=\"text-align: justify;\"><strong>La solution, pour Jung, est d\u2019ouvrir la fronti\u00e8re conscient-inconscient<\/strong> et cela \u00e9crit-il :<\/p>\n<blockquote>\n<p style=\"text-align: justify;\"><em>\u201cNe s\u2019obtient pas en condamnant les contenus de l\u2019inconscient unilat\u00e9ralement par une d\u00e9cision consciente, mais bien plut\u00f4t en reconnaissant leur sens de compensation du conscient et en le faisant entrer en ligne de compte. La tendance d<\/em>e l\u2019inconscient <em>et celle du conscient sont en fait les deux facteurs qui constituent la fonction transcendante<\/em>. <em>On l\u2019appelle<\/em> <em>transcendante parce qu\u2019elle permet le passage organique d\u2019une attitude \u00e0 une autre<\/em>, <em>c\u2019est \u00e0 dire sans perte de l\u2019inconscient<\/em>.\u00a0\u00bb (<em>L\u2019\u00e2me et le soi,<\/em> p.156)<\/p>\n<\/blockquote>\n<p style=\"text-align: justify;\">On voit dans cette d\u00e9finition, o\u00f9 Jung a introduit le terme <em>organique<\/em>, combien <strong>il est essentiel que demeure l\u2019organisation<\/strong> qui structure et affermit le Moi conscient.<\/p>\n<p style=\"text-align: justify;\"><strong>Pour que se constitue la fonction transcendante il faut des donn\u00e9es de l\u2019inconscient<\/strong>.<\/p>\n<p style=\"text-align: justify;\">Jung, dans le cadre onirique, consid\u00e8re la fonction transcendante comme un <em>processus naturel<\/em>, une <strong>manifestation de l\u2019\u00e9nergie<\/strong> <strong>g\u00e9n\u00e9r\u00e9e par la tension entre les contraires.<\/strong> La manifestation de cette \u00e9nergie trouve ensuite son expression au cours des ph\u00e9nom\u00e8nes imaginatifs survenant au moment des <strong>r\u00eaves, <\/strong>des visions et des fantasmes.<\/p>\n<h2>Les symboles sont le carburant du m\u00e9lange entre les oppos\u00e9s<\/h2>\n<p style=\"text-align: justify;\">Une fois de plus, nous nous trouvons dans <strong>un mode relationnel<\/strong>, puisque cette \u00e9nergie est motrice des \u00e9changes entre la conscience et l\u2019inconscient. Ces \u00e9changes s&rsquo;effectuent <strong>par le truchement des symboles<\/strong> qui expriment le mieux possible un \u00e9tat de fait complexe que la conscience n\u2019a pas encore clairement saisi. Ils vont \u00eatre utilis\u00e9s, comme un <strong>carburant<\/strong>, pour provoquer une transformation et fa\u00e7onner un nouveau contenu, dont la mati\u00e8re premi\u00e8re est un m\u00e9lange des deux oppos\u00e9s :<\/p>\n<blockquote>\n<p style=\"text-align: justify;\"><em>\u201cLa confrontation des positions cr\u00e9e un<\/em>e <u>tension \u00e9nerg\u00e9tique<\/u><u>source de vie<\/u>, un <u>troisi\u00e8me terme<\/u> qui n\u2019est pas un produit mort-n\u00e9 de la l<em>ogique selon le principe du \u201ctertium non datur \u201cmais une reprise du mouvement issue du suspens entre les oppos\u00e9s, une naissance vivante qui conduit \u00e0 un nouveau palier, une nouvelle situation. La fonction transcendante appara\u00eet donc comme une propri\u00e9t\u00e9 des contraires rapproch\u00e9s.\u201d<\/em>(<em> L\u2019\u00e2me et le soi<\/em>, p. 176. )<\/p>\n<\/blockquote>\n<p style=\"text-align: justify;\"><strong>La fonction transcendante est alors la \u201c base moyenne \u201d pense Jung dans <\/strong><em>Types psychologiques <\/em>( p.474) sur laquelle les oppos\u00e9s peuvent se joindre en permettant \u00e0 chacun de conserver sa valeur.<\/p>\n<p style=\"text-align: justify;\">Si la confrontation doit imp\u00e9rativement \u00eatre conduite \u00e0 partir du Moi autour duquel tout s\u2019organise, il faut que s\u2019instaure un dialogue entre deux interlocuteurs \u00e9gaux en droit, et d\u00e9cid\u00e9s \u00e0 rapprocher et comparer leurs points de vue, comme cela se fait dans une repr\u00e9sentation, au sens diplomatique et juridique.<\/p>\n<h2 style=\"text-align: justify;\">L&rsquo;analyste est le lieu de passage d&rsquo;un r\u00e9seau de liens<\/h2>\n<p style=\"text-align: justify;\"><strong>L\u2019analyste<\/strong>, en tant qu\u2019<strong>interpr\u00e8te du langage symbolique<\/strong>, peut jouer un r\u00f4le important, en \u00e9tant <strong>le lieu de passage d\u2019un r\u00e9seau<\/strong> de liens et de ponts projectifs que Freud avait appel\u00e9s le \u201ctransfert\u201d, appellation conserv\u00e9e par Jung.<\/p>\n<p style=\"text-align: justify;\">Il aidera le r\u00eaveur qui tournait en rond dans son malaise psychique. Il favorisera une forme de t<strong>ransmutation, au<\/strong> <strong>sens alchimique<\/strong>, comme le note Jung, dont nous verrons ult\u00e9rieurement l\u2019int\u00e9r\u00eat passionn\u00e9 pour la <em>philosophie alchimique<\/em> :<\/p>\n<blockquote>\n<p style=\"text-align: justify;\"><em>\u201cLe secret de cette philosophie alchimique, et sa cl\u00e9 ignor\u00e9e pendant des si\u00e8cles, c\u2019est pr\u00e9cis\u00e9ment le fait, l\u2019existence de la fonction transcendante, de la <u>m\u00e9tamorphose de la personnalit\u00e9<\/u><\/em>, <em>gr\u00e2ce au m\u00e9lange et \u00e0 la synth\u00e8se de ses facteurs nobles et de ses constituants grossiers, de l\u2019alliage des fonctions diff\u00e9renci\u00e9es et de celles qui ne le sont pas, en bref, des \u00e9pousailles, dans l\u2019\u00eatre de son conscient et de son inconscient.<\/em>\u201d(<em>Dialectique du moi et de l\u2019inconscient,<\/em> p.216.)<\/p>\n<\/blockquote>\n<p style=\"text-align: justify;\">Au fond, l\u2019\u00eatre que nous croyons conna\u00eetre le mieux, <strong>nous- m\u00eames, abrite un \u00e9tranger<\/strong> et tout le but du cheminement vers la totalit\u00e9 est <strong>d\u2019accueillir cet \u00e9tranger pour devenir un<\/strong> <strong>\u00eatre complet<\/strong>. Il faut avoir <strong>le courage d\u2019acc\u00e9der \u00e0 soi-m\u00eame<\/strong>. Il s&rsquo;agit d&rsquo;un processus long et difficile qui peut s\u2019imposer tyranniquement \u00e0 l\u2019insu de celui qui le subit avec <strong>toute la force de la Nature<\/strong> car, pour Jung :<\/p>\n<blockquote>\n<p style=\"text-align: justify;\"><em>\u201cLe sens et le but de ce processus sont de r\u00e9aliser, dans son int\u00e9gralit\u00e9, avec tous ses aspects, la personnalit\u00e9 originellement pr\u00e9figur\u00e9e dans le germe embryonnaire<\/em>\u201d. (<em>Psychologie de l\u2019inconscient,<\/em> p.205.)<\/p>\n<\/blockquote>\n<p style=\"text-align: justify;\">C\u2019est \u00e0 la fois cette int\u00e9gralit\u00e9 de la personnalit\u00e9, et ce projet d\u2019\u00e9tablir et <strong>d\u2019\u00e9panouir la totalit\u00e9 potentielle originelle<\/strong>, que Jung a appel\u00e9 <strong>le Soi.<\/strong> Le cheminement vers cette totalit\u00e9 a re\u00e7u l\u2019appellation de <strong>\u201cprocessus d\u2019individuation \u201d.<\/strong><\/p>\n<h2>Une repr\u00e9sentation sch\u00e9matique<\/h2>\n<p style=\"text-align: justify;\">Nous avons tent\u00e9 de sch\u00e9matiser le r\u00f4le de la fonction transcendante dans le processus d&rsquo;individuation.<\/p>\n<h2><img loading=\"lazy\" decoding=\"async\" class=\"aligncenter wp-image-1123\" src=\"https:\/\/www.cgjung.net\/espace\/wp-content\/uploads\/2016\/04\/schema-fonction-transcendante.png\" alt=\"\" width=\"500\" height=\"664\" srcset=\"https:\/\/www.cgjung.net\/espace\/wp-content\/uploads\/2016\/04\/schema-fonction-transcendante.png 1491w, https:\/\/www.cgjung.net\/espace\/wp-content\/uploads\/2016\/04\/schema-fonction-transcendante-226x300.png 226w, https:\/\/www.cgjung.net\/espace\/wp-content\/uploads\/2016\/04\/schema-fonction-transcendante-771x1024.png 771w, https:\/\/www.cgjung.net\/espace\/wp-content\/uploads\/2016\/04\/schema-fonction-transcendante-768x1020.png 768w, https:\/\/www.cgjung.net\/espace\/wp-content\/uploads\/2016\/04\/schema-fonction-transcendante-1156x1536.png 1156w\" sizes=\"auto, (max-width: 500px) 100vw, 500px\" \/><\/h2>\n<p><em>Important<\/em><\/p>\n<ul>\n<li style=\"text-align: justify;\">Les fl\u00e8ches gris\u00e9es symbolisant le chemin vers la TOTALIT\u00c9 ne signifient pas que cette voie est lin\u00e9aire et d\u00e9pourvue de multiples d\u00e9tours.<\/li>\n<li style=\"text-align: justify;\">Les pointill\u00e9s symbolisant les \u00e9tapes de l\u2019analyse des r\u00eaves ne signifient pas que chaque \u00e9tape marque un progr\u00e8s car cette analyse n\u2019est pas, elle non plus, exempte de p\u00e9rip\u00e9ties voire de r\u00e9gressions.<\/li>\n<\/ul>\n<h2>Pour conclure<\/h2>\n<p style=\"text-align: justify;\">Quand le \u201cM O I\u201d ignore ou veut ignorer les manifestations de l\u2019inconscient, les interactions conscient-inconscient n\u2019en ont pas moins lieu mais elles demeurent st\u00e9riles.<\/p>\n<p style=\"text-align: right;\"><span style=\"font-size: 10pt;\"><em><a href=\"https:\/\/www.cgjung.net\/espace\/cg-jung\/avertissement\/\">Publi\u00e9 initialement dans le cadre d&rsquo;une th\u00e8se<\/a> cette page a \u00e9t\u00e9 adapt\u00e9e par Ariaga (Ariane Callot), son auteure.<br \/>\nLes ouvrages cit\u00e9s <a href=\"https:\/\/www.cgjung.net\/espace\/cg-jung\/bibliographie\/\">sont r\u00e9f\u00e9renc\u00e9s \u00e0 la page bibliographie<\/a>.<\/em><\/span><\/p>\n\n","protected":false},"excerpt":{"rendered":"<p>Jung s&rsquo;est pos\u00e9 toute sa vie la question pratique de la confrontation avec l&rsquo;inconscient. Il a propos\u00e9 la fonction transcendante comme ouverture de la fronti\u00e8re conscient &#8211; inconscient et itin\u00e9raire vers l&rsquo;individuation. Importance de la fonction transcendante dans l\u2019\u0153uvre de Jung Dans son ouvrage L\u2019\u00c2me et le Soi, Jung consacre la partie III \u00e0 la [&hellip;]<\/p>\n","protected":false},"author":1,"featured_media":0,"parent":110,"menu_order":172,"comment_status":"closed","ping_status":"open","template":"","meta":{"footnotes":""},"class_list":["post-1092","page","type-page","status-publish","hentry"],"_links":{"self":[{"href":"https:\/\/www.cgjung.net\/espace\/wp-json\/wp\/v2\/pages\/1092","targetHints":{"allow":["GET"]}}],"collection":[{"href":"https:\/\/www.cgjung.net\/espace\/wp-json\/wp\/v2\/pages"}],"about":[{"href":"https:\/\/www.cgjung.net\/espace\/wp-json\/wp\/v2\/types\/page"}],"author":[{"embeddable":true,"href":"https:\/\/www.cgjung.net\/espace\/wp-json\/wp\/v2\/users\/1"}],"replies":[{"embeddable":true,"href":"https:\/\/www.cgjung.net\/espace\/wp-json\/wp\/v2\/comments?post=1092"}],"version-history":[{"count":10,"href":"https:\/\/www.cgjung.net\/espace\/wp-json\/wp\/v2\/pages\/1092\/revisions"}],"predecessor-version":[{"id":13825,"href":"https:\/\/www.cgjung.net\/espace\/wp-json\/wp\/v2\/pages\/1092\/revisions\/13825"}],"up":[{"embeddable":true,"href":"https:\/\/www.cgjung.net\/espace\/wp-json\/wp\/v2\/pages\/110"}],"wp:attachment":[{"href":"https:\/\/www.cgjung.net\/espace\/wp-json\/wp\/v2\/media?parent=1092"}],"curies":[{"name":"wp","href":"https:\/\/api.w.org\/{rel}","templated":true}]}}