{"id":10758,"date":"2020-02-20T10:31:21","date_gmt":"2020-02-20T09:31:21","guid":{"rendered":"https:\/\/www.cgjung.net\/espace\/?page_id=10758"},"modified":"2020-02-28T16:21:38","modified_gmt":"2020-02-28T15:21:38","slug":"manifestations-anima-animus","status":"publish","type":"page","link":"https:\/\/www.cgjung.net\/espace\/cg-jung\/manifestations-anima-animus\/","title":{"rendered":"Manifestations de l&rsquo;anima et de l&rsquo;animus"},"content":{"rendered":"<p style=\"text-align: justify;\"><strong>L&rsquo;anima et l&rsquo;animus se manifestent sous des aspects n\u00e9gatifs et positifs. La complexit\u00e9 des interactions entre l&rsquo;homme \/ anima et la femme \/ animus g\u00e9n\u00e8re de multiples difficult\u00e9s de communication entre hommes et femmes.<\/strong><\/p>\n<p><img loading=\"lazy\" decoding=\"async\" class=\"size-full wp-image-10809 aligncenter\" src=\"https:\/\/www.cgjung.net\/espace\/wp-content\/uploads\/2020\/02\/manifestation-anima-animus.jpg\" alt=\"Manifestations Anima Animus\" width=\"550\" height=\"359\" srcset=\"https:\/\/www.cgjung.net\/espace\/wp-content\/uploads\/2020\/02\/manifestation-anima-animus.jpg 550w, https:\/\/www.cgjung.net\/espace\/wp-content\/uploads\/2020\/02\/manifestation-anima-animus-300x196.jpg 300w\" sizes=\"auto, (max-width: 550px) 100vw, 550px\" \/><\/p>\n<h2>Manifestations de l\u2019anima chez l\u2019homme<\/h2>\n<p style=\"text-align: justify;\">Dans la vie courante, la manifestation n\u00e9gative de l\u2019anima induit, chez l\u2019homme, des sentiments et des humeurs vagues, de l\u2019irritabilit\u00e9, une impression d\u2019ins\u00e9curit\u00e9 et de la susceptibilit\u00e9. En g\u00e9n\u00e9ral, cela a pour origine une influence n\u00e9gative de la m\u00e8re.<\/p>\n<p style=\"text-align: justify;\">L\u2019homme, poss\u00e9d\u00e9 par son anima, a une propension \u00e0 l\u2019ironie et aux r\u00e9flexions venimeuses et destructrices. Si la relation \u00e0 la m\u00e8re a \u00e9t\u00e9 positive, il a tendance \u00e0 devenir trop sentimental ou eff\u00e9min\u00e9. L\u2019anima l\u2019entra\u00eene aussi vers des jeux intellectuels st\u00e9riles et des discussions pseudo-philosophiques qui l\u2019excluent de la vie r\u00e9elle.<\/p>\n<p style=\"text-align: justify;\">L\u2019anima est \u201cLA\u201d femme dans l\u2019homme, il va d\u00e9sirer conqu\u00e9rir une femme qui corresponde, tout au moins le croit-il, \u00e0 l&rsquo;image de la femme qu&rsquo;il porte en lui. Dans la plupart des cas, il rencontrera de multiples d\u00e9ceptions, car aucune femme ne correspondra point par point \u00e0 ses attentes &#8230;<\/p>\n<p style=\"text-align: justify;\">L\u2019anima se manifeste positivement lorsqu&rsquo;elle est reconnue et int\u00e9gr\u00e9e. Elle devient un \u00e9ros du conscient et lui conf\u00e8re le lien et la relation.<\/p>\n<h2>Manifestations de l\u2019animus chez la femme<\/h2>\n<p style=\"text-align: justify;\">L\u2019animus est issu de l\u2019exp\u00e9rience ancestrale f\u00e9minine. Il est compos\u00e9 d&rsquo;une condensation des exp\u00e9riences accumul\u00e9es tout au long de la phylogen\u00e8se par la lign\u00e9e ancestrale f\u00e9minine au contact de l\u2019homme.<\/p>\n<p style=\"text-align: justify;\">L\u2019animus, contrairement \u00e0 l&rsquo;anima, se pr\u00e9sente d\u2019une mani\u00e8re plurielle. De ce fait il est projet\u00e9 sur des hommes qui doivent poss\u00e9der toutes les qualit\u00e9s, y compris l\u2019omniscience !<\/p>\n<p style=\"text-align: justify;\">Sur le plan n\u00e9gatif, l\u2019animus engendre des opinions reposant sur des pr\u00e9jug\u00e9s inconscients et des a-priori. La femme, domin\u00e9e par son animus, poss\u00e8de, ou plut\u00f4t est poss\u00e9d\u00e9e, par des convictions qu\u2019elle est pr\u00eate \u00e0 d\u00e9fendre avec, parfois, une violence toute masculine.<\/p>\n<p style=\"text-align: justify;\">L\u2019animus n\u00e9gatif ne croit pas aux exceptions. Il est fr\u00e9quemment tr\u00e8s pessimiste, d\u00e9valorisant, et \u00e9met des jugements relevant le plus souvent d\u2019une v\u00e9rit\u00e9 g\u00e9n\u00e9rale qui ne s\u2019applique pas \u00e0 la situation envisag\u00e9e. Jung \u00e9crit :<\/p>\n<blockquote>\n<p style=\"text-align: justify;\">\u00ab\u00a0Les opinions de l\u2019animus ont souvent le caract\u00e8re de convictions solides \u2026 En r\u00e9alit\u00e9, ces opinions ne sont ni motiv\u00e9es, ni le fruit d\u2019un acte de pens\u00e9e ; elles existent toutes faites, comme pr\u00e9fabriqu\u00e9es et pr\u00eates \u00e0 la consommation ; elles sont pr\u00e9sentes dans l\u2019\u00e9tat mental de la femme, qui les formule et les r\u00e9p\u00e8te parce qu\u2019elles ont dans son esprit un tel caract\u00e8re de r\u00e9alit\u00e9 et une telle force de conviction imm\u00e9diate qu\u2019elle n\u2019est m\u00eame pas effleur\u00e9e par l\u2019id\u00e9e de les soumettre \u00e0 la possibilit\u00e9 d\u2019un simple doute.\u00a0\u00bb<br \/>\n<span style=\"font-size: 10pt;\"><a href=\"https:\/\/www.cgjung.net\/oeuvre\/dialectique.htm\">Dialectique du moi et de l\u2019inconscient<\/a>, C.G. Jung, page 189<\/span><\/p>\n<\/blockquote>\n<p style=\"text-align: justify;\">L&rsquo;animus, dans son versant positif, poss\u00e8de l\u2019esprit d\u2019initiative et la capacit\u00e9 d\u2019agir d\u2019une fa\u00e7on organis\u00e9e. Il devient le m\u00e9diateur de l\u2019exp\u00e9rience religieuse et donne \u00e0 la femme une fermet\u00e9 spirituelle. Il la relie au domaine de la spiritualit\u00e9 et des id\u00e9es cr\u00e9atrices.\u00a0 Elle y est alors encore plus r\u00e9ceptive que l\u2019homme.<\/p>\n<p style=\"text-align: justify;\"><em>Une partie des textes et des citations sont extraits de la page <a href=\"https:\/\/www.cgjung.net\/espace\/cg-jung\/erotique-jungienne-anima-animus\/\">\u00ab\u00a0L\u2019\u00e9rotique\u00a0\u00bb jungienne : Anima et Animus<\/a>.<\/em><\/p>\n<p style=\"text-align: right;\"><a href=\"https:\/\/www.cgjung.net\/espace\/cg-jung\/anima-animus\/\">Article pr\u00e9c\u00e9dent<\/a>\u00a0| <a href=\"https:\/\/www.cgjung.net\/espace\/cg-jung\/jung-et-les-reves\/\">Article suivant<\/a><\/p>\n","protected":false},"excerpt":{"rendered":"<p>L&rsquo;anima et l&rsquo;animus se manifestent sous des aspects n\u00e9gatifs et positifs. La complexit\u00e9 des interactions entre l&rsquo;homme \/ anima et la femme \/ animus g\u00e9n\u00e8re de multiples difficult\u00e9s de communication entre hommes et femmes. Manifestations de l\u2019anima chez l\u2019homme Dans la vie courante, la manifestation n\u00e9gative de l\u2019anima induit, chez l\u2019homme, des sentiments et des [&hellip;]<\/p>\n","protected":false},"author":1,"featured_media":0,"parent":110,"menu_order":464,"comment_status":"closed","ping_status":"closed","template":"","meta":{"footnotes":""},"class_list":["post-10758","page","type-page","status-publish","hentry"],"_links":{"self":[{"href":"https:\/\/www.cgjung.net\/espace\/wp-json\/wp\/v2\/pages\/10758","targetHints":{"allow":["GET"]}}],"collection":[{"href":"https:\/\/www.cgjung.net\/espace\/wp-json\/wp\/v2\/pages"}],"about":[{"href":"https:\/\/www.cgjung.net\/espace\/wp-json\/wp\/v2\/types\/page"}],"author":[{"embeddable":true,"href":"https:\/\/www.cgjung.net\/espace\/wp-json\/wp\/v2\/users\/1"}],"replies":[{"embeddable":true,"href":"https:\/\/www.cgjung.net\/espace\/wp-json\/wp\/v2\/comments?post=10758"}],"version-history":[{"count":16,"href":"https:\/\/www.cgjung.net\/espace\/wp-json\/wp\/v2\/pages\/10758\/revisions"}],"predecessor-version":[{"id":10932,"href":"https:\/\/www.cgjung.net\/espace\/wp-json\/wp\/v2\/pages\/10758\/revisions\/10932"}],"up":[{"embeddable":true,"href":"https:\/\/www.cgjung.net\/espace\/wp-json\/wp\/v2\/pages\/110"}],"wp:attachment":[{"href":"https:\/\/www.cgjung.net\/espace\/wp-json\/wp\/v2\/media?parent=10758"}],"curies":[{"name":"wp","href":"https:\/\/api.w.org\/{rel}","templated":true}]}}