{"id":10686,"date":"2020-02-26T11:29:40","date_gmt":"2020-02-26T10:29:40","guid":{"rendered":"https:\/\/www.cgjung.net\/espace\/?page_id=10686"},"modified":"2025-02-06T18:13:21","modified_gmt":"2025-02-06T17:13:21","slug":"2019-12-harcelement-emprise","status":"publish","type":"page","link":"https:\/\/www.cgjung.net\/espace\/seminaires\/2019-12-harcelement-emprise\/","title":{"rendered":"Incroyable ! L\u2019imagination des manipulateurs d\u00e9fie l\u2019entendement"},"content":{"rendered":"<p><strong>Les situations d&#8217;emprise sont toujours tr\u00e8s douloureuses. Les personnes qui usent de manipulation ne l\u00e2chent pas facilement ceux et celles qu&rsquo;ils tiennent sous leur joug.<\/strong><\/p>\n<p><img loading=\"lazy\" decoding=\"async\" class=\"wp-image-10812 size-medium aligncenter\" src=\"https:\/\/www.cgjung.net\/espace\/wp-content\/uploads\/2020\/02\/Se-liberer-des-relations-demprise-EFJ-2-300x300.png\" alt=\"\" width=\"300\" height=\"300\" srcset=\"https:\/\/www.cgjung.net\/espace\/wp-content\/uploads\/2020\/02\/Se-liberer-des-relations-demprise-EFJ-2-300x300.png 300w, https:\/\/www.cgjung.net\/espace\/wp-content\/uploads\/2020\/02\/Se-liberer-des-relations-demprise-EFJ-2-1024x1024.png 1024w, https:\/\/www.cgjung.net\/espace\/wp-content\/uploads\/2020\/02\/Se-liberer-des-relations-demprise-EFJ-2-150x150.png 150w, https:\/\/www.cgjung.net\/espace\/wp-content\/uploads\/2020\/02\/Se-liberer-des-relations-demprise-EFJ-2-768x768.png 768w, https:\/\/www.cgjung.net\/espace\/wp-content\/uploads\/2020\/02\/Se-liberer-des-relations-demprise-EFJ-2.png 1133w\" sizes=\"auto, (max-width: 300px) 100vw, 300px\" \/><\/p>\n<p>Ce s\u00e9minaire, qui s&rsquo;est d\u00e9roul\u00e9 au mois de d\u00e9cembre 2019, a donn\u00e9 l&rsquo;occasion \u00e0 chacun des participants d&rsquo;exprimer les grandes difficult\u00e9s rencontr\u00e9es, et ce dans un climat bienveillant fond\u00e9 sur l&rsquo;\u00e9coute.<\/p>\n<p>L&rsquo;imagination des personnes habit\u00e9es par des comportements manipulateurs d\u00e9fie l&rsquo;entendement ! Certains r\u00e9cits semblent surr\u00e9alistes ! Et pourtant ils sont bas\u00e9s sur des faits r\u00e9els que seules les victimes et les personnes charg\u00e9es de les accompagner (\u00e0 condition qu&rsquo;elles soient form\u00e9es pour cela)&nbsp; peuvent entendre et comprendre.<\/p>\n<h2>Sur le plan pratique<\/h2>\n<p>Sur le plan pratique, plusieurs points ont \u00e9t\u00e9 abord\u00e9s :<\/p>\n<ul>\n<li>Comment s&rsquo;y retrouver parmi les diff\u00e9rents niveaux qui vont de l&rsquo;\u00e9go\u00efsme ou du narcissisme pathologique, en passant par le harc\u00e8lement moral et la perversion narcissique&#8230;<\/li>\n<li>Comment s&rsquo;exercent les manipulations ?<\/li>\n<li>Quelles sont les diff\u00e9rences de situation entre un huis clos (couple par exemple) et des groupes de personnes malveillantes (associations, entreprises&#8230;) ?<\/li>\n<li>Quels comportements adopter face \u00e0 un(des) manipulateur(s), quelles strat\u00e9gies mettre en \u0153uvre ?<\/li>\n<li>Comment se prot\u00e9ger et intervenir efficacement ?<\/li>\n<li>Quels sont les tiers sur lesquels on peut compter (associations, m\u00e9decins, th\u00e9rapeutes, police\/gendarmerie, avocats, notaires&#8230;)&nbsp; et comment v\u00e9rifier qu&rsquo;ils sont form\u00e9s aux m\u00e9canismes sous-jacents qui sous-tendent ce type de situation ?<\/li>\n<\/ul>\n<h2>La phase de reconstruction<\/h2>\n<p>Elle est primordiale car il est difficile de sortir indemne de tels moments de vie. V\u00e9cue, dans un premier temps, comme un ph\u00e9nom\u00e8ne ext\u00e9rieur bien r\u00e9el, l&#8217;emprise se d\u00e9place. Il n&rsquo;est pas rare de rencontrer \u00ab\u00a0son pire ennemi\u00a0\u00bb \u00e0 l&rsquo;int\u00e9rieur de soi.<\/p>\n<p>C&rsquo;est ici que le travail \u00e0 partir des r\u00eaves prend tout son sens. Voici quelques exemples de r\u00eaves qui ont \u00e9t\u00e9 \u00e9voqu\u00e9s lors de ce s\u00e9minaire.<\/p>\n<h2>Un r\u00eave de reconstruction<\/h2>\n<p>La r\u00eaveuse est responsable d&rsquo;un service au sein d&rsquo;une importante collectivit\u00e9 publique. Elle est victime d&rsquo;un groupe de personnes (v\u00e9ritable \u00ab\u00a0noyau pervers\u00a0\u00bb) qui se sont ligu\u00e9es contre elle, avec pour volont\u00e9 de la pousser \u00e0 la faute et \u00e0 la d\u00e9mission. Pr\u00e9c\u00e9demment elle a \u00e9t\u00e9 sous l\u2019emprise de son conjoint.<\/p>\n<p>Elle est en phase de reconstruction et nous confie son r\u00eave :<\/p>\n<blockquote>\n<p>\u00ab\u00a0Je suis dans l\u2019oc\u00e9an que je viens de traverser sur mon paddle [planche plus longue qu&rsquo;une planche de surf sur laquelle on se tient debout]. A l\u2019avant du paddle, un nouveau-n\u00e9, d\u00e9j\u00e0 assis, qui regarde devant lui. Je suis charg\u00e9e de lui faire traverser l\u2019oc\u00e9an. Je suis \u00e0 plat ventre sur le paddle et rame avec mes mains.<\/p>\n<p>Je consid\u00e8re l\u2019immensit\u00e9 d\u00e9j\u00e0 travers\u00e9e (\u00e0 perte de vue) et la derni\u00e8re \u00e9tape, le dernier bras de mer avant l\u2019Am\u00e9rique. Au loin, j\u2019aper\u00e7ois la ville de New York. Je d\u00e9cide de faire une pause et de r\u00e9fl\u00e9chir \u00e0 la fa\u00e7on d\u2019aborder cette derni\u00e8re \u00e9tape de la travers\u00e9e.<\/p>\n<p>En effet, le chemin parcouru m\u2019a beaucoup \u00e9puis\u00e9e, et je veux absolument arriver \u00e0 mon but, terminer le voyage, ma mission, amener l\u2019enfant sain et sauf de l\u2019autre c\u00f4t\u00e9.<\/p>\n<p>En regardant autour de moi pour faire le point, je m\u2019aper\u00e7ois qu\u2019il y a quelques personnes dans mon sillage qui se sont jointes \u00e0 moi, elles sont jeunes et de diff\u00e9rentes tailles. Devant moi un homme tr\u00e8s muscl\u00e9, un champion olympique en maillot de bain avec une double pagaie, mais cass\u00e9e des deux c\u00f4t\u00e9s. Il est muscl\u00e9 et beau, sa pagaie me serait tr\u00e8s utile si elle n\u2019\u00e9tait pas cass\u00e9e.<\/p>\n<p>Je m\u2019assoupis pour reprendre des forces. A mon r\u00e9veil je suis seule, je devine que les jeunes personnes qui me suivaient ont achev\u00e9 ma mission, amener l\u2019enfant de l\u2019autre c\u00f4t\u00e9. Je suis soulag\u00e9e et heureuse qu\u2019ils aient pris le relais. Je dois \u00e0 mon tour finir la travers\u00e9e pour rejoindre l\u2019enfant. En regardant mieux je m\u2019aper\u00e7ois qu\u2019il y a sur le c\u00f4t\u00e9 droit une langue de terre, comme un pont pour traverser le dernier bras de mer.<\/p>\n<p>Je me d\u00e9cide avec un peu de regret \u00e0 prendre ce chemin, moins glorieux, moins flamboyant, moins beau, mais plus s\u00fbr, moins fatiguant, il n\u2019y a plus rien \u00e0 prouver. J\u2019arrive sur la ville, il y a une grande montagne aux sommets enneig\u00e9s et ensoleill\u00e9s.<\/p>\n<p>J\u2019ai fini le chemin, j\u2019arrive dans la salle de bains mansard\u00e9e contig\u00fce \u00e0 ma chambre d\u2019enfant chez mes parents, il ne me reste plus qu\u2019\u00e0 prendre ma douche. Cette salle de bain \u00e9tait un refuge o\u00f9 je m\u2019isolais quand j\u2019\u00e9tais enfant et o\u00f9 j\u2019ai encore plaisir \u00e0 me r\u00e9fugier aujourd\u2019hui lorsque je vais chez mes parents pour \u00e9chapper \u00e0 leurs incessantes sollicitations. Ma m\u00e8re n\u2019est pas loin et cherche \u00e0 entrer en contact, \u00e0 savoir ce que je fais, mais la porte est ferm\u00e9e, je fais semblant de ne pas l\u2019entendre.<\/p>\n<p>Je me lave et esp\u00e8re que mon amoureux va venir.\u00a0\u00bb<\/p>\n<\/blockquote>\n<p>Ce tr\u00e8s beau r\u00eave montre les efforts qui ont \u00e9t\u00e9 faits par la r\u00eaveuse : elle a travers\u00e9 l&rsquo;oc\u00e9an sur un paddle. L&rsquo;enfant qui est \u00e0 ses c\u00f4t\u00e9s repr\u00e9sente sa capacit\u00e9 de renouvellement, d&rsquo;\u00e9volution, elle veut l&rsquo;amener \u00ab\u00a0sain et sauf de l\u2019autre c\u00f4t\u00e9\u00a0\u00bb. Ext\u00e9nu\u00e9e, elle voit pr\u00e8s d&rsquo;elle un groupe de personnes qui l&rsquo;encouragent, lui viennent en aide et qui prennent en charge l&rsquo;enfant pour le ramener sur la terre ferme.<span style=\"color: #ff0000;\"><br \/>\n<\/span><\/p>\n<p>La r\u00eaveuse n&rsquo;a plus rien \u00e0 prouver et peut se d\u00e9faire de son attitude h\u00e9ro\u00efque. Le r\u00eave lui rappelle une situation d&rsquo;enfance o\u00f9 elle se r\u00e9fugiait \u00e0 l&rsquo;abri des regards de sa m\u00e8re. Les \u00ab\u00a0vuln\u00e9rabilit\u00e9s\u00a0\u00bb qui ont fait d&rsquo;elle une cible, une proie, ont pris racine dans ce contexte qu&rsquo;elle doit revisiter. Je r\u00eave se termine \u00ab\u00a0Je me lave et esp\u00e8re que mon amoureux va venir.\u00a0\u00bb<\/p>\n<p>On voit ici comment l&rsquo;inconscient vient en aide de la r\u00eaveuse, l&rsquo;encourage, la soutient. Elle peut d\u00e9sormais s&rsquo;ouvrir \u00e0 la vie int\u00e9rieure et envisager une nouvelle direction de vie.<\/p>\n<h2 style=\"text-align: left;\">Le r\u00eaveur est harcel\u00e9 par son \u00e9pouse<\/h2>\n<p style=\"text-align: left;\">Le r\u00eaveur, qui a occup\u00e9 un poste dans l&rsquo;enseignement sup\u00e9rieur, est harcel\u00e9 par son \u00e9pouse. Ce harc\u00e8lement s&rsquo;est fortement accentu\u00e9 au moment de sa prise de retraite. Sa femme dicte la conduite qui doit \u00eatre la sienne et n&rsquo;accepte pas qu&rsquo;il puisse continuer ses travaux de recherche \u00e0 temps partiel.<\/p>\n<p style=\"text-align: left;\">Il nous pr\u00e9sente un r\u00eave r\u00e9cent qui reprend des \u00e9l\u00e9ments diurnes de la veille o\u00f9 il avait effectu\u00e9 diff\u00e9rents travaux dans son vaste domaine. En fin de soir\u00e9e son \u00e9pouse l&rsquo;agresse verbalement, violemment.<\/p>\n<blockquote>\n<p style=\"text-align: justify;\">\u00ab\u00a0Je suis \u00e0 la bergerie \u00e0 l\u2019angle d\u2019un grand champ descendant vers la V\u00e9z\u00e8re. [Le r\u00eaveur se trouve \u00e0 l&rsquo;endroit pr\u00e9cis o\u00f9 il avait travaill\u00e9 la veille.]\n<p style=\"text-align: justify;\">Un homme, inconnu, arrive en descendant le chemin qui passe au-dessus de la cabane, en direction de la rivi\u00e8re. Son fils, d\u2019une douzaine d\u2019ann\u00e9es environ, l\u2019accompagne, un peu en retrait \u00e0 sa droite.<\/p>\n<p style=\"text-align: justify;\">L\u2019homme me voit et s\u2019arr\u00eate. Il est bienveillant.<\/p>\n<p style=\"text-align: justify;\">Il dit : \u00ab c\u2019est beau ici ! \u00bb<\/p>\n<p style=\"text-align: justify;\">Je r\u00e9ponds : \u00ab oui \u00bb.<\/p>\n<p style=\"text-align: justify;\">Une courte pause. Il regarde le paysage, puis demande :<\/p>\n<p style=\"text-align: justify;\">\u00ab Ce n\u2019est pas ici qu\u2019on a tourn\u00e9 le film \u00ab Lahordia \u00bb ?<\/p>\n<p style=\"text-align: justify;\">Je r\u00e9ponds : \u00ab oui \u00bb.\u00a0\u00bb<\/p>\n<\/blockquote>\n<p style=\"text-align: left;\">Le r\u00eaveur pr\u00e9cise que dans la r\u00e9alit\u00e9, dans ce lieu, a \u00e9t\u00e9 tourn\u00e9 le film Lahordia [Le nom du film a \u00e9t\u00e9 modifi\u00e9], dont le th\u00e8me est une vaste manipulation de groupe par le personnage principal.<\/p>\n<p style=\"text-align: left;\">L&rsquo;homme, accompagn\u00e9 de son fils, voit le r\u00eaveur \u00ab\u00a0en surplomb\u00a0\u00bb et s&rsquo;int\u00e9resse \u00e0 sa situation. Le film montre l&rsquo;ampleur d&rsquo;une vaste manipulation qui reprend celle dont est victime le r\u00eaveur. Celle-ci contraste avec le paysage idyllique qui ne laisse pas supposer un tel climat de manipulation. L&rsquo;homme et son fils repr\u00e9sentent des alli\u00e9s de poids sur lesquels le r\u00eaveur pourra compter pour s&rsquo;extraire de ses difficult\u00e9s.<\/p>\n<p style=\"text-align: left;\">Les r\u00eaves \u00e0 venir, l&rsquo;attention aux synchronicit\u00e9s, aiguilleront le r\u00eaveur dans la d\u00e9couverte de soi. Il b\u00e9n\u00e9ficiera d&rsquo;\u00e9l\u00e9ments nouveaux qui contribueront \u00e0 la transformation de sa situation et sur lesquels il pourra s&rsquo;appuyer pour prendre les d\u00e9cisions qui s&rsquo;imposent.<\/p>\n<h2>Parole de chanson<\/h2>\n<p>La r\u00eaveuse a travaill\u00e9 dans le secteur hospitalier. Divorc\u00e9e, elle dit ne pas se souvenir de ses r\u00eaves. Durant le s\u00e9minaire, dans la nuit du samedi au dimanche, elle se souvient de cette phrase :<\/p>\n<blockquote>\n<p>\u00ab\u00a0Tu verras, on se retrouvera.\u00a0\u00bb<\/p>\n<\/blockquote>\n<p>Elle nous dit entendre la chanson de Francis Lalanne qui porte ce titre. Les paroles de celle-ci mettent l&rsquo;accent sur l&rsquo;amour qui est plus fort que tout. Il est dit que m\u00eame la mort ne peut s\u00e9parer deux \u00eatres qui s&rsquo;aiment.<\/p>\n<p>Cette chanson fait \u00e9cho aux multiples difficult\u00e9s rencontr\u00e9es par la r\u00eaveuse autour des th\u00e8mes de l&rsquo;amour&nbsp; et de la mort. Ce r\u00eave plein d&rsquo;espoir \u00e9voque l&rsquo;int\u00e9riorit\u00e9 de la r\u00eaveuse, la n\u00e9cessit\u00e9 pour elle d&rsquo;int\u00e9grer les p\u00f4les f\u00e9minin et masculin en vue d&rsquo;une transformation.<\/p>\n<h2>Un champ caillouteux<\/h2>\n<p>Le r\u00eaveur, ancien responsable d&rsquo;un service bancaire et retrait\u00e9, a \u00e9t\u00e9 pi\u00e9g\u00e9 dans deux de ses relations amoureuses. Il rapporte des propos qui montrent combien il a \u00e9t\u00e9 manipul\u00e9, et ce dans la dur\u00e9e. Il a r\u00e9ussi \u00e0 sortir de l&#8217;emprise ext\u00e9rieure dans laquelle il \u00e9tait enferm\u00e9 et a renou\u00e9 avec sa vie int\u00e9rieure. Il nous apporte ce r\u00eave :<\/p>\n<blockquote>\n<p>\u00ab\u00a0Je vois au loin un champ caillouteux entour\u00e9 sur la gauche d\u2019une montagne \u00e9clair\u00e9e par le soleil du matin, me semble-t-il, et en contrebas un champ relativement caillouteux.<\/p>\n<p>Sur ce champ se trouve une femme habill\u00e9e d&rsquo;une robe de style \u00ab\u00a0chasuble grise, avec une capuche\u00a0\u00bb, lui arrivant jusqu&rsquo;aux pieds. Elle tient une b\u00eache et s&rsquo;appr\u00eate \u00e0 travailler sur ce champ ingrat. La sc\u00e8ne semble se d\u00e9rouler \u00e0 la fin du 18e si\u00e8cle.\u00a0\u00bb<\/p>\n<\/blockquote>\n<p>Le travail int\u00e9rieur qu&rsquo;il a entrepris r\u00e9v\u00e8le la difficult\u00e9 de la t\u00e2che : le sol est caillouteux et difficile \u00e0 travailler. La femme qui est au centre du r\u00eave, par sa tenue et ses outils, rappelle l&rsquo;ambiance de la fin du 18e si\u00e8cle. Le soleil du matin est bien pr\u00e9sent et \u00e9claire l&rsquo;ensemble.<\/p>\n<p>Le r\u00eaveur se tient loin de la sc\u00e8ne, il est bien conscient que le chemin est difficile et que les mat\u00e9riaux qu&rsquo;il doit prendre en compte puisent dans des couches profondes de sa psych\u00e9.<\/p>\n<h2>Le chemin d&rsquo;individuation<\/h2>\n<p>Notre monde int\u00e9rieur est tr\u00e8s riche et les r\u00eaves nous montrent combien nous pouvons b\u00e9n\u00e9ficier de nombreuses aides. Nous sommes ainsi revivifi\u00e9s, acompagn\u00e9s, et notre vie prend un nouveau cours. Au fil du temps, les \u00e9v\u00e9nements qui nous ont touch\u00e9s perdent de leur importance.<\/p>\n<p>Chacun peut ainsi reprendre le chemin de vie qui est le sien, nomm\u00e9 processus d&rsquo;individuation par C.G. Jung.<\/p>\n<p><em>Les \u00e9l\u00e9ments ci-dessus donnent un aper\u00e7u de la richesse des \u00e9changes. Ils ont \u00e9t\u00e9 recueillis par <a href=\"https:\/\/www.cgjung.net\/espace\/qui-sommes-nous\/chantal-armouet\/\">Chantal Armouet<\/a> et Jean-Pierre Robert, animateurs du s\u00e9minaire.<\/em><\/p>\n<h1>Chroniques des s\u00e9minaires<\/h1>\n<ul>\n<li><a href=\"https:\/\/www.cgjung.net\/espace\/seminaires\/2019-10-que-disent-nos-reves\/\">Les images arch\u00e9typiques dans les r\u00eaves, les reconna\u00eetre<\/a> (octobre 2019)<\/li>\n<li><a href=\"https:\/\/www.cgjung.net\/espace\/seminaires\/2019-11-psychologie-profondeurs\/\">D\u00e9couvrir si l\u2019on est extraverti ou introverti et ses fonctions<\/a> (novembre 2019)<\/li>\n<li><a href=\"https:\/\/www.cgjung.net\/espace\/seminaires\/2019-12-harcelement-emprise\/\">Incroyable ! L\u2019imagination des manipulateurs d\u00e9fie l\u2019entendement<\/a> (d\u00e9cembre 2019)<\/li>\n<li><a href=\"https:\/\/www.cgjung.net\/espace\/seminaires\/2020-01-a-lecoute-des-reves\/\">A l&rsquo;\u00e9coute des r\u00eaves<\/a>\u00a0(janvier 2020)<\/li>\n<\/ul>\n\n<h1>S\u00e9minaires p\u00e9riode d&rsquo;avril 2017 \u00e0 avril 2023<\/h1>\n<ul>\n<li><a href=\"https:\/\/www.cgjung.net\/espace\/seminaires\/seminaires-2017-2023\/\">S\u00e9minaires de formation d&rsquo;avril 2017 \u00e0 avril 2023<\/a>\n<ul>\n<li><a href=\"https:\/\/www.cgjung.net\/espace\/seminaires\/que-disent-nos-reves-seminaire-en-ligne\/\">Approche jungienne des r\u00eaves<\/a><\/li>\n<li><a href=\"https:\/\/www.cgjung.net\/espace\/seminaires\/psychologie-des-profondeurs-seminaire-en-ligne\/\">Psychologie des profondeurs selon C.G. Jung<\/a><\/li>\n<li><a href=\"https:\/\/www.cgjung.net\/espace\/seminaires\/harcelement-relations-emprise\/\">Harc\u00e8lement et relations d\u2019emprise : comment s\u2019en lib\u00e9rer ?<\/a><\/li>\n<\/ul>\n<\/li>\n<\/ul>\n\n","protected":false},"excerpt":{"rendered":"<p>Les situations d&#8217;emprise sont toujours tr\u00e8s douloureuses. Les personnes qui usent de manipulation ne l\u00e2chent pas facilement ceux et celles qu&rsquo;ils tiennent sous leur joug. Ce s\u00e9minaire, qui s&rsquo;est d\u00e9roul\u00e9 au mois de d\u00e9cembre 2019, a donn\u00e9 l&rsquo;occasion \u00e0 chacun des participants d&rsquo;exprimer les grandes difficult\u00e9s rencontr\u00e9es, et ce dans un climat bienveillant fond\u00e9 sur [&hellip;]<\/p>\n","protected":false},"author":1,"featured_media":0,"parent":8959,"menu_order":46,"comment_status":"closed","ping_status":"closed","template":"","meta":{"footnotes":""},"class_list":["post-10686","page","type-page","status-publish","hentry"],"_links":{"self":[{"href":"https:\/\/www.cgjung.net\/espace\/wp-json\/wp\/v2\/pages\/10686","targetHints":{"allow":["GET"]}}],"collection":[{"href":"https:\/\/www.cgjung.net\/espace\/wp-json\/wp\/v2\/pages"}],"about":[{"href":"https:\/\/www.cgjung.net\/espace\/wp-json\/wp\/v2\/types\/page"}],"author":[{"embeddable":true,"href":"https:\/\/www.cgjung.net\/espace\/wp-json\/wp\/v2\/users\/1"}],"replies":[{"embeddable":true,"href":"https:\/\/www.cgjung.net\/espace\/wp-json\/wp\/v2\/comments?post=10686"}],"version-history":[{"count":45,"href":"https:\/\/www.cgjung.net\/espace\/wp-json\/wp\/v2\/pages\/10686\/revisions"}],"predecessor-version":[{"id":28528,"href":"https:\/\/www.cgjung.net\/espace\/wp-json\/wp\/v2\/pages\/10686\/revisions\/28528"}],"up":[{"embeddable":true,"href":"https:\/\/www.cgjung.net\/espace\/wp-json\/wp\/v2\/pages\/8959"}],"wp:attachment":[{"href":"https:\/\/www.cgjung.net\/espace\/wp-json\/wp\/v2\/media?parent=10686"}],"curies":[{"name":"wp","href":"https:\/\/api.w.org\/{rel}","templated":true}]}}