{"id":10522,"date":"2020-02-28T16:20:20","date_gmt":"2020-02-28T15:20:20","guid":{"rendered":"https:\/\/www.cgjung.net\/espace\/?page_id=10522"},"modified":"2020-03-20T18:49:18","modified_gmt":"2020-03-20T17:49:18","slug":"jung-et-les-reves","status":"publish","type":"page","link":"https:\/\/www.cgjung.net\/espace\/cg-jung\/jung-et-les-reves\/","title":{"rendered":"C.G. Jung et les r\u00eaves"},"content":{"rendered":"<p style=\"text-align: justify;\"><strong>C.G. Jung expose ses th\u00e9ories sur la fonction, l&rsquo;origine, la nature et les causes des r\u00eaves.<\/strong><\/p>\n<p><img loading=\"lazy\" decoding=\"async\" class=\"size-full wp-image-2633 aligncenter\" src=\"https:\/\/www.cgjung.net\/espace\/wp-content\/uploads\/2015\/11\/le-reve-de-epheme.jpeg\" alt=\"\" width=\"640\" height=\"458\" srcset=\"https:\/\/www.cgjung.net\/espace\/wp-content\/uploads\/2015\/11\/le-reve-de-epheme.jpeg 640w, https:\/\/www.cgjung.net\/espace\/wp-content\/uploads\/2015\/11\/le-reve-de-epheme-300x215.jpeg 300w\" sizes=\"auto, (max-width: 640px) 100vw, 640px\" \/><\/p>\n<h2>Les r\u00eaves<\/h2>\n<p style=\"text-align: justify;\">Pour Jung les r\u00eaves compensent ce que nous laissons dans l&rsquo;ombre pendant notre vie \u00e9veill\u00e9e. Ils sont le rep\u00e8re le plus visible des manifestations symboliques de l&rsquo;inconscient.<\/p>\n<p>Le r\u00eave est \u00e0 la fois un m\u00e9diateur et une repr\u00e9sentation th\u00e9\u00e2trale mettant en sc\u00e8ne la situation du r\u00eaveur telle qu\u2019elle est per\u00e7ue au niveau de l\u2019inconscient.<\/p>\n<h2>De l&rsquo;antiquit\u00e9 \u00e0 nos jours<\/h2>\n<p style=\"text-align: justify;\">Depuis l&rsquo;antiquit\u00e9 on a th\u00e9oris\u00e9 et comment\u00e9 au sujet des r\u00eaves. Dans <a href=\"https:\/\/www.cgjung.net\/oeuvre\/psychologie_religion.htm\"><em>Psychologie et religion<\/em> <\/a>Jung cite Benoit Perrier (fin du XV\u00b0 si\u00e8cle) qui d\u00e9nombre 4 causes de r\u00eaves :<\/p>\n<ul>\n<li>Un d\u00e9rangement physique,<\/li>\n<li>Un trouble \u00e9motif ou passionnel,<\/li>\n<li>Une intervention d\u00e9moniaque,<\/li>\n<li>Un cadeau de Dieu.<\/li>\n<\/ul>\n<p style=\"text-align: justify;\">Freud est un pionnier et renouvelle l&rsquo;interpr\u00e9tation des r\u00eaves. Pour Jung, dont l&rsquo;interpr\u00e9tation diff\u00e8re de celle de Freud, le r\u00eave est un ph\u00e9nom\u00e8ne naturel ne proc\u00e9dant pas de la volont\u00e9. Le r\u00eave dit ce qu&rsquo;il a \u00e0 exprimer, tout simplement et sans artifices, \u00e0 partir des symboles qu&rsquo;il v\u00e9hicule.<\/p>\n<h2>A l&rsquo;origine des r\u00eaves<\/h2>\n<p>Jung s&rsquo;interroge sur les causes et les conditions qui sont \u00e0 l&rsquo;origine du r\u00eave :<\/p>\n<ul>\n<li>Causes somatiques et environnementales,<\/li>\n<li>\u00c9v\u00e9nements psychiques, y compris dans l&rsquo;entourage du r\u00eaveur,<\/li>\n<li>\u00c9v\u00e9nements pass\u00e9s,<\/li>\n<li>Anticipation de contenus psychiques futurs.<\/li>\n<\/ul>\n<p style=\"text-align: justify;\">Jung attire aussi l&rsquo;attention sur le fait que le r\u00eave n&rsquo;est jamais une r\u00e9p\u00e9tition. Il transforme les apports de l&rsquo;inconscient avant de les restituer.<\/p>\n<p style=\"text-align: justify;\"><em>Une partie des textes et des citations sont extraits de la page <a href=\"https:\/\/www.cgjung.net\/espace\/cg-jung\/fonctions-et-etudes-des-reves\/\">Fonctions et \u00e9tudes des r\u00eaves<\/a>.<\/em><\/p>\n<p style=\"text-align: right;\"><a href=\"https:\/\/www.cgjung.net\/espace\/cg-jung\/manifestations-anima-animus\/\">Article pr\u00e9c\u00e9dent<\/a>\u00a0| <a href=\"https:\/\/www.cgjung.net\/espace\/cg-jung\/reves-selon-freud-et-jung\/\">Article suivant<\/a><\/p>\n","protected":false},"excerpt":{"rendered":"<p>C.G. Jung expose ses th\u00e9ories sur la fonction, l&rsquo;origine, la nature et les causes des r\u00eaves. Les r\u00eaves Pour Jung les r\u00eaves compensent ce que nous laissons dans l&rsquo;ombre pendant notre vie \u00e9veill\u00e9e. Ils sont le rep\u00e8re le plus visible des manifestations symboliques de l&rsquo;inconscient. Le r\u00eave est \u00e0 la fois un m\u00e9diateur et une [&hellip;]<\/p>\n","protected":false},"author":1,"featured_media":0,"parent":110,"menu_order":474,"comment_status":"closed","ping_status":"closed","template":"","meta":{"footnotes":""},"class_list":["post-10522","page","type-page","status-publish","hentry"],"_links":{"self":[{"href":"https:\/\/www.cgjung.net\/espace\/wp-json\/wp\/v2\/pages\/10522","targetHints":{"allow":["GET"]}}],"collection":[{"href":"https:\/\/www.cgjung.net\/espace\/wp-json\/wp\/v2\/pages"}],"about":[{"href":"https:\/\/www.cgjung.net\/espace\/wp-json\/wp\/v2\/types\/page"}],"author":[{"embeddable":true,"href":"https:\/\/www.cgjung.net\/espace\/wp-json\/wp\/v2\/users\/1"}],"replies":[{"embeddable":true,"href":"https:\/\/www.cgjung.net\/espace\/wp-json\/wp\/v2\/comments?post=10522"}],"version-history":[{"count":21,"href":"https:\/\/www.cgjung.net\/espace\/wp-json\/wp\/v2\/pages\/10522\/revisions"}],"predecessor-version":[{"id":11286,"href":"https:\/\/www.cgjung.net\/espace\/wp-json\/wp\/v2\/pages\/10522\/revisions\/11286"}],"up":[{"embeddable":true,"href":"https:\/\/www.cgjung.net\/espace\/wp-json\/wp\/v2\/pages\/110"}],"wp:attachment":[{"href":"https:\/\/www.cgjung.net\/espace\/wp-json\/wp\/v2\/media?parent=10522"}],"curies":[{"name":"wp","href":"https:\/\/api.w.org\/{rel}","templated":true}]}}