{"id":10371,"date":"2019-12-12T19:15:09","date_gmt":"2019-12-12T18:15:09","guid":{"rendered":"https:\/\/www.cgjung.net\/espace\/?page_id=10371"},"modified":"2019-12-20T18:48:45","modified_gmt":"2019-12-20T17:48:45","slug":"lhomme-et-la-nature-selon-c-g-jung","status":"publish","type":"page","link":"https:\/\/www.cgjung.net\/espace\/cg-jung\/lhomme-et-la-nature-selon-c-g-jung\/","title":{"rendered":"L&rsquo;homme et la nature selon C.G. Jung"},"content":{"rendered":"<p style=\"text-align: justify;\"><strong>Selon Carl Gustav Jung l&rsquo;homme fait partie de la nature dans laquelle s&rsquo;enracine son esprit.<\/strong><\/p>\n<p><img loading=\"lazy\" decoding=\"async\" class=\"size-full wp-image-607 aligncenter\" src=\"https:\/\/www.cgjung.net\/espace\/wp-content\/uploads\/2014\/09\/le-r\u00e9seau-de-lesprit-e1423409259243-1.jpeg\" alt=\"\" width=\"583\" height=\"199\" srcset=\"https:\/\/www.cgjung.net\/espace\/wp-content\/uploads\/2014\/09\/le-r\u00e9seau-de-lesprit-e1423409259243-1.jpeg 583w, https:\/\/www.cgjung.net\/espace\/wp-content\/uploads\/2014\/09\/le-r\u00e9seau-de-lesprit-e1423409259243-1-300x102.jpeg 300w\" sizes=\"auto, (max-width: 583px) 100vw, 583px\" \/><\/p>\n<h2>La psych\u00e9 s&rsquo;enracine dans le biologique<\/h2>\n<p style=\"text-align: justify;\">Pour comprendre le mod\u00e8le de la psych\u00e9 jungienne, il faut se p\u00e9n\u00e9trer de l\u2019id\u00e9e qu\u2019elle s\u2019enracine dans l\u2019ordre biologique et que, pour Jung, toute organisation est <em>calqu\u00e9e sur la vie \u00e9ternelle de l\u2019esp\u00e8ce<\/em> ce qui explique qu\u2019il puisse \u00e9crire dans <a href=\"https:\/\/www.cgjung.net\/oeuvre\/racines_conscience_poche.htm\"><em>Les racines de la conscience<\/em><\/a> :<\/p>\n<blockquote>\n<p style=\"text-align: justify;\">\u00ab\u00a0La psych\u00e9 n\u2019est en aucune mani\u00e8re un chaos fait d\u2019arbitraire et de hasard, mais une r\u00e9alit\u00e9 objective qui est accessible \u00e0 l\u2019exploration au moyen des m\u00e9thodes des sciences naturelles.\u00a0\u00bb (p. 563)<\/p>\n<\/blockquote>\n<h2>A la recherche d&rsquo;une unit\u00e9 corps et esprit<\/h2>\n<p style=\"text-align: justify;\">C.G. Jung chercha vainement une \u00ab\u00a0<em>psychologie qui eut consid\u00e9r\u00e9 l\u2019homme comme une totalit\u00e9\u00a0\u00bb<\/em>, corps et esprit, et trouva son chemin de Damas quand il rencontra la psychiatrie car :<\/p>\n<blockquote>\n<p style=\"text-align: justify;\">\u00ab\u00a0En elle seule pouvaient confluer les deux fleuves de mon int\u00e9r\u00eat et se creuser leur lit en un parcours commun. L\u00e0 \u00e9tait le champ commun de l\u2019exp\u00e9rience des donn\u00e9es biologiques et des donn\u00e9es spirituelles que j\u2019avais jusqu\u2019alors cherch\u00e9 en vain. C\u2019\u00e9tait enfin le lieu o\u00f9 la rencontre de la nature et de l\u2019esprit devenait r\u00e9alit\u00e9 \u2026 C\u2019est le sentiment d\u2019une \u201cnature d\u00e9doubl\u00e9e\u201d, qui me porta comme une vague magique \u2026\u00a0\u00bb (<a href=\"https:\/\/www.cgjung.net\/oeuvre\/ma_vie_folio.htm\">Ma vie<\/a>, p. 134, 135.).<\/p>\n<\/blockquote>\n<h2>Un sentiment immuable de faire partie de la nature<\/h2>\n<p style=\"text-align: justify;\">Ce besoin qui, chez Jung, est presque un ressenti, de construire un mod\u00e8le de la psych\u00e9 inspir\u00e9 par la vision d\u2019une Nature se d\u00e9ployant vers la conscience, s\u2019exprime ainsi dans <a href=\"https:\/\/www.cgjung.net\/oeuvre\/racines_conscience_poche.htm\"><em>Les racines de la conscience<\/em><\/a> (p.522).<\/p>\n<blockquote>\n<p style=\"text-align: justify;\">\u00ab\u00a0En \u00e9gard \u00e0 la structure du corps, il serait surprenant que la psych\u00e9 f\u00fbt le seul ph\u00e9nom\u00e8ne biologique \u00e0 ne pas r\u00e9v\u00e9ler des traces \u00e9videntes de l\u2019histoire de son d\u00e9veloppement, et il est \u00e9galement vraisemblable que ces signes sont pr\u00e9cis\u00e9ment dans le plus \u00e9troit rapport avec le fondement instinctif.\u00a0\u00bb<\/p>\n<\/blockquote>\n<p>Le philosophe Spinoza, bien avant lui, met l&rsquo;accent sur le lien entre l&rsquo;homme et la Nature :<\/p>\n<blockquote>\n<p style=\"text-align: justify;\">\u00ab\u00a0Il est impossible que l&rsquo;homme ne soit pas une partie de la Nature, et qu&rsquo;il \u00e9vite de subir d&rsquo;autres changements que ceux qui peuvent se comprendre par sa seule nature et dont il est la cause ad\u00e9quate (proposition IV de l&rsquo;\u00c9thique ).\u00a0\u00bb<\/p>\n<\/blockquote>\n<h2>Impulsion donn\u00e9e par l&rsquo;\u00e9nergie psychique<\/h2>\n<p style=\"text-align: justify;\">Tout en conservant l\u2019importance de l\u2019\u00e9nergie sexuelle dans la libido, Jung a d\u00e9termin\u00e9 deux p\u00f4les entre lesquels il existe une diff\u00e9rence de potentiel : le p\u00f4le sexuel, ou plus exactement le p\u00f4le instinctuel, et le p\u00f4le de l\u2019esprit.<\/p>\n<p style=\"text-align: justify;\">C\u2019est la tension entre ces p\u00f4les qui est \u00e0 l\u2019origine d\u2019intensit\u00e9s, ou de valeurs d\u2019ordre psychologique, qu\u2019il appelle l\u2019\u00e9nergie psychique. Les contenus et la mesure de cette \u00e9nergie sont absolument ind\u00e9termin\u00e9s et seule l\u2019exp\u00e9rience peut en mesurer les effets au niveau des sentiments et des affects.<\/p>\n<h2>Qu&rsquo;entend Jung par l&rsquo;esprit ?<\/h2>\n<p style=\"text-align: justify;\">Marie-Louise von Franz, la plus intime collaboratrice de Jung, nous donne le r\u00e9sum\u00e9 le plus simple de ce que, pour lui, signifiait l\u2019esprit. On peut lire dans son ouvrage : <a href=\"https:\/\/www.cgjung.net\/mlvf\/oeuvre\/jung.htm\">C.G. Jung, son mythe en notre temps<\/a> :<\/p>\n<blockquote>\n<p style=\"text-align: justify;\">\u00ab\u00a0L\u2019esprit, d\u00e9clare Jung en r\u00e9sum\u00e9, signifie donc originellement un complexe fonctionnel v\u00e9cu au stade primitif comme une pr\u00e9sence invisible, comme un souffle. Quand survient un ph\u00e9nom\u00e8ne psychique ressenti comme appartenant \u00e0 notre \u00eatre propre, nous l\u2019appelons notre propre esprit.<\/p>\n<p style=\"text-align: justify;\">Si par contre le ph\u00e9nom\u00e8ne psychique para\u00eet nous \u00eatre \u00e9tranger, c\u2019est \u00e0 nos yeux un autre \u201cesprit\u201d que l\u2019on peut consid\u00e9rer en d\u00e9finitive comme un aspect non encore int\u00e9gr\u00e9 de l\u2019inconscient. Cet aspect spirituel de l\u2019inconscient poss\u00e8de une \u00e9nergie propre ; il engendre, ind\u00e9pendamment des excitations sensorielles externes des images et des id\u00e9es spontan\u00e9es dans l\u2019espace int\u00e9rieur et les ordonne d\u2019une mani\u00e8re pleine de sens.\u00a0\u00bb ( p. 98 \u00e0 101.)<\/p>\n<\/blockquote>\n<p><em>Une partie des textes et des citations sont extraits de la page <a href=\"https:\/\/www.cgjung.net\/espace\/cg-jung\/modele-psyche-jungienne\/\">Jung \u00e0 la recherche de la totalit\u00e9 psychique<\/a>.<\/em><\/p>\n<p style=\"text-align: right;\"><a href=\"https:\/\/www.cgjung.net\/espace\/cg-jung\/dialectique-totalite\/\">Article pr\u00e9c\u00e9dent<\/a>\u00a0| <a href=\"https:\/\/www.cgjung.net\/espace\/cg-jung\/conscience-moi\/\">Article suivant<\/a><\/p>\n","protected":false},"excerpt":{"rendered":"<p>Selon Carl Gustav Jung l&rsquo;homme fait partie de la nature dans laquelle s&rsquo;enracine son esprit. La psych\u00e9 s&rsquo;enracine dans le biologique Pour comprendre le mod\u00e8le de la psych\u00e9 jungienne, il faut se p\u00e9n\u00e9trer de l\u2019id\u00e9e qu\u2019elle s\u2019enracine dans l\u2019ordre biologique et que, pour Jung, toute organisation est calqu\u00e9e sur la vie \u00e9ternelle de l\u2019esp\u00e8ce ce [&hellip;]<\/p>\n","protected":false},"author":1,"featured_media":0,"parent":110,"menu_order":384,"comment_status":"closed","ping_status":"closed","template":"","meta":{"footnotes":""},"class_list":["post-10371","page","type-page","status-publish","hentry"],"_links":{"self":[{"href":"https:\/\/www.cgjung.net\/espace\/wp-json\/wp\/v2\/pages\/10371","targetHints":{"allow":["GET"]}}],"collection":[{"href":"https:\/\/www.cgjung.net\/espace\/wp-json\/wp\/v2\/pages"}],"about":[{"href":"https:\/\/www.cgjung.net\/espace\/wp-json\/wp\/v2\/types\/page"}],"author":[{"embeddable":true,"href":"https:\/\/www.cgjung.net\/espace\/wp-json\/wp\/v2\/users\/1"}],"replies":[{"embeddable":true,"href":"https:\/\/www.cgjung.net\/espace\/wp-json\/wp\/v2\/comments?post=10371"}],"version-history":[{"count":17,"href":"https:\/\/www.cgjung.net\/espace\/wp-json\/wp\/v2\/pages\/10371\/revisions"}],"predecessor-version":[{"id":10454,"href":"https:\/\/www.cgjung.net\/espace\/wp-json\/wp\/v2\/pages\/10371\/revisions\/10454"}],"up":[{"embeddable":true,"href":"https:\/\/www.cgjung.net\/espace\/wp-json\/wp\/v2\/pages\/110"}],"wp:attachment":[{"href":"https:\/\/www.cgjung.net\/espace\/wp-json\/wp\/v2\/media?parent=10371"}],"curies":[{"name":"wp","href":"https:\/\/api.w.org\/{rel}","templated":true}]}}