{"id":10347,"date":"2019-12-06T10:10:28","date_gmt":"2019-12-06T09:10:28","guid":{"rendered":"https:\/\/www.cgjung.net\/espace\/?page_id=10347"},"modified":"2019-12-20T18:19:55","modified_gmt":"2019-12-20T17:19:55","slug":"dialectique-totalite","status":"publish","type":"page","link":"https:\/\/www.cgjung.net\/espace\/cg-jung\/dialectique-totalite\/","title":{"rendered":"Dialectique et totalit\u00e9 selon Jung"},"content":{"rendered":"<p style=\"text-align: justify;\"><strong>Ce que Jung voulait dire quand il parlait de dialectique et de totalit\u00e9.<\/strong><\/p>\n<p style=\"text-align: justify;\"><img loading=\"lazy\" decoding=\"async\" class=\"size-full wp-image-536 aligncenter\" src=\"https:\/\/www.cgjung.net\/espace\/wp-content\/uploads\/2014\/09\/essai-1.jpg\" alt=\"\" width=\"636\" height=\"176\" srcset=\"https:\/\/www.cgjung.net\/espace\/wp-content\/uploads\/2014\/09\/essai-1.jpg 636w, https:\/\/www.cgjung.net\/espace\/wp-content\/uploads\/2014\/09\/essai-1-300x83.jpg 300w\" sizes=\"auto, (max-width: 636px) 100vw, 636px\" \/><\/p>\n<h2 style=\"text-align: justify;\">Le vocable dialectique<\/h2>\n<p style=\"text-align: justify;\">C.G. Jung utilise certains vocables d\u2019une mani\u00e8re non conventionnelle. Pour donner un exemple des fr\u00e9quents malentendus dus \u00e0 une lecture tr\u00e8s fragmentaire et \u00e0 des conclusions h\u00e2tives prenons le mot dialectique.<\/p>\n<p style=\"text-align: justify;\">Il l\u2019utilise aussi bien comme titre d\u2019un de ses ouvrages, <a href=\"https:\/\/www.cgjung.net\/oeuvre\/dialectique.htm\"><em>Dialectique du Moi et de l\u2019inconscient<\/em><\/a>, que pour donner un nom au processus de la relation entre l\u2019analyste et l\u2019analysant et entre l\u2019analysant et les contenus \u00e9mergeant de l\u2019inconscient, contenus dont la compr\u00e9hension est facilit\u00e9e par l\u2019analyste.<\/p>\n<h2 style=\"text-align: justify;\">La curieuse d\u00e9testation de Hegel<\/h2>\n<p style=\"text-align: justify;\">Jung r\u00e9agit assez vivement \u00e0 toute allusion au sujet d\u2019une quelconque influence de Hegel sur sa pens\u00e9e, et ceci jusqu\u2019\u00e0 la fin de sa vie. C\u2019est ainsi qu\u2019on peut lire dans une lettre \u00e9crite deux ans avant sa mort :<\/p>\n<blockquote>\n<p style=\"text-align: justify;\">\u201cHegel\u2026 peut \u00eatre consid\u00e9r\u00e9 comme un psychologue rat\u00e9\u2026 La dialectique h\u00e9g\u00e9lienne, je peux le dire en toute tranquillit\u00e9 n\u2019a pas exerc\u00e9 la moindre influence sur moi, autant que je le sache. J\u2019ai utilis\u00e9 le terme allemand Auseinandersetzung dans le sens de la langue courante. \u00c9tant un empiriste et non un penseur en philosophie, j\u2019ai choisi des termes qui ont leur source r\u00e9elle dans l\u2019exp\u00e9rience.\u201d (1959, <a href=\"https:\/\/www.cgjung.net\/oeuvre\/correspondance_1958_1961.htm\">Correspondance, tome 5<\/a>, p. 112.)<\/p>\n<\/blockquote>\n<h2 style=\"text-align: justify;\">Il existe toujours une tension avec les oppos\u00e9s<\/h2>\n<p style=\"text-align: justify;\">Pour Jung, il existe toujours une tension entre les oppos\u00e9s. On est confront\u00e9 avec un \u00ab\u00a0vis-\u00e0-vis avec lequel il faut compter\u00a0\u00bb et \u00ab\u00a0processus dialectique\u00a0\u00bb signifie syst\u00e8me de relation et d\u2019interaction.<\/p>\n<h2>La totalit\u00e9 selon Jung<\/h2>\n<p style=\"text-align: justify;\">La totalit\u00e9 selon Jung, est la totalit\u00e9 psychique vers laquelle on peut cheminer \u201chumainement\u201d. Il s\u2019agirait d\u2019une psych\u00e9 globale, au sein de laquelle les contenus conscients doivent \u00eatre compl\u00e9t\u00e9s par les contenus de l\u2019inconscient. (c.f.<a href=\"https:\/\/www.cgjung.net\/oeuvre\/mythe_moderne.htm\"> Un mythe moderne<\/a> p. 73).<\/p>\n<p style=\"text-align: justify;\">Cette d\u00e9marche id\u00e9ale peut sembler utopique mais elle est potentiellement r\u00e9alisable :<\/p>\n<blockquote>\n<p style=\"text-align: justify;\">\u201cDeviens celui que tu as \u00e9t\u00e9 depuis toujours ! C\u2019est \u00e0 dire efforce toi d\u2019atteindre \u00e0 cette totalit\u00e9 \u00e0 cet \u00e9panouissement de toi m\u00eame que nous font perdre les circonstances d\u2019une existence consciente et civilis\u00e9e, \u00e0 cette totalit\u00e9 que chacun porte potentiellement en lui m\u00eame depuis toujours. \u00bb (<a href=\"https:\/\/www.cgjung.net\/oeuvre\/mythe_moderne.htm\">Un mythe moderne<\/a> p. 181)<\/p>\n<\/blockquote>\n<h2>L&rsquo;intuition d&rsquo;une Totalit\u00e9 inconnaissable<\/h2>\n<p style=\"text-align: justify;\">Jung \u00e9voque aussi une Totalit\u00e9 inconnaissable dont il semble avoir l\u2019intuition, mais au sujet de laquelle il se refuse \u00e0 affirmer quoi que ce soit, car elle rel\u00e8ve pour lui du transcendant inv\u00e9rifiable. Cette Totalit\u00e9, dont il eut une sorte de \u201cvision\u201d en 1916, et qu\u2019il assimilait alors au Pl\u00e9r\u00f4me des Gnostiques, serait celle d\u2019un Dieu unissant en lui tous les contraires avant la diff\u00e9renciation.<\/p>\n<h2>Chacun est unique par son individuation et en relation avec l\u2019ensemble de la Nature<\/h2>\n<p style=\"text-align: justify;\">Jung privil\u00e9gia une approche de la totalit\u00e9 o\u00f9 chacun est \u00e0 la fois unique par son individuation et en relation avec l\u2019ensemble de la Nature. La totalit\u00e9 de la Vie, y compris celle de la vie de l\u2019esprit, serait alors faite d\u2019un seul et m\u00eame substrat.<\/p>\n<p><em>Une partie des textes et des citations sont extraits de la page <a href=\"https:\/\/www.cgjung.net\/espace\/cg-jung\/relation-de-jung-lidee-de-totalite\/\">La relation de Jung avec l&rsquo;id\u00e9e de totalit\u00e9<\/a>.<\/em><\/p>\n<p style=\"text-align: right;\"><a href=\"https:\/\/www.cgjung.net\/espace\/cg-jung\/representations-oniriques-et-visions\/\">Article pr\u00e9c\u00e9dent<\/a>\u00a0| <a href=\"https:\/\/www.cgjung.net\/espace\/cg-jung\/lhomme-et-la-nature-selon-c-g-jung\/\">Article suivant<\/a><\/p>\n","protected":false},"excerpt":{"rendered":"<p>Ce que Jung voulait dire quand il parlait de dialectique et de totalit\u00e9. Le vocable dialectique C.G. Jung utilise certains vocables d\u2019une mani\u00e8re non conventionnelle. Pour donner un exemple des fr\u00e9quents malentendus dus \u00e0 une lecture tr\u00e8s fragmentaire et \u00e0 des conclusions h\u00e2tives prenons le mot dialectique. Il l\u2019utilise aussi bien comme titre d\u2019un de [&hellip;]<\/p>\n","protected":false},"author":1,"featured_media":0,"parent":110,"menu_order":374,"comment_status":"closed","ping_status":"closed","template":"","meta":{"footnotes":""},"class_list":["post-10347","page","type-page","status-publish","hentry"],"_links":{"self":[{"href":"https:\/\/www.cgjung.net\/espace\/wp-json\/wp\/v2\/pages\/10347","targetHints":{"allow":["GET"]}}],"collection":[{"href":"https:\/\/www.cgjung.net\/espace\/wp-json\/wp\/v2\/pages"}],"about":[{"href":"https:\/\/www.cgjung.net\/espace\/wp-json\/wp\/v2\/types\/page"}],"author":[{"embeddable":true,"href":"https:\/\/www.cgjung.net\/espace\/wp-json\/wp\/v2\/users\/1"}],"replies":[{"embeddable":true,"href":"https:\/\/www.cgjung.net\/espace\/wp-json\/wp\/v2\/comments?post=10347"}],"version-history":[{"count":12,"href":"https:\/\/www.cgjung.net\/espace\/wp-json\/wp\/v2\/pages\/10347\/revisions"}],"predecessor-version":[{"id":10447,"href":"https:\/\/www.cgjung.net\/espace\/wp-json\/wp\/v2\/pages\/10347\/revisions\/10447"}],"up":[{"embeddable":true,"href":"https:\/\/www.cgjung.net\/espace\/wp-json\/wp\/v2\/pages\/110"}],"wp:attachment":[{"href":"https:\/\/www.cgjung.net\/espace\/wp-json\/wp\/v2\/media?parent=10347"}],"curies":[{"name":"wp","href":"https:\/\/api.w.org\/{rel}","templated":true}]}}