{"id":10221,"date":"2019-11-22T09:14:53","date_gmt":"2019-11-22T08:14:53","guid":{"rendered":"https:\/\/www.cgjung.net\/espace\/?page_id=10221"},"modified":"2025-02-06T18:12:14","modified_gmt":"2025-02-06T17:12:14","slug":"2019-10-que-disent-nos-reves","status":"publish","type":"page","link":"https:\/\/www.cgjung.net\/espace\/seminaires\/2019-10-que-disent-nos-reves\/","title":{"rendered":"Les images arch\u00e9typiques dans les r\u00eaves, les reconna\u00eetre"},"content":{"rendered":"<p>De g\u00e9n\u00e9reux \u00e9changes ont \u00e9t\u00e9 au c\u0153ur de ce s\u00e9minaire des 19 et 20 octobre 2019. Chacun a apport\u00e9 de nombreux r\u00eaves, ce qui nous a permis de les partager et d&rsquo;observer la richesse des messages v\u00e9hicul\u00e9s.<\/p>\n<p><img loading=\"lazy\" decoding=\"async\" class=\"size-full wp-image-10256 aligncenter\" src=\"https:\/\/www.cgjung.net\/espace\/wp-content\/uploads\/2019\/11\/gave-oloron-prechacq-josbaig.jpg\" alt=\"\" width=\"800\" height=\"382\" srcset=\"https:\/\/www.cgjung.net\/espace\/wp-content\/uploads\/2019\/11\/gave-oloron-prechacq-josbaig.jpg 800w, https:\/\/www.cgjung.net\/espace\/wp-content\/uploads\/2019\/11\/gave-oloron-prechacq-josbaig-300x143.jpg 300w, https:\/\/www.cgjung.net\/espace\/wp-content\/uploads\/2019\/11\/gave-oloron-prechacq-josbaig-768x367.jpg 768w\" sizes=\"auto, (max-width: 800px) 100vw, 800px\" \/><\/p>\n<p>Nous avons appris \u00e0 reconna\u00eetre les images arch\u00e9typiques et \u00e0 \u00e9tablir des liens avec des contenus plus personnels. <span style=\"color: #ff0000;\"><br \/>\n<\/span><\/p>\n<p>Sans entrer dans l&rsquo;interpr\u00e9tation approfondie de chacun des r\u00eaves et dans le respect de la charte de confidentialit\u00e9 qu&rsquo;impose ce type d&rsquo;\u00e9change, voici quelques exemples de r\u00eaves.<\/p>\n<p>Les participants ont accept\u00e9 de les pr\u00e9senter, seuls certains d\u00e9tails ont \u00e9t\u00e9 modifi\u00e9s pour respecter leur anonymat.<\/p>\n<h2>Coup de poignard dans le dos<\/h2>\n<p>Un r\u00eaveur, aventurier au long cours, ayant travers\u00e9 de nombreuses \u00e9preuves, dont certaines l&rsquo;ont amen\u00e9 aux portes de la mort, propose le premier r\u00eave dont il se souvient, alors qu&rsquo;il avait 6 ou 7 ans.<\/p>\n<blockquote>\n<p>\u00ab\u00a0Je marche dans la rue la nuit avec mes parents, l\u00e9g\u00e8rement derri\u00e8re eux. Soudain, un homme \u00e0 la peau sombre surgit derri\u00e8re moi d&rsquo;une porte d&rsquo;immeuble sur ma droite et me poignarde dans le dos, je tombe \u00e0 terre et appelle mes parents d\u2019une voix d\u00e9faillante \u00ab attendez-moi \u00bb, ils se retournent et me regardent en souriant, les yeux brillants, tout en continuant \u00e0 s\u2019\u00e9loigner. Il me semble me rappeler qu\u2019un r\u00e9verb\u00e8re \u00e9claire la sc\u00e8ne.\u00a0\u00bb<\/p>\n<\/blockquote>\n<h2>La fourchette en or<\/h2>\n<p>Le m\u00eame r\u00eaveur, qui explore et analyse ses r\u00eaves depuis de nombreuses ann\u00e9es, partage le r\u00eave qui lui a \u00e9t\u00e9 donn\u00e9 dans la nuit pr\u00e9c\u00e9dant la deuxi\u00e8me journ\u00e9e de stage.<\/p>\n<blockquote>\n<p>\u00ab\u00a0Je me trouve dans une sorte de taverne avec des gens que je connais, plus ou moins amis. Il est question d\u2019un homme avec qui je suis en relation et que petit \u00e0 petit mes compagnons soup\u00e7onnent d\u2019\u00eatre d\u2019extr\u00eame droite. Je conteste, leur demande de d\u00e9finir leur jugement, pr\u00e9cise certains engagements de l\u2019homme, anti-raciste, anti-capitaliste, mais les autres n\u2019en d\u00e9mordent pas, une sorte de leader en bout de table sur ma droite en particulier.<\/p>\n<p>A un moment, je remarque la pr\u00e9sence sur la gauche d\u2019un groupe qui me semble pour sa part plut\u00f4t fascisant, cr\u00e2nes ras\u00e9s. Je vois alors le bras d\u2019un homme de ce groupe passer discr\u00e8tement devant mon voisin de gauche puis au-dessus de mon assiette, pour essayer de se saisir de ma fourchette en or \u00e0 droite de l\u2019assiette. J\u2019attrape vivement sa main, passe mes doigts entre les siens et la tords en arri\u00e8re. Je consid\u00e8re alors l\u2019homme, son cr\u00e2ne ras\u00e9, torse nu il me semble, plus muscl\u00e9 que moi, mais je ne c\u00e8de pas.<\/p>\n<p>A ce moment, un des compagnons de mon groupe, assis en face de moi prend ma fourchette en or et la tend d\u00e9licatement \u00e0 l\u2019homme, qui la saisi de sa main libre et l\u2019utilise pour se curer une petite plaie ronde au genou droit. Je proteste.\u00a0\u00bb<\/p>\n<\/blockquote>\n<p>Au milieu de ces forces antagonistes, la fourchette en or repr\u00e9sente la clef du r\u00eave et son point de basculement.<\/p>\n<h2>\u00c9vacuation d&rsquo;une pieuvre<\/h2>\n<p>Une participante partage son exp\u00e9rience inou\u00efe et fulgurante, \u00e0 laquelle elle n&rsquo;\u00e9tait pas pr\u00e9par\u00e9e, qui a retourn\u00e9 sa vie. Cette exp\u00e9rience l&rsquo;a amen\u00e9e \u00e0 s&rsquo;isoler, \u00e0 visiter les figures qui se sont pr\u00e9sent\u00e9es \u00e0 elle, \u00e0 d\u00e9couvrir des \u00e9l\u00e9ments \u00ab\u00a0toxiques\u00a0\u00bb issus de sa lign\u00e9e familiale. \u00c9clair\u00e9e par ces nouveaux contenus, elle voit sa vie et son environnement se transformer. Elle nous fait partager ses d\u00e9couvertes \u00e0 partir de l&rsquo;un des r\u00eaves qui a particip\u00e9 \u00e0 cette transformation :<\/p>\n<blockquote>\n<p>\u00ab\u00a0Je me trouve dans un espace vert, comme une aire de repos. Je suis assise sur un banc \u00e0 cot\u00e9 d&rsquo;une jeune fille et face \u00e0 moi, se trouve mon mari, de dos. J&rsquo;ai les jambes \u00e9cart\u00e9es et je vois entre mes jambes des tentacules, comme celles d&rsquo;une pieuvre. Je sais que je dois \u00e9vacuer tout cela, sachant que je prends le risque de mourir. Je prends la d\u00e9cision de le faire, je tire sur les tentacules et tout tombe \u00e0 mes pieds. Tout ce qui a \u00e9t\u00e9 expuls\u00e9 g\u00eet \u00e0 m\u00eame le sol, d\u00e9finitivement expuls\u00e9, sans vie. La jeune fille interpelle mon mari, il se retourne et d\u00e9couvre la sc\u00e8ne, il a un visage de mort vivant\u00a0\u00bb.<\/p>\n<\/blockquote>\n<p>Ce r\u00eave a \u00e9t\u00e9 v\u00e9cu comme une lib\u00e9ration.<\/p>\n<h2>Un agenda surcharg\u00e9<\/h2>\n<p>Une participante, qui exerce une activit\u00e9 lib\u00e9rale qui lui laisse peu de temps, expose le r\u00eave suivant :<\/p>\n<blockquote>\n<p>\u00ab\u00a0J&rsquo;habite une grande maison, encore plus grande que celle que j&rsquo;occupe actuellement. Je d\u00e9couvre alors que tous mes patients sont l\u00e0 pour leur s\u00e9ance, je me dis : qui m&rsquo;a foutu un \u00ab\u00a0bordel\u00a0\u00bb pareil dans mon agenda, je pense qu&rsquo;il vaut mieux commencer mes consultations m\u00eame si certains devront attendre.<\/p>\n<p>Je d\u00e9cide de recevoir en premier un jeune homme, encore adolescent, au visage inconnu. Celui-ci m&rsquo;indique qu&rsquo;il a d\u00e9j\u00e0 eu son rendez-vous avec monsieur X. Dans la vie monsieur X est mon chauffagiste, il est n\u00e9 dans le m\u00eame village que moi, dans un pays \u00e9tranger. Cet homme est fort, consciencieux, travailleur, mais pris par la tradition.\u00a0\u00bb<\/p>\n<\/blockquote>\n<p>Nous voyons dans ce r\u00eave l&rsquo;importance du masculin [Animus] qui se pr\u00e9sente sous les traits d&rsquo;un jeune homme au visage inconnu, lui m\u00eame en lien avec un homme connu de la r\u00eaveuse, exer\u00e7ant un m\u00e9tier manuel alors que la r\u00eaveuse s&rsquo;investit dans un tout autre domaine.<\/p>\n<h2>L&rsquo;imagination active<\/h2>\n<p>Au-del\u00e0 du cadre strict des r\u00eaves, l&rsquo;un des participants partage sa relation \u00e0 l&rsquo;inconscient \u00e0 partir de l&rsquo;imagination active, il accepte d&rsquo;en livrer un court extrait.<\/p>\n<blockquote>\n<p>\u00ab\u00a0Une couleuvre se met \u00e0 arpenter le sable. Elle est autour de ma t\u00eate. J&rsquo;avoue que je n&rsquo;en m\u00e8ne pas large. Cela \u00e0 beau \u00eatre une couleuvre, je ne suis pas un passionn\u00e9 ni un fanatique de ce genre de bestioles. L\u2019aller-retour de sa langue bifide n&rsquo;est pas d&rsquo;un contexte ni d&rsquo;un contact tr\u00e8s agr\u00e9able.<\/p>\n<p>Une sensation de violence voudrait s&#8217;emparer de moi pour m&#8217;emparer de cet animal et le supprimer de ma vue, et mes mains sont dans le sable, et voil\u00e0 que cet animal descend dans ce trou et se colle contre mon dos, la t\u00eate contre mon cou. J&rsquo;en ai froid, la femme qui m&rsquo;accompagne [Anima] me dit : \u00ab\u00a0Incorpore cet animal \u00e0 toi. Fais rentrer son \u00e9nergie, sa corporalit\u00e9 en toi. Fais-la passer de ton dos \u00e0 tes mains. Toi-m\u00eame tu es serpent\u00a0\u00bb [&#8230;]\n<p>Il n\u2019y a plus de peau sur mon visage, c\u2019est une peau de t\u00eate de mort. Je suis comme ces squelettes que l&rsquo;on voit dans les salles de m\u00e9decine, dans les \u00e9coles quand on apprend l&rsquo;anatomie. J\u2019ai l&rsquo;impression que plus je me transforme, plus je descends en terre, plus mes pieds ont froid. Il est vrai que je n&rsquo;ai pas grand-chose sur moi [&#8230;]\n<p>Le paysage et mon \u00e9tat viennent de changer. J&rsquo;arrive sur une terre, un espace nouveau. Je suis en m\u00eame temps sous terre et m\u00eame temps sur terre. Je sens comme des pr\u00e9sences vivantes qui m&rsquo;entourent, elles ne parlent pas, mais leur pr\u00e9sence et la chaleur de leur c\u0153ur sont vivantes, je le per\u00e7ois, je sens ses pr\u00e9sences qui se d\u00e9placent, je sens un espace vivant qui les accompagne. Une sorte de densit\u00e9 qui est autour d&rsquo;elles. Je ne fais pas encore partie de leur univers.\u00a0\u00bb<\/p>\n<\/blockquote>\n<p>Nous retrouvons ici un cheminement et une confrontation, \u00e0 partir d&rsquo;\u00e9l\u00e9ments diff\u00e9rents, que l&rsquo;on retrouve dans <a href=\"https:\/\/www.cgjung.net\/livrerouge\/index.htm\">le Livre rouge de Jung<\/a>. Il est \u00e0 noter que l&rsquo;intervenant n&rsquo;a pas lu le Livre rouge et qu&rsquo;il a une totale confiance envers le processus de transformation auquel il accorde une tr\u00e8s grande importance.<\/p>\n<p><em>Les \u00e9l\u00e9ments ci-dessus donnent un aper\u00e7u de la richesse des \u00e9changes. Ils ont \u00e9t\u00e9 recueillis par <a href=\"https:\/\/www.cgjung.net\/espace\/qui-sommes-nous\/chantal-armouet\/\">Chantal Armouet<\/a> et Jean-Pierre Robert, animateurs du s\u00e9minaire.<\/em><\/p>\n<h1>Chroniques des s\u00e9minaires<\/h1>\n<ul>\n<li><a href=\"https:\/\/www.cgjung.net\/espace\/seminaires\/2019-10-que-disent-nos-reves\/\">Les images arch\u00e9typiques dans les r\u00eaves, les reconna\u00eetre<\/a> (octobre 2019)<\/li>\n<li><a href=\"https:\/\/www.cgjung.net\/espace\/seminaires\/2019-11-psychologie-profondeurs\/\">D\u00e9couvrir si l\u2019on est extraverti ou introverti et ses fonctions<\/a> (novembre 2019)<\/li>\n<li><a href=\"https:\/\/www.cgjung.net\/espace\/seminaires\/2019-12-harcelement-emprise\/\">Incroyable ! L\u2019imagination des manipulateurs d\u00e9fie l\u2019entendement<\/a> (d\u00e9cembre 2019)<\/li>\n<li><a href=\"https:\/\/www.cgjung.net\/espace\/seminaires\/2020-01-a-lecoute-des-reves\/\">A l&rsquo;\u00e9coute des r\u00eaves<\/a>\u00a0(janvier 2020)<\/li>\n<\/ul>\n\n<h1>S\u00e9minaires p\u00e9riode d&rsquo;avril 2017 \u00e0 avril 2023<\/h1>\n<ul>\n<li><a href=\"https:\/\/www.cgjung.net\/espace\/seminaires\/seminaires-2017-2023\/\">S\u00e9minaires de formation d&rsquo;avril 2017 \u00e0 avril 2023<\/a>\n<ul>\n<li><a href=\"https:\/\/www.cgjung.net\/espace\/seminaires\/que-disent-nos-reves-seminaire-en-ligne\/\">Approche jungienne des r\u00eaves<\/a><\/li>\n<li><a href=\"https:\/\/www.cgjung.net\/espace\/seminaires\/psychologie-des-profondeurs-seminaire-en-ligne\/\">Psychologie des profondeurs selon C.G. Jung<\/a><\/li>\n<li><a href=\"https:\/\/www.cgjung.net\/espace\/seminaires\/harcelement-relations-emprise\/\">Harc\u00e8lement et relations d\u2019emprise : comment s\u2019en lib\u00e9rer ?<\/a><\/li>\n<\/ul>\n<\/li>\n<\/ul>\n\n","protected":false},"excerpt":{"rendered":"<p>De g\u00e9n\u00e9reux \u00e9changes ont \u00e9t\u00e9 au c\u0153ur de ce s\u00e9minaire des 19 et 20 octobre 2019. Chacun a apport\u00e9 de nombreux r\u00eaves, ce qui nous a permis de les partager et d&rsquo;observer la richesse des messages v\u00e9hicul\u00e9s. Nous avons appris \u00e0 reconna\u00eetre les images arch\u00e9typiques et \u00e0 \u00e9tablir des liens avec des contenus plus personnels. [&hellip;]<\/p>\n","protected":false},"author":1,"featured_media":0,"parent":8959,"menu_order":26,"comment_status":"closed","ping_status":"closed","template":"","meta":{"footnotes":""},"class_list":["post-10221","page","type-page","status-publish","hentry"],"_links":{"self":[{"href":"https:\/\/www.cgjung.net\/espace\/wp-json\/wp\/v2\/pages\/10221","targetHints":{"allow":["GET"]}}],"collection":[{"href":"https:\/\/www.cgjung.net\/espace\/wp-json\/wp\/v2\/pages"}],"about":[{"href":"https:\/\/www.cgjung.net\/espace\/wp-json\/wp\/v2\/types\/page"}],"author":[{"embeddable":true,"href":"https:\/\/www.cgjung.net\/espace\/wp-json\/wp\/v2\/users\/1"}],"replies":[{"embeddable":true,"href":"https:\/\/www.cgjung.net\/espace\/wp-json\/wp\/v2\/comments?post=10221"}],"version-history":[{"count":54,"href":"https:\/\/www.cgjung.net\/espace\/wp-json\/wp\/v2\/pages\/10221\/revisions"}],"predecessor-version":[{"id":10290,"href":"https:\/\/www.cgjung.net\/espace\/wp-json\/wp\/v2\/pages\/10221\/revisions\/10290"}],"up":[{"embeddable":true,"href":"https:\/\/www.cgjung.net\/espace\/wp-json\/wp\/v2\/pages\/8959"}],"wp:attachment":[{"href":"https:\/\/www.cgjung.net\/espace\/wp-json\/wp\/v2\/media?parent=10221"}],"curies":[{"name":"wp","href":"https:\/\/api.w.org\/{rel}","templated":true}]}}